{"id":3208,"date":"2017-03-09T12:46:58","date_gmt":"2017-03-09T17:46:58","guid":{"rendered":"http:\/\/caph-02.eproofs.ca\/dpampc\/"},"modified":"2026-02-23T04:29:00","modified_gmt":"2026-02-23T09:29:00","slug":"dpampc","status":"publish","type":"page","link":"https:\/\/cap.ca\/fr\/divisions\/dpampc\/","title":{"rendered":"Division de la physique atomique, mol\u00e9culaire et photonique, Canada (DPAMPC)"},"content":{"rendered":"<div class=\"wpb-content-wrapper\"><p>[vc_row][vc_column][vc_column_text]<\/p>\n<h2>\u00c0 propos de nous<\/h2>\n<p>La Division de la physique atomique, mol\u00e9culaire et photonique, Canada (DPAMPC) comprend des physiciens-exp\u00e9rimentateurs ainsi que des th\u00e9oriciens \u0153uvrant dans le domaine de la physique \u00ab AMP \u00bb, c.-\u00e0-d. physique atomique, mol\u00e9culaire et photonique. Voici quelques sujets d&#8217;\u00e9tude : propri\u00e9t\u00e9s de la lumi\u00e8re; applications de la science des lasers; dispositifs photoniques; principes de base de la m\u00e9canique quantique et nature de l&#8217;information quantique; interaction de la lumi\u00e8re avec les cristaux photoniques, les semi-conducteurs, les puits quantiques et les super-r\u00e9seaux; ph\u00e9nom\u00e8nes optiques ultrarapides et non lin\u00e9aires et spectroscopie; atomes froids et ultrafroids tels les condensats de Bose-Einstein et les gaz neutres de Fermi; ions pi\u00e9g\u00e9s; physique des plasmas; et \u00e9tudes de syst\u00e8mes biologiques utilisant des sondes optiques. Des int\u00e9r\u00eats aussi divers sont r\u00e9unis par un accent commun sur le laser comme principal outil exp\u00e9rimental, et sur la m\u00e9canique quantique \u00e0 titre de principal paradigme th\u00e9orique. M\u00eame si la physique AMP est un ancien domaine, les nouvelles technologies et une meilleure compr\u00e9hension ne cessent de la rajeunir.<\/p>\n<p>\u00c0 preuve, les physiciens de l&#8217;AMP ont re\u00e7u un prix Nobel en : <a href=\"https:\/\/www.nobelprize.org\/prizes\/physics\/1989\/press-release\/\">1989<\/a>, <a href=\"https:\/\/www.nobelprize.org\/prizes\/physics\/1997\/summary\/\">1997<\/a>, <a href=\"https:\/\/www.nobelprize.org\/prizes\/physics\/2001\/summary\/\">2001<\/a>, <a href=\"https:\/\/www.nobelprize.org\/prizes\/physics\/2005\/summary\/\">2005<\/a>, <a href=\"https:\/\/www.nobelprize.org\/prizes\/physics\/2009\/summary\/\">2009<\/a>, <a href=\"https:\/\/www.nobelprize.org\/prizes\/physics\/2012\/summary\/\">2012<\/a>, <a href=\"https:\/\/s3.eu-de.cloud-object-storage.appdomain.cloud\/kva-image-pdf\/2017\/05\/nobelposterphysics2014_high.pdf\">2014<\/a> et <a href=\"https:\/\/s3.eu-de.cloud-object-storage.appdomain.cloud\/kva-image-pdf\/2019\/02\/nobelposter2018_physics.pdf\">2018<\/a>, dont deux laur\u00e9ats canadiens : Willard S. Boyle en <a href=\"https:\/\/www.nobelprize.org\/prizes\/physics\/2009\/boyle\/facts\/\">2009<\/a> et Donna Strickland en <a href=\"https:\/\/www.nobelprize.org\/prizes\/physics\/2018\/strickland\/facts\/\">2018<\/a>.<\/p>\n<h2>Nos objectifs\/activit\u00e9s<\/h2>\n<ul class=\"content-list\">\n<li>relever la qualit\u00e9 et l&#8217;excellence de la physique AMP et de la photonique au Canada.<\/li>\n<li>informer les membres des faits nouveaux dans le domaine au congr\u00e8s de l&#8217;ACP et par des mises \u00e0 jour de la Division par courriel<\/li>\n<li>reconna\u00eetre les jeunes chercheurs de renom<\/li>\n<li>sensibiliser aux avantages de la physique pour le bien-\u00eatre \u00e0 long terme du Canada.<\/li>\n<\/ul>\n<p><a class=\"placeholder-for-division-link\" href=\"https:\/\/cap.ca\/fr\/divisions\/dpampc\/dpampc-prix\/\">Prix et r\u00e9compenses de la DPAMPC<\/a><\/p>\n<p><a class=\"placeholder-for-division-link\" href=\"https:\/\/cap.ca\/fr\/divisions\/dpampc\/dpampc-nouvelles\/\">Nouvelles et ressources de la DPAMPC<\/a>[\/vc_column_text][\/vc_column][\/vc_row][vc_row][vc_column][vc_custom_heading text=&#8221;Notre leadership&#8221; use_theme_fonts=&#8221;yes&#8221;][vc_row_inner][vc_column_inner width=&#8221;1\/3&#8243;][vc_single_image image=&#8221;22884&#8243; css=&#8221;&#8221;][vc_custom_heading text=&#8221;Pr\u00e9sident&#8221; font_container=&#8221;tag:h3|font_size:17px|text_align:left&#8221; use_theme_fonts=&#8221;yes&#8221;][vc_column_text css=&#8221;&#8221;]<strong>Duncan O&#8217;Dell<br \/>\n<\/strong>Universit\u00e9 McMaster[\/vc_column_text][\/vc_column_inner][vc_column_inner width=&#8221;1\/3&#8243;][vc_single_image image=&#8221;13956&#8243; img_size=&#8221;full&#8221; style=&#8221;vc_box_rounded&#8221; css=&#8221;.vc_custom_1612981444770{margin-bottom: 0px !important;border-bottom-width: 0px !important;padding-bottom: 0px !important;}&#8221;][vc_custom_heading text=&#8221;Vice-pr\u00e9sidente&#8221; font_container=&#8221;tag:h3|font_size:17px|text_align:left&#8221; use_theme_fonts=&#8221;yes&#8221;][vc_column_text css=&#8221;&#8221;]<strong>Lindsay LeBlanc<br \/>\n<\/strong>Universit\u00e9 de l&#8217;Alberta[\/vc_column_text][\/vc_column_inner][vc_column_inner width=&#8221;1\/3&#8243;][vc_single_image image=&#8221;22884&#8243; img_size=&#8221;full&#8221; style=&#8221;vc_box_rounded&#8221; css=&#8221;.vc_custom_1490027444101{margin-bottom: 0px !important;border-bottom-width: 0px !important;padding-bottom: 0px !important;}&#8221;][vc_custom_heading text=&#8221;Secr\u00e9taire\/Tr\u00e9sorier&#8221; font_container=&#8221;tag:h3|font_size:17px|text_align:left&#8221; use_theme_fonts=&#8221;yes&#8221;][vc_column_text css=&#8221;&#8221;]<strong>Brynle Barrett<br \/>\n<\/strong>Universit\u00e9 du Nouveau-Brunswick[\/vc_column_text][\/vc_column_inner][\/vc_row_inner][vc_separator][vc_row_inner][vc_column_inner width=&#8221;1\/3&#8243;][vc_single_image image=&#8221;22884&#8243; img_size=&#8221;full&#8221; style=&#8221;vc_box_rounded&#8221; css=&#8221;.vc_custom_1771837862030{margin-bottom: 0px !important;border-bottom-width: 0px !important;padding-bottom: 0px !important;}&#8221;][vc_custom_heading text=&#8221;Ancien pr\u00e9sident&#8221; font_container=&#8221;tag:h3|font_size:17px|text_align:left&#8221; use_theme_fonts=&#8221;yes&#8221;][vc_column_text css=&#8221;&#8221;]<strong>Jens Lassen<br \/>\n<\/strong>TRIUMF<br \/>\nUniversit\u00e9 Simon Fraser<br \/>\nUniversit\u00e9 du Manitoba[\/vc_column_text][\/vc_column_inner][vc_column_inner width=&#8221;1\/3&#8243;][vc_custom_heading text=&#8221;Webma\u00eetre&#8221; font_container=&#8221;tag:h3|font_size:17px|text_align:left&#8221; use_theme_fonts=&#8221;yes&#8221;][vc_column_text css=&#8221;&#8221;]<strong>Logan Cooke<br \/>\n<\/strong>Universit\u00e9 d&#8217;Ottawa[\/vc_column_text][\/vc_column_inner][vc_column_inner width=&#8221;1\/3&#8243;][\/vc_column_inner][\/vc_row_inner][\/vc_column][\/vc_row]<\/p>\n<\/div>","protected":false},"excerpt":{"rendered":"<p>[vc_row][vc_column][vc_column_text] \u00c0 propos de nous La Division de la physique atomique, mol\u00e9culaire et photonique, Canada (DPAMPC) comprend des physiciens-exp\u00e9rimentateurs ainsi que des th\u00e9oriciens \u0153uvrant dans le domaine de la physique \u00ab AMP \u00bb, c.-\u00e0-d. physique atomique, mol\u00e9culaire et photonique. Voici quelques sujets d&#8217;\u00e9tude : propri\u00e9t\u00e9s de la lumi\u00e8re; applications de la science des lasers; dispositifs&#8230;  <a class=\"excerpt-read-more\" href=\"https:\/\/cap.ca\/fr\/divisions\/dpampc\/\" title=\"LireDivision de la physique atomique, mol\u00e9culaire et photonique, Canada (DPAMPC)\">Lire la suite &raquo;<\/a><\/p>\n","protected":false},"author":10,"featured_media":0,"parent":3203,"menu_order":131,"comment_status":"closed","ping_status":"closed","template":"","meta":{"footnotes":""},"class_list":["post-3208","page","type-page","status-publish","hentry"],"_links":{"self":[{"href":"https:\/\/cap.ca\/fr\/wp-json\/wp\/v2\/pages\/3208","targetHints":{"allow":["GET"]}}],"collection":[{"href":"https:\/\/cap.ca\/fr\/wp-json\/wp\/v2\/pages"}],"about":[{"href":"https:\/\/cap.ca\/fr\/wp-json\/wp\/v2\/types\/page"}],"author":[{"embeddable":true,"href":"https:\/\/cap.ca\/fr\/wp-json\/wp\/v2\/users\/10"}],"replies":[{"embeddable":true,"href":"https:\/\/cap.ca\/fr\/wp-json\/wp\/v2\/comments?post=3208"}],"version-history":[{"count":32,"href":"https:\/\/cap.ca\/fr\/wp-json\/wp\/v2\/pages\/3208\/revisions"}],"predecessor-version":[{"id":28692,"href":"https:\/\/cap.ca\/fr\/wp-json\/wp\/v2\/pages\/3208\/revisions\/28692"}],"up":[{"embeddable":true,"href":"https:\/\/cap.ca\/fr\/wp-json\/wp\/v2\/pages\/3203"}],"wp:attachment":[{"href":"https:\/\/cap.ca\/fr\/wp-json\/wp\/v2\/media?parent=3208"}],"curies":[{"name":"wp","href":"https:\/\/api.w.org\/{rel}","templated":true}]}}