{"id":3205,"date":"2017-03-09T15:14:13","date_gmt":"2017-03-09T20:14:13","guid":{"rendered":"http:\/\/caph-02.eproofs.ca\/resources\/"},"modified":"2023-10-03T12:04:32","modified_gmt":"2023-10-03T16:04:32","slug":"resources","status":"publish","type":"page","link":"https:\/\/cap.ca\/fr\/divisions\/degp\/resources\/","title":{"rendered":"Nouvelles et ressources de la DEGP"},"content":{"rendered":"<h5>Conf\u00e9rences et r\u00e9unions<\/h5>\n<table style=\"border-collapse: collapse; width: 100%;\">\n<tbody>\n<tr>\n<td style=\"width: 100%;\"><img loading=\"lazy\" decoding=\"async\" class=\"wp-image-22066 alignleft\" src=\"https:\/\/cap.ca\/wp-content\/uploads\/2022\/11\/CCUWiP_Logo_Main-300x208.png\" alt=\"\" width=\"203\" height=\"141\" srcset=\"https:\/\/cap.ca\/wp-content\/uploads\/2022\/11\/CCUWiP_Logo_Main-300x208.png 300w, https:\/\/cap.ca\/wp-content\/uploads\/2022\/11\/CCUWiP_Logo_Main-1024x709.png 1024w, https:\/\/cap.ca\/wp-content\/uploads\/2022\/11\/CCUWiP_Logo_Main-768x532.png 768w, https:\/\/cap.ca\/wp-content\/uploads\/2022\/11\/CCUWiP_Logo_Main-1536x1064.png 1536w, https:\/\/cap.ca\/wp-content\/uploads\/2022\/11\/CCUWiP_Logo_Main-2048x1419.png 2048w\" sizes=\"auto, (max-width: 203px) 100vw, 203px\" \/> <a href=\"https:\/\/ccuwip.cap.ca\/\">Conf\u00e9rence canadienne pour les femmes de premier cycle en physique<\/a><\/p>\n<p style=\"padding-left: 240px;\">O\u00f9 : Universit\u00e9 de Regina<br \/>\nFormat : En personne\/m\u00e9lange hybride<br \/>\nDates : Du 20 au 22 janvier 2023<br \/>\nContact\/Questions : <a href=\"mailto:ccuwip@uregina.ca\">ccuwip@uregina.ca<\/a><br \/>\nSite Internet : <a href=\"https:\/\/ccuwip.cap.ca\">https:\/\/ccuwip.cap.ca<\/a><br \/>\nR\u00e9seaux sociaux : @ccuwip2023 [Instagram] ; Twitter en attente<\/p>\n<\/td>\n<\/tr>\n<tr>\n<td style=\"width: 100%;\"><img loading=\"lazy\" decoding=\"async\" class=\"size-medium wp-image-22669 alignleft\" src=\"https:\/\/cap.ca\/wp-content\/uploads\/2023\/02\/wpc-263x300.png\" alt=\"\" width=\"263\" height=\"300\" srcset=\"https:\/\/cap.ca\/wp-content\/uploads\/2023\/02\/wpc-263x300.png 263w, https:\/\/cap.ca\/wp-content\/uploads\/2023\/02\/wpc.png 480w\" sizes=\"auto, (max-width: 263px) 100vw, 263px\" \/>Conf\u00e9rence sur les femmes en physique 2023<\/p>\n<p>O\u00f9 : Universit\u00e9 du Manitoba<br \/>\nDates: 4 au 7 juillet<br \/>\nPr\u00e9sident : Prof. Samar Safi-Harb<br \/>\nContact\/Questions : <a href=\"mailto:wipc2023@physics.umanitoba.ca\">wipc2023@physics.umanitoba.ca<\/a><br \/>\nSite Internet : <a href=\"https:\/\/sci.umanitoba.ca\/wipc2023\/\">https:\/\/sci.umanitoba.ca\/wipc2023\/<\/a><\/td>\n<\/tr>\n<\/tbody>\n<\/table>\n<h5><\/h5>\n<h5>Liste canadienne des femmes en physique et des organisations scientifiques<\/h5>\n<ul class=\"content-list\">\n<li><a href=\"http:\/\/ap.io\/home\/\">A. W. Peet&#8217;s Matters of Interest Page<\/a><\/li>\n<li><a href=\"http:\/\/www.phas.ubc.ca\/~janis\/\">Janis McKenna&#8217;s webpage featuring a section on women in physics<\/a><\/li>\n<li><a href=\"http:\/\/www.scwist.ca\/\">Society for Canadian Women in Science and Technology<\/a><\/li>\n<li><a href=\"https:\/\/cms.math.ca\/Women\/\">Canadian Women in the Mathematical Sciences<\/a><\/li>\n<li><a href=\"http:\/\/www.inwes.org\/\">International Network of Women Engineers and Scientists<\/a><\/li>\n<li><a href=\"https:\/\/careerwise.asu.edu\/\">CareerWISE: Online coach for graduate women in science and engineering<\/a><\/li>\n<\/ul>\n<h5>Liste internationale des organisations de femmes en physiques et coordonn\u00e9es<\/h5>\n<ul class=\"content-list\">\n<li><a href=\"http:\/\/ati.tuwien.ac.at\/startseite\/\">Frauen und Physik A working group of the Austrian Physical Society<\/a><\/li>\n<li><a href=\"http:\/\/www.femmesetsciences.fr\/\">Femmes et sciences (France)<\/a><\/li>\n<li><a href=\"http:\/\/www.femmes-et-maths.fr\/\">Association Femmes et Mathematiques (France)<\/a><\/li>\n<li><a href=\"http:\/\/www.awis.org\/\">AWISE &#8211; Association for women in science (United Kingdom)<\/a><\/li>\n<li><a href=\"https:\/\/www.wisecampaign.org.uk\/\">Women into Science and Engineering (United Kingdom)<\/a><\/li>\n<li><a href=\"https:\/\/cswa.aas.org\/\">American Astronomical Society Committee on the Status of Women (USA)<\/a><\/li>\n<li><a href=\"http:\/\/physicstoday.scitation.org\/doi\/10.1063\/PT.3.1439\">Women in Physics: A Tale of Limits (USA)<\/a><\/li>\n<li><a href=\"https:\/\/www.witi.com\/\">Women in Technology International (WITI)<\/a><\/li>\n<\/ul>\n<h5>Histoires des femmes en physique<\/h5>\n<ul class=\"content-list\">\n<li><a href=\"http:\/\/cwp.library.ucla.edu\/\">Contributions of 20th Century Women to Physics &#8211; UCLA archive supported by APS<\/a><\/li>\n<li><a href=\"http:\/\/users.erols.com\/njastro\/barry\/\">Barry&#8217;s History of Women in Astronomy Page &#8211; by an astronomer and historian<\/a><\/li>\n<li><a href=\"https:\/\/www.fi.edu\/\">Women in Science &#8211; biographies from the Franklin institute<\/a><\/li>\n<li><a href=\"http:\/\/www.science.ca\/\">Great Canadian Scientists &#8211; profiles of men and women, online games<\/a><\/li>\n<\/ul>\n<h5>Publications et articles pour les femmes en physique et \u00e0 leur sujet:<\/h5>\n<ul class=\"content-list\">\n<li><a href=\"https:\/\/www.insidehighered.com\/news\/2010\/09\/01\/dual\">Doing \u201cDual Career\u201d Right. By Scott Jaschik. Inside Higher Education, September 1, 2010<\/a><\/li>\n<li><em>Becoming Leaders: A Handbook for Women in Science, Engineering and Technology<\/em>, a book by Carolyn J. Emerson<\/li>\n<li><a href=\"https:\/\/cap.ca\/wp-content\/uploads\/2017\/03\/physicstoday56no9p46-What_works_for_women.pdf\">&#8220;What Works for Women in Undergraduate Physics?&#8221;<\/a> by Barbara L. Whitten, Suzanne R. Foster, and Margaret L. Duncombe. <em>Physics Today<\/em>, September 2003.<\/li>\n<li><a href=\"https:\/\/cap.ca\/wp-content\/uploads\/2017\/03\/97f6bd1c45de75546b76d245d81f702894324b48.pdf\"><i><span style=\"font-weight: 400;\">La Physique au Canada<\/span><\/i> Vol 52(2) Special Issue: Women in Physics in Canada<\/a><\/li>\n<li><a href=\"https:\/\/cap.ca\/wp-content\/uploads\/2017\/03\/0f77f67a5b98494792f80009fef20f2a6666086f.pdf\"><i><span style=\"font-weight: 400;\">La Physique au Canada<\/span><\/i> Vol 71(2) Special Issue: Women in Physics: Gender and Diversity at Work<\/a><\/li>\n<\/ul>\n","protected":false},"excerpt":{"rendered":"<p>Conf\u00e9rences et r\u00e9unions Conf\u00e9rence canadienne pour les femmes de premier cycle en physique O\u00f9 : Universit\u00e9 de Regina Format : En personne\/m\u00e9lange hybride Dates : Du 20 au 22 janvier 2023 Contact\/Questions : ccuwip@uregina.ca Site Internet : https:\/\/ccuwip.cap.ca R\u00e9seaux sociaux : @ccuwip2023 [Instagram] ; Twitter en attente Conf\u00e9rence sur les femmes en physique 2023 O\u00f9&#8230;  <a class=\"excerpt-read-more\" href=\"https:\/\/cap.ca\/fr\/divisions\/degp\/resources\/\" title=\"LireNouvelles et ressources de la DEGP\">Lire la suite &raquo;<\/a><\/p>\n","protected":false},"author":10,"featured_media":0,"parent":3204,"menu_order":156,"comment_status":"closed","ping_status":"closed","template":"","meta":{"footnotes":""},"class_list":["post-3205","page","type-page","status-publish","hentry"],"_links":{"self":[{"href":"https:\/\/cap.ca\/fr\/wp-json\/wp\/v2\/pages\/3205","targetHints":{"allow":["GET"]}}],"collection":[{"href":"https:\/\/cap.ca\/fr\/wp-json\/wp\/v2\/pages"}],"about":[{"href":"https:\/\/cap.ca\/fr\/wp-json\/wp\/v2\/types\/page"}],"author":[{"embeddable":true,"href":"https:\/\/cap.ca\/fr\/wp-json\/wp\/v2\/users\/10"}],"replies":[{"embeddable":true,"href":"https:\/\/cap.ca\/fr\/wp-json\/wp\/v2\/comments?post=3205"}],"version-history":[{"count":12,"href":"https:\/\/cap.ca\/fr\/wp-json\/wp\/v2\/pages\/3205\/revisions"}],"predecessor-version":[{"id":23496,"href":"https:\/\/cap.ca\/fr\/wp-json\/wp\/v2\/pages\/3205\/revisions\/23496"}],"up":[{"embeddable":true,"href":"https:\/\/cap.ca\/fr\/wp-json\/wp\/v2\/pages\/3204"}],"wp:attachment":[{"href":"https:\/\/cap.ca\/fr\/wp-json\/wp\/v2\/media?parent=3205"}],"curies":[{"name":"wp","href":"https:\/\/api.w.org\/{rel}","templated":true}]}}