{"id":3204,"date":"2017-03-09T15:14:09","date_gmt":"2017-03-09T20:14:09","guid":{"rendered":"http:\/\/caph-02.eproofs.ca\/cefep\/"},"modified":"2025-11-03T16:11:47","modified_gmt":"2025-11-03T21:11:47","slug":"degp","status":"publish","type":"page","link":"https:\/\/cap.ca\/fr\/divisions\/degp\/","title":{"rendered":"Division pour l&#8217;\u00e9galit\u00e9 des genres en physique (DEGP)"},"content":{"rendered":"<div class=\"wpb-content-wrapper\"><p>[vc_row][vc_column][vc_column_text]<\/p>\n<h2>\u00c0 propos de nous<\/h2>\n<p>Le Comit\u00e9 de l\u2019ACP visant \u00e0 encourager les femmes en physique (CEFEP) a \u00e9t\u00e9 mis sur pied en 1983 par les professeurs Jim Megaw et Jim Prentice qui avaient remarqu\u00e9 que les femmes \u00e9taient fortement sous-repr\u00e9sent\u00e9es dans la collectivit\u00e9 de la physique. Ce probl\u00e8me ne s\u2019est pas amenuis\u00e9 de nos jours car, m\u00eame s\u2019il y a eu de grands changements dans la repr\u00e9sentation f\u00e9minine dans des domaines comme la m\u00e9dicine, il n\u2019y a encore que tr\u00e8s peu de femmes qui choisissent de faire carri\u00e8re en physique.<\/p>\n<p>En 2020, le comit\u00e9 de l&#8217;ACP pour l&#8217;\u00e9quit\u00e9, la diversit\u00e9 et l&#8217;inclusion (EDI) a vot\u00e9 pour changer le nom en Division pour l&#8217;\u00e9galit\u00e9 des genres en physique (DGEP) afin de cr\u00e9er un environnement plus inclusif pour tous les genres.<\/p>\n<h2>Nos objectifs\/activit\u00e9s<\/h2>\n<ul class=\"content-list\">\n<li>Organiser, au congr\u00e8s annuel de l\u2019ACP, des d\u00e9bats sur les programmes propres \u00e0 encourager physiciens issus de minorit\u00e9s de genre au Canada, aux \u00c9tats-Unis et au Mexique,<\/li>\n<li>Pour r\u00e9diger des articles sur physiciens issus de minorit\u00e9s de genre au pays, destin\u00e9s \u00e0\u00a0<em>La physique au Canada<\/em><\/li>\n<li>Proposer des conf\u00e9renci\u00e8res pour la tourn\u00e9e de conf\u00e9rences de l\u2019ACP et congr\u00e8s annuel de l\u2019ACP<\/li>\n<li>Produire un r\u00e9pertoire des femmes en physique au Canada<\/li>\n<li>Tenir une s\u00e9ance au congr\u00e8s annuel de l\u2019ACP<\/li>\n<li>Organiser et coordonner des d\u00e9l\u00e9gations aux conf\u00e9rences pour physiciens issus de minorit\u00e9s de genre<\/li>\n<\/ul>\n<p><a class=\"placeholder-for-division-link\" href=\"https:\/\/cap.ca\/fr\/divisions\/degp\/resources\/\">Nouvelles et ressources<\/a>[\/vc_column_text][\/vc_column][\/vc_row][vc_row][vc_column][vc_custom_heading text=&#8221;Notre direction&#8221; use_theme_fonts=&#8221;yes&#8221;][vc_row_inner][vc_column_inner width=&#8221;1\/3&#8243;][vc_single_image image=&#8221;8042&#8243; img_size=&#8221;full&#8221; style=&#8221;vc_box_rounded&#8221; css=&#8221;.vc_custom_1560951946148{margin-bottom: 0px !important;border-bottom-width: 0px !important;padding-bottom: 0px !important;}&#8221;][vc_custom_heading text=&#8221;Copr\u00e9sidente&#8221; font_container=&#8221;tag:h3|font_size:17px|text_align:left&#8221; use_theme_fonts=&#8221;yes&#8221; css=&#8221;&#8221;][vc_column_text css=&#8221;&#8221;]<strong>Juliette Mammei (elle\/elle)<br \/>\n<\/strong>University of Manitoba[\/vc_column_text][\/vc_column_inner][vc_column_inner width=&#8221;1\/3&#8243;][vc_single_image image=&#8221;13956&#8243; img_size=&#8221;full&#8221; style=&#8221;vc_box_rounded&#8221; css=&#8221;.vc_custom_1655736801566{margin-bottom: 0px !important;border-bottom-width: 0px !important;padding-bottom: 0px !important;}&#8221;][vc_custom_heading text=&#8221;Vice-pr\u00e9sidente&#8221; font_container=&#8221;tag:h3|font_size:17px|text_align:left&#8221; use_theme_fonts=&#8221;yes&#8221;][vc_column_text css=&#8221;&#8221;]<b>Vacant<\/b>[\/vc_column_text][\/vc_column_inner][vc_column_inner width=&#8221;1\/3&#8243;][vc_single_image image=&#8221;8042&#8243; img_size=&#8221;full&#8221; style=&#8221;vc_box_rounded&#8221; css=&#8221;.vc_custom_1560951946148{margin-bottom: 0px !important;border-bottom-width: 0px !important;padding-bottom: 0px !important;}&#8221;][vc_custom_heading text=&#8221;Secr\u00e9taire\/Tr\u00e9sori\u00e8re&#8221; font_container=&#8221;tag:h3|font_size:17px|text_align:left&#8221; use_theme_fonts=&#8221;yes&#8221;][vc_column_text css=&#8221;&#8221;]<strong>Carina Rebello<br \/>\n<\/strong>Toronto Metropolitan University[\/vc_column_text][\/vc_column_inner][\/vc_row_inner][vc_separator][vc_row_inner][vc_column_inner width=&#8221;1\/3&#8243;][vc_single_image image=&#8221;8042&#8243; img_size=&#8221;full&#8221; style=&#8221;vc_box_rounded&#8221; css=&#8221;.vc_custom_1560951946148{margin-bottom: 0px !important;border-bottom-width: 0px !important;padding-bottom: 0px !important;}&#8221;][vc_custom_heading text=&#8221;Copr\u00e9sident&#8221; font_container=&#8221;tag:h3|font_size:17px|text_align:left&#8221; use_theme_fonts=&#8221;yes&#8221; css=&#8221;&#8221;][vc_column_text css=&#8221;&#8221;]<strong>Hilding Neilson<br \/>\n<\/strong>Memorial University of Newfoundland[\/vc_column_text][\/vc_column_inner][vc_column_inner width=&#8221;1\/3&#8243;][vc_single_image image=&#8221;8042&#8243; img_size=&#8221;full&#8221; style=&#8221;vc_box_rounded&#8221; css=&#8221;.vc_custom_1560951946148{margin-bottom: 0px !important;border-bottom-width: 0px !important;padding-bottom: 0px !important;}&#8221;][vc_custom_heading text=&#8221;Ancienne pr\u00e9sidente&#8221; font_container=&#8221;tag:h3|font_size:17px|text_align:left&#8221; use_theme_fonts=&#8221;yes&#8221;][vc_column_text css=&#8221;&#8221;]<strong>Carolyn Sealfon (elle\/elle)<br \/>\n<\/strong>Ronin Institute[\/vc_column_text][\/vc_column_inner][vc_column_inner width=&#8221;1\/3&#8243;][vc_single_image image=&#8221;8042&#8243; img_size=&#8221;full&#8221; style=&#8221;vc_box_rounded&#8221; css=&#8221;.vc_custom_1560951946148{margin-bottom: 0px !important;border-bottom-width: 0px !important;padding-bottom: 0px !important;}&#8221;][vc_custom_heading text=&#8221;Communications\/Webmestre&#8221; font_container=&#8221;tag:h3|font_size:17px|text_align:left&#8221; use_theme_fonts=&#8221;yes&#8221;][vc_column_text css=&#8221;&#8221;]<strong>Victoria Arbour<\/strong>[\/vc_column_text][\/vc_column_inner][\/vc_row_inner][\/vc_column][\/vc_row]<\/p>\n<\/div>","protected":false},"excerpt":{"rendered":"<p>[vc_row][vc_column][vc_column_text] \u00c0 propos de nous Le Comit\u00e9 de l\u2019ACP visant \u00e0 encourager les femmes en physique (CEFEP) a \u00e9t\u00e9 mis sur pied en 1983 par les professeurs Jim Megaw et Jim Prentice qui avaient remarqu\u00e9 que les femmes \u00e9taient fortement sous-repr\u00e9sent\u00e9es dans la collectivit\u00e9 de la physique. Ce probl\u00e8me ne s\u2019est pas amenuis\u00e9 de nos&#8230;  <a class=\"excerpt-read-more\" href=\"https:\/\/cap.ca\/fr\/divisions\/degp\/\" title=\"LireDivision pour l&#8217;\u00e9galit\u00e9 des genres en physique (DEGP)\">Lire la suite &raquo;<\/a><\/p>\n","protected":false},"author":10,"featured_media":0,"parent":3203,"menu_order":100,"comment_status":"closed","ping_status":"closed","template":"","meta":{"footnotes":""},"class_list":["post-3204","page","type-page","status-publish","hentry"],"_links":{"self":[{"href":"https:\/\/cap.ca\/fr\/wp-json\/wp\/v2\/pages\/3204","targetHints":{"allow":["GET"]}}],"collection":[{"href":"https:\/\/cap.ca\/fr\/wp-json\/wp\/v2\/pages"}],"about":[{"href":"https:\/\/cap.ca\/fr\/wp-json\/wp\/v2\/types\/page"}],"author":[{"embeddable":true,"href":"https:\/\/cap.ca\/fr\/wp-json\/wp\/v2\/users\/10"}],"replies":[{"embeddable":true,"href":"https:\/\/cap.ca\/fr\/wp-json\/wp\/v2\/comments?post=3204"}],"version-history":[{"count":30,"href":"https:\/\/cap.ca\/fr\/wp-json\/wp\/v2\/pages\/3204\/revisions"}],"predecessor-version":[{"id":28125,"href":"https:\/\/cap.ca\/fr\/wp-json\/wp\/v2\/pages\/3204\/revisions\/28125"}],"up":[{"embeddable":true,"href":"https:\/\/cap.ca\/fr\/wp-json\/wp\/v2\/pages\/3203"}],"wp:attachment":[{"href":"https:\/\/cap.ca\/fr\/wp-json\/wp\/v2\/media?parent=3204"}],"curies":[{"name":"wp","href":"https:\/\/api.w.org\/{rel}","templated":true}]}}