{"id":3200,"date":"2017-03-09T15:13:55","date_gmt":"2017-03-09T20:13:55","guid":{"rendered":"http:\/\/caph-02.eproofs.ca\/rabais-membres\/"},"modified":"2019-01-17T13:31:53","modified_gmt":"2019-01-17T18:31:53","slug":"rabais-membres","status":"publish","type":"page","link":"https:\/\/cap.ca\/fr\/adhesion\/rabais-membres\/","title":{"rendered":"Rabais sp\u00e9ciaux aux membres"},"content":{"rendered":"<p>L&#8217;ACP a n\u00e9goci\u00e9 des rabais et taux sp\u00e9ciaux qui avantagent les membres sur les plans professionnel et personnel. Veuillez cliquer sur les liens qui suivent pour en savoir plus long sur les taux sp\u00e9ciaux offerts aux membres de l&#8217;ACP.<\/p>\n<h2>Adh\u00e9sion conjointe<\/h2>\n<ul class=\"content-list\">\n<li>l&#8217;Institut de chimie du Canada (CIC);<\/li>\n<li>l&#8217;Organisation canadienne des physiciens m\u00e9dicaux (OCPM);<\/li>\n<li>la Soci\u00e9t\u00e9 canadienne d&#8217;astronomie (CASCA).<\/li>\n<\/ul>\n<h2>Achats de rabais<\/h2>\n<ul class=\"content-list\">\n<li><a href=\"https:\/\/cap.ca\/fr\/adhesion\/rabais-membres\/dell\/\">Rabais sur les appareils informatiques Dell<\/a><\/li>\n<li><a href=\"https:\/\/cap.ca\/fr\/adhesion\/rabais-membres\/assurance-habitation-auto\">Rabais sur l\u2019assurance auto et habitation avec La Personnelle<\/a>;<\/li>\n<\/ul>\n","protected":false},"excerpt":{"rendered":"<p>L&#8217;ACP a n\u00e9goci\u00e9 des rabais et taux sp\u00e9ciaux qui avantagent les membres sur les plans professionnel et personnel. Veuillez cliquer sur les liens qui suivent pour en savoir plus long sur les taux sp\u00e9ciaux offerts aux membres de l&#8217;ACP. Adh\u00e9sion conjointe l&#8217;Institut de chimie du Canada (CIC); l&#8217;Organisation canadienne des physiciens m\u00e9dicaux (OCPM); la Soci\u00e9t\u00e9&#8230;  <a class=\"excerpt-read-more\" href=\"https:\/\/cap.ca\/fr\/adhesion\/rabais-membres\/\" title=\"LireRabais sp\u00e9ciaux aux membres\">Lire la suite &raquo;<\/a><\/p>\n","protected":false},"author":10,"featured_media":0,"parent":3178,"menu_order":147,"comment_status":"closed","ping_status":"closed","template":"","meta":{"footnotes":""},"class_list":["post-3200","page","type-page","status-publish","hentry"],"_links":{"self":[{"href":"https:\/\/cap.ca\/fr\/wp-json\/wp\/v2\/pages\/3200","targetHints":{"allow":["GET"]}}],"collection":[{"href":"https:\/\/cap.ca\/fr\/wp-json\/wp\/v2\/pages"}],"about":[{"href":"https:\/\/cap.ca\/fr\/wp-json\/wp\/v2\/types\/page"}],"author":[{"embeddable":true,"href":"https:\/\/cap.ca\/fr\/wp-json\/wp\/v2\/users\/10"}],"replies":[{"embeddable":true,"href":"https:\/\/cap.ca\/fr\/wp-json\/wp\/v2\/comments?post=3200"}],"version-history":[{"count":8,"href":"https:\/\/cap.ca\/fr\/wp-json\/wp\/v2\/pages\/3200\/revisions"}],"predecessor-version":[{"id":11806,"href":"https:\/\/cap.ca\/fr\/wp-json\/wp\/v2\/pages\/3200\/revisions\/11806"}],"up":[{"embeddable":true,"href":"https:\/\/cap.ca\/fr\/wp-json\/wp\/v2\/pages\/3178"}],"wp:attachment":[{"href":"https:\/\/cap.ca\/fr\/wp-json\/wp\/v2\/media?parent=3200"}],"curies":[{"name":"wp","href":"https:\/\/api.w.org\/{rel}","templated":true}]}}