{"id":3198,"date":"2017-03-09T15:13:49","date_gmt":"2017-03-09T20:13:49","guid":{"rendered":"http:\/\/caph-02.eproofs.ca\/formulaires-dadhesion-en-ligne\/"},"modified":"2026-01-06T18:01:29","modified_gmt":"2026-01-06T23:01:29","slug":"formulaires-dadhesion-en-ligne","status":"publish","type":"page","link":"https:\/\/cap.ca\/fr\/adhesion\/formulaires-en-ligne\/formulaires-dadhesion-en-ligne\/","title":{"rendered":"Formulaires d&#8217;adh\u00e9sion en ligne"},"content":{"rendered":"<h2>Formulaires d&#8217;adh\u00e9sion (membre\/affili\u00e9) individuels<\/h2>\n<ul class=\"content-list\">\n<li><a href=\"https:\/\/crm.cap.ca\/fr\/civicrm\/contribute\/transact?reset=1&amp;id=19\" target=\"_blank\" rel=\"noopener noreferrer\">Nouvelle demande d&#8217;adh\u00e9sion<strong> &#8211; Canada<\/strong><\/a><\/li>\n<li><a href=\"https:\/\/crm.cap.ca\/fr\/civicrm\/contribute\/transact?reset=1&amp;id=19\" target=\"_blank\" rel=\"noopener noreferrer\">Nouvelle demande d&#8217;adh\u00e9sion <strong>&#8211; \u00c9tats-Unis\/\u00c9trangers<\/strong><\/a><\/li>\n<li><strong>\u00c9tudiants de cycles sup\u00e9rieures dans une universit\u00e9 canadienne <a href=\"https:\/\/crm.cap.ca\/fr\/civicrm\/contribute\/transact?reset=1&amp;id=20\" target=\"_blank\" rel=\"noopener\">demande d&#8217;adh\u00e9sion<\/a> \/ \u00e0 l&#8217;\u00e9tranger <a href=\"https:\/\/crm.cap.ca\/fr\/civicrm\/contribute\/transact?reset=1&amp;id=20\" target=\"_blank\" rel=\"noopener\">demande d&#8217;adh\u00e9sion<\/a><\/strong><\/li>\n<li><strong>\u00c9tudiants de premier cycle<\/strong> <strong>dans une universit\u00e9 canadienne <a href=\"https:\/\/crm.cap.ca\/fr\/civicrm\/contribute\/transact?reset=1&amp;id=20\" target=\"_blank\" rel=\"noopener\">demande d&#8217;adh\u00e9sion<\/a><\/strong><\/li>\n<\/ul>\n<h2>Formulaires d&#8217;adh\u00e9sion de groupes<\/h2>\n<h4>(Ouvre dans un nouvel onglet;<br \/>\nveuillez t\u00e9l\u00e9charger, compl\u00e9ter et envoyer par courriel \u00e0 membership@cap.ca)<\/h4>\n<ul class=\"content-list\">\n<li><a href=\"https:\/\/cap.ca\/wp-content\/uploads\/2022\/01\/2022-Corporate-application-form-fillable-FRE.pdf\" target=\"_blank\" rel=\"noopener noreferrer\">Formulaire d&#8217;adh\u00e9sion corporative<\/a><\/li>\n<li><a href=\"https:\/\/cap.ca\/wp-content\/uploads\/2024\/01\/2024-Web-online-DEPARTMENTAL-application-form-french.pdf\" target=\"_blank\" rel=\"noopener noreferrer\">Formulaire d&#8217;adh\u00e9sion d\u00e9partementaux<\/a><\/li>\n<li><a href=\"https:\/\/cap.ca\/wp-content\/uploads\/2022\/01\/2022-Institutional-application-form-fillable-FRE.pdf\" target=\"_blank\" rel=\"noopener noreferrer\">Formulaire d&#8217;adh\u00e9sion institutionnelle<\/a><\/li>\n<\/ul>\n","protected":false},"excerpt":{"rendered":"<p>Formulaires d&#8217;adh\u00e9sion (membre\/affili\u00e9) individuels Nouvelle demande d&#8217;adh\u00e9sion &#8211; Canada Nouvelle demande d&#8217;adh\u00e9sion &#8211; \u00c9tats-Unis\/\u00c9trangers \u00c9tudiants de cycles sup\u00e9rieures dans une universit\u00e9 canadienne demande d&#8217;adh\u00e9sion \/ \u00e0 l&#8217;\u00e9tranger demande d&#8217;adh\u00e9sion \u00c9tudiants de premier cycle dans une universit\u00e9 canadienne demande d&#8217;adh\u00e9sion Formulaires d&#8217;adh\u00e9sion de groupes (Ouvre dans un nouvel onglet; veuillez t\u00e9l\u00e9charger, compl\u00e9ter et envoyer par courriel&#8230;  <a class=\"excerpt-read-more\" href=\"https:\/\/cap.ca\/fr\/adhesion\/formulaires-en-ligne\/formulaires-dadhesion-en-ligne\/\" title=\"LireFormulaires d&#8217;adh\u00e9sion en ligne\">Lire la suite &raquo;<\/a><\/p>\n","protected":false},"author":10,"featured_media":0,"parent":3194,"menu_order":309,"comment_status":"closed","ping_status":"closed","template":"","meta":{"footnotes":""},"class_list":["post-3198","page","type-page","status-publish","hentry"],"_links":{"self":[{"href":"https:\/\/cap.ca\/fr\/wp-json\/wp\/v2\/pages\/3198","targetHints":{"allow":["GET"]}}],"collection":[{"href":"https:\/\/cap.ca\/fr\/wp-json\/wp\/v2\/pages"}],"about":[{"href":"https:\/\/cap.ca\/fr\/wp-json\/wp\/v2\/types\/page"}],"author":[{"embeddable":true,"href":"https:\/\/cap.ca\/fr\/wp-json\/wp\/v2\/users\/10"}],"replies":[{"embeddable":true,"href":"https:\/\/cap.ca\/fr\/wp-json\/wp\/v2\/comments?post=3198"}],"version-history":[{"count":29,"href":"https:\/\/cap.ca\/fr\/wp-json\/wp\/v2\/pages\/3198\/revisions"}],"predecessor-version":[{"id":28529,"href":"https:\/\/cap.ca\/fr\/wp-json\/wp\/v2\/pages\/3198\/revisions\/28529"}],"up":[{"embeddable":true,"href":"https:\/\/cap.ca\/fr\/wp-json\/wp\/v2\/pages\/3194"}],"wp:attachment":[{"href":"https:\/\/cap.ca\/fr\/wp-json\/wp\/v2\/media?parent=3198"}],"curies":[{"name":"wp","href":"https:\/\/api.w.org\/{rel}","templated":true}]}}