{"id":3194,"date":"2017-03-09T15:13:29","date_gmt":"2017-03-09T20:13:29","guid":{"rendered":"http:\/\/caph-02.eproofs.ca\/formulaires-en-ligne\/"},"modified":"2025-10-28T17:08:33","modified_gmt":"2025-10-28T21:08:33","slug":"formulaires-en-ligne","status":"publish","type":"page","link":"https:\/\/cap.ca\/fr\/adhesion\/formulaires-en-ligne\/","title":{"rendered":"Cotisations et formulaires en ligne"},"content":{"rendered":"<p>Les adh\u00e9sions ou affiliations nouvelles sont en vigueur pour un an \u00e0 partir de la date d&#8217;entr\u00e9e. Le nouveau membre\/affili\u00e9, une fois accept\u00e9, a droit aux privil\u00e8ges pr\u00e9vus pour la cat\u00e9gorie \u00e0 laquelle il appartient, et il re\u00e7oit acc\u00e8s au r\u00e9pertoire des membres le plus r\u00e9cent ainsi qu&#8217;un abonnement sans frais \u00e0 la publication de l&#8217;ACP, <em><a href=\"https:\/\/cap.ca\/fr\/publications\/physique-au-canada\/\">La Physique au Canada<\/a><\/em>.<\/p>\n<p>Seuls les r\u00e9sidents du Canada doivent payer les taxes sur les frais d&#8217;adh\u00e9sion et de divisions; les frais avant le calcul des taxes sont r\u00e9sum\u00e9s aux liens ci-dessous:<\/p>\n<ul class=\"content-list\">\n<li><strong>Cotisations individuelles &#8211; r\u00e9sidents du Canada :<\/strong><strong>\u00a0<a href=\"https:\/\/cap.ca\/wp-admin\/post.php?lang=fr&amp;action=edit&amp;post_type=page&amp;post=25995&amp;update_needed=1&amp;trid=143065&amp;language_code=fr\">2025<\/a> &amp; <a href=\"https:\/\/cap.ca\/fr\/adhesion\/formulaires-en-ligne\/frais-dadhesion-2026-residents-du-canada\/\">2026<\/a><\/strong><\/li>\n<li><strong>Cotisations individuelles &#8211; les r\u00e9sidents d&#8217;autres pays :<\/strong><strong>\u00a0<a href=\"https:\/\/cap.ca\/fr\/adhesion\/formulaires-en-ligne\/2025-membership-fees-foreign-residents\/\">2025<\/a> &amp; <a href=\"https:\/\/cap.ca\/fr\/adhesion\/formulaires-en-ligne\/frais-dadhesion-2026-non-residents-du-canada\/\">2026<\/a><\/strong><\/li>\n<li><strong>Cotisations d\u00e9partementales : <a href=\"https:\/\/cap.ca\/fr\/adhesion\/formulaires-en-ligne\/cotisations-departementaux-2025\/\"><span style=\"text-decoration: underline;\">2025<\/span><\/a><\/strong>\u00a0<strong>&amp; <span style=\"text-decoration: underline;\"><a href=\"https:\/\/cap.ca\/fr\/adhesion\/formulaires-en-ligne\/cotisations-departementaux-2026\/\">2026<\/a><\/span><\/strong><\/li>\n<li><strong><a href=\"https:\/\/cap.ca\/wp-content\/uploads\/2025\/10\/2026-Inst-Memb-chart-FRE.pdf\" target=\"_blank\" rel=\"noopener noreferrer\">Cotisations institutionnelles<\/a><\/strong><\/li>\n<li><strong><a href=\"https:\/\/cap.ca\/wp-content\/uploads\/2025\/10\/2026-Corp-Memb-chart-FRE.pdf\" target=\"_blank\" rel=\"noopener noreferrer\">Cotisations corporatives<\/a><\/strong><\/li>\n<\/ul>\n<p style=\"text-align: center;\"><a class=\"green-btn\" href=\"https:\/\/cap.ca\/fr\/adhesion\/formulaires-en-ligne\/formulaires-dadhesion-en-ligne\/\">ADH\u00c9REZ MAINTENANT<\/a><\/p>\n","protected":false},"excerpt":{"rendered":"<p>Les adh\u00e9sions ou affiliations nouvelles sont en vigueur pour un an \u00e0 partir de la date d&#8217;entr\u00e9e. Le nouveau membre\/affili\u00e9, une fois accept\u00e9, a droit aux privil\u00e8ges pr\u00e9vus pour la cat\u00e9gorie \u00e0 laquelle il appartient, et il re\u00e7oit acc\u00e8s au r\u00e9pertoire des membres le plus r\u00e9cent ainsi qu&#8217;un abonnement sans frais \u00e0 la publication de&#8230;  <a class=\"excerpt-read-more\" href=\"https:\/\/cap.ca\/fr\/adhesion\/formulaires-en-ligne\/\" title=\"LireCotisations et formulaires en ligne\">Lire la suite &raquo;<\/a><\/p>\n","protected":false},"author":10,"featured_media":0,"parent":3178,"menu_order":149,"comment_status":"closed","ping_status":"closed","template":"","meta":{"footnotes":""},"class_list":["post-3194","page","type-page","status-publish","hentry"],"_links":{"self":[{"href":"https:\/\/cap.ca\/fr\/wp-json\/wp\/v2\/pages\/3194","targetHints":{"allow":["GET"]}}],"collection":[{"href":"https:\/\/cap.ca\/fr\/wp-json\/wp\/v2\/pages"}],"about":[{"href":"https:\/\/cap.ca\/fr\/wp-json\/wp\/v2\/types\/page"}],"author":[{"embeddable":true,"href":"https:\/\/cap.ca\/fr\/wp-json\/wp\/v2\/users\/10"}],"replies":[{"embeddable":true,"href":"https:\/\/cap.ca\/fr\/wp-json\/wp\/v2\/comments?post=3194"}],"version-history":[{"count":44,"href":"https:\/\/cap.ca\/fr\/wp-json\/wp\/v2\/pages\/3194\/revisions"}],"predecessor-version":[{"id":27979,"href":"https:\/\/cap.ca\/fr\/wp-json\/wp\/v2\/pages\/3194\/revisions\/27979"}],"up":[{"embeddable":true,"href":"https:\/\/cap.ca\/fr\/wp-json\/wp\/v2\/pages\/3178"}],"wp:attachment":[{"href":"https:\/\/cap.ca\/fr\/wp-json\/wp\/v2\/media?parent=3194"}],"curies":[{"name":"wp","href":"https:\/\/api.w.org\/{rel}","templated":true}]}}