{"id":3192,"date":"2017-03-09T15:13:22","date_gmt":"2017-03-09T20:13:22","guid":{"rendered":"http:\/\/caph-02.eproofs.ca\/membres-bienfaiteurs\/"},"modified":"2023-03-16T16:22:16","modified_gmt":"2023-03-16T20:22:16","slug":"membres-bienfaiteurs","status":"publish","type":"page","link":"https:\/\/cap.ca\/fr\/adhesion\/membres-bienfaiteurs\/","title":{"rendered":"Adh\u00e9sions de membres bienfaiteurs"},"content":{"rendered":"<p>L&#8217;adh\u00e9sion \u00e0 titre de membre bienfaiteur fournit aux membres titulaires l&#8217;occasion de montrer qu&#8217;ils appuient sans cesse l&#8217;Association et aident \u00e0 redoubler ses efforts.<\/p>\n<p>Les membres sont invit\u00e9s \u00e0 payer une cotisation annuelle suppl\u00e9mentaire de 100 $ (d\u00e9ductible d&#8217;imp\u00f4t) et \u00e0 figurer dans le <a href=\"https:\/\/cap.ca\/fr\/adhesion\/membres-bienfaiteurs\/repertoire-des-membres-soutien\/\">r\u00e9pertoire des membres bienfaiteurs<\/a>. Les fonds seront utilis\u00e9s par <a href=\"https:\/\/cap.ca\/fr\/facp\/\">la Fondation ACP<\/a> pour d\u00e9velopper et fournir les programmes et services d&#8217;ACP afin de promouvoir et de soutenir la communaut\u00e9 canadienne des physiciens et physiciennes.<\/p>\n<p style=\"text-align: center;\"><a class=\"green-btn\" href=\"https:\/\/cap.ca\/fr\/adhesion\/formulaires-en-ligne\/\">ADH\u00c9REZ D\u00c8S MAINTENANT<\/a><\/p>\n","protected":false},"excerpt":{"rendered":"<p>L&#8217;adh\u00e9sion \u00e0 titre de membre bienfaiteur fournit aux membres titulaires l&#8217;occasion de montrer qu&#8217;ils appuient sans cesse l&#8217;Association et aident \u00e0 redoubler ses efforts. Les membres sont invit\u00e9s \u00e0 payer une cotisation annuelle suppl\u00e9mentaire de 100 $ (d\u00e9ductible d&#8217;imp\u00f4t) et \u00e0 figurer dans le r\u00e9pertoire des membres bienfaiteurs. Les fonds seront utilis\u00e9s par la Fondation&#8230;  <a class=\"excerpt-read-more\" href=\"https:\/\/cap.ca\/fr\/adhesion\/membres-bienfaiteurs\/\" title=\"LireAdh\u00e9sions de membres bienfaiteurs\">Lire la suite &raquo;<\/a><\/p>\n","protected":false},"author":10,"featured_media":0,"parent":3178,"menu_order":118,"comment_status":"closed","ping_status":"closed","template":"","meta":{"footnotes":""},"class_list":["post-3192","page","type-page","status-publish","hentry"],"_links":{"self":[{"href":"https:\/\/cap.ca\/fr\/wp-json\/wp\/v2\/pages\/3192","targetHints":{"allow":["GET"]}}],"collection":[{"href":"https:\/\/cap.ca\/fr\/wp-json\/wp\/v2\/pages"}],"about":[{"href":"https:\/\/cap.ca\/fr\/wp-json\/wp\/v2\/types\/page"}],"author":[{"embeddable":true,"href":"https:\/\/cap.ca\/fr\/wp-json\/wp\/v2\/users\/10"}],"replies":[{"embeddable":true,"href":"https:\/\/cap.ca\/fr\/wp-json\/wp\/v2\/comments?post=3192"}],"version-history":[{"count":5,"href":"https:\/\/cap.ca\/fr\/wp-json\/wp\/v2\/pages\/3192\/revisions"}],"predecessor-version":[{"id":22834,"href":"https:\/\/cap.ca\/fr\/wp-json\/wp\/v2\/pages\/3192\/revisions\/22834"}],"up":[{"embeddable":true,"href":"https:\/\/cap.ca\/fr\/wp-json\/wp\/v2\/pages\/3178"}],"wp:attachment":[{"href":"https:\/\/cap.ca\/fr\/wp-json\/wp\/v2\/media?parent=3192"}],"curies":[{"name":"wp","href":"https:\/\/api.w.org\/{rel}","templated":true}]}}