{"id":3191,"date":"2017-03-09T15:13:19","date_gmt":"2017-03-09T20:13:19","guid":{"rendered":"http:\/\/caph-02.eproofs.ca\/affiliation\/"},"modified":"2017-03-26T11:25:51","modified_gmt":"2017-03-26T15:25:51","slug":"affiliation","status":"publish","type":"page","link":"https:\/\/cap.ca\/fr\/adhesion\/affiliation\/","title":{"rendered":"L\u2019affiliation"},"content":{"rendered":"<p>L&#8217;affiliation est possible pour les personnes qui s&#8217;int\u00e9ressent \u00e0 cette discipline mais dont la principale formation professionnelle n&#8217;est pas en physique ou dans un domaine connexe qui leur donnerait droit \u00e0 l&#8217;adh\u00e9sion en titre.<\/p>\n<p>Affili\u00e9 en titre : Voici les exigences pour l&#8217;affiliation en titre :<\/p>\n<ul class=\"content-list\">\n<li>ne satisfait aux exigences d&#8217;aucune cat\u00e9gorie d&#8217;adh\u00e9sion<\/li>\n<li>s&#8217;int\u00e9resser \u00e0 la physique et vouloir appuyer l&#8217;ACP.<\/li>\n<\/ul>\n<p>Les affili\u00e9s en titre jouissent de tous les droits et privil\u00e8ges de l&#8217;Association, sauf le droit de voter ou d&#8217;occuper un poste.<\/p>\n<p style=\"text-align: center;\"><a class=\"green-btn\" href=\"https:\/\/cap.ca\/fr\/adhesion\/formulaires-en-ligne\/formulaires-dadhesion-en-ligne\/\">ADH\u00c9REZ D\u00c8S MAINTENANT<\/a><\/p>\n","protected":false},"excerpt":{"rendered":"<p>L&#8217;affiliation est possible pour les personnes qui s&#8217;int\u00e9ressent \u00e0 cette discipline mais dont la principale formation professionnelle n&#8217;est pas en physique ou dans un domaine connexe qui leur donnerait droit \u00e0 l&#8217;adh\u00e9sion en titre. Affili\u00e9 en titre : Voici les exigences pour l&#8217;affiliation en titre : ne satisfait aux exigences d&#8217;aucune cat\u00e9gorie d&#8217;adh\u00e9sion s&#8217;int\u00e9resser \u00e0&#8230;  <a class=\"excerpt-read-more\" href=\"https:\/\/cap.ca\/fr\/adhesion\/affiliation\/\" title=\"LireL\u2019affiliation\">Lire la suite &raquo;<\/a><\/p>\n","protected":false},"author":10,"featured_media":0,"parent":3178,"menu_order":143,"comment_status":"closed","ping_status":"closed","template":"","meta":{"footnotes":""},"class_list":["post-3191","page","type-page","status-publish","hentry"],"_links":{"self":[{"href":"https:\/\/cap.ca\/fr\/wp-json\/wp\/v2\/pages\/3191","targetHints":{"allow":["GET"]}}],"collection":[{"href":"https:\/\/cap.ca\/fr\/wp-json\/wp\/v2\/pages"}],"about":[{"href":"https:\/\/cap.ca\/fr\/wp-json\/wp\/v2\/types\/page"}],"author":[{"embeddable":true,"href":"https:\/\/cap.ca\/fr\/wp-json\/wp\/v2\/users\/10"}],"replies":[{"embeddable":true,"href":"https:\/\/cap.ca\/fr\/wp-json\/wp\/v2\/comments?post=3191"}],"version-history":[{"count":4,"href":"https:\/\/cap.ca\/fr\/wp-json\/wp\/v2\/pages\/3191\/revisions"}],"predecessor-version":[{"id":6372,"href":"https:\/\/cap.ca\/fr\/wp-json\/wp\/v2\/pages\/3191\/revisions\/6372"}],"up":[{"embeddable":true,"href":"https:\/\/cap.ca\/fr\/wp-json\/wp\/v2\/pages\/3178"}],"wp:attachment":[{"href":"https:\/\/cap.ca\/fr\/wp-json\/wp\/v2\/media?parent=3191"}],"curies":[{"name":"wp","href":"https:\/\/api.w.org\/{rel}","templated":true}]}}