{"id":3190,"date":"2017-03-09T15:13:16","date_gmt":"2017-03-09T20:13:16","guid":{"rendered":"http:\/\/caph-02.eproofs.ca\/repertoire-des-membres-institutionnels\/"},"modified":"2022-06-02T08:55:18","modified_gmt":"2022-06-02T12:55:18","slug":"repertoire-des-membres-institutionnels","status":"publish","type":"page","link":"https:\/\/cap.ca\/fr\/adhesion\/adhesions-institutionnelles\/repertoire-des-membres-institutionnels\/","title":{"rendered":"Membres institutionnels de l&#8217;ACP"},"content":{"rendered":"<p>L&#8217;adh\u00e9sion institutionnelle est ouverte \u00e0 tout institut de recherche ou autre groupe de recherche qui emploie des physicien(ne)s, ou qui utilise les sciences physiques pour mener ses activit\u00e9s. Les frais d&#8217;adh\u00e9sion institutionnelle soutiennent les activit\u00e9s de l&#8217;ACP qui appuient les activit\u00e9s de politique scientifique ainsi que celles qui am\u00e9liorent la compr\u00e9hension publique de l&#8217;importance de la science et de l&#8217;\u00e9ducation scientifique pour la communaut\u00e9 canadienne.<\/p>\n<p>&nbsp;<\/p>\n<p style=\"text-align: center;\"><a class=\"green-btn\" href=\"https:\/\/cap.ca\/fr\/adhesion\/formulaires-en-ligne\/formulaires-dadhesion-en-ligne\/\">ADHERER MAINTENANT<\/a><\/p>\n<p>&nbsp;<\/p>\n<ul class=\"content-list\">\n<li><a href=\"https:\/\/mcdonaldinstitute.ca\/\">Arthur B. McDonald Canadian Astroparticle Physics Research Institute<\/a><\/li>\n<li><a href=\"http:\/\/www.lightsource.ca\/\">Canadian Light Source Inc.<\/a><\/li>\n<li><a href=\"http:\/\/uwaterloo.ca\/institute-for-quantum-computing\/\">Institute for Quantum Computing<\/a><\/li>\n<li><a href=\"http:\/\/www.perimeterinstitute.ca\/\">Perimeter Institute for Theoretical Physics<\/a><\/li>\n<li><a href=\"http:\/\/www.snolab.ca\/\">SNOLAB<\/a><\/li>\n<li><a href=\"http:\/\/www.qmi.ubc.ca\/\">Stewart Blusson Quantum Matter Institute<\/a><\/li>\n<li><a href=\"http:\/\/www.triumf.ca\/\">TRIUMF<\/a><\/li>\n<\/ul>\n<p style=\"text-align: center;\">\n","protected":false},"excerpt":{"rendered":"<p>L&#8217;adh\u00e9sion institutionnelle est ouverte \u00e0 tout institut de recherche ou autre groupe de recherche qui emploie des physicien(ne)s, ou qui utilise les sciences physiques pour mener ses activit\u00e9s. Les frais d&#8217;adh\u00e9sion institutionnelle soutiennent les activit\u00e9s de l&#8217;ACP qui appuient les activit\u00e9s de politique scientifique ainsi que celles qui am\u00e9liorent la compr\u00e9hension publique de l&#8217;importance de&#8230;  <a class=\"excerpt-read-more\" href=\"https:\/\/cap.ca\/fr\/adhesion\/adhesions-institutionnelles\/repertoire-des-membres-institutionnels\/\" title=\"LireMembres institutionnels de l&#8217;ACP\">Lire la suite &raquo;<\/a><\/p>\n","protected":false},"author":10,"featured_media":0,"parent":3189,"menu_order":218,"comment_status":"closed","ping_status":"closed","template":"template-members.php","meta":{"footnotes":""},"class_list":["post-3190","page","type-page","status-publish","hentry"],"_links":{"self":[{"href":"https:\/\/cap.ca\/fr\/wp-json\/wp\/v2\/pages\/3190","targetHints":{"allow":["GET"]}}],"collection":[{"href":"https:\/\/cap.ca\/fr\/wp-json\/wp\/v2\/pages"}],"about":[{"href":"https:\/\/cap.ca\/fr\/wp-json\/wp\/v2\/types\/page"}],"author":[{"embeddable":true,"href":"https:\/\/cap.ca\/fr\/wp-json\/wp\/v2\/users\/10"}],"replies":[{"embeddable":true,"href":"https:\/\/cap.ca\/fr\/wp-json\/wp\/v2\/comments?post=3190"}],"version-history":[{"count":9,"href":"https:\/\/cap.ca\/fr\/wp-json\/wp\/v2\/pages\/3190\/revisions"}],"predecessor-version":[{"id":20981,"href":"https:\/\/cap.ca\/fr\/wp-json\/wp\/v2\/pages\/3190\/revisions\/20981"}],"up":[{"embeddable":true,"href":"https:\/\/cap.ca\/fr\/wp-json\/wp\/v2\/pages\/3189"}],"wp:attachment":[{"href":"https:\/\/cap.ca\/fr\/wp-json\/wp\/v2\/media?parent=3190"}],"curies":[{"name":"wp","href":"https:\/\/api.w.org\/{rel}","templated":true}]}}