{"id":3189,"date":"2017-03-09T15:13:14","date_gmt":"2017-03-09T20:13:14","guid":{"rendered":"http:\/\/caph-02.eproofs.ca\/adhesions-institutionnelles\/"},"modified":"2025-11-13T17:40:24","modified_gmt":"2025-11-13T22:40:24","slug":"adhesions-institutionnelles","status":"publish","type":"page","link":"https:\/\/cap.ca\/fr\/adhesion\/adhesions-institutionnelles\/","title":{"rendered":"Adh\u00e9sions institutionnelles"},"content":{"rendered":"<p>Tout institut de recherche, laboratoire gouvernemental, soci\u00e9t\u00e9 de la couronne et compagnie qui emploie des physiciens est invit\u00e9 \u00e0 <a href=\"https:\/\/cap.ca\/wp-content\/uploads\/2017\/03\/inst-application-form-fre.pdf\" target=\"_blank\" rel=\"noopener noreferrer\">demander l\u2019adh\u00e9sion comme membre institutionnel<\/a> de l\u2019ACP.<\/p>\n<p>L\u2019adh\u00e9sion institutionnelle \u00e0 l\u2019ACP aide une organisation \u00e0 construire d\u2019importants liens avec la collectivit\u00e9 canadienne de physique. Ceci est facilit\u00e9 par la revue de l\u2019ACP, <a href=\"https:\/\/cap.ca\/fr\/publications\/physique-au-canada\/\"><em>La Physique au Canada<\/em><\/a>, le site web de l\u2019ACP, la participation \u00e0 des groupes de travail rassemblant les milieux industriels et acad\u00e9miques ainsi que d\u2019autres initiatives de l\u2019ACP.<\/p>\n<p>Les <a href=\"https:\/\/cap.ca\/wp-content\/uploads\/2025\/10\/2026-Inst-Memb-chart-FRE.pdf\" target=\"_blank\" rel=\"noopener noreferrer\">frais d\u2019adh\u00e9sion des membres institutionnels et les services<\/a> sont structur\u00e9s de mani\u00e8re \u00e0 s\u2019adapter \u00e0 la taille et \u00e0 la port\u00e9e de chaque institution ainsi qu\u2019\u00e0 son niveau d\u2019engagement envers l\u2019ACP. Les membres institutionnels sont repr\u00e9sent\u00e9s au <a href=\"https:\/\/cap.ca\/fr\/propos-lacp\/acp-direction\/conseil-consultatif\/\">conseil consultatif<\/a> de l&#8217;ACP par le directeur des affaires corporatives. Les membres institutionnels peuvent voter pour ce poste et s&#8217;y faire \u00e9lire.<\/p>\n<p>Un <a href=\"https:\/\/cap.ca\/fr\/adhesion\/adhesions-institutionnelles\/repertoire-des-membres-institutionnels\/\">r\u00e9pertoire des membres institutionnels actuels<\/a> est affich\u00e9 sur ce site web et publi\u00e9 r\u00e9guli\u00e8rement dans <em>La Physique au Canada<\/em>.<\/p>\n<p style=\"text-align: center;\"><a class=\"green-btn\" href=\"https:\/\/forms.cap.ca\/department-application-form-fre.pdf\">ADH\u00c9REZ D\u00c8S MAINTENANT<\/a><\/p>\n<p>&nbsp;<\/p>\n","protected":false},"excerpt":{"rendered":"<p>Tout institut de recherche, laboratoire gouvernemental, soci\u00e9t\u00e9 de la couronne et compagnie qui emploie des physiciens est invit\u00e9 \u00e0 demander l\u2019adh\u00e9sion comme membre institutionnel de l\u2019ACP. L\u2019adh\u00e9sion institutionnelle \u00e0 l\u2019ACP aide une organisation \u00e0 construire d\u2019importants liens avec la collectivit\u00e9 canadienne de physique. Ceci est facilit\u00e9 par la revue de l\u2019ACP, La Physique au Canada,&#8230;  <a class=\"excerpt-read-more\" href=\"https:\/\/cap.ca\/fr\/adhesion\/adhesions-institutionnelles\/\" title=\"LireAdh\u00e9sions institutionnelles\">Lire la suite &raquo;<\/a><\/p>\n","protected":false},"author":10,"featured_media":0,"parent":3178,"menu_order":143,"comment_status":"closed","ping_status":"closed","template":"","meta":{"footnotes":""},"class_list":["post-3189","page","type-page","status-publish","hentry"],"_links":{"self":[{"href":"https:\/\/cap.ca\/fr\/wp-json\/wp\/v2\/pages\/3189","targetHints":{"allow":["GET"]}}],"collection":[{"href":"https:\/\/cap.ca\/fr\/wp-json\/wp\/v2\/pages"}],"about":[{"href":"https:\/\/cap.ca\/fr\/wp-json\/wp\/v2\/types\/page"}],"author":[{"embeddable":true,"href":"https:\/\/cap.ca\/fr\/wp-json\/wp\/v2\/users\/10"}],"replies":[{"embeddable":true,"href":"https:\/\/cap.ca\/fr\/wp-json\/wp\/v2\/comments?post=3189"}],"version-history":[{"count":11,"href":"https:\/\/cap.ca\/fr\/wp-json\/wp\/v2\/pages\/3189\/revisions"}],"predecessor-version":[{"id":28238,"href":"https:\/\/cap.ca\/fr\/wp-json\/wp\/v2\/pages\/3189\/revisions\/28238"}],"up":[{"embeddable":true,"href":"https:\/\/cap.ca\/fr\/wp-json\/wp\/v2\/pages\/3178"}],"wp:attachment":[{"href":"https:\/\/cap.ca\/fr\/wp-json\/wp\/v2\/media?parent=3189"}],"curies":[{"name":"wp","href":"https:\/\/api.w.org\/{rel}","templated":true}]}}