{"id":3188,"date":"2017-03-09T15:13:10","date_gmt":"2017-03-09T20:13:10","guid":{"rendered":"http:\/\/caph-02.eproofs.ca\/repertoire-des-membres-departementaux\/"},"modified":"2019-07-30T15:28:05","modified_gmt":"2019-07-30T19:28:05","slug":"repertoire-des-membres-departementaux","status":"publish","type":"page","link":"https:\/\/cap.ca\/fr\/adhesion\/adhesions-departementales\/repertoire-des-membres-departementaux\/","title":{"rendered":"Membres d\u00e9partementaux de l&#8217;ACP"},"content":{"rendered":"<p>Les adh\u00e9sions d\u00e9partementales sont ouverts aux d\u00e9partements de physique des universit\u00e9s et coll\u00e8ges au Canada. Cette cat\u00e9gorie d\u2019adh\u00e9sion re\u00e7oivent une communication directe de la part de l&#8217;ACP concernant les \u00e9v\u00e9nements et les activit\u00e9s qui rev\u00eatent une importance particuli\u00e8re pour les professeurs et les \u00e9tudiants. Les frais d&#8217;adh\u00e9sion d\u00e9partementales visent des activit\u00e9s qui profitent aux \u00e9tudiants et augmentent la visibilit\u00e9 de la physique canadienne et des d\u00e9partements de physique.<\/p>\n","protected":false},"excerpt":{"rendered":"<p>Les adh\u00e9sions d\u00e9partementales sont ouverts aux d\u00e9partements de physique des universit\u00e9s et coll\u00e8ges au Canada. Cette cat\u00e9gorie d\u2019adh\u00e9sion re\u00e7oivent une communication directe de la part de l&#8217;ACP concernant les \u00e9v\u00e9nements et les activit\u00e9s qui rev\u00eatent une importance particuli\u00e8re pour les professeurs et les \u00e9tudiants. Les frais d&#8217;adh\u00e9sion d\u00e9partementales visent des activit\u00e9s qui profitent aux \u00e9tudiants&#8230;  <a class=\"excerpt-read-more\" href=\"https:\/\/cap.ca\/fr\/adhesion\/adhesions-departementales\/repertoire-des-membres-departementaux\/\" title=\"LireMembres d\u00e9partementaux de l&#8217;ACP\">Lire la suite &raquo;<\/a><\/p>\n","protected":false},"author":10,"featured_media":0,"parent":3187,"menu_order":208,"comment_status":"closed","ping_status":"closed","template":"template-members.php","meta":{"footnotes":""},"class_list":["post-3188","page","type-page","status-publish","hentry"],"_links":{"self":[{"href":"https:\/\/cap.ca\/fr\/wp-json\/wp\/v2\/pages\/3188","targetHints":{"allow":["GET"]}}],"collection":[{"href":"https:\/\/cap.ca\/fr\/wp-json\/wp\/v2\/pages"}],"about":[{"href":"https:\/\/cap.ca\/fr\/wp-json\/wp\/v2\/types\/page"}],"author":[{"embeddable":true,"href":"https:\/\/cap.ca\/fr\/wp-json\/wp\/v2\/users\/10"}],"replies":[{"embeddable":true,"href":"https:\/\/cap.ca\/fr\/wp-json\/wp\/v2\/comments?post=3188"}],"version-history":[{"count":8,"href":"https:\/\/cap.ca\/fr\/wp-json\/wp\/v2\/pages\/3188\/revisions"}],"predecessor-version":[{"id":13939,"href":"https:\/\/cap.ca\/fr\/wp-json\/wp\/v2\/pages\/3188\/revisions\/13939"}],"up":[{"embeddable":true,"href":"https:\/\/cap.ca\/fr\/wp-json\/wp\/v2\/pages\/3187"}],"wp:attachment":[{"href":"https:\/\/cap.ca\/fr\/wp-json\/wp\/v2\/media?parent=3188"}],"curies":[{"name":"wp","href":"https:\/\/api.w.org\/{rel}","templated":true}]}}