{"id":3187,"date":"2017-03-09T15:13:08","date_gmt":"2017-03-09T20:13:08","guid":{"rendered":"http:\/\/caph-02.eproofs.ca\/adhesions-departementales\/"},"modified":"2025-11-13T17:46:26","modified_gmt":"2025-11-13T22:46:26","slug":"adhesions-departementales","status":"publish","type":"page","link":"https:\/\/cap.ca\/fr\/adhesion\/adhesions-departementales\/","title":{"rendered":"Adh\u00e9sions d\u00e9partementales"},"content":{"rendered":"<p>Tous les d\u00e9partements o\u00f9 l&#8217;on enseigne la physique dans les universit\u00e9s et coll\u00e8ges canadiens sont invit\u00e9s \u00e0 <a href=\"https:\/\/cap.ca\/wp-content\/uploads\/2017\/03\/department-application-form.pdf\" target=\"_blank\" rel=\"noopener noreferrer\">devenir membres d\u00e9partementaux<\/a> de l&#8217;ACP. Cette cat\u00e9gorie d&#8217;adh\u00e9sion assure que votre d\u00e9partement re\u00e7oit directement les communications du bureau de l&#8217;ACP concernant les \u00e9v\u00e9nements et activiit\u00e9s particuli\u00e8rement importants pour les d\u00e9partements de physique. Ceci comprend, par exemple, les nominations pour les m\u00e9dailles et bourses de l&#8217;ACP, la Conf\u00e9rence canadienne des \u00e9tudiants en physique, des ateliers et rencontres de directeurs de d\u00e9partement lors du congr\u00e8s annuel de l&#8217;ACP, le soutien financier d&#8217;\u00e9tudiants disponible \u00e0 travers l&#8217;ACP, et ainsi de suite.<\/p>\n<p>Nos <a href=\"https:\/\/cap.ca\/fr\/adhesion\/formulaires-en-ligne\/cotisations-departementaux-2026\/\">frais d&#8217;adh\u00e9sion<\/a> refl\u00e8tent la taille des universit\u00e9s et coll\u00e8ges canadiens et l&#8217;\u00e9tendue de leurs programmes. Les revenus tir\u00e9s des adh\u00e9sions d\u00e9partementales sont dirig\u00e9s vers des activit\u00e9s qui profitent aux \u00e9tudiants et augmentent la visibilit\u00e9 de la physique canadienne et des d\u00e9partements de physique.<\/p>\n<p><strong>Ces activit\u00e9s comprennent le soutien financier de la<\/strong><\/p>\n<ul class=\"content-list\">\n<li><a href=\"https:\/\/cap.ca\/fr\/congres-de-lacp\/ccep\/\">Conf\u00e9rence canadienne des \u00e9tudiants de premier cycle en physique<\/a><\/li>\n<li>la <a href=\"https:\/\/cap.ca\/fr\/activites\/tournee-de-lacp\/\">tourn\u00e9e des conf\u00e9renciers de l&#8217;ACP<\/a><\/li>\n<li>le <a href=\"https:\/\/cap.ca\/fr\/activites\/medailles-bourses\/prix-etudiants\/prix-lloyd-g-elliott-examen-universitaire\/\">concours universitaire de physique<\/a><\/li>\n<li>le <a href=\"https:\/\/cap.ca\/fr\/activites\/medailles-bourses\/prix-etudiants\/prix-secondaire-du-collrgial\/examen-du-secondaire-ou-collegial\/\">concours national de physique au niveau secondaire et coll\u00e9gial<\/a><\/li>\n<li>le <a href=\"https:\/\/cap.ca\/fr\/activites\/medailles-bourses\/prix-etudiants\/acp-prix-manuscrit-eleves\/\">prix de l&#8217;ACP pour la meilleure communication \u00e9tudiante<\/a><\/li>\n<li>et le <a href=\"https:\/\/careers.cap.ca\/home\/whatisphysics.html\" target=\"_blank\" rel=\"noopener noreferrer\">site Web sur les carri\u00e8res en physique<\/a> (anglais seulement).<\/li>\n<\/ul>\n<p><a href=\"https:\/\/cap.ca\/fr\/adhesion\/adhesions-departementales\/repertoire-des-membres-departementaux\/\">La liste des membres d\u00e9partementaux<\/a> est affich\u00e9e sur notre site Web et publi\u00e9e r\u00e9guli\u00e8rement dans <em><a href=\"https:\/\/cap.ca\/fr\/publications\/physique-au-canada\/\">La Physique au Canada<\/a><\/em>.<\/p>\n<p style=\"text-align: center;\"><a class=\"green-btn\" href=\"https:\/\/cap.ca\/fr\/adhesion\/formulaires-en-ligne\/formulaires-dadhesion-en-ligne\/\">ADH\u00c9REZ D\u00c8S MAINTENANT<\/a><\/p>\n","protected":false},"excerpt":{"rendered":"<p>Tous les d\u00e9partements o\u00f9 l&#8217;on enseigne la physique dans les universit\u00e9s et coll\u00e8ges canadiens sont invit\u00e9s \u00e0 devenir membres d\u00e9partementaux de l&#8217;ACP. Cette cat\u00e9gorie d&#8217;adh\u00e9sion assure que votre d\u00e9partement re\u00e7oit directement les communications du bureau de l&#8217;ACP concernant les \u00e9v\u00e9nements et activiit\u00e9s particuli\u00e8rement importants pour les d\u00e9partements de physique. Ceci comprend, par exemple, les nominations&#8230;  <a class=\"excerpt-read-more\" href=\"https:\/\/cap.ca\/fr\/adhesion\/adhesions-departementales\/\" title=\"LireAdh\u00e9sions d\u00e9partementales\">Lire la suite &raquo;<\/a><\/p>\n","protected":false},"author":10,"featured_media":0,"parent":3178,"menu_order":140,"comment_status":"closed","ping_status":"closed","template":"","meta":{"footnotes":""},"class_list":["post-3187","page","type-page","status-publish","hentry"],"_links":{"self":[{"href":"https:\/\/cap.ca\/fr\/wp-json\/wp\/v2\/pages\/3187","targetHints":{"allow":["GET"]}}],"collection":[{"href":"https:\/\/cap.ca\/fr\/wp-json\/wp\/v2\/pages"}],"about":[{"href":"https:\/\/cap.ca\/fr\/wp-json\/wp\/v2\/types\/page"}],"author":[{"embeddable":true,"href":"https:\/\/cap.ca\/fr\/wp-json\/wp\/v2\/users\/10"}],"replies":[{"embeddable":true,"href":"https:\/\/cap.ca\/fr\/wp-json\/wp\/v2\/comments?post=3187"}],"version-history":[{"count":8,"href":"https:\/\/cap.ca\/fr\/wp-json\/wp\/v2\/pages\/3187\/revisions"}],"predecessor-version":[{"id":28242,"href":"https:\/\/cap.ca\/fr\/wp-json\/wp\/v2\/pages\/3187\/revisions\/28242"}],"up":[{"embeddable":true,"href":"https:\/\/cap.ca\/fr\/wp-json\/wp\/v2\/pages\/3178"}],"wp:attachment":[{"href":"https:\/\/cap.ca\/fr\/wp-json\/wp\/v2\/media?parent=3187"}],"curies":[{"name":"wp","href":"https:\/\/api.w.org\/{rel}","templated":true}]}}