{"id":3185,"date":"2017-03-09T15:13:02","date_gmt":"2017-03-09T20:13:02","guid":{"rendered":"http:\/\/caph-02.eproofs.ca\/adhesions-corporatifs\/"},"modified":"2020-10-30T14:57:48","modified_gmt":"2020-10-30T18:57:48","slug":"adhesions-corporatifs","status":"publish","type":"page","link":"https:\/\/cap.ca\/fr\/adhesion\/adhesions-corporatifs\/","title":{"rendered":"Adh\u00e9sions corporatives"},"content":{"rendered":"<p>Toute corporation ou entreprise qui offre des produits ou services aux physiciens, ou qui utilise les sciences physiques dans la production et les services, est invit\u00e9e \u00e0 devenir membre corporatif de l\u2019ACP.<\/p>\n<p>L\u2019adh\u00e9sion corporative \u00e0 l\u2019ACP aide une organisation \u00e0 construire d\u2019importants liens avec la collectivit\u00e9 canadienne de physique. Ceci est facilit\u00e9 par la revue de l\u2019ACP, <a href=\"https:\/\/cap.ca\/fr\/publications\/physique-au-canada\/\"><em>La Physique<\/em> <em>au Canada<\/em><\/a>, le site web de l\u2019ACP, la participation \u00e0 des groupes de travail rassemblant les milieux industriels et acad\u00e9miques ainsi que d\u2019autres initiatives de l\u2019ACP.<\/p>\n<p>Les cotisations des membres corporatifs vont enti\u00e8rement \u00e0 la <a href=\"\/fr\/facp\">Fondation de l&#8217;ACP<\/a>, qui donne droit \u00e0 un d\u00e9gr\u00e8vement d&#8217;imp\u00f4t. Tout les dons appuie les activit\u00e9s \u00e9ducatives de l&#8217;ACP. Par ses activit\u00e9s \u00e9ducatives plus larges, l&#8217;ACP aide la population \u00e0 mieux comprendre l&#8217;importance de la science et de l&#8217;\u00e9ducation scientifique pour l&#8217;ensemble du Canada.<\/p>\n<p>Les frais d\u2019adh\u00e9sion des <a href=\"https:\/\/cap.ca\/wp-content\/uploads\/2020\/10\/2020-Corp-Memb-chart-fre.pdf\" target=\"_blank\" rel=\"noopener noreferrer\">membres corporatifs et les services<\/a> sont structur\u00e9s de mani\u00e8re \u00e0 s\u2019adapter \u00e0 la taille et \u00e0 la port\u00e9e de chaque institution ainsi qu\u2019\u00e0 son niveau d\u2019engagement envers l\u2019ACP. Les membres corporatifs sont repr\u00e9sent\u00e9s au <a href=\"https:\/\/cap.ca\/fr\/propos-lacp\/acp-direction\/conseil-consultatif\/\">C<span style=\"font-weight: 400;\">onseil consultatif<\/span><\/a> par le directeur des affaires corporatives. Les membres corporatifs peuvent voter pour ce poste et s&#8217;y faire \u00e9lire.<\/p>\n<p>Un r\u00e9pertoire des membres corporatifs actuels est affich\u00e9 sur ce site web et publi\u00e9 r\u00e9guli\u00e8rement dans <em>La Physique<\/em> <em>au Canada<\/em>.<\/p>\n<p>Les demandes d&#8217;adh\u00e9sion comme membre corporatif doivent \u00eatre accept\u00e9es par le\u00a0Conseil d&#8217;administration de l&#8217;ACP.<\/p>\n<p style=\"text-align: center;\"><a class=\"green-btn\" href=\"https:\/\/cap.ca\/membership\/fees-and-forms\/online-application-forms\">ADH\u00c9REZ D\u00c8S MAINTENANT<\/a><\/p>\n","protected":false},"excerpt":{"rendered":"<p>Toute corporation ou entreprise qui offre des produits ou services aux physiciens, ou qui utilise les sciences physiques dans la production et les services, est invit\u00e9e \u00e0 devenir membre corporatif de l\u2019ACP. L\u2019adh\u00e9sion corporative \u00e0 l\u2019ACP aide une organisation \u00e0 construire d\u2019importants liens avec la collectivit\u00e9 canadienne de physique. Ceci est facilit\u00e9 par la revue&#8230;  <a class=\"excerpt-read-more\" href=\"https:\/\/cap.ca\/fr\/adhesion\/adhesions-corporatifs\/\" title=\"LireAdh\u00e9sions corporatives\">Lire la suite &raquo;<\/a><\/p>\n","protected":false},"author":10,"featured_media":0,"parent":3178,"menu_order":141,"comment_status":"closed","ping_status":"closed","template":"","meta":{"footnotes":""},"class_list":["post-3185","page","type-page","status-publish","hentry"],"_links":{"self":[{"href":"https:\/\/cap.ca\/fr\/wp-json\/wp\/v2\/pages\/3185","targetHints":{"allow":["GET"]}}],"collection":[{"href":"https:\/\/cap.ca\/fr\/wp-json\/wp\/v2\/pages"}],"about":[{"href":"https:\/\/cap.ca\/fr\/wp-json\/wp\/v2\/types\/page"}],"author":[{"embeddable":true,"href":"https:\/\/cap.ca\/fr\/wp-json\/wp\/v2\/users\/10"}],"replies":[{"embeddable":true,"href":"https:\/\/cap.ca\/fr\/wp-json\/wp\/v2\/comments?post=3185"}],"version-history":[{"count":9,"href":"https:\/\/cap.ca\/fr\/wp-json\/wp\/v2\/pages\/3185\/revisions"}],"predecessor-version":[{"id":16453,"href":"https:\/\/cap.ca\/fr\/wp-json\/wp\/v2\/pages\/3185\/revisions\/16453"}],"up":[{"embeddable":true,"href":"https:\/\/cap.ca\/fr\/wp-json\/wp\/v2\/pages\/3178"}],"wp:attachment":[{"href":"https:\/\/cap.ca\/fr\/wp-json\/wp\/v2\/media?parent=3185"}],"curies":[{"name":"wp","href":"https:\/\/api.w.org\/{rel}","templated":true}]}}