{"id":3184,"date":"2017-03-09T15:13:00","date_gmt":"2017-03-09T20:13:00","guid":{"rendered":"http:\/\/caph-02.eproofs.ca\/etudiant-premier-cycle-affilie\/"},"modified":"2017-03-26T11:25:08","modified_gmt":"2017-03-26T15:25:08","slug":"etudiant-premier-cycle-affilie","status":"publish","type":"page","link":"https:\/\/cap.ca\/fr\/adhesion\/etudiant-premier-cycle-affilie\/","title":{"rendered":"\u00c9tudiant au premier cycle affili\u00e9"},"content":{"rendered":"<p>Les \u00e9tudiants au premier cycle de programmes canadiens de physique peuvent s&#8217;affilier \u00e0 titre d&#8217;\u00e9tudiants au premier cycle. Voici les exigences pour s&#8217;affilier \u00e0 ce titre:<\/p>\n<ul class=\"content-list\">\n<li>\u00eatre inscrit \u00e0 plein temps dans une universit\u00e9 canadienne, \u00e0 un programme de premier cycle en physique ou dans un domaine connexe, sous r\u00e9serve de l&#8217;approbation du Comit\u00e9 des adh\u00e9sions et affiliations.<\/li>\n<\/ul>\n<p>L&#8217;affiliation \u00e0 titre d&#8217;\u00e9tudiant au premier cycle dans une universit\u00e9 canadienne ne comporte aucune cotisation. Les \u00e9tudiants au premier cycle affili\u00e9s jouissent de tous les droits et privil\u00e8ges de l&#8217;Association, sauf :<\/p>\n<ul class=\"content-list\">\n<li>l&#8217;abonnement \u00e0 <a href=\"https:\/\/cap.ca\/fr\/publications\/physique-au-canada\/\"><em>La <i><span style=\"font-weight: 400;\">Physique<\/span><\/i> au Canada<\/em><\/a>;<\/li>\n<li>les droits de voter et d&#8217;occuper un poste, sauf le poste de conseiller, qui repr\u00e9sente les \u00e9tudiants affili\u00e9s.<\/li>\n<\/ul>\n<p style=\"text-align: center;\"><a class=\"green-btn\" href=\"https:\/\/cap.ca\/fr\/adhesion\/formulaires-en-ligne\/formulaires-dadhesion-en-ligne\/\">ADH\u00c9REZ D\u00c8S MAINTENANT<\/a><\/p>\n","protected":false},"excerpt":{"rendered":"<p>Les \u00e9tudiants au premier cycle de programmes canadiens de physique peuvent s&#8217;affilier \u00e0 titre d&#8217;\u00e9tudiants au premier cycle. Voici les exigences pour s&#8217;affilier \u00e0 ce titre: \u00eatre inscrit \u00e0 plein temps dans une universit\u00e9 canadienne, \u00e0 un programme de premier cycle en physique ou dans un domaine connexe, sous r\u00e9serve de l&#8217;approbation du Comit\u00e9 des&#8230;  <a class=\"excerpt-read-more\" href=\"https:\/\/cap.ca\/fr\/adhesion\/etudiant-premier-cycle-affilie\/\" title=\"Lire\u00c9tudiant au premier cycle affili\u00e9\">Lire la suite &raquo;<\/a><\/p>\n","protected":false},"author":10,"featured_media":0,"parent":3178,"menu_order":135,"comment_status":"closed","ping_status":"closed","template":"","meta":{"footnotes":""},"class_list":["post-3184","page","type-page","status-publish","hentry"],"_links":{"self":[{"href":"https:\/\/cap.ca\/fr\/wp-json\/wp\/v2\/pages\/3184","targetHints":{"allow":["GET"]}}],"collection":[{"href":"https:\/\/cap.ca\/fr\/wp-json\/wp\/v2\/pages"}],"about":[{"href":"https:\/\/cap.ca\/fr\/wp-json\/wp\/v2\/types\/page"}],"author":[{"embeddable":true,"href":"https:\/\/cap.ca\/fr\/wp-json\/wp\/v2\/users\/10"}],"replies":[{"embeddable":true,"href":"https:\/\/cap.ca\/fr\/wp-json\/wp\/v2\/comments?post=3184"}],"version-history":[{"count":4,"href":"https:\/\/cap.ca\/fr\/wp-json\/wp\/v2\/pages\/3184\/revisions"}],"predecessor-version":[{"id":6369,"href":"https:\/\/cap.ca\/fr\/wp-json\/wp\/v2\/pages\/3184\/revisions\/6369"}],"up":[{"embeddable":true,"href":"https:\/\/cap.ca\/fr\/wp-json\/wp\/v2\/pages\/3178"}],"wp:attachment":[{"href":"https:\/\/cap.ca\/fr\/wp-json\/wp\/v2\/media?parent=3184"}],"curies":[{"name":"wp","href":"https:\/\/api.w.org\/{rel}","templated":true}]}}