{"id":3183,"date":"2017-03-09T15:12:57","date_gmt":"2017-03-09T20:12:57","guid":{"rendered":"http:\/\/caph-02.eproofs.ca\/etudiant-diplome-membre\/"},"modified":"2025-11-03T11:48:26","modified_gmt":"2025-11-03T16:48:26","slug":"etudiant-diplome-membre","status":"publish","type":"page","link":"https:\/\/cap.ca\/fr\/adhesion\/etudiant-diplome-membre\/","title":{"rendered":"\u00c9tudiant dipl\u00f4m\u00e9 membre"},"content":{"rendered":"<p>Les \u00e9tudiants canadiens dipl\u00f4m\u00e9s en physique peuvent devenir \u00e9tudiants dipl\u00f4m\u00e9s membres. Voici les exigences pour l&#8217;adh\u00e9sion \u00e0 titre d&#8217;\u00e9tudiant dipl\u00f4m\u00e9 :<\/p>\n<ul class=\"content-list\">\n<li>\u00eatre inscrit \u00e0 titre d&#8217;\u00e9tudiant \u00e0 la ma\u00eetrise ou au doctorat en physique \u00e0 temps plein ou dans un domaine connexe dans une universit\u00e9 canadienne.<\/li>\n<\/ul>\n<p>Les avantages dont jouissent les membres \u00e9tudiants des cycles sup\u00e9rieurs de l&#8217;ACP:<\/p>\n<ul class=\"content-list\">\n<li><em>Adh\u00e9sion gratuite de votre premi\u00e8re ann\u00e9e d&#8217;adh\u00e9sion comme membre dipl\u00f4m\u00e9;<\/em><\/li>\n<li><em>Frais d&#8217;inscription r\u00e9duits au Congr\u00e8s annuel de l&#8217;ACP et aux r\u00e9unions de American Physical Society;<\/em><\/li>\n<li><em>Autorisation de participer aux comp\u00e9tions de la meilleur pr\u00e9sentation \u00e9tudiante lors du Congr\u00e8s annuel de l&#8217;ACP;<\/em><\/li>\n<li><em>Application pour les b<a href=\"https:\/\/cap.ca\/fr\/activites\/programme-de-distinctions\/university-physics-students\/\">ourses\u00a0d&#8217;\u00e9tudes parrain\u00e9es par la Fondation CAP<\/a><\/em><\/li>\n<li><em>Adh\u00e9sion gratuite aux divisions sp\u00e9cialis\u00e9es de l&#8217;ACP et leurs avantages;<\/em><\/li>\n<li><em>Abonnement gratuit \u00e0 la revue de l&#8217;ACP, <a href=\"https:\/\/pic-pac.cap.ca\/?lang=fr-ca\">La Physique au Canada<\/a>;<\/em><\/li>\n<li><em>Pendant quatre ans, apr\u00e8s l&#8217;obtention du dipl\u00f4me, vos frais d&#8217;adh\u00e9sion comme membre titulaire de l&#8217;ACP seront \u00e0 moiti\u00e9 prix;<\/em><\/li>\n<li><em>Occasion de participer au Conseil de l&#8217;ACP \u00e0 titre de repr\u00e9sentant des \u00e9tudiants dipl\u00f4m\u00e9s, une fois \u00e9lu(e);<\/em><\/li>\n<li><em>Assister et voter \u00e0 l&#8217;AGM de l\u2019ACP, y compris l&#8217;\u00e9lection des membres du conseil d&#8217;administration;<\/em><\/li>\n<li><em>Recevoir une notification pr\u00e9alable des activit\u00e9s d&#8217;int\u00e9r\u00eat.<\/em><\/li>\n<\/ul>\n<p><strong>DE NOUVELLES OPTIONS POUR LES RENOUVELLEMENTS\/DEMANDES D&#8217;ADH\u00c9SION DES DIPL\u00d4M\u00c9S \u00c0 PARTIR DU 1<sup>ER<\/sup> JANVIER 2021 OU PLUS TARD<\/strong><\/p>\n<ul class=\"content-list\">\n<li>Adh\u00e9sion conjointe ACP\/CASCA pour les \u00e9tudiants dipl\u00f4m\u00e9s<\/li>\n<li><a href=\"https:\/\/cap.ca\/fr\/adhesion\/etudiant-diplome-membre\/adhesion-laboratoire\/\" target=\"_blank\" rel=\"noopener noreferrer\">Adh\u00e9sion laboratoire pour \u00e9tudiants dipl\u00f4m\u00e9s<\/a><\/li>\n<\/ul>\n<p style=\"text-align: center;\"><a class=\"green-btn\" href=\"https:\/\/cap.ca\/fr\/adhesion\/formulaires-en-ligne\/\">ADH\u00c9REZ D\u00c8S MAINTENANT<\/a><\/p>\n","protected":false},"excerpt":{"rendered":"<p>Les \u00e9tudiants canadiens dipl\u00f4m\u00e9s en physique peuvent devenir \u00e9tudiants dipl\u00f4m\u00e9s membres. Voici les exigences pour l&#8217;adh\u00e9sion \u00e0 titre d&#8217;\u00e9tudiant dipl\u00f4m\u00e9 : \u00eatre inscrit \u00e0 titre d&#8217;\u00e9tudiant \u00e0 la ma\u00eetrise ou au doctorat en physique \u00e0 temps plein ou dans un domaine connexe dans une universit\u00e9 canadienne. Les avantages dont jouissent les membres \u00e9tudiants des cycles&#8230;  <a class=\"excerpt-read-more\" href=\"https:\/\/cap.ca\/fr\/adhesion\/etudiant-diplome-membre\/\" title=\"Lire\u00c9tudiant dipl\u00f4m\u00e9 membre\">Lire la suite &raquo;<\/a><\/p>\n","protected":false},"author":10,"featured_media":0,"parent":3178,"menu_order":132,"comment_status":"closed","ping_status":"closed","template":"","meta":{"footnotes":""},"class_list":["post-3183","page","type-page","status-publish","hentry"],"_links":{"self":[{"href":"https:\/\/cap.ca\/fr\/wp-json\/wp\/v2\/pages\/3183","targetHints":{"allow":["GET"]}}],"collection":[{"href":"https:\/\/cap.ca\/fr\/wp-json\/wp\/v2\/pages"}],"about":[{"href":"https:\/\/cap.ca\/fr\/wp-json\/wp\/v2\/types\/page"}],"author":[{"embeddable":true,"href":"https:\/\/cap.ca\/fr\/wp-json\/wp\/v2\/users\/10"}],"replies":[{"embeddable":true,"href":"https:\/\/cap.ca\/fr\/wp-json\/wp\/v2\/comments?post=3183"}],"version-history":[{"count":20,"href":"https:\/\/cap.ca\/fr\/wp-json\/wp\/v2\/pages\/3183\/revisions"}],"predecessor-version":[{"id":28102,"href":"https:\/\/cap.ca\/fr\/wp-json\/wp\/v2\/pages\/3183\/revisions\/28102"}],"up":[{"embeddable":true,"href":"https:\/\/cap.ca\/fr\/wp-json\/wp\/v2\/pages\/3178"}],"wp:attachment":[{"href":"https:\/\/cap.ca\/fr\/wp-json\/wp\/v2\/media?parent=3183"}],"curies":[{"name":"wp","href":"https:\/\/api.w.org\/{rel}","templated":true}]}}