{"id":3182,"date":"2017-03-09T15:12:55","date_gmt":"2017-03-09T20:12:55","guid":{"rendered":"http:\/\/caph-02.eproofs.ca\/corps-professoral-ecole-secondaire-college\/"},"modified":"2023-03-24T11:24:26","modified_gmt":"2023-03-24T15:24:26","slug":"corps-professoral-ecole-secondaire-college","status":"publish","type":"page","link":"https:\/\/cap.ca\/fr\/adhesion\/corps-professoral-ecole-secondaire-college\/","title":{"rendered":"Membre du corps professoral d&#8217;une \u00e9cole secondaire\/c\u00e9gep\/coll\u00e8ge (ESCC)"},"content":{"rendered":"<p>Les personnes qui se d\u00e9clarent professeurs de physique dans une \u00e9cole secondaire, un c\u00e9gep ou un coll\u00e8ge au Canada peuvent y devenir membre du corps professoral (coll\u00e8ge renvoie aux \u00e9tablissements postsecondaires ne d\u00e9cernant pas de dipl\u00f4me universitaire, tels les coll\u00e8ges techniques ou communautaires). Voici les exigences minimales pour adh\u00e9rer au corps professoral d&#8217;une ESCC :<\/p>\n<ul class=\"content-list\">\n<li>travailler principalement comme professeur de physique dans une \u00e9cole secondaire, un c\u00e9gep ou un coll\u00e8ge au Canada;<\/li>\n<li>\u00eatre un ancien professeur de physique qui travaille maintenant comme administrateur dans une \u00e9cole secondaire, un c\u00e9gep ou un coll\u00e8ge au Canada;<\/li>\n<li>avoir d&#8217;autres exp\u00e9riences ou qualifications reli\u00e9es \u00e0 l&#8217;enseignement de la physique et jug\u00e9es acceptables par le Comit\u00e9 des adh\u00e9sions et affiliations.<\/li>\n<\/ul>\n<p>Les membres du corps professoral d&#8217;une ESCC b\u00e9n\u00e9ficient d&#8217;une cotisation fortement r\u00e9duite. Ils jouissent de tous les droits et privil\u00e8ges de l&#8217;Association, dont ceux d&#8217;occuper un poste au <a href=\"https:\/\/cap.ca\/fr\/propos-lacp\/acp-direction\/conseil-consultatif\/\">conseil consultatif<\/a> et au <a href=\"https:\/\/cap.ca\/fr\/propos-lacp\/acp-direction\/conseil-dadministration\/\">conseil d&#8217;administration<\/a> et de voter pour les postes au sein de ces deux organes.<\/p>\n<p>Les membres et les affili\u00e9s b\u00e9n\u00e9ficient d&#8217;une s\u00e9rie d&#8217;avantages qui soutiennent leur d\u00e9veloppement informationnel, professionnel, \u00e9ducatif, de r\u00e9seau et de carri\u00e8re. En outre, les membres b\u00e9n\u00e9ficient de r\u00e9ductions substantielles pour le congr\u00e8s annuel de l&#8217;ACP, pour les adh\u00e9sions conjointes avec d&#8217;autres organisations, et profitent <a href=\"https:\/\/cap.ca\/fr\/adhesion\/societes-reciproques\/\">d&#8217;accords de r\u00e9ciprocit\u00e9 avec d&#8217;autres soci\u00e9t\u00e9s de physique.<\/a> Les membres peuvent \u00e9galement profiter de tarifs sp\u00e9ciaux n\u00e9goci\u00e9s avec les fournisseurs d&#8217;assurance.<\/p>\n<p style=\"text-align: center;\"><a class=\"green-btn\" href=\"https:\/\/cap.ca\/fr\/adhesion\/formulaires-en-ligne\/formulaires-dadhesion-en-ligne\/\">ADH\u00c9REZ D\u00c8S MAINTENANT<\/a><\/p>\n","protected":false},"excerpt":{"rendered":"<p>Les personnes qui se d\u00e9clarent professeurs de physique dans une \u00e9cole secondaire, un c\u00e9gep ou un coll\u00e8ge au Canada peuvent y devenir membre du corps professoral (coll\u00e8ge renvoie aux \u00e9tablissements postsecondaires ne d\u00e9cernant pas de dipl\u00f4me universitaire, tels les coll\u00e8ges techniques ou communautaires). Voici les exigences minimales pour adh\u00e9rer au corps professoral d&#8217;une ESCC :&#8230;  <a class=\"excerpt-read-more\" href=\"https:\/\/cap.ca\/fr\/adhesion\/corps-professoral-ecole-secondaire-college\/\" title=\"LireMembre du corps professoral d&#8217;une \u00e9cole secondaire\/c\u00e9gep\/coll\u00e8ge (ESCC)\">Lire la suite &raquo;<\/a><\/p>\n","protected":false},"author":10,"featured_media":0,"parent":3178,"menu_order":120,"comment_status":"closed","ping_status":"closed","template":"","meta":{"footnotes":""},"class_list":["post-3182","page","type-page","status-publish","hentry"],"_links":{"self":[{"href":"https:\/\/cap.ca\/fr\/wp-json\/wp\/v2\/pages\/3182","targetHints":{"allow":["GET"]}}],"collection":[{"href":"https:\/\/cap.ca\/fr\/wp-json\/wp\/v2\/pages"}],"about":[{"href":"https:\/\/cap.ca\/fr\/wp-json\/wp\/v2\/types\/page"}],"author":[{"embeddable":true,"href":"https:\/\/cap.ca\/fr\/wp-json\/wp\/v2\/users\/10"}],"replies":[{"embeddable":true,"href":"https:\/\/cap.ca\/fr\/wp-json\/wp\/v2\/comments?post=3182"}],"version-history":[{"count":7,"href":"https:\/\/cap.ca\/fr\/wp-json\/wp\/v2\/pages\/3182\/revisions"}],"predecessor-version":[{"id":22911,"href":"https:\/\/cap.ca\/fr\/wp-json\/wp\/v2\/pages\/3182\/revisions\/22911"}],"up":[{"embeddable":true,"href":"https:\/\/cap.ca\/fr\/wp-json\/wp\/v2\/pages\/3178"}],"wp:attachment":[{"href":"https:\/\/cap.ca\/fr\/wp-json\/wp\/v2\/media?parent=3182"}],"curies":[{"name":"wp","href":"https:\/\/api.w.org\/{rel}","templated":true}]}}