{"id":3180,"date":"2017-03-09T15:12:49","date_gmt":"2017-03-09T20:12:49","guid":{"rendered":"http:\/\/caph-02.eproofs.ca\/physicien-milieu-academique\/"},"modified":"2023-12-07T16:45:06","modified_gmt":"2023-12-07T21:45:06","slug":"benefices","status":"publish","type":"page","link":"https:\/\/cap.ca\/fr\/adhesion\/physicist-membership-4\/benefices\/","title":{"rendered":"Les b\u00e9n\u00e9fices d&#8217;adh\u00e9sion"},"content":{"rendered":"<h2><strong>10 RAISONS D&#8217;ADH\u00c9RER \u00c0 L&#8217;ACP<\/strong><\/h2>\n<p><strong>\u00a0<\/strong><\/p>\n<p><strong>1. \u00c9tayer la pression et la d\u00e9fense des int\u00e9r\u00eats \u00e0 l&#8217;\u00e9gard de la politique scientifique canadienne <\/strong><a href=\"https:\/\/cap.ca\/wp-content\/uploads\/2017\/06\/CAP-Academic-Members-Brochure-May-2017-v7_FR.pdf\"><img loading=\"lazy\" decoding=\"async\" class=\"size-medium wp-image-7205 alignright\" src=\"https:\/\/cap.ca\/wp-content\/uploads\/2017\/06\/CAP-Membership-Brochure-Academic_Spring-2017_FR_Page-1-128x300.jpg\" alt=\"\" width=\"128\" height=\"300\" srcset=\"https:\/\/cap.ca\/wp-content\/uploads\/2017\/06\/CAP-Membership-Brochure-Academic_Spring-2017_FR_Page-1-128x300.jpg 128w, https:\/\/cap.ca\/wp-content\/uploads\/2017\/06\/CAP-Membership-Brochure-Academic_Spring-2017_FR_Page-1.jpg 236w\" sizes=\"auto, (max-width: 128px) 100vw, 128px\" \/><\/a>L&#8217;ajout de votre voix \u00e0 celle de 1700 de vos coll\u00e8gues renforce l&#8217;influence de l&#8217;ACP aupr\u00e8s des d\u00e9cideurs, des m\u00e9dias et du public. Les membres de la direction et du Comit\u00e9 de la politique scientifique de l&#8217;ACP rencontrent r\u00e9guli\u00e8rement les influenceurs pour promouvoir la valeur de la science au Canada et la n\u00e9cessit\u00e9 d&#8217;une politique scientifique efficace et forte.<\/p>\n<p><strong>2. Donner \u00e0 la recherche en physique une voix forte aupr\u00e8s du CRSNG et des autres organismes de financement<\/strong><\/p>\n<p>\u00c0 titre de membre, vous profiterez du dialogue constant que le Comit\u00e9 de liaison de l&#8217;ACP-CRSNG assure entre ces deux organismes. Le Comit\u00e9 se r\u00e9unit r\u00e9guli\u00e8rement afin d&#8217;examiner les possibilit\u00e9s, d\u00e9fis et questions int\u00e9ressant le CRSNG et la collectivit\u00e9, et celles qui aident \u00e0 informer le Comit\u00e9 des subventions et bourses. L&#8217;ACP entretient aussi un dialogue constant avec les autres organismes de financement afin de promouvoir celui de la recherche en physique.<\/p>\n<p><strong><strong>3. Rester au fait des derni\u00e8res nouvelles sur la collectivit\u00e9 canadienne et la physique<br \/>\n<\/strong><\/strong>\u00c0 titre de membre, vous recevrez r\u00e9guli\u00e8rement les Bulletins de nouvelles et messages d&#8217;information de l&#8217;ACP, et vous \u00eates invit\u00e9 \u00e0 recevoir les communications des m\u00e9dias sociaux de l&#8217;ACP qui livrent les derni\u00e8res nouvelles sur l&#8217;association, les perc\u00e9es de la recherche en physique, les grandes r\u00e9alisations de la collectivit\u00e9 canadienne de la physique, ainsi que la politique scientifique et le financement.<\/p>\n<p><strong>4. Se tenir au fait des derni\u00e8res recherches et applications en physique au Canada <\/strong><a href=\"https:\/\/cap.ca\/wp-content\/uploads\/2017\/06\/CAP-Academic-Members-Brochure-May-2017-v7_FR.pdf\"><img loading=\"lazy\" decoding=\"async\" class=\"size-medium wp-image-7210 alignright\" src=\"https:\/\/cap.ca\/wp-content\/uploads\/2017\/03\/CAP-Membership-Brochure-Academic_Spring-2017_FR_Page-3-126x300.jpg\" alt=\"\" width=\"126\" height=\"300\" srcset=\"https:\/\/cap.ca\/wp-content\/uploads\/2017\/03\/CAP-Membership-Brochure-Academic_Spring-2017_FR_Page-3-126x300.jpg 126w, https:\/\/cap.ca\/wp-content\/uploads\/2017\/03\/CAP-Membership-Brochure-Academic_Spring-2017_FR_Page-3.jpg 232w\" sizes=\"auto, (max-width: 126px) 100vw, 126px\" \/><\/a><br \/>\n\u00c0 titre de membre, vous aurez la chance d&#8217;assister \u00e0 tarif r\u00e9duit au congr\u00e8s annuel de l&#8217;ACP et aux autres \u00e9v\u00e9nements parrain\u00e9s par l&#8217;ACP. Vous aurez aussi un abonnement gratuit \u00e0 <em>La Physique au Canada<\/em>, qui est la revue trimestrielle de l&#8217;Association canadienne des physiciens et physiciennes.<\/p>\n<p><strong>5. Profiter des possibilit\u00e9s de r\u00e9seautage avec les coll\u00e8gues canadiens<\/strong><br \/>\n\u00c0 titre de membre, vous aurez un acc\u00e8s exclusif au r\u00e9pertoire en ligne des membres de l&#8217;ACP dont la collectivit\u00e9 canadienne compte plus de 1700 membres, vous pourrez participer aux activit\u00e9s de la division et jouirez d&#8217;un tarif r\u00e9duit pour les congr\u00e8s et conf\u00e9rences, et vous pouvez si\u00e9ger aux comit\u00e9s et conseils consultatifs de l&#8217;ACP.<\/p>\n<p><strong>6. \u00catre accr\u00e9dit\u00e9 au titre \u00ab\u00a0Phys.\u00a0\u00bb<br \/>\n<\/strong>\u00c0 titre de membre, vous pouvez demander d&#8217;\u00eatre accr\u00e9dit\u00e9 au titre \u00ab Phys. \u00bb, l&#8217;unique certification professionnelle g\u00e9n\u00e9rale \u00e0 la port\u00e9e des physiciens canadiens. Ce titre fait valoir une comp\u00e9tence scientifique sup\u00e9rieure en physique et promeut cette discipline \u00e0 titre de profession scientifique.<\/p>\n<p><strong>7. Jouir de possibilit\u00e9s de perfectionnement professionnel<br \/>\n<\/strong>\u00c0 titre de membre, vous pouvez assister aux s\u00e9ances du congr\u00e8s de l&#8217;ACP et y pr\u00e9senter des documents, exposer vos recherches dans le cadre de la Tourn\u00e9e des conf\u00e9renciers de l&#8217;ACP et d&#8217;autres \u00e9v\u00e9nements parrain\u00e9s par l&#8217;ACP, et trouver des renseignements concernant les carri\u00e8res sur le site Web de l&#8217;ACP. Vous pouvez appuyer et am\u00e9liorer vos efforts en enseignement gr\u00e2ce aux programmes et ressources \u00e9labor\u00e9s \u00e0 cette fin par la Division de l\u2019enseignement de la physique de l&#8217;ACP.<\/p>\n<p><strong>8. Obtenir la reconnaissance professionnelle<br \/>\n<\/strong>\u00c0 titre de membre, vos coll\u00e8gues et pairs peuvent vous reconna\u00eetre par le programme de m\u00e9dailles et prix de l&#8217;ACP, saluant l&#8217;excellence en recherche, enseignement et service en physique au Canada. En outre, les membres peuvent proposer la candidature d&#8217;\u00e9tudiants afin qu&#8217;ils soient reconnus par le programme de m\u00e9dailles et prix pour \u00e9tudiants.<\/p>\n<p><strong>9. Accro\u00eetre le nombre d&#8217;inscriptions aux programmes universitaires en physique<a href=\"https:\/\/cap.ca\/wp-content\/uploads\/2017\/06\/CAP-Academic-Members-Brochure-May-2017-v7_FR.pdf\"><img loading=\"lazy\" decoding=\"async\" class=\"wp-image-7212 size-medium alignright\" src=\"https:\/\/cap.ca\/wp-content\/uploads\/2017\/03\/CAP-Membership-Brochure-Academic_Spring-2017_FR_Page-2-126x300.jpg\" alt=\"\" width=\"126\" height=\"300\" srcset=\"https:\/\/cap.ca\/wp-content\/uploads\/2017\/03\/CAP-Membership-Brochure-Academic_Spring-2017_FR_Page-2-126x300.jpg 126w, https:\/\/cap.ca\/wp-content\/uploads\/2017\/03\/CAP-Membership-Brochure-Academic_Spring-2017_FR_Page-2.jpg 233w\" sizes=\"auto, (max-width: 126px) 100vw, 126px\" \/><\/a><\/strong><br \/>\n\u00c0 titre de membre, d&#8217;universitaire et d&#8217;enseignant, vous profiterez des efforts de l&#8217;ACP\u00a0\u00e0 promouvoir et appuyer l&#8217;apprentissage de la physique aupr\u00e8s des \u00e9tudiants et des enseignants de niveau secondaire\/c\u00e9gep dans tout le Canada. Les programmes pour accro\u00eetre l&#8217;int\u00e9r\u00eat des \u00e9tudiants en science et en physique et ceux visant \u00e0 aider les enseignants en physique dans leur t\u00e2che d&#8217;\u00e9ducateurs feront cro\u00eetre le nombre d&#8217;\u00e9tudiants qui aspirent \u00e0 une formation universitaire en physique et, du m\u00eame coup, renforceront la collectivit\u00e9 de la physique.<\/p>\n<p><strong>\u00a010.\u00a0<\/strong><strong><strong>B\u00e9n\u00e9ficier de tarifs r\u00e9duits pour d&#8217;autres adh\u00e9sions et avantages personnels<br \/>\n<\/strong><\/strong>\u00c0 titre de membre, vous pouvez demander un prix pr\u00e9f\u00e9rentiel pour le mat\u00e9riel informatique ainsi que pour une maison, une automobile et une assurance-vie. Les membres de l&#8217;ACP b\u00e9n\u00e9ficient aussi d&#8217;un tarif r\u00e9duit pour adh\u00e9rer \u00e0 l&#8217;Institut de chimie du Canada, \u00e0 la Soci\u00e9t\u00e9 canadienne d&#8217;astronomie, \u00e0 l&#8217;Organisation canadienne des physiciens m\u00e9dicaux et \u00e0 l&#8217;Union g\u00e9ophysique canadienne.<\/p>\n<p>Veuillez <a class=\"grey-btn\" href=\"https:\/\/cap.ca\/fr\/adhesion\/formulaires-en-ligne\/\">cliquer ici<\/a><a href=\"https:\/\/cap.ca\/fr\/adhesion\/formulaires-en-ligne\/\">\u00a0pour adh\u00e9rer<\/a>\u00a0\u00e0 l&#8217;ACP d\u00e8s aujourd&#8217;hui!<\/p>\n","protected":false},"excerpt":{"rendered":"<p>10 RAISONS D&#8217;ADH\u00c9RER \u00c0 L&#8217;ACP \u00a0 1. \u00c9tayer la pression et la d\u00e9fense des int\u00e9r\u00eats \u00e0 l&#8217;\u00e9gard de la politique scientifique canadienne L&#8217;ajout de votre voix \u00e0 celle de 1700 de vos coll\u00e8gues renforce l&#8217;influence de l&#8217;ACP aupr\u00e8s des d\u00e9cideurs, des m\u00e9dias et du public. Les membres de la direction et du Comit\u00e9 de la&#8230;  <a class=\"excerpt-read-more\" href=\"https:\/\/cap.ca\/fr\/adhesion\/physicist-membership-4\/benefices\/\" title=\"LireLes b\u00e9n\u00e9fices d&#8217;adh\u00e9sion\">Lire la suite &raquo;<\/a><\/p>\n","protected":false},"author":10,"featured_media":0,"parent":22906,"menu_order":156,"comment_status":"closed","ping_status":"closed","template":"","meta":{"footnotes":""},"class_list":["post-3180","page","type-page","status-publish","hentry"],"_links":{"self":[{"href":"https:\/\/cap.ca\/fr\/wp-json\/wp\/v2\/pages\/3180","targetHints":{"allow":["GET"]}}],"collection":[{"href":"https:\/\/cap.ca\/fr\/wp-json\/wp\/v2\/pages"}],"about":[{"href":"https:\/\/cap.ca\/fr\/wp-json\/wp\/v2\/types\/page"}],"author":[{"embeddable":true,"href":"https:\/\/cap.ca\/fr\/wp-json\/wp\/v2\/users\/10"}],"replies":[{"embeddable":true,"href":"https:\/\/cap.ca\/fr\/wp-json\/wp\/v2\/comments?post=3180"}],"version-history":[{"count":19,"href":"https:\/\/cap.ca\/fr\/wp-json\/wp\/v2\/pages\/3180\/revisions"}],"predecessor-version":[{"id":23932,"href":"https:\/\/cap.ca\/fr\/wp-json\/wp\/v2\/pages\/3180\/revisions\/23932"}],"up":[{"embeddable":true,"href":"https:\/\/cap.ca\/fr\/wp-json\/wp\/v2\/pages\/22906"}],"wp:attachment":[{"href":"https:\/\/cap.ca\/fr\/wp-json\/wp\/v2\/media?parent=3180"}],"curies":[{"name":"wp","href":"https:\/\/api.w.org\/{rel}","templated":true}]}}