{"id":3179,"date":"2017-03-09T15:12:46","date_gmt":"2017-03-09T20:12:46","guid":{"rendered":"http:\/\/caph-02.eproofs.ca\/adhesion-des-physiciens\/"},"modified":"2020-05-22T13:55:27","modified_gmt":"2020-05-22T17:55:27","slug":"adhesion-des-physiciens","status":"publish","type":"page","link":"https:\/\/cap.ca\/fr\/adhesion\/adhesion-des-physiciens\/","title":{"rendered":"Adh\u00e9sion de membres titulaires"},"content":{"rendered":"<p><span style=\"font-weight: 400;\">Adh\u00e9sion de membres titulaires.<\/span> Travaillez-vous comme physicien? L&#8217;ACP est votre association nationale qui favorise vos activit\u00e9s professionnelles et l&#8217;ensemble de la collectivit\u00e9 de la physique. En joignant votre voix \u00e0 celle de vos pairs, vous contribuerez aussi aux efforts de l&#8217;ACP pour promouvoir et appuyer la physique et les activit\u00e9s en physique au Canada aupr\u00e8s des d\u00e9cideurs et du grand public.<\/p>\n<p>Prenez connaissance des\u00a0<a href=\"https:\/\/cap.ca\/fr\/adhesion\/adhesion-des-physiciens\/benefices\/\"><strong><u>AVANTAGES dont b\u00e9n\u00e9ficient les membres titulaires de l&#8217;ACP<\/u><\/strong><\/a><\/p>\n<h2>Membre en titre<\/h2>\n<p>L&#8217;adh\u00e9sion en titre est possible pour les personnes qui se d\u00e9clarent physiciennes. Voici les exigences minimales pour l&#8217;adh\u00e9sion en titre :<\/p>\n<ul class=\"content-list\">\n<li>baccalaur\u00e9at ou dipl\u00f4me sup\u00e9rieur en physique ou dans un domaine connexe (p. ex., physique appliqu\u00e9e, astronomie, astrophysique), d\u00e9cern\u00e9 par une universit\u00e9 reconnue;<\/li>\n<li>l&#8217;\u00e9quivalent de quatre ann\u00e9es compl\u00e8tes d&#8217;exp\u00e9rience en physique ou dans un domaine connexe d&#8217;une nature jug\u00e9e satisfaisante par le Comit\u00e9 des adh\u00e9sions et affiliations.<\/li>\n<\/ul>\n<p>Les membres en titre jouissent de tous les droits et privil\u00e8ges de l&#8217;Association, dont ceux d&#8217;occuper un poste au <a href=\"https:\/\/cap.ca\/fr\/propos-lacp\/acp-direction\/conseil-consultatif\/\">conseil consultatif<\/a> et au <a href=\"https:\/\/cap.ca\/fr\/propos-lacp\/acp-direction\/conseil-dadministration\/\">conseil d&#8217;administration<\/a> et de voter pour les postes au sein de ces deux organes.<\/p>\n<h2>Membre conjoint en titre<\/h2>\n<p>L&#8217;ACP a conclu des ententes d&#8217;adh\u00e9sion conjointe avec les soci\u00e9t\u00e9s partenaires suivantes :<\/p>\n<ul class=\"content-list\">\n<li>l&#8217;Institut de chimie du Canada (ICC);<\/li>\n<li>l&#8217;Organisation canadienne des physiciens m\u00e9dicaux (OCPM);<\/li>\n<li>la Soci\u00e9t\u00e9 canadienne d&#8217;astronomie (CASCA).<\/li>\n<\/ul>\n<p>Voici les exigences pour l&#8217;adh\u00e9sion conjointe en titre :<\/p>\n<ul class=\"content-list\">\n<li>satisfaire aux exigences de l&#8217;adh\u00e9sion en titre;<\/li>\n<li>\u00eatre membre en r\u00e8gle de l&#8217;une des soci\u00e9t\u00e9s partenaires qui pr\u00e9c\u00e8dent, (une preuve peut \u00eatre exig\u00e9e).<\/li>\n<\/ul>\n<p>Les trois soci\u00e9t\u00e9s offrent une cotisation r\u00e9duite aux membres conjoints en titre. Ces membres jouissent de tous les droits et privil\u00e8ges de l&#8217;Association, dont ceux d&#8217;occuper un poste au conseil consultatif et au conseil d&#8217;administration et de voter pour les postes au sein de ces deux organes.<\/p>\n<p>Si un membre conjoint en titre laisse \u00e9choir son adh\u00e9sion \u00e0 la soci\u00e9t\u00e9 partenaire, tant qu&#8217;il ne l&#8217;a pas renouvel\u00e9e ou qu&#8217;il n&#8217;a pas vers\u00e9 l&#8217;\u00e9cart entre les cotisations pour porter son adh\u00e9sion \u00e0 l&#8217;ACP \u00e0 celle de membre en titre, cette derni\u00e8re adh\u00e9sion est suspendue temporairement.<\/p>\n<p style=\"text-align: center;\"><a class=\"green-btn\" href=\"https:\/\/cap.ca\/fr\/adhesion\/formulaires-en-ligne\/formulaires-dadhesion-en-ligne\/\">ADH\u00c9REZ D\u00c8S MAINTENANT<\/a><\/p>\n<h2>Circonstances sp\u00e9ciales:<\/h2>\n<p>&nbsp;<\/p>\n<ul class=\"content-list\">\n<li><strong>Membres (ou affili\u00e9s) bienfaiteurs de l&#8217;Association:<\/strong> Tous les membres et affili\u00e9s qui versent une cotisation annuelle suppl\u00e9mentaire de 100 $ seront appel\u00e9s membres (ou affili\u00e9s) bienfaiteurs de l&#8217;Association.<\/li>\n<li><strong>Membre en d\u00e9but de carri\u00e8re<\/strong>: Une cotisation r\u00e9duite est offerte aux membres en titre ou aux affili\u00e9s en titre qui ont obtenu leur dipl\u00f4me le plus \u00e9lev\u00e9 au cours des quatre derni\u00e8res ann\u00e9es<\/li>\n<li><strong>Membre Retrait\u00e9<\/strong>:\u00a0Une cotisation r\u00e9duite est offerte aux membres en titre actifs\/actifs sortants ou aux affili\u00e9s en titre qui ont pris leur retraite.<\/li>\n<li><strong>Renouvellement pour cinq ans<\/strong>: Les membres titulaires et retrait\u00e9s auront la possibilit\u00e9 de renouveler leur adh\u00e9sion (y compris les divisions, contributions volontaires, adh\u00e9sion de soutien et frais de certification) pour cinq ans \u00e0 la fois. Les frais de renouvellement pour cinq ans seront \u00e9gaux \u00e0 cinq fois le co\u00fbt du renouvellement de l&#8217;ann\u00e9e courante sans compter les dons \u00e0 la Fondation de l&#8217;ACP (FACP). Ces frais ne sont pas remboursables. \u00c9tant donn\u00e9 que les dons \u00e0 la FACP sont d\u00e9ductibles d&#8217;imp\u00f4t, les re\u00e7us pour l&#8217;ann\u00e9e courante couvriront le total des dons faits \u00e0 la FACP<\/li>\n<li><strong>Membre temporairement au ch\u00f4mage<\/strong>:\u00a0 Les\u00a0membres en titre actifs\/jadis actifs, qui sont temporairement au ch\u00f4mage, peuvent demander une cotisation r\u00e9duite. Si leur demande est accept\u00e9e, la cotisation ne vaut que pour une ann\u00e9e d&#8217;adh\u00e9sion. Si la situation du membre demeure inchang\u00e9e \u00e0 la fin de cette ann\u00e9e-l\u00e0, il peut demander \u00e0 renouveler \u00e0 ce taux pour deux autres ann\u00e9es (maximum de trois ann\u00e9es cons\u00e9cutives \u00e0 ce taux), apr\u00e8s quoi le membre doit redevenir membre en titre ou d\u00e9missionner temporairement. La d\u00e9cision d&#8217;octroyer ce taux d&#8217;adh\u00e9sion rel\u00e8ve uniquement du Comit\u00e9 des adh\u00e9sions et affiliations et elle est finale.<\/li>\n<\/ul>\n","protected":false},"excerpt":{"rendered":"<p>Adh\u00e9sion de membres titulaires. Travaillez-vous comme physicien? L&#8217;ACP est votre association nationale qui favorise vos activit\u00e9s professionnelles et l&#8217;ensemble de la collectivit\u00e9 de la physique. En joignant votre voix \u00e0 celle de vos pairs, vous contribuerez aussi aux efforts de l&#8217;ACP pour promouvoir et appuyer la physique et les activit\u00e9s en physique au Canada aupr\u00e8s&#8230;  <a class=\"excerpt-read-more\" href=\"https:\/\/cap.ca\/fr\/adhesion\/adhesion-des-physiciens\/\" title=\"LireAdh\u00e9sion de membres titulaires\">Lire la suite &raquo;<\/a><\/p>\n","protected":false},"author":10,"featured_media":0,"parent":3178,"menu_order":116,"comment_status":"closed","ping_status":"closed","template":"","meta":{"footnotes":""},"class_list":["post-3179","page","type-page","status-publish","hentry"],"_links":{"self":[{"href":"https:\/\/cap.ca\/fr\/wp-json\/wp\/v2\/pages\/3179","targetHints":{"allow":["GET"]}}],"collection":[{"href":"https:\/\/cap.ca\/fr\/wp-json\/wp\/v2\/pages"}],"about":[{"href":"https:\/\/cap.ca\/fr\/wp-json\/wp\/v2\/types\/page"}],"author":[{"embeddable":true,"href":"https:\/\/cap.ca\/fr\/wp-json\/wp\/v2\/users\/10"}],"replies":[{"embeddable":true,"href":"https:\/\/cap.ca\/fr\/wp-json\/wp\/v2\/comments?post=3179"}],"version-history":[{"count":12,"href":"https:\/\/cap.ca\/fr\/wp-json\/wp\/v2\/pages\/3179\/revisions"}],"predecessor-version":[{"id":15401,"href":"https:\/\/cap.ca\/fr\/wp-json\/wp\/v2\/pages\/3179\/revisions\/15401"}],"up":[{"embeddable":true,"href":"https:\/\/cap.ca\/fr\/wp-json\/wp\/v2\/pages\/3178"}],"wp:attachment":[{"href":"https:\/\/cap.ca\/fr\/wp-json\/wp\/v2\/media?parent=3179"}],"curies":[{"name":"wp","href":"https:\/\/api.w.org\/{rel}","templated":true}]}}