{"id":3178,"date":"2017-03-09T15:12:41","date_gmt":"2017-03-09T20:12:41","guid":{"rendered":"http:\/\/caph-02.eproofs.ca\/adhesion\/"},"modified":"2025-11-11T16:52:53","modified_gmt":"2025-11-11T21:52:53","slug":"adhesion","status":"publish","type":"page","link":"https:\/\/cap.ca\/fr\/adhesion\/","title":{"rendered":"Adh\u00e9sion"},"content":{"rendered":"<div class=\"wpb-content-wrapper\"><p>[vc_row][vc_column][vc_column_text css=&#8221;&#8221;]<\/p>\n<h3 style=\"text-align: center;\">L&#8217;ACP, que dirigent des physicien(ne)s pour les physicien(ne)s,<\/h3>\n<p style=\"text-align: center;\">est le porte-parole de la physique et de la recherche en physique au Canada.<\/p>\n<p style=\"text-align: center;\"><a class=\"green-btn\" href=\"https:\/\/cap.ca\/fr\/adhesion\/formulaires-en-ligne\/formulaires-dadhesion-en-ligne\/\">Inscrivez-vous d\u00e8s aujourd&#8217;hui<\/a><\/p>\n<p>Depuis 1945, elle vise \u00e0 promouvoir les r\u00e9alisations de la recherche canadienne dans cette discipline ainsi que la valeur et l&#8217;apport de la physique et de cette profession pour le Canada, et \u00e0 mener des initiatives scientifiques et \u00e9ducatives et en mati\u00e8re de politique publique et de communication qui rehaussent la vitalit\u00e9 et le financement de la physique appliqu\u00e9e ainsi que de la recherche et de l&#8217;enseignement en physique au Canada.<\/p>\n<p>L&#8217;ACP fournit l&#8217;occasion d&#8217;adh\u00e9rer \u00e0 l&#8217;Association dans diverses cat\u00e9gories individuelles et de groupes, soit :<\/p>\n<ul class=\"content-list\">\n<li><a href=\"https:\/\/cap.ca\/fr\/adhesion\/adhesion-des-physiciens\/\"><u>Adh\u00e9sion de membres titulaires<\/u><\/a>\n<ul class=\"content-list\">\n<li><span style=\"text-decoration: underline;\"><a href=\"https:\/\/cap.ca\/fr\/adhesion\/adhesion-des-physiciens\/\">Adh\u00e9sions conjointes<\/a><\/span> (avec CIC\/CSC, OPCM, ou CASCA)<\/li>\n<\/ul>\n<\/li>\n<li><a href=\"https:\/\/cap.ca\/fr\/adhesion\/corps-professoral-ecole-secondaire-college\/\"><u>Adh\u00e9sion d&#8217;enseignants au secondaire\/c\u00e9gep et coll\u00e9gial<\/u><\/a><\/li>\n<li><a href=\"https:\/\/cap.ca\/fr\/adhesion\/etudiant-diplome-membre\/\"><u><span style=\"font-weight: 400;\">\u00c9tudiant dipl\u00f4m\u00e9 membre<\/span><\/u><\/a>\n<ul class=\"content-list\">\n<li>Adh\u00e9sions conjointes CAP-CASCA pour les \u00e9tudiants dipl\u00f4m\u00e9s<\/li>\n<li><span style=\"text-decoration: underline;\"><a href=\"https:\/\/cap.ca\/fr\/adhesion\/etudiant-diplome-membre\/adhesion-laboratoire\/\">Adh\u00e9sion des \u00e9tudiants dipl\u00f4m\u00e9s aux laboratoires<\/a><\/span> (pour les superviseurs)<\/li>\n<\/ul>\n<\/li>\n<li><a href=\"https:\/\/cap.ca\/fr\/adhesion\/etudiant-premier-cycle-affilie\/\"><u><span style=\"font-weight: 400;\">\u00c9tudiant au premier cycle affili\u00e9<\/span><\/u><\/a><\/li>\n<li><a href=\"https:\/\/cap.ca\/fr\/adhesion\/adhesions-departementales\/\"><u><span style=\"font-weight: 400;\">Adh\u00e9sion d\u00e9partementales<\/span><\/u><\/a><\/li>\n<li><a href=\"https:\/\/cap.ca\/fr\/adhesion\/adhesions-institutionnelles\/\"><u><span style=\"font-weight: 400;\">Adh\u00e9sion institutionnelles<\/span><\/u><\/a><\/li>\n<li><a href=\"https:\/\/cap.ca\/fr\/adhesion\/adhesions-corporatifs\/\"><u><span style=\"font-weight: 400;\">Adh\u00e9sion corporatives<\/span><\/u><\/a><\/li>\n<li><a href=\"https:\/\/cap.ca\/fr\/adhesion\/affiliation\/\"><u>Affiliation<\/u><\/a><\/li>\n<li><a href=\"https:\/\/cap.ca\/fr\/adhesion\/membres-bienfaiteurs\/\"><u>Adh\u00e9sion de membres bienfaiteurs<\/u><\/a><\/li>\n<\/ul>\n<p>Les membres et affili\u00e9s jouissent de divers avantages qui favorisent leurs besoins en information, leur volet professionnel et \u00e9ducatif ainsi que le r\u00e9seautage et l&#8217;avancement professionnel. En outre, les membres b\u00e9n\u00e9ficient d&#8217;importants rabais pour le congr\u00e8s annuel de l&#8217;ACP, pour l&#8217;adh\u00e9sion conjointe avec d&#8217;autres organisations et <strong>b\u00e9n\u00e9ficier d&#8217;<a href=\"https:\/\/cap.ca\/fr\/adhesion\/societes-reciproques\/\">accords de r\u00e9ciprocit\u00e9<\/a> avec d&#8217;autres soci\u00e9t\u00e9s de physique<\/strong>. Ils peuvent aussi profiter de cotisations sp\u00e9ciales n\u00e9goci\u00e9es avec les fournisseurs nationaux d&#8217;\u00e9quipement et d\u2019assurance.<\/p>\n<p>Faites partie d\u00e8s aujourd&#8217;hui du r\u00e9seau grandissant de plus de 1700 de vos pairs. Pour de plus amples renseignements, veuillez cliquer sur les liens ci-dessus.<\/p>\n<blockquote><p>En 2024, l&#8217;ACP passera \u00e0 une facturation des adh\u00e9sions bas\u00e9e sur le calendrier. Les nouveaux membres sont les bienvenus pendant cette p\u00e9riode ! Apr\u00e8s votre adh\u00e9sion, vous recevrez une facture au prorata pour le reste de l&#8217;ann\u00e9e 2024.<\/p><\/blockquote>\n<p style=\"text-align: center;\"><a class=\"green-btn\" href=\"https:\/\/cap.ca\/fr\/adhesion\/formulaires-en-ligne\/formulaires-dadhesion-en-ligne\/\">Inscrivez-vous d\u00e8s aujourd&#8217;hui<\/a><\/p>\n<p>[\/vc_column_text][\/vc_column][\/vc_row][vc_row css=&#8221;.vc_custom_1489411302319{border-left-width: 4px !important;padding-top: 20px !important;padding-right: 25px !important;padding-bottom: 20px !important;padding-left: 25px !important;background-color: #eeeeee !important;border-left-color: #215d8d !important;border-left-style: solid !important;}&#8221;][vc_column][vc_column_text]<\/p>\n<h4>Code de conduite et de d\u00e9ontologie de l&#8217;ACP<\/h4>\n<p>(Adopt\u00e9 le 28 juin 1994)<\/p>\n<p>Chacun des membres doit :<\/p>\n<blockquote>\n<ul class=\"content-list\">\n<li>agir de mani\u00e8re honorable dans l&#8217;int\u00e9r\u00eat de la profession des physiciens et physiciennes et des objectifs de l&#8217;ACP;<\/li>\n<li>sauvegarder en tout temps les int\u00e9r\u00eats du public dans les domaines de la s\u00e9curit\u00e9, de la sant\u00e9 ou autres; et<\/li>\n<li>exercer sa profession au meilleur de sa connaissance et assumer ses responsabilit\u00e9s professionnelles avec int\u00e9grit\u00e9.<\/li>\n<\/ul>\n<\/blockquote>\n<p><a href=\"https:\/\/cap.ca\/fr\/activites\/certification-professionnelle-phys\/code-deontologie\/\"><u>Il y a un code de conduite et de d\u00e9ontologie plus d\u00e9taill\u00e9e pour les licenci\u00e9s de la Certification professionnelle de l&#8217;ACP<\/u><\/a>[\/vc_column_text][\/vc_column][\/vc_row]<\/p>\n<\/div>","protected":false},"excerpt":{"rendered":"<p>[vc_row][vc_column][vc_column_text css=&#8221;&#8221;] L&#8217;ACP, que dirigent des physicien(ne)s pour les physicien(ne)s, est le porte-parole de la physique et de la recherche en physique au Canada. Inscrivez-vous d\u00e8s aujourd&#8217;hui Depuis 1945, elle vise \u00e0 promouvoir les r\u00e9alisations de la recherche canadienne dans cette discipline ainsi que la valeur et l&#8217;apport de la physique et de cette profession&#8230;  <a class=\"excerpt-read-more\" href=\"https:\/\/cap.ca\/fr\/adhesion\/\" title=\"LireAdh\u00e9sion\">Lire la suite &raquo;<\/a><\/p>\n","protected":false},"author":10,"featured_media":0,"parent":0,"menu_order":124,"comment_status":"closed","ping_status":"closed","template":"","meta":{"footnotes":""},"class_list":["post-3178","page","type-page","status-publish","hentry"],"_links":{"self":[{"href":"https:\/\/cap.ca\/fr\/wp-json\/wp\/v2\/pages\/3178","targetHints":{"allow":["GET"]}}],"collection":[{"href":"https:\/\/cap.ca\/fr\/wp-json\/wp\/v2\/pages"}],"about":[{"href":"https:\/\/cap.ca\/fr\/wp-json\/wp\/v2\/types\/page"}],"author":[{"embeddable":true,"href":"https:\/\/cap.ca\/fr\/wp-json\/wp\/v2\/users\/10"}],"replies":[{"embeddable":true,"href":"https:\/\/cap.ca\/fr\/wp-json\/wp\/v2\/comments?post=3178"}],"version-history":[{"count":21,"href":"https:\/\/cap.ca\/fr\/wp-json\/wp\/v2\/pages\/3178\/revisions"}],"predecessor-version":[{"id":28216,"href":"https:\/\/cap.ca\/fr\/wp-json\/wp\/v2\/pages\/3178\/revisions\/28216"}],"wp:attachment":[{"href":"https:\/\/cap.ca\/fr\/wp-json\/wp\/v2\/media?parent=3178"}],"curies":[{"name":"wp","href":"https:\/\/api.w.org\/{rel}","templated":true}]}}