{"id":3177,"date":"2017-03-09T15:12:37","date_gmt":"2017-03-09T20:12:37","guid":{"rendered":"http:\/\/caph-02.eproofs.ca\/activites-financement-politique-scientifique\/"},"modified":"2017-03-23T12:02:41","modified_gmt":"2017-03-23T16:02:41","slug":"activites-financement-politique-scientifique","status":"publish","type":"page","link":"https:\/\/cap.ca\/fr\/politique-scientifique\/activites-financement-politique-scientifique\/","title":{"rendered":"Activit\u00e9s touchant le financement de la science et physique"},"content":{"rendered":"<p>L&#8217;ACP, \u00e0 la fois \u00e0 titre ind\u00e9pendant et en partenariat avec d&#8217;autres groupes selon les besoins, surveille activement le maintien et l&#8217;accroissement du financement de la recherche et de l&#8217;enseignement en physique ainsi que de leurs applications.<\/p>\n<p>Par l&#8217;entremise du <a href=\"https:\/\/cap.ca\/fr\/propos-lacp\/comites\/comite-de-liaison-acp-crsng\/\">Comit\u00e9 de liaison de l&#8217;ACP et du CRSNG<\/a>, nous favorisons un dialogue constant entre la collectivit\u00e9 canadienne de la recherche en physique et le CRSNG sur les questions d&#8217;int\u00e9r\u00eat g\u00e9n\u00e9ral pour la collectivit\u00e9 et le CRSNG.<\/p>\n<p>Dans le cadre de son vigoureux programme de relations avec le gouvernement, l&#8217;ACP fait valoir la n\u00e9cessit\u00e9 d&#8217;un financement constant de la recherche, de l&#8217;enseignement et de l&#8217;innovation en science.<\/p>\n<p>Les membres de la profession de physicien sont invit\u00e9s \u00e0 appuyer ces efforts par leurs interactions aupr\u00e8s du gouvernement et des responsables du financement, et en reconnaissant les sources de financement dans leurs communications concernant leurs recherches.<\/p>\n<h2>Liens vers Science &amp; Financement de la physique<\/h2>\n<ul class=\"content-list\">\n<li><a href=\"https:\/\/cap.ca\/fr\/publications\/nouvelles\/\">Nouvelles sur la politique scientifique de l&#8217;ACP<\/a><\/li>\n<li><a href=\"https:\/\/cap.ca\/fr\/propos-lacp\/comites\/comite-politique-scientifique\/\">Comit\u00e9 de la politique scientifique de l&#8217;ACP<\/a><\/li>\n<li><a href=\"https:\/\/cap.ca\/fr\/propos-lacp\/comites\/comite-de-liaison-acp-crsng\/\">Comit\u00e9 de liaison de l&#8217;ACP et du CRSNG<\/a><\/li>\n<li><a href=\"http:\/\/www.nserc-crsng.gc.ca\/index_fra.asp\">CRSNG<\/a><\/li>\n<li><a href=\"http:\/\/www.sshrc-crsh.gc.ca\/home-accueil-fra.aspx\">CRSH<\/a><\/li>\n<li><a href=\"http:\/\/www.cihr-irsc.gc.ca\/f\/193.html\">IRSC<\/a><\/li>\n<li><a href=\"https:\/\/www.innovation.ca\/fr\">Fondation canadienne pour l\u2019innovation<\/a><\/li>\n<li><a href=\"http:\/\/albertainnovates.ca\/funding\/\">Alberta Innovates<\/a><\/li>\n<\/ul>\n","protected":false},"excerpt":{"rendered":"<p>L&#8217;ACP, \u00e0 la fois \u00e0 titre ind\u00e9pendant et en partenariat avec d&#8217;autres groupes selon les besoins, surveille activement le maintien et l&#8217;accroissement du financement de la recherche et de l&#8217;enseignement en physique ainsi que de leurs applications. Par l&#8217;entremise du Comit\u00e9 de liaison de l&#8217;ACP et du CRSNG, nous favorisons un dialogue constant entre la&#8230;  <a class=\"excerpt-read-more\" href=\"https:\/\/cap.ca\/fr\/politique-scientifique\/activites-financement-politique-scientifique\/\" title=\"LireActivit\u00e9s touchant le financement de la science et physique\">Lire la suite &raquo;<\/a><\/p>\n","protected":false},"author":10,"featured_media":0,"parent":3175,"menu_order":120,"comment_status":"closed","ping_status":"closed","template":"","meta":{"footnotes":""},"class_list":["post-3177","page","type-page","status-publish","hentry"],"_links":{"self":[{"href":"https:\/\/cap.ca\/fr\/wp-json\/wp\/v2\/pages\/3177","targetHints":{"allow":["GET"]}}],"collection":[{"href":"https:\/\/cap.ca\/fr\/wp-json\/wp\/v2\/pages"}],"about":[{"href":"https:\/\/cap.ca\/fr\/wp-json\/wp\/v2\/types\/page"}],"author":[{"embeddable":true,"href":"https:\/\/cap.ca\/fr\/wp-json\/wp\/v2\/users\/10"}],"replies":[{"embeddable":true,"href":"https:\/\/cap.ca\/fr\/wp-json\/wp\/v2\/comments?post=3177"}],"version-history":[{"count":7,"href":"https:\/\/cap.ca\/fr\/wp-json\/wp\/v2\/pages\/3177\/revisions"}],"predecessor-version":[{"id":6016,"href":"https:\/\/cap.ca\/fr\/wp-json\/wp\/v2\/pages\/3177\/revisions\/6016"}],"up":[{"embeddable":true,"href":"https:\/\/cap.ca\/fr\/wp-json\/wp\/v2\/pages\/3175"}],"wp:attachment":[{"href":"https:\/\/cap.ca\/fr\/wp-json\/wp\/v2\/media?parent=3177"}],"curies":[{"name":"wp","href":"https:\/\/api.w.org\/{rel}","templated":true}]}}