{"id":3176,"date":"2017-03-09T15:12:32","date_gmt":"2017-03-09T20:12:32","guid":{"rendered":"http:\/\/caph-02.eproofs.ca\/activites-gouvernement-politique-scientifique\/"},"modified":"2017-03-17T09:12:36","modified_gmt":"2017-03-17T13:12:36","slug":"activites-gouvernement-politique-scientifique","status":"publish","type":"page","link":"https:\/\/cap.ca\/fr\/politique-scientifique\/activites-gouvernement-politique-scientifique\/","title":{"rendered":"Activit\u00e9s touchant le gouvernement et politique scientifique"},"content":{"rendered":"<p>L&#8217;ACP, \u00e0 la fois \u00e0 titre ind\u00e9pendant et en partenariat avec d&#8217;autres groupes selon les besoins, surveille activement la l\u00e9gislation gouvernementale et y r\u00e9agit si celle-ci a une incidence sur la recherche et l&#8217;enseignement en physique, leur application et leur financement au Canada, entre autres par :<\/p>\n<ul class=\"content-list\">\n<li>des m\u00e9moires sur les priorit\u00e9s de la recherche en physique, pr\u00e9sent\u00e9s au Comit\u00e9 des finances de la Chambre des communes<\/li>\n<li>l&#8217;augmentation des budgets de base des conseils subventionnaires<\/li>\n<li>la n\u00e9cessit\u00e9 d&#8217;un m\u00e9canisme pour soutenir les co\u00fbts indirects de la recherche universitaire<\/li>\n<li>un soutien accru pour les initiatives scientifiques du gouvernement<\/li>\n<li>l&#8217;urgence d&#8217;une d\u00e9cision positive quant au financement du Centre canadien de neutrons (CCN).<\/li>\n<\/ul>\n<p>L&#8217;ACP a aussi un vigoureux programme de relations avec le gouvernement qui l&#8217;engage aupr\u00e8s des d\u00e9put\u00e9s et des autres repr\u00e9sentants du gouvernement et les informe de l&#8217;apport et des incidences de la physique et des physiciens sur l&#8217;industrie et la soci\u00e9t\u00e9 canadienne. Les membres de la profession de physicien sont invit\u00e9s \u00e0 appuyer ces efforts dans leurs interactions aupr\u00e8s du gouvernement\/responsables du financement, et \u00e0 reconna\u00eetre constamment les sources de financement dans leurs communications au sujet de leurs recherches<\/p>\n<h2>Liens vers gouvernement et politique scientifique<\/h2>\n<ul class=\"content-list\">\n<li><a href=\"https:\/\/cap.ca\/fr\/publications\/nouvelles\/\">Nouvelles sur la politique scientifique<\/a><\/li>\n<li><a href=\"https:\/\/cap.ca\/fr\/propos-lacp\/comites\/comite-politique-scientifique\/\">Comit\u00e9 de la politique scientifique<\/a><\/li>\n<li><a href=\"http:\/\/ccr-ccr.ca\/fr\/\">Consortium canadien pour la recherche<\/a><\/li>\n<li><a href=\"http:\/\/pagse.org\/fr\/main.htm\">Partenariat en faveur des sciences et de la technologie<\/a><\/li>\n<li><a href=\"https:\/\/www.canada.ca\/fr\/innovation-sciences-developpement-economique.html\">Innovation, Sciences et D\u00e9veloppement \u00e9conomique Canada<\/a><\/li>\n<li><a href=\"http:\/\/www.sciencepolicy.ca\/fr\">Centre d&#8217;\u00e9tudes sur la politique scientifique canadienne<\/a><\/li>\n<li><a href=\"http:\/\/www.parl.gc.ca\/SenatorsMembers.aspx?Language=F\">Parlement du Canada\/Trouvez votre d\u00e9put\u00e9<\/a><\/li>\n<li><a href=\"http:\/\/www.parl.gc.ca\/Committees\/fr\/INDU\">Comit\u00e9 permanent de l&#8217;industrie, des sciences et de la technologie<\/a><\/li>\n<\/ul>\n","protected":false},"excerpt":{"rendered":"<p>L&#8217;ACP, \u00e0 la fois \u00e0 titre ind\u00e9pendant et en partenariat avec d&#8217;autres groupes selon les besoins, surveille activement la l\u00e9gislation gouvernementale et y r\u00e9agit si celle-ci a une incidence sur la recherche et l&#8217;enseignement en physique, leur application et leur financement au Canada, entre autres par : des m\u00e9moires sur les priorit\u00e9s de la recherche&#8230;  <a class=\"excerpt-read-more\" href=\"https:\/\/cap.ca\/fr\/politique-scientifique\/activites-gouvernement-politique-scientifique\/\" title=\"LireActivit\u00e9s touchant le gouvernement et politique scientifique\">Lire la suite &raquo;<\/a><\/p>\n","protected":false},"author":10,"featured_media":0,"parent":3175,"menu_order":116,"comment_status":"closed","ping_status":"closed","template":"","meta":{"footnotes":""},"class_list":["post-3176","page","type-page","status-publish","hentry"],"_links":{"self":[{"href":"https:\/\/cap.ca\/fr\/wp-json\/wp\/v2\/pages\/3176","targetHints":{"allow":["GET"]}}],"collection":[{"href":"https:\/\/cap.ca\/fr\/wp-json\/wp\/v2\/pages"}],"about":[{"href":"https:\/\/cap.ca\/fr\/wp-json\/wp\/v2\/types\/page"}],"author":[{"embeddable":true,"href":"https:\/\/cap.ca\/fr\/wp-json\/wp\/v2\/users\/10"}],"replies":[{"embeddable":true,"href":"https:\/\/cap.ca\/fr\/wp-json\/wp\/v2\/comments?post=3176"}],"version-history":[{"count":3,"href":"https:\/\/cap.ca\/fr\/wp-json\/wp\/v2\/pages\/3176\/revisions"}],"predecessor-version":[{"id":5384,"href":"https:\/\/cap.ca\/fr\/wp-json\/wp\/v2\/pages\/3176\/revisions\/5384"}],"up":[{"embeddable":true,"href":"https:\/\/cap.ca\/fr\/wp-json\/wp\/v2\/pages\/3175"}],"wp:attachment":[{"href":"https:\/\/cap.ca\/fr\/wp-json\/wp\/v2\/media?parent=3176"}],"curies":[{"name":"wp","href":"https:\/\/api.w.org\/{rel}","templated":true}]}}