{"id":3175,"date":"2017-03-09T15:12:28","date_gmt":"2017-03-09T20:12:28","guid":{"rendered":"http:\/\/caph-02.eproofs.ca\/politique-scientifique\/"},"modified":"2021-12-22T00:04:00","modified_gmt":"2021-12-22T05:04:00","slug":"politique-scientifique","status":"publish","type":"page","link":"https:\/\/cap.ca\/fr\/politique-scientifique\/","title":{"rendered":"Politique scientifique et d\u00e9fense des int\u00e9r\u00eats"},"content":{"rendered":"<p>L&#8217;ACP repr\u00e9sente la collectivit\u00e9 canadienne de la physique et en d\u00e9fend les int\u00e9r\u00eats quant aux questions de politique scientifique qui ont une incidence sur la physique et son financement ou qui en re\u00e7oivent l&#8217;\u00e9clairage :<\/p>\n<ul class=\"content-list\">\n<li>en prot\u00e9geant les int\u00e9r\u00eats de la physique dans les initiatives gouvernementales nouvelles et existantes et dans leur financement<\/li>\n<li>en s&#8217;engageant aupr\u00e8s des d\u00e9cideurs politiques f\u00e9d\u00e9raux, \u00e0 Ottawa et dans les circonscriptions, \u00e0 assurer un soutien constant de la recherche et de l&#8217;enseignement en physique ainsi que des industries reli\u00e9es \u00e0 la physique<\/li>\n<li>en s&#8217;engageant aupr\u00e8s du CRSNG et des autres orConseil consultatif des \u00e9tudiantsganismes f\u00e9d\u00e9raux de financement des sciences et en assurant la liaison avec eux<\/li>\n<li>en s&#8217;engageant aupr\u00e8s des partenaires de l\u2019industrie \u00e0 promouvoir la recherche appliqu\u00e9e et fondamentale et \u00e0 faire avancer nos autres objectifs en mati\u00e8re de d\u00e9fense des int\u00e9r\u00eats.<\/li>\n<\/ul>\n<p>Les activit\u00e9s sont men\u00e9es par le <a href=\"https:\/\/cap.ca\/fr\/propos-lacp\/comites\/comite-politique-scientifique\/\">Comit\u00e9 de la politique scientifique<\/a>, le <a href=\"https:\/\/cap.ca\/fr\/propos-lacp\/comites\/comite-de-liaison-acp-crsng\/\">Comit\u00e9 de liaison de l&#8217;ACP et du CRSNG,<\/a>\u00a0le <a href=\"https:\/\/cap.ca\/fr\/propos-lacp\/acp-direction\/conseil-dadministration\/\">conseil d&#8217;administration<\/a>, et * Nouveau * le <a href=\"https:\/\/sac.cap.ca\" target=\"_blank\" rel=\"noopener noreferrer\">Conseil consultatif des \u00e9tudiants<\/a>.<\/p>\n<p><strong>Pour conna\u00eetre les derni\u00e8res nouvelles et activit\u00e9s dans ces domaines, empruntez les liens qui suivent :<\/strong><\/p>\n<ul class=\"content-list\">\n<li><a href=\"https:\/\/cap.ca\/fr\/politique-scientifique\/activites-gouvernement-politique-scientifique\">Activit\u00e9s touchant le gouvernement et politique scientifique<\/a><\/li>\n<li><a href=\"https:\/\/cap.ca\/fr\/politique-scientifique\/activites-financement-politique-scientifique\">Activit\u00e9s touchant le financement de la science et physique<\/a><\/li>\n<li><a href=\"https:\/\/cap.ca\/fr\/publications\/nouvelles\/\">Nouvelles sur la politique scientifique<\/a><\/li>\n<li><a href=\"https:\/\/cap.ca\/fr\/politique-scientifique\/evenements-etudiants-polisci\/\" target=\"_blank\" rel=\"noopener noreferrer\">Activit\u00e9s des \u00e9tudiants en mati\u00e8re de politique scientifique<\/a><\/li>\n<\/ul>\n","protected":false},"excerpt":{"rendered":"<p>L&#8217;ACP repr\u00e9sente la collectivit\u00e9 canadienne de la physique et en d\u00e9fend les int\u00e9r\u00eats quant aux questions de politique scientifique qui ont une incidence sur la physique et son financement ou qui en re\u00e7oivent l&#8217;\u00e9clairage : en prot\u00e9geant les int\u00e9r\u00eats de la physique dans les initiatives gouvernementales nouvelles et existantes et dans leur financement en s&#8217;engageant&#8230;  <a class=\"excerpt-read-more\" href=\"https:\/\/cap.ca\/fr\/politique-scientifique\/\" title=\"LirePolitique scientifique et d\u00e9fense des int\u00e9r\u00eats\">Lire la suite &raquo;<\/a><\/p>\n","protected":false},"author":10,"featured_media":0,"parent":0,"menu_order":124,"comment_status":"closed","ping_status":"closed","template":"","meta":{"footnotes":""},"class_list":["post-3175","page","type-page","status-publish","hentry"],"_links":{"self":[{"href":"https:\/\/cap.ca\/fr\/wp-json\/wp\/v2\/pages\/3175","targetHints":{"allow":["GET"]}}],"collection":[{"href":"https:\/\/cap.ca\/fr\/wp-json\/wp\/v2\/pages"}],"about":[{"href":"https:\/\/cap.ca\/fr\/wp-json\/wp\/v2\/types\/page"}],"author":[{"embeddable":true,"href":"https:\/\/cap.ca\/fr\/wp-json\/wp\/v2\/users\/10"}],"replies":[{"embeddable":true,"href":"https:\/\/cap.ca\/fr\/wp-json\/wp\/v2\/comments?post=3175"}],"version-history":[{"count":9,"href":"https:\/\/cap.ca\/fr\/wp-json\/wp\/v2\/pages\/3175\/revisions"}],"predecessor-version":[{"id":19456,"href":"https:\/\/cap.ca\/fr\/wp-json\/wp\/v2\/pages\/3175\/revisions\/19456"}],"wp:attachment":[{"href":"https:\/\/cap.ca\/fr\/wp-json\/wp\/v2\/media?parent=3175"}],"curies":[{"name":"wp","href":"https:\/\/api.w.org\/{rel}","templated":true}]}}