{"id":3174,"date":"2017-03-09T15:12:24","date_gmt":"2017-03-09T20:12:24","guid":{"rendered":"http:\/\/caph-02.eproofs.ca\/evaluation-des-besoins-communication\/"},"modified":"2017-03-23T13:46:13","modified_gmt":"2017-03-23T17:46:13","slug":"evaluation-des-besoins-communication","status":"publish","type":"page","link":"https:\/\/cap.ca\/fr\/propos-lacp\/gouvernance\/evaluation-des-besoins-communication\/","title":{"rendered":"\u00c9valuation des besoins en communication"},"content":{"rendered":"<p>17 juin 2016<\/p>\n<p>Au cours des dix-huit derniers mois, le Conseil d\u2019administration de l\u2019ACP a travaill\u00e9 sur des initiatives visant \u00e0 faire progresser les buts et objectifs \u00e9nonc\u00e9s dans le Plan strat\u00e9gique de 2014-2018. Reconnaissant que la plupart des objectifs impliquent des activit\u00e9s de communication, le Conseil a command\u00e9 une \u00e9valuation des besoins de communication par une consultante en communication, le Dr Gina Grosenick.<\/p>\n<p>Apr\u00e8s des consultations avec les membres du Conseil, du Conseil consultatif et du personnel de l\u2019ACP, une \u00e9valuation globale de communication a \u00e9t\u00e9 pr\u00e9par\u00e9e et pr\u00e9sent\u00e9e au Conseil et au Conseil consultatif. Cette \u00e9valuation permettra d&#8217;informer et de guider l&#8217;\u00e9volution organisationnelle de l\u2019ACP dans la gestion de ses activit\u00e9s de communication \u00e0 court et \u00e0 moyen terme.<\/p>\n<p><a href=\"https:\/\/cap.ca\/wp-content\/uploads\/2017\/03\/cap-needs-assessment-april-2-2016.pdf\">Nous invitons nos membres \u00e0 lire ce rapport<\/a> (disponible en anglais seulement).<\/p>\n<p>Pr Richard MacKenzie, phys.<\/p>\n<p>Pr\u00e9sident de l&#8217;ACP<\/p>\n<p style=\"text-align: center;\"><a class=\"green-btn\" href=\"https:\/\/cap.ca\/wp-content\/uploads\/2017\/03\/cap-needs-assessment-april-2-2016.pdf\">T\u00e9l\u00e9charger le rapport<\/a><\/p>\n","protected":false},"excerpt":{"rendered":"<p>17 juin 2016 Au cours des dix-huit derniers mois, le Conseil d\u2019administration de l\u2019ACP a travaill\u00e9 sur des initiatives visant \u00e0 faire progresser les buts et objectifs \u00e9nonc\u00e9s dans le Plan strat\u00e9gique de 2014-2018. Reconnaissant que la plupart des objectifs impliquent des activit\u00e9s de communication, le Conseil a command\u00e9 une \u00e9valuation des besoins de communication&#8230;  <a class=\"excerpt-read-more\" href=\"https:\/\/cap.ca\/fr\/propos-lacp\/gouvernance\/evaluation-des-besoins-communication\/\" title=\"Lire\u00c9valuation des besoins en communication\">Lire la suite &raquo;<\/a><\/p>\n","protected":false},"author":10,"featured_media":0,"parent":3170,"menu_order":231,"comment_status":"closed","ping_status":"closed","template":"","meta":{"footnotes":""},"class_list":["post-3174","page","type-page","status-publish","hentry"],"_links":{"self":[{"href":"https:\/\/cap.ca\/fr\/wp-json\/wp\/v2\/pages\/3174","targetHints":{"allow":["GET"]}}],"collection":[{"href":"https:\/\/cap.ca\/fr\/wp-json\/wp\/v2\/pages"}],"about":[{"href":"https:\/\/cap.ca\/fr\/wp-json\/wp\/v2\/types\/page"}],"author":[{"embeddable":true,"href":"https:\/\/cap.ca\/fr\/wp-json\/wp\/v2\/users\/10"}],"replies":[{"embeddable":true,"href":"https:\/\/cap.ca\/fr\/wp-json\/wp\/v2\/comments?post=3174"}],"version-history":[{"count":4,"href":"https:\/\/cap.ca\/fr\/wp-json\/wp\/v2\/pages\/3174\/revisions"}],"predecessor-version":[{"id":6080,"href":"https:\/\/cap.ca\/fr\/wp-json\/wp\/v2\/pages\/3174\/revisions\/6080"}],"up":[{"embeddable":true,"href":"https:\/\/cap.ca\/fr\/wp-json\/wp\/v2\/pages\/3170"}],"wp:attachment":[{"href":"https:\/\/cap.ca\/fr\/wp-json\/wp\/v2\/media?parent=3174"}],"curies":[{"name":"wp","href":"https:\/\/api.w.org\/{rel}","templated":true}]}}