{"id":3173,"date":"2017-03-09T15:12:19","date_gmt":"2017-03-09T20:12:19","guid":{"rendered":"http:\/\/caph-02.eproofs.ca\/plan-strategique\/"},"modified":"2019-06-21T11:52:57","modified_gmt":"2019-06-21T15:52:57","slug":"plan-strategique","status":"publish","type":"page","link":"https:\/\/cap.ca\/fr\/plan-strategique\/","title":{"rendered":"Plan strat\u00e9gique 2019-2024"},"content":{"rendered":"<p>Dans 2019, avec une vaste consultation de nos membres et experts externes, le comit\u00e9 ex\u00e9cutif de l&#8217;ACP a \u00e9labor\u00e9 un plan strat\u00e9gique quinquennal qui guidera l&#8217;\u00e9volution de notre organisation dans le court \u00e0 moyen terme. Ce document explique notre vision et la mission de l&#8217;Association ainsi que d&#8217;une s\u00e9rie d&#8217;objectifs qui seront au centre des activit\u00e9s de l&#8217;ACP \u00e0 l&#8217;avenir.<\/p>\n<p>&nbsp;<\/p>\n<p style=\"text-align: center;\"><a class=\"green-btn\" href=\"https:\/\/cap.ca\/wp-content\/uploads\/2017\/03\/CAP-2019-2024-STRATEGIC-PLAN-FINAL-FRAN.pdf\">T\u00e9l\u00e9charger le rapport<\/a><\/p>\n","protected":false},"excerpt":{"rendered":"<p>Dans 2019, avec une vaste consultation de nos membres et experts externes, le comit\u00e9 ex\u00e9cutif de l&#8217;ACP a \u00e9labor\u00e9 un plan strat\u00e9gique quinquennal qui guidera l&#8217;\u00e9volution de notre organisation dans le court \u00e0 moyen terme. Ce document explique notre vision et la mission de l&#8217;Association ainsi que d&#8217;une s\u00e9rie d&#8217;objectifs qui seront au centre des&#8230;  <a class=\"excerpt-read-more\" href=\"https:\/\/cap.ca\/fr\/plan-strategique\/\" title=\"LirePlan strat\u00e9gique 2019-2024\">Lire la suite &raquo;<\/a><\/p>\n","protected":false},"author":10,"featured_media":0,"parent":0,"menu_order":230,"comment_status":"closed","ping_status":"closed","template":"","meta":{"footnotes":""},"class_list":["post-3173","page","type-page","status-publish","hentry"],"_links":{"self":[{"href":"https:\/\/cap.ca\/fr\/wp-json\/wp\/v2\/pages\/3173","targetHints":{"allow":["GET"]}}],"collection":[{"href":"https:\/\/cap.ca\/fr\/wp-json\/wp\/v2\/pages"}],"about":[{"href":"https:\/\/cap.ca\/fr\/wp-json\/wp\/v2\/types\/page"}],"author":[{"embeddable":true,"href":"https:\/\/cap.ca\/fr\/wp-json\/wp\/v2\/users\/10"}],"replies":[{"embeddable":true,"href":"https:\/\/cap.ca\/fr\/wp-json\/wp\/v2\/comments?post=3173"}],"version-history":[{"count":8,"href":"https:\/\/cap.ca\/fr\/wp-json\/wp\/v2\/pages\/3173\/revisions"}],"predecessor-version":[{"id":13645,"href":"https:\/\/cap.ca\/fr\/wp-json\/wp\/v2\/pages\/3173\/revisions\/13645"}],"wp:attachment":[{"href":"https:\/\/cap.ca\/fr\/wp-json\/wp\/v2\/media?parent=3173"}],"curies":[{"name":"wp","href":"https:\/\/api.w.org\/{rel}","templated":true}]}}