{"id":3171,"date":"2017-03-09T15:12:15","date_gmt":"2017-03-09T20:12:15","guid":{"rendered":"http:\/\/caph-02.eproofs.ca\/reglements-acp-lcobnl\/"},"modified":"2017-03-09T16:56:01","modified_gmt":"2017-03-09T21:56:01","slug":"reglements-acp-lcobnl","status":"publish","type":"page","link":"https:\/\/cap.ca\/fr\/propos-lacp\/gouvernance\/reglements-acp-lcobnl\/","title":{"rendered":"R\u00e8glements et politique"},"content":{"rendered":"<p>L&#8217;ACP est assujettie aux r\u00e8glements et politiques de fonctionnement qui suivent :<\/p>\n<ul class=\"content-list\">\n<li><a href=\"https:\/\/cap.ca\/wp-content\/uploads\/2017\/03\/CAP-CNCA-By-laws-June2014-approved-FRE-Signed.pdf\" rel=\"attachment wp-att-2342\">R\u00e8glements de l&#8217;ACP-ACPP (approuv\u00e9s en mai 2014)<\/a><\/li>\n<li>Politique de fonctionnement en mati\u00e8re de gouvernance de l&#8217;ACP (approuv\u00e9e en mai 2014)<\/li>\n<li>Politique de l&#8217;ACP sur les nominations et les \u00e9lections (approuv\u00e9e en mai 2014)<\/li>\n<li>Politique de l&#8217;ACP sur les Divisions et Chapitres (approuv\u00e9e en mai 2014)<\/li>\n<\/ul>\n","protected":false},"excerpt":{"rendered":"<p>L&#8217;ACP est assujettie aux r\u00e8glements et politiques de fonctionnement qui suivent : R\u00e8glements de l&#8217;ACP-ACPP (approuv\u00e9s en mai 2014) Politique de fonctionnement en mati\u00e8re de gouvernance de l&#8217;ACP (approuv\u00e9e en mai 2014) Politique de l&#8217;ACP sur les nominations et les \u00e9lections (approuv\u00e9e en mai 2014) Politique de l&#8217;ACP sur les Divisions et Chapitres (approuv\u00e9e en&#8230;  <a class=\"excerpt-read-more\" href=\"https:\/\/cap.ca\/fr\/propos-lacp\/gouvernance\/reglements-acp-lcobnl\/\" title=\"LireR\u00e8glements et politique\">Lire la suite &raquo;<\/a><\/p>\n","protected":false},"author":10,"featured_media":0,"parent":3170,"menu_order":229,"comment_status":"open","ping_status":"open","template":"","meta":{"footnotes":""},"class_list":["post-3171","page","type-page","status-publish","hentry"],"_links":{"self":[{"href":"https:\/\/cap.ca\/fr\/wp-json\/wp\/v2\/pages\/3171","targetHints":{"allow":["GET"]}}],"collection":[{"href":"https:\/\/cap.ca\/fr\/wp-json\/wp\/v2\/pages"}],"about":[{"href":"https:\/\/cap.ca\/fr\/wp-json\/wp\/v2\/types\/page"}],"author":[{"embeddable":true,"href":"https:\/\/cap.ca\/fr\/wp-json\/wp\/v2\/users\/10"}],"replies":[{"embeddable":true,"href":"https:\/\/cap.ca\/fr\/wp-json\/wp\/v2\/comments?post=3171"}],"version-history":[{"count":2,"href":"https:\/\/cap.ca\/fr\/wp-json\/wp\/v2\/pages\/3171\/revisions"}],"predecessor-version":[{"id":3788,"href":"https:\/\/cap.ca\/fr\/wp-json\/wp\/v2\/pages\/3171\/revisions\/3788"}],"up":[{"embeddable":true,"href":"https:\/\/cap.ca\/fr\/wp-json\/wp\/v2\/pages\/3170"}],"wp:attachment":[{"href":"https:\/\/cap.ca\/fr\/wp-json\/wp\/v2\/media?parent=3171"}],"curies":[{"name":"wp","href":"https:\/\/api.w.org\/{rel}","templated":true}]}}