{"id":3170,"date":"2017-03-09T15:12:11","date_gmt":"2017-03-09T20:12:11","guid":{"rendered":"http:\/\/caph-02.eproofs.ca\/gouvernance\/"},"modified":"2025-06-11T00:25:07","modified_gmt":"2025-06-11T04:25:07","slug":"gouvernance","status":"publish","type":"page","link":"https:\/\/cap.ca\/fr\/propos-lacp\/gouvernance\/","title":{"rendered":"Gouvernance"},"content":{"rendered":"<p>L&#8217;ACP est un organisme sans but lucratif enregistr\u00e9 qui est assujetti aux r\u00e8glements et politiques approuv\u00e9s par ses membres et par le conseil d&#8217;administration.<\/p>\n<p>Le <a href=\"https:\/\/cap.ca\/fr\/propos-lacp\/acp-direction\/conseil-dadministration\/\">conseil d&#8217;administration<\/a> de l&#8217;ACP entreprend de son propre chef des initiatives d&#8217;\u00e9valuation et de planification strat\u00e9gique pour assurer que ses activit\u00e9s r\u00e9pondent aux besoins de ses membres d\u00e8s maintenant et dans l&#8217;avenir. L&#8217;ACP s&#8217;est engag\u00e9e \u00e0 pratiquer une gouvernance ouverte et transparente et \u00e0 mettre r\u00e9guli\u00e8rement ces documents \u00e0 la disposition de ses membres et de l&#8217;ensemble de la collectivit\u00e9 de la physique.<\/p>\n<p><strong>En savoir plus \u00e0 propos de nos :<\/strong><\/p>\n<ul class=\"content-list\">\n<li><a href=\"https:\/\/cap.ca\/fr\/propos-lacp\/gouvernance\/reglements-acp-lcobnl\">R\u00e8glements et politiques<\/a><\/li>\n<li><a href=\"https:\/\/cap.ca\/about-us\/governance\/2025-2029-strategic-plan\/\">Plan strat\u00e9gique 2025-2029<\/a> (anglais; la version fran\u00e7aise suivra sous peu)\n<ul class=\"content-list\">\n<li><a href=\"https:\/\/cap.ca\/wp-content\/uploads\/2025\/06\/ImplementationPlan-en.pdf\" target=\"_blank\" rel=\"noopener\">Plan d&#8217;implementation 2025-2029<\/a>\u00a0 (anglais; la version fran\u00e7aise suivra sous peu)<\/li>\n<\/ul>\n<\/li>\n<\/ul>\n<p><strong>Documents historique<\/strong><\/p>\n<ul class=\"content-list\">\n<li><a href=\"https:\/\/cap.ca\/fr\/propos-lacp\/gouvernance\/plan-strategique\">Plan strat\u00e9gique 2019-2024<\/a><\/li>\n<li><a href=\"https:\/\/cap.ca\/fr\/propos-lacp\/gouvernance\/evaluation-des-besoins-communication\">\u00c9valuation des besoins en communication<\/a><\/li>\n<\/ul>\n","protected":false},"excerpt":{"rendered":"<p>L&#8217;ACP est un organisme sans but lucratif enregistr\u00e9 qui est assujetti aux r\u00e8glements et politiques approuv\u00e9s par ses membres et par le conseil d&#8217;administration. Le conseil d&#8217;administration de l&#8217;ACP entreprend de son propre chef des initiatives d&#8217;\u00e9valuation et de planification strat\u00e9gique pour assurer que ses activit\u00e9s r\u00e9pondent aux besoins de ses membres d\u00e8s maintenant et&#8230;  <a class=\"excerpt-read-more\" href=\"https:\/\/cap.ca\/fr\/propos-lacp\/gouvernance\/\" title=\"LireGouvernance\">Lire la suite &raquo;<\/a><\/p>\n","protected":false},"author":10,"featured_media":0,"parent":3150,"menu_order":100,"comment_status":"closed","ping_status":"closed","template":"","meta":{"footnotes":""},"class_list":["post-3170","page","type-page","status-publish","hentry"],"_links":{"self":[{"href":"https:\/\/cap.ca\/fr\/wp-json\/wp\/v2\/pages\/3170","targetHints":{"allow":["GET"]}}],"collection":[{"href":"https:\/\/cap.ca\/fr\/wp-json\/wp\/v2\/pages"}],"about":[{"href":"https:\/\/cap.ca\/fr\/wp-json\/wp\/v2\/types\/page"}],"author":[{"embeddable":true,"href":"https:\/\/cap.ca\/fr\/wp-json\/wp\/v2\/users\/10"}],"replies":[{"embeddable":true,"href":"https:\/\/cap.ca\/fr\/wp-json\/wp\/v2\/comments?post=3170"}],"version-history":[{"count":7,"href":"https:\/\/cap.ca\/fr\/wp-json\/wp\/v2\/pages\/3170\/revisions"}],"predecessor-version":[{"id":27289,"href":"https:\/\/cap.ca\/fr\/wp-json\/wp\/v2\/pages\/3170\/revisions\/27289"}],"up":[{"embeddable":true,"href":"https:\/\/cap.ca\/fr\/wp-json\/wp\/v2\/pages\/3150"}],"wp:attachment":[{"href":"https:\/\/cap.ca\/fr\/wp-json\/wp\/v2\/media?parent=3170"}],"curies":[{"name":"wp","href":"https:\/\/api.w.org\/{rel}","templated":true}]}}