{"id":3169,"date":"2017-03-09T15:12:07","date_gmt":"2017-03-09T20:12:07","guid":{"rendered":"http:\/\/caph-02.eproofs.ca\/amies-de-lacp\/"},"modified":"2026-02-26T11:23:21","modified_gmt":"2026-02-26T16:23:21","slug":"rep-de-lacp","status":"publish","type":"page","link":"https:\/\/cap.ca\/fr\/propos-lacp\/rep-de-lacp\/","title":{"rendered":"Repr\u00e9sentant(e)s de l&#8217;ACP"},"content":{"rendered":"<p>Les personnes d\u00e9sign\u00e9es comme repr\u00e9sentants de l&#8217;ACP (repr\u00e9sentants de l&#8217;ACP) sont les ambassadeurs de l&#8217;Association canadienne des physiciens et physiciennes au sein de leur \u00e9tablissement d&#8217;origine. Leur mandat consiste principalement \u00e0 rehausser le profil de l&#8217;ACP et \u00e0 mener la campagne annuelle d&#8217;adh\u00e9sion dans leur \u00e9tablissement d&#8217;origine. Les repr\u00e9sentants de l&#8217;ACP assurent la liaison avec l&#8217;ancien pr\u00e9sident, dont la principale responsabilit\u00e9 est l&#8217;adh\u00e9sion, et avec le personnel du bureau de l&#8217;ACP, qui traite les demandes d&#8217;adh\u00e9sion et les renouvellements d&#8217;adh\u00e9sion via le site web de l&#8217;ACP. Le mat\u00e9riel de recrutement, les nouvelles et les demandes d&#8217;information ou d&#8217;action concernant les questions d&#8217;adh\u00e9sion seront envoy\u00e9s aux repr\u00e9sentants de temps \u00e0 autre par l&#8217;interm\u00e9diaire du pr\u00e9sident sortant et du bureau de l&#8217;ACP. Les coordonn\u00e9es des repr\u00e9sentants actuels sont indiqu\u00e9es ci-dessous. Nous remercions chaleureusement ces personnes pour leur travail acharn\u00e9 au nom de l&#8217;ACP.<\/p>\n","protected":false},"excerpt":{"rendered":"<p>Les personnes d\u00e9sign\u00e9es comme repr\u00e9sentants de l&#8217;ACP (repr\u00e9sentants de l&#8217;ACP) sont les ambassadeurs de l&#8217;Association canadienne des physiciens et physiciennes au sein de leur \u00e9tablissement d&#8217;origine. Leur mandat consiste principalement \u00e0 rehausser le profil de l&#8217;ACP et \u00e0 mener la campagne annuelle d&#8217;adh\u00e9sion dans leur \u00e9tablissement d&#8217;origine. Les repr\u00e9sentants de l&#8217;ACP assurent la liaison avec&#8230;  <a class=\"excerpt-read-more\" href=\"https:\/\/cap.ca\/fr\/propos-lacp\/rep-de-lacp\/\" title=\"LireRepr\u00e9sentant(e)s de l&#8217;ACP\">Lire la suite &raquo;<\/a><\/p>\n","protected":false},"author":10,"featured_media":0,"parent":3150,"menu_order":141,"comment_status":"closed","ping_status":"closed","template":"template-friends.php","meta":{"footnotes":""},"class_list":["post-3169","page","type-page","status-publish","hentry"],"_links":{"self":[{"href":"https:\/\/cap.ca\/fr\/wp-json\/wp\/v2\/pages\/3169","targetHints":{"allow":["GET"]}}],"collection":[{"href":"https:\/\/cap.ca\/fr\/wp-json\/wp\/v2\/pages"}],"about":[{"href":"https:\/\/cap.ca\/fr\/wp-json\/wp\/v2\/types\/page"}],"author":[{"embeddable":true,"href":"https:\/\/cap.ca\/fr\/wp-json\/wp\/v2\/users\/10"}],"replies":[{"embeddable":true,"href":"https:\/\/cap.ca\/fr\/wp-json\/wp\/v2\/comments?post=3169"}],"version-history":[{"count":9,"href":"https:\/\/cap.ca\/fr\/wp-json\/wp\/v2\/pages\/3169\/revisions"}],"predecessor-version":[{"id":28727,"href":"https:\/\/cap.ca\/fr\/wp-json\/wp\/v2\/pages\/3169\/revisions\/28727"}],"up":[{"embeddable":true,"href":"https:\/\/cap.ca\/fr\/wp-json\/wp\/v2\/pages\/3150"}],"wp:attachment":[{"href":"https:\/\/cap.ca\/fr\/wp-json\/wp\/v2\/media?parent=3169"}],"curies":[{"name":"wp","href":"https:\/\/api.w.org\/{rel}","templated":true}]}}