{"id":3168,"date":"2017-03-09T15:12:03","date_gmt":"2017-03-09T20:12:03","guid":{"rendered":"http:\/\/caph-02.eproofs.ca\/comite-d-adhesion\/"},"modified":"2017-09-30T13:34:00","modified_gmt":"2017-09-30T17:34:00","slug":"comite-d-adhesion","status":"publish","type":"page","link":"https:\/\/cap.ca\/fr\/propos-lacp\/comites\/comite-d-adhesion\/","title":{"rendered":"Comit\u00e9 d\u2019adh\u00e9sion"},"content":{"rendered":"<h2>\u00c0 propos de nous :<\/h2>\n<p>Le Comit\u00e9 des adh\u00e9sions et affiliations de l&#8217;ACP est pr\u00e9sid\u00e9 par le directeur de l&#8217;ACP &#8211; Services aux membres et affili\u00e9s, et se compose du directeur &#8211; Affaires acad\u00e9miques et des conseillers repr\u00e9sentant respectivement les entreprises membres, les \u00e9tudiants affili\u00e9s, les \u00e9tudiants dipl\u00f4m\u00e9s membres et les enseignants au niveau secondaire\/c\u00e9gep et coll\u00e9gial.<\/p>\n<p><em>Le Comit\u00e9 a pour r\u00f4le principal<\/em><\/p>\n<ul class=\"content-list\">\n<li style=\"list-style-type: none;\">\n<ul class=\"content-list\">\n<li style=\"list-style-type: none;\">\n<ul class=\"content-list\">\n<li>d&#8217;am\u00e9liorer et de faire conna\u00eetre \u00e0 ses membres et affili\u00e9s les avantages de l&#8217;adh\u00e9sion\/affiliation \u00e0 l&#8217;ACP.<\/li>\n<li>de renouveler, accro\u00eetre et stimuler sans cesse les adh\u00e9sions\/affiliations.<\/li>\n<li>de donner des avis au Conseil et au conseil d&#8217;administration quant aux politiques et questions entourant les adh\u00e9sions\/affiliations.<\/li>\n<\/ul>\n<\/li>\n<\/ul>\n<\/li>\n<\/ul>\n<h2>Notre mission :<\/h2>\n<ul class=\"content-list\">\n<li style=\"list-style-type: none;\">\n<ul class=\"content-list\">\n<li style=\"list-style-type: none;\">\n<ul class=\"content-list\">\n<li>informer l&#8217;administration de l&#8217;ACP des questions concernant les demandes d&#8217;adh\u00e9sion\/affiliation;<\/li>\n<li>organiser des activit\u00e9s de recrutement pour accro\u00eetre les adh\u00e9sions\/affiliations \u00e0 l&#8217;ACP;<\/li>\n<li>faire valoir les nouveaux avantages que l&#8217;ACP peut offrir \u00e0 ses membres\/affili\u00e9s actuels;<\/li>\n<li>trouver et mettre en marche de nouvelles activit\u00e9s susceptibles d&#8217;accro\u00eetre la participation des membres\/affili\u00e9s aux activit\u00e9s de l&#8217;ACP;<\/li>\n<li>multiplier les activit\u00e9s de collaboration entre les diverses cat\u00e9gories de membres\/affili\u00e9s;<\/li>\n<li>organiser la rencontre annuelle des \u00ab Amis de l&#8217;ACP \u00bb pendant le Congr\u00e8s \u00e0 titre de tribune o\u00f9 recevoir directement les commentaires des d\u00e9partements d&#8217;universit\u00e9s de tout le pays;<\/li>\n<li>d\u00e9fendre les int\u00e9r\u00eats des membres\/affili\u00e9s aux r\u00e9unions du conseil d&#8217;administration et du Conseil.<\/li>\n<\/ul>\n<\/li>\n<\/ul>\n<\/li>\n<\/ul>\n<h2>Membres du comit\u00e9 :<\/h2>\n<ul class=\"content-list\">\n<li style=\"list-style-type: none;\">\n<ul class=\"content-list\">\n<li>Dr. Steve Rehse, University of Windsor (Chair)<\/li>\n<li>Dr. Donna Strickland, University of Waterloo<\/li>\n<li>Dr. Ian D\u2019Souza, COM DEV International<\/li>\n<li>Mr. Waqar Muhammad, Dalhousie University<\/li>\n<li>Dr. Christopher Pugh, University of Waterloo<\/li>\n<li>Mr. Richard Taylor, Ottawa-Carleton School Board<\/li>\n<li>Mme Chantal Eth\u00e8ve-Meek,\u00a0Coordinatrice d&#8217;adh\u00e9sions<\/li>\n<\/ul>\n<\/li>\n<\/ul>\n","protected":false},"excerpt":{"rendered":"<p>\u00c0 propos de nous : Le Comit\u00e9 des adh\u00e9sions et affiliations de l&#8217;ACP est pr\u00e9sid\u00e9 par le directeur de l&#8217;ACP &#8211; Services aux membres et affili\u00e9s, et se compose du directeur &#8211; Affaires acad\u00e9miques et des conseillers repr\u00e9sentant respectivement les entreprises membres, les \u00e9tudiants affili\u00e9s, les \u00e9tudiants dipl\u00f4m\u00e9s membres et les enseignants au niveau secondaire\/c\u00e9gep&#8230;  <a class=\"excerpt-read-more\" href=\"https:\/\/cap.ca\/fr\/propos-lacp\/comites\/comite-d-adhesion\/\" title=\"LireComit\u00e9 d\u2019adh\u00e9sion\">Lire la suite &raquo;<\/a><\/p>\n","protected":false},"author":10,"featured_media":0,"parent":3159,"menu_order":215,"comment_status":"closed","ping_status":"closed","template":"","meta":{"footnotes":""},"class_list":["post-3168","page","type-page","status-publish","hentry"],"_links":{"self":[{"href":"https:\/\/cap.ca\/fr\/wp-json\/wp\/v2\/pages\/3168","targetHints":{"allow":["GET"]}}],"collection":[{"href":"https:\/\/cap.ca\/fr\/wp-json\/wp\/v2\/pages"}],"about":[{"href":"https:\/\/cap.ca\/fr\/wp-json\/wp\/v2\/types\/page"}],"author":[{"embeddable":true,"href":"https:\/\/cap.ca\/fr\/wp-json\/wp\/v2\/users\/10"}],"replies":[{"embeddable":true,"href":"https:\/\/cap.ca\/fr\/wp-json\/wp\/v2\/comments?post=3168"}],"version-history":[{"count":6,"href":"https:\/\/cap.ca\/fr\/wp-json\/wp\/v2\/pages\/3168\/revisions"}],"predecessor-version":[{"id":8324,"href":"https:\/\/cap.ca\/fr\/wp-json\/wp\/v2\/pages\/3168\/revisions\/8324"}],"up":[{"embeddable":true,"href":"https:\/\/cap.ca\/fr\/wp-json\/wp\/v2\/pages\/3159"}],"wp:attachment":[{"href":"https:\/\/cap.ca\/fr\/wp-json\/wp\/v2\/media?parent=3168"}],"curies":[{"name":"wp","href":"https:\/\/api.w.org\/{rel}","templated":true}]}}