{"id":3166,"date":"2017-03-09T15:11:55","date_gmt":"2017-03-09T20:11:55","guid":{"rendered":"http:\/\/caph-02.eproofs.ca\/comite-de-communication\/"},"modified":"2025-10-16T10:33:40","modified_gmt":"2025-10-16T14:33:40","slug":"comite-de-communication","status":"publish","type":"page","link":"https:\/\/cap.ca\/fr\/propos-lacp\/comites\/comite-de-communication\/","title":{"rendered":"Comit\u00e9 consultatif sur les communications"},"content":{"rendered":"<p>Pr\u00e9sidente : Barbara Frisken (SFU), directrice int\u00e9rimaire de la communication<\/p>\n<p>Pr\u00e9sidente sortante : Jenny Kliever (Carleton)<\/p>\n<p><strong>Repr\u00e9sentants des partenaires institutionnels et autres participants:<\/strong><\/p>\n<ul class=\"content-list\">\n<li>CLS &#8211; Sandra Ribeiro*<\/li>\n<li>CNL &#8211; Patrick\u00a0Quinn<\/li>\n<li>IQC &#8211; Siobhan Stables<\/li>\n<li>ISARA Corporation &#8211; Martin Laforest<\/li>\n<li>McDonald Institute &#8211; Zachary Kenny<\/li>\n<li>Perimeter Institute &#8211; Jen Giller<\/li>\n<li>QMI &#8211; Shahrzad Abbasi<\/li>\n<li>SNOLAB &#8211; Blaire Flynn*<\/li>\n<li>TRIUMF &#8211; Stuart Shepherd*<\/li>\n<\/ul>\n<p>* confirm\u00e9e pour l&#8217;ann\u00e9e op\u00e9rationnelle 2025-26<\/p>\n","protected":false},"excerpt":{"rendered":"<p>Pr\u00e9sidente : Barbara Frisken (SFU), directrice int\u00e9rimaire de la communication Pr\u00e9sidente sortante : Jenny Kliever (Carleton) Repr\u00e9sentants des partenaires institutionnels et autres participants: CLS &#8211; Sandra Ribeiro* CNL &#8211; Patrick\u00a0Quinn IQC &#8211; Siobhan Stables ISARA Corporation &#8211; Martin Laforest McDonald Institute &#8211; Zachary Kenny Perimeter Institute &#8211; Jen Giller QMI &#8211; Shahrzad Abbasi SNOLAB &#8211;&#8230;  <a class=\"excerpt-read-more\" href=\"https:\/\/cap.ca\/fr\/propos-lacp\/comites\/comite-de-communication\/\" title=\"LireComit\u00e9 consultatif sur les communications\">Lire la suite &raquo;<\/a><\/p>\n","protected":false},"author":10,"featured_media":0,"parent":3159,"menu_order":213,"comment_status":"closed","ping_status":"closed","template":"","meta":{"footnotes":""},"class_list":["post-3166","page","type-page","status-publish","hentry"],"_links":{"self":[{"href":"https:\/\/cap.ca\/fr\/wp-json\/wp\/v2\/pages\/3166","targetHints":{"allow":["GET"]}}],"collection":[{"href":"https:\/\/cap.ca\/fr\/wp-json\/wp\/v2\/pages"}],"about":[{"href":"https:\/\/cap.ca\/fr\/wp-json\/wp\/v2\/types\/page"}],"author":[{"embeddable":true,"href":"https:\/\/cap.ca\/fr\/wp-json\/wp\/v2\/users\/10"}],"replies":[{"embeddable":true,"href":"https:\/\/cap.ca\/fr\/wp-json\/wp\/v2\/comments?post=3166"}],"version-history":[{"count":13,"href":"https:\/\/cap.ca\/fr\/wp-json\/wp\/v2\/pages\/3166\/revisions"}],"predecessor-version":[{"id":27903,"href":"https:\/\/cap.ca\/fr\/wp-json\/wp\/v2\/pages\/3166\/revisions\/27903"}],"up":[{"embeddable":true,"href":"https:\/\/cap.ca\/fr\/wp-json\/wp\/v2\/pages\/3159"}],"wp:attachment":[{"href":"https:\/\/cap.ca\/fr\/wp-json\/wp\/v2\/media?parent=3166"}],"curies":[{"name":"wp","href":"https:\/\/api.w.org\/{rel}","templated":true}]}}