{"id":3165,"date":"2017-03-09T15:11:51","date_gmt":"2017-03-09T20:11:51","guid":{"rendered":"http:\/\/caph-02.eproofs.ca\/comite-de-certification\/"},"modified":"2022-01-12T12:40:55","modified_gmt":"2022-01-12T17:40:55","slug":"comite-de-certification","status":"publish","type":"page","link":"https:\/\/cap.ca\/fr\/propos-lacp\/comites\/comite-de-certification\/","title":{"rendered":"Comit\u00e9 de certification"},"content":{"rendered":"<h2>\u00c0 propos de nous<\/h2>\n<p>Le Comit\u00e9 de <a href=\"https:\/\/cap.ca\/programs\/pphys-certification\/\">certification \u00ab phys.\u00bb<\/a> est l&#8217;organisme charg\u00e9 d&#8217;administrer le programme de d\u00e9signation professionnelle et de certification de l&#8217;ACP. La d\u00e9signation \u00ab phys.\u00bb (physicien professionnel) certifie que la personne titulaire a satisfait aux crit\u00e8res \u00e9tablis par l&#8217;ACP sur les plans professionnel et de l&#8217;\u00e9ducation, et qu&#8217;elle respecte le Code d&#8217;\u00e9thique et de d\u00e9ontologie professionnelle de l&#8217;ACP.<\/p>\n<h2>Notre mission<\/h2>\n<ul class=\"content-list\">\n<li>Administrer et superviser le processus de certification \u00ab phys.\u00bb.<\/li>\n<li>\u00c9valuer les demandes de certification \u00ab phys.\u00bb conform\u00e9ment aux normes et exigences approuv\u00e9es par le conseil de l&#8217;ACP.<\/li>\n<li>Fixer, noter et recommander la note de passage pour l&#8217;examen sur l&#8217;exercice professionnel (EEP) conform\u00e9ment aux normes approuv\u00e9es par la direction de l&#8217;ACP.<\/li>\n<li>D\u00e9terminer et recommander (au besoin) le perfectionnement professionnel continu que les membres peuvent devoir suivre pour \u00eatre s\u00fbrs de pouvoir respecter les conditions actuelles et futures de l&#8217;obtention de la certification \u00ab phys.\u00bb.<\/li>\n<li>Formuler des recommandations quant aux normes d&#8217;\u00e9ducation et d&#8217;exp\u00e9rience professionnelle exig\u00e9es pour se pr\u00e9senter \u00e0 l&#8217;EEP et pour obtenir la certification \u00ab phys.\u00bb.<\/li>\n<li>Recommander des changements au processus de r\u00e9vision de l&#8217;EEP et de la certification \u00ab phys.\u00bb afin d&#8217;am\u00e9liorer le prestige et l&#8217;int\u00e9grit\u00e9 de cette certification et d&#8217;assurer sa conformit\u00e9 aux besoins actuels et futurs de l&#8217;ACP.<\/li>\n<li>On attendra des membres qu&#8217;ils fixent (et notent) une question de l&#8217;EEP et examinent les demandes et renouvellements de certification \u00ab phys.\u00bb.<\/li>\n<li>Les membres doivent accepter de respecter la confidentialit\u00e9 du processus d&#8217;EEP et de certification.<\/li>\n<\/ul>\n<h2>Activit\u00e9s et resourcces de la comit\u00e9 de certification<\/h2>\n<ul class=\"content-list\">\n<li><a href=\"https:\/\/cap.ca\/fr\/activites\/certification-professionnelle-phys\/\">Certification professionelle<\/a><\/li>\n<\/ul>\n<h2>Membres du comit\u00e9<\/h2>\n<ul class=\"content-list\">\n<li>Jean-Marc No\u00ebl, Coll\u00e8ge militaire royal (Pr\u00e9sident)<\/li>\n<li>James Chow, Princess Margaret Cancer Center<\/li>\n<li>Daniel Cluff, CAP Director of Professional Affairs<\/li>\n<li>Shashi Pathak, Director, NIE and Vice Chair, Education Council AWMA, Pittsburgh, USA<\/li>\n<li>Ren\u00e9 Roy, Universit\u00e9 Laval<\/li>\n<li>Michael Steinitz, St. Francis Xavier University<\/li>\n<li>Zin Tun, TVB Associates Inc.<\/li>\n<li>John Walmsley, StarFish Medical<\/li>\n<li>Francine Ford, CAP Executive Director (Ex-officio)<\/li>\n<\/ul>\n","protected":false},"excerpt":{"rendered":"<p>\u00c0 propos de nous Le Comit\u00e9 de certification \u00ab phys.\u00bb est l&#8217;organisme charg\u00e9 d&#8217;administrer le programme de d\u00e9signation professionnelle et de certification de l&#8217;ACP. La d\u00e9signation \u00ab phys.\u00bb (physicien professionnel) certifie que la personne titulaire a satisfait aux crit\u00e8res \u00e9tablis par l&#8217;ACP sur les plans professionnel et de l&#8217;\u00e9ducation, et qu&#8217;elle respecte le Code d&#8217;\u00e9thique&#8230;  <a class=\"excerpt-read-more\" href=\"https:\/\/cap.ca\/fr\/propos-lacp\/comites\/comite-de-certification\/\" title=\"LireComit\u00e9 de certification\">Lire la suite &raquo;<\/a><\/p>\n","protected":false},"author":10,"featured_media":0,"parent":3159,"menu_order":212,"comment_status":"closed","ping_status":"closed","template":"","meta":{"footnotes":""},"class_list":["post-3165","page","type-page","status-publish","hentry"],"_links":{"self":[{"href":"https:\/\/cap.ca\/fr\/wp-json\/wp\/v2\/pages\/3165","targetHints":{"allow":["GET"]}}],"collection":[{"href":"https:\/\/cap.ca\/fr\/wp-json\/wp\/v2\/pages"}],"about":[{"href":"https:\/\/cap.ca\/fr\/wp-json\/wp\/v2\/types\/page"}],"author":[{"embeddable":true,"href":"https:\/\/cap.ca\/fr\/wp-json\/wp\/v2\/users\/10"}],"replies":[{"embeddable":true,"href":"https:\/\/cap.ca\/fr\/wp-json\/wp\/v2\/comments?post=3165"}],"version-history":[{"count":7,"href":"https:\/\/cap.ca\/fr\/wp-json\/wp\/v2\/pages\/3165\/revisions"}],"predecessor-version":[{"id":19623,"href":"https:\/\/cap.ca\/fr\/wp-json\/wp\/v2\/pages\/3165\/revisions\/19623"}],"up":[{"embeddable":true,"href":"https:\/\/cap.ca\/fr\/wp-json\/wp\/v2\/pages\/3159"}],"wp:attachment":[{"href":"https:\/\/cap.ca\/fr\/wp-json\/wp\/v2\/media?parent=3165"}],"curies":[{"name":"wp","href":"https:\/\/api.w.org\/{rel}","templated":true}]}}