{"id":3164,"date":"2017-03-09T15:11:48","date_gmt":"2017-03-09T20:11:48","guid":{"rendered":"http:\/\/caph-02.eproofs.ca\/cps-nouvelles\/"},"modified":"2017-04-05T17:30:39","modified_gmt":"2017-04-05T21:30:39","slug":"cps-nouvelles","status":"publish","type":"page","link":"https:\/\/cap.ca\/fr\/propos-lacp\/comites\/comite-politique-scientifique\/cps-nouvelles\/","title":{"rendered":"Comit\u00e9 de la politique scientifique nouvelles"},"content":{"rendered":"<p>Le Comit\u00e9 de la politique scientifique de l&#8217;ACP maintient un archive de liens aux articles qui se concerne au affaires de la politique scientifique. En surplus des articles choisit par les membres du comit\u00e9, certain liens provient d&#8217;un excellent archive maintenu par Jeff Sharom et qui est situ\u00e9 \u00e0 <a href=\"http:\/\/sciencecanada.blogspot.com\/\">sciencecanada.blogspot.com<\/a> (hautement recommend\u00e9 pour ceux o\u00f9 les mati\u00e8res de la politique scientifique les int\u00e9r\u00eat) et de p\u00e9riodiques comme &#8220;Nature and Science.&#8221; L&#8217;archive est mis-\u00e0-jour environs chaque 1 ou 2 mois, cependant les articles qui sont port\u00e9s \u00e0 notre attention par les membres de l&#8217;ACP peuvent \u00eatre ajout\u00e9s en peu de temps. Si vous trouvez un article reli\u00e9 \u00e0 la politique scientifique qui pourrait int\u00e9resser autres gens, veuilliez envoyer le liens \u00e0 <a href=\"mailto:mmorrow%40mun.ca\">mmorrow@mun.ca<\/a><\/p>\n<ul class=\"content-list\">\n<li><a href=\"http:\/\/www.sciencepolicy.ca\/fr\" target=\"_blank\">Centre de la politique scientifique canadienne<\/a><\/li>\n<li><a href=\"http:\/\/www.physics.mun.ca\/~myke\/CAP_Sci_Pol\/Pol_Link_Archive.html\">Archives des liens portant \u00e0 la politique scientifique pour l&#8217;ACP de Mike Morrow (anglais)<\/a><\/li>\n<\/ul>\n","protected":false},"excerpt":{"rendered":"<p>Le Comit\u00e9 de la politique scientifique de l&#8217;ACP maintient un archive de liens aux articles qui se concerne au affaires de la politique scientifique. En surplus des articles choisit par les membres du comit\u00e9, certain liens provient d&#8217;un excellent archive maintenu par Jeff Sharom et qui est situ\u00e9 \u00e0 sciencecanada.blogspot.com (hautement recommend\u00e9 pour ceux o\u00f9&#8230;  <a class=\"excerpt-read-more\" href=\"https:\/\/cap.ca\/fr\/propos-lacp\/comites\/comite-politique-scientifique\/cps-nouvelles\/\" title=\"LireComit\u00e9 de la politique scientifique nouvelles\">Lire la suite &raquo;<\/a><\/p>\n","protected":false},"author":10,"featured_media":0,"parent":3163,"menu_order":885,"comment_status":"closed","ping_status":"closed","template":"","meta":{"footnotes":""},"class_list":["post-3164","page","type-page","status-publish","hentry"],"_links":{"self":[{"href":"https:\/\/cap.ca\/fr\/wp-json\/wp\/v2\/pages\/3164","targetHints":{"allow":["GET"]}}],"collection":[{"href":"https:\/\/cap.ca\/fr\/wp-json\/wp\/v2\/pages"}],"about":[{"href":"https:\/\/cap.ca\/fr\/wp-json\/wp\/v2\/types\/page"}],"author":[{"embeddable":true,"href":"https:\/\/cap.ca\/fr\/wp-json\/wp\/v2\/users\/10"}],"replies":[{"embeddable":true,"href":"https:\/\/cap.ca\/fr\/wp-json\/wp\/v2\/comments?post=3164"}],"version-history":[{"count":2,"href":"https:\/\/cap.ca\/fr\/wp-json\/wp\/v2\/pages\/3164\/revisions"}],"predecessor-version":[{"id":6612,"href":"https:\/\/cap.ca\/fr\/wp-json\/wp\/v2\/pages\/3164\/revisions\/6612"}],"up":[{"embeddable":true,"href":"https:\/\/cap.ca\/fr\/wp-json\/wp\/v2\/pages\/3163"}],"wp:attachment":[{"href":"https:\/\/cap.ca\/fr\/wp-json\/wp\/v2\/media?parent=3164"}],"curies":[{"name":"wp","href":"https:\/\/api.w.org\/{rel}","templated":true}]}}