{"id":3163,"date":"2017-03-09T15:11:45","date_gmt":"2017-03-09T20:11:45","guid":{"rendered":"http:\/\/caph-02.eproofs.ca\/comite-politique-scientifique\/"},"modified":"2024-08-06T12:39:31","modified_gmt":"2024-08-06T16:39:31","slug":"comite-politique-scientifique","status":"publish","type":"page","link":"https:\/\/cap.ca\/fr\/propos-lacp\/comites\/comite-politique-scientifique\/","title":{"rendered":"Comit\u00e9 de la politique scientifique et du plaidoyer"},"content":{"rendered":"<h2>\u00c0 propos de nous<\/h2>\n<p>Le Comit\u00e9 de la politique scientifique et du plaidoyer de l&#8217;ACP est une ressource cl\u00e9 pour les efforts de l&#8217;Association en mati\u00e8re de politique scientifique et du plaidoyer. \u00c0 titre ind\u00e9pendant et en partenariat avec d&#8217;autres groupes, il a pour r\u00f4le de diriger les efforts de l&#8217;ACP dans la promotion des int\u00e9r\u00eats des physiciens et des scientifiques en g\u00e9n\u00e9ral, et d&#8217;y contribuer de concert avec les d\u00e9cideurs et les bailleurs de fonds. Il est dirig\u00e9 par le Directeur de la politique scientifique et du plaidoyer de l&#8217;ACP.<\/p>\n<h2>Notre mission<\/h2>\n<ul class=\"content-list\">\n<li>Le comit\u00e9 assume la responsabilit\u00e9 principale de l&#8217;\u00e9laboration des positions et des strat\u00e9gies de l&#8217;ACP au sein de l&#8217;ar\u00e8ne de politique scientifique et du plaidoyer.<\/li>\n<li>Il fournit au pr\u00e9sident et au conseil d&#8217;administration de l&#8217;ACP l&#8217;expertise n\u00e9cessaire quand surviennent des enjeux touchant les politiques scientifiques et plaidoyer.<\/li>\n<li>Il attire l&#8217;attention de l&#8217;ex\u00e9cutif et des membres de l&#8217;ACP sur les nouvelles \u00e9manant du domaine de la politique scientifique et du plaidoyer, particuli\u00e8rement quand il entrevoit des probl\u00e8mes ou des occasions d&#8217;\u00e9panouissement.<\/li>\n<li>Il aide le pr\u00e9sident et d&#8217;autres personnes en participant \u00e0 la r\u00e9daction de lettres et d&#8217;autres moyens de communication visant les responsables de l&#8217;orientation des politiques et les bailleurs de fonds.<\/li>\n<li>Il dirige l&#8217;\u00e9laboration et la r\u00e9daction d&#8217;autres \u00e9nonc\u00e9s de position, dont la plus notable est la pr\u00e9sentation annuelle du m\u00e9moire de l&#8217;ACP au Comit\u00e9 des finances de la Chambre des communes.<\/li>\n<li>Il dirige tous les autres efforts de l&#8217;ACP \u00e0 l&#8217;\u00e9gard de la d\u00e9fense des physiciens.<\/li>\n<li>Il est le principal moyen de liaison entre l&#8217;ACP et <a href=\"http:\/\/ccr-ccr.ca\/\" target=\"_blank\" rel=\"noopener noreferrer\">le Consortium canadien pour la recherche (CCR)<\/a>, entit\u00e9 de d\u00e9fense du domaine scientifique chapeautant toutes les soci\u00e9t\u00e9s scientifiques canadiennes, au sein duquel l&#8217;ACP a toujours jou\u00e9 un r\u00f4le de chef de file.<\/li>\n<li>Il participe \u00e0 la Conf\u00e9rence sur les <a href=\"http:\/\/sciencepolicy.ca\/fr\">politiques scientifiques canadiennes<\/a>.<\/li>\n<li>Il participe au Partenariat en faveur des <a href=\"http:\/\/pagse.org\/fr\/main.htm\">sciences et de la technologie<\/a> pour renseigner les parlementaires sur les derniers progr\u00e8s en sciences et en physique.<\/li>\n<li>Le Comit\u00e9 aide \u00e0 l&#8217;organisation des s\u00e9ances de politiques scientifiques et du plaidoyer lors du Congr\u00e8s annuel de l&#8217;ACP.<\/li>\n<\/ul>\n<h2><a href=\"https:\/\/cap.ca\/fr\/politique-scientifique\/activites-gouvernement-politique-scientifique\/\">Nouvelles et ressources de la comit\u00e9 de la politique scientifique et du plaidoyer<\/a><\/h2>\n<p>&nbsp;<\/p>\n<h2>Membres du comit\u00e9<\/h2>\n<ul class=\"content-list\">\n<li>James Fraser, Queen&#8217;s U. (Pr\u00e9sident)<\/li>\n<li>Daniel Banks, TVB Associates Inc.<\/li>\n<li>John Bechhoefer, Simon Fraser U.<\/li>\n<li>Melanie Campbell, Waterloo<\/li>\n<li>Ian D&#8217;Souza, Honeywell<\/li>\n<li>Jens Dilling, TRIUMF<\/li>\n<li>Gordon Drake, Windsor<\/li>\n<li>John Dutcher, Guelph<\/li>\n<li>Robert Fedosejevs, Alberta<\/li>\n<li>Francine Ford, CAP<\/li>\n<li>Barbara Frisken, Simon Fraser<\/li>\n<li>Bruce Gaulin, McMaster<\/li>\n<li>Aimee Gunther, NRC<\/li>\n<li>Sean Lee, TRIUMF<\/li>\n<li>Richard MacKenzie, Montr\u00e9al<\/li>\n<li>Mike Morrow, Memorial<\/li>\n<li>Michael O&#8217;Neill (retired)<\/li>\n<li>Stephen Pistorius, Manitoba<\/li>\n<li>Kris Poduska, Memorial<\/li>\n<li>Maikel Rheinstadter, McMaster<\/li>\n<li>Steven Robertson, IPP\/U.Alberta<\/li>\n<li>Matthew Robbins, Waterloo<\/li>\n<li>J. Michael Roney, Victoria<\/li>\n<li>Adam J. Sarty, St. Mary&#8217;s<\/li>\n<li>Michael Steinitz, St. Francis Xavier<\/li>\n<li>Donna Strickland, U.Waterloo<\/li>\n<li>Robert I. Thompson, Calgary<\/li>\n<li>William Whelan, UPEI<\/li>\n<li>Zahra Yamani, CNL<\/li>\n<\/ul>\n<p>Si vous \u00eates un membre de l\u2019ACP int\u00e9ress\u00e9 par la politique scientifique et le plaidoyer et que vous \u00eates pr\u00eat \u00e0 participer activement, communiquez avec le pr\u00e9sident du comit\u00e9, James Fraser, \u00e0 james[dot]fraser[at]queensu[dot]ca.<\/p>\n","protected":false},"excerpt":{"rendered":"<p>\u00c0 propos de nous Le Comit\u00e9 de la politique scientifique et du plaidoyer de l&#8217;ACP est une ressource cl\u00e9 pour les efforts de l&#8217;Association en mati\u00e8re de politique scientifique et du plaidoyer. \u00c0 titre ind\u00e9pendant et en partenariat avec d&#8217;autres groupes, il a pour r\u00f4le de diriger les efforts de l&#8217;ACP dans la promotion des&#8230;  <a class=\"excerpt-read-more\" href=\"https:\/\/cap.ca\/fr\/propos-lacp\/comites\/comite-politique-scientifique\/\" title=\"LireComit\u00e9 de la politique scientifique et du plaidoyer\">Lire la suite &raquo;<\/a><\/p>\n","protected":false},"author":10,"featured_media":0,"parent":3159,"menu_order":211,"comment_status":"closed","ping_status":"closed","template":"","meta":{"footnotes":""},"class_list":["post-3163","page","type-page","status-publish","hentry"],"_links":{"self":[{"href":"https:\/\/cap.ca\/fr\/wp-json\/wp\/v2\/pages\/3163","targetHints":{"allow":["GET"]}}],"collection":[{"href":"https:\/\/cap.ca\/fr\/wp-json\/wp\/v2\/pages"}],"about":[{"href":"https:\/\/cap.ca\/fr\/wp-json\/wp\/v2\/types\/page"}],"author":[{"embeddable":true,"href":"https:\/\/cap.ca\/fr\/wp-json\/wp\/v2\/users\/10"}],"replies":[{"embeddable":true,"href":"https:\/\/cap.ca\/fr\/wp-json\/wp\/v2\/comments?post=3163"}],"version-history":[{"count":14,"href":"https:\/\/cap.ca\/fr\/wp-json\/wp\/v2\/pages\/3163\/revisions"}],"predecessor-version":[{"id":25580,"href":"https:\/\/cap.ca\/fr\/wp-json\/wp\/v2\/pages\/3163\/revisions\/25580"}],"up":[{"embeddable":true,"href":"https:\/\/cap.ca\/fr\/wp-json\/wp\/v2\/pages\/3159"}],"wp:attachment":[{"href":"https:\/\/cap.ca\/fr\/wp-json\/wp\/v2\/media?parent=3163"}],"curies":[{"name":"wp","href":"https:\/\/api.w.org\/{rel}","templated":true}]}}