{"id":3161,"date":"2017-03-09T15:11:38","date_gmt":"2017-03-09T20:11:38","guid":{"rendered":"http:\/\/caph-02.eproofs.ca\/comite-cnilc\/"},"modified":"2024-12-10T14:53:54","modified_gmt":"2024-12-10T19:53:54","slug":"comite-cnilc","status":"publish","type":"page","link":"https:\/\/cap.ca\/fr\/propos-lacp\/comites\/comite-cnilc\/","title":{"rendered":"Comit\u00e9 national canadien de liaison avec l&#8217;UIPPA (CNILC)"},"content":{"rendered":"<p>Le CNILC est le Comit\u00e9 national canadien qui assure la liaison avec <a href=\"http:\/\/iupap.org\/\">l\u2019Union internationale de physique pure et appliqu\u00e9e<\/a> (UIPPA). Il est pr\u00e9sid\u00e9 par le directeur des Affaires internationales de l\u2019ACP et comprend le secr\u00e9taire du CNILC, un observateur de l\u2019organe international qui adh\u00e8re \u00e0 l\u2019UIPPA (CNRC) et cinq membres de l\u2019ACP repr\u00e9sentant diverses sous-disciplines de la physique. Les membres de la Commission canadienne de l\u2019UIPPA sont membres d\u2019office du CNILC. Les repr\u00e9sentants de l\u2019ACP sont nomm\u00e9s pour une p\u00e9riode de trois ans et un ou deux membres sont remplac\u00e9s chaque ann\u00e9e.<\/p>\n<h2>Notre mandat<\/h2>\n<ul class=\"content-list\">\n<li>aider \u00e0 l\u2019essor de la physique dans le monde, de favoriser la coop\u00e9ration internationale en physique et de favoriser l\u2019application de la physique \u00e0 la solution des probl\u00e8mes qui inqui\u00e8tent l\u2019humanit\u00e9.<\/li>\n<li>parraine de 20 \u00e0 30 conf\u00e9rences internationales et en subventionne certaines chaque ann\u00e9e.<\/li>\n<li>toutes les Commissions de l\u2019UIPPA demandent des candidatures aux <a href=\"http:\/\/iupap.org\/young-scientist-prize\/\">Prix de l\u2019UIPPA pour jeunes scientifiques<\/a>.<\/li>\n<\/ul>\n<p>&nbsp;<\/p>\n<h2>Membres du comit\u00e9<\/h2>\n<ul class=\"content-list\">\n<li><a href=\"mailto:stelzer-chilton@triumf.ca\">Oliver Stelzer-Chilton<\/a>, TRIUMF (Pr\u00e9sident)<\/li>\n<li><a href=\"mailto:ritu@triumf.ca\">Rituparna\u00a0 Kanungo<\/a>, TRIUMF (Pr\u00e9sidente sortante)<\/li>\n<li><a href=\"mailto:andre.staudte@nrc.ca\">Andre Staudta<\/a>, NRC (Secr\u00e9taire)<\/li>\n<li>Terry Romano, NRC (Observateur)<\/li>\n<\/ul>\n<p>&nbsp;<\/p>\n<h2><strong><span style=\"font-size: 14pt;\">Membres de la Commission de l&#8217;UIPPA :<br \/>\n(mandats \u00e0 partir de 2022-2025)<\/span><\/strong><\/h2>\n<table style=\"width: 100%; height: 970px;\" width=\"833\">\n<tbody>\n<tr>\n<td style=\"width: 14.7743%;\" width=\"140\"><strong>Nom<\/strong><\/td>\n<td style=\"width: 9.98632%;\" width=\"67\"><strong>Section<\/strong><\/td>\n<td style=\"width: 20.7934%;\" width=\"275\"><strong>Description<\/strong><\/td>\n<td style=\"width: 38.8509%;\" width=\"184\"><strong>E-mail <\/strong><\/td>\n<td style=\"width: 15.4583%;\" width=\"168\"><strong>Affiliation<\/strong><\/td>\n<\/tr>\n<tr>\n<td style=\"width: 14.7743%;\" width=\"140\">Ania Kwiatkowski<br \/>\n<span style=\"font-size: 10pt;\">(Chair)<\/span><\/td>\n<td style=\"width: 9.98632%;\" width=\"67\">C2<\/td>\n<td style=\"width: 20.7934%;\" width=\"275\">Commission on Symbols, Units, Nomenclature, Atomic Masses and Fundamental Constants<\/td>\n<td style=\"width: 38.8509%;\" width=\"184\"><u><a href=\"mailto:aniak@triumf.ca\">aniak[at]triumf[dot]ca<\/a><\/u><\/td>\n<td style=\"width: 15.4583%;\" width=\"168\">TRIUMF<\/td>\n<\/tr>\n<tr>\n<td style=\"width: 14.7743%;\">Robert Stamps<br \/>\n<span style=\"font-size: 10pt;\">(associate member)<\/span><\/td>\n<td style=\"width: 9.98632%;\">C3<\/td>\n<td style=\"width: 20.7934%;\">Statistical Physics<\/td>\n<td style=\"width: 38.8509%;\"><a href=\"mailto:robert.stamps@umanitoba.ca\">robert[dot]stamps[at]umanitoba[dot]ca<\/a><\/td>\n<td style=\"width: 15.4583%;\">University of Manitoba<\/td>\n<\/tr>\n<tr>\n<td style=\"width: 14.7743%;\" width=\"140\">Andy Sachrajda<br \/>\n<span style=\"font-size: 10pt;\">(Vice-Chair)<\/span><\/td>\n<td style=\"width: 9.98632%;\" width=\"67\">C8<\/td>\n<td style=\"width: 20.7934%;\" width=\"275\">Commission on Semiconductors<\/td>\n<td style=\"width: 38.8509%;\" width=\"184\"><u><a href=\"mailto:andy.sachrajda@nrc.ca\">andy[dot]sachrajda[at]nrc[dot]ca<\/a><\/u><\/td>\n<td style=\"width: 15.4583%;\" width=\"168\">NRC<\/td>\n<\/tr>\n<tr>\n<td style=\"width: 14.7743%;\" width=\"140\">Robert Stamps<br \/>\n<span style=\"font-size: 10pt;\">(member)<\/span><\/td>\n<td style=\"width: 9.98632%;\" width=\"67\">C9<\/td>\n<td style=\"width: 20.7934%;\" width=\"275\">Commission on Magnetism<\/td>\n<td style=\"width: 38.8509%;\" width=\"184\"><a href=\"mailto:robert.stamps@umanitoba.ca\">robert[dot]stamps[at]umanitoba[dot]ca<\/a><\/td>\n<td style=\"width: 15.4583%;\" width=\"168\">University of Manitoba<\/td>\n<\/tr>\n<tr>\n<td style=\"width: 14.7743%;\" width=\"140\">Graeme Luke<br \/>\n<span style=\"font-size: 10pt;\">(member)<\/span><\/td>\n<td style=\"width: 9.98632%;\" width=\"67\">C10<\/td>\n<td style=\"width: 20.7934%;\" width=\"275\">Commission on Structure and Dynamics of Condensed Matter<\/td>\n<td style=\"width: 38.8509%;\" width=\"184\"><u><a href=\"mailto:luke@mcmaster.ca\">luke[at]mcmaster[dot]ca<\/a><\/u><\/td>\n<td style=\"width: 15.4583%;\" width=\"168\">McMaster<\/td>\n<\/tr>\n<tr>\n<td style=\"width: 14.7743%;\" width=\"140\">Oliver Stelzer-Chilton<br \/>\n<span style=\"font-size: 10pt;\">(associate member)<\/span><\/td>\n<td style=\"width: 9.98632%;\" width=\"67\">C11<\/td>\n<td style=\"width: 20.7934%;\" width=\"275\">Commission on Particles and Fields<\/td>\n<td style=\"width: 38.8509%;\" width=\"184\"><u><a href=\"mailto:Brigitte.Vachon@McGill.ca\">Brigitte[dot]Vachon[at]McGill[dot]ca<\/a><\/u><\/td>\n<td style=\"width: 15.4583%;\" width=\"168\">McGill<\/td>\n<\/tr>\n<tr>\n<td style=\"width: 14.7743%;\" width=\"140\">Iris Dillman<br \/>\n<span style=\"font-size: 10pt;\">(member)<\/span><\/td>\n<td style=\"width: 9.98632%;\" width=\"67\">C12<\/td>\n<td style=\"width: 20.7934%;\" width=\"275\">Commission on Nuclear Physics<\/td>\n<td style=\"width: 38.8509%;\" width=\"184\"><u><a href=\"mailto:dillmann@triumf.ca\">dillmann[at]triumf[dot]ca<\/a><\/u><\/td>\n<td style=\"width: 15.4583%;\" width=\"168\">TRIUMF<\/td>\n<\/tr>\n<tr>\n<td style=\"width: 14.7743%;\" width=\"140\">Michael Steinitz<br \/>\n<span style=\"font-size: 10pt;\">(member)<\/span><\/td>\n<td style=\"width: 9.98632%;\" width=\"67\">C13<\/td>\n<td style=\"width: 20.7934%;\" width=\"275\">Commission on Physics for Development<\/td>\n<td style=\"width: 38.8509%;\" width=\"184\"><u><a href=\"mailto:msteinit@stfx.ca\">msteinit[at]stfx[dot]ca<\/a><\/u><\/td>\n<td style=\"width: 15.4583%;\" width=\"168\">STFX<\/td>\n<\/tr>\n<tr>\n<td style=\"width: 14.7743%;\" width=\"140\">Tetyana Antimirova<br \/>\n<span style=\"font-size: 10pt;\">(Chair)<\/span><\/td>\n<td style=\"width: 9.98632%;\" width=\"67\">C14<\/td>\n<td style=\"width: 20.7934%;\" width=\"275\">Commission on Physics Education<\/td>\n<td style=\"width: 38.8509%;\" width=\"184\"><u><a href=\"mailto:antimiro@torontomu.ca\">antimiro[at]torontomu[dot]ca<\/a><\/u><\/td>\n<td style=\"width: 15.4583%;\" width=\"168\">Toronto Metropolitan University<\/td>\n<\/tr>\n<tr>\n<td style=\"width: 14.7743%;\">Heide Ibrahim<br \/>\n<span style=\"font-size: 10pt;\">(member)<\/span><\/td>\n<td style=\"width: 9.98632%;\">C15<\/td>\n<td style=\"width: 20.7934%;\">Atomic, Molecular and Optical Physics<\/td>\n<td style=\"width: 38.8509%;\"><a href=\"mailto:heide.ibrahim@inrs.ca\">heide[dot]ibrahim[at]inrs[dot]ca<\/a><\/td>\n<td style=\"width: 15.4583%;\">INRS<\/td>\n<\/tr>\n<tr>\n<td style=\"width: 14.7743%;\" width=\"140\"><\/td>\n<td style=\"width: 9.98632%;\" width=\"67\">C16<\/td>\n<td style=\"width: 20.7934%;\" width=\"275\">Commission on Plasma Physics<\/td>\n<td style=\"width: 38.8509%;\" width=\"184\"><\/td>\n<td style=\"width: 15.4583%;\" width=\"168\"><\/td>\n<\/tr>\n<tr>\n<td style=\"width: 14.7743%;\" width=\"140\">Patrizio Antici<br \/>\n<span style=\"font-size: 10pt;\">(associate member)<\/span><\/td>\n<td style=\"width: 9.98632%;\" width=\"67\">C17<\/td>\n<td style=\"width: 20.7934%;\" width=\"275\">Commission on Laser Physics and Photonics<\/td>\n<td style=\"width: 38.8509%;\" width=\"184\"><a href=\"mailto:antici@emt.inrs.ca\">antici[at]emt[dot]inrs[dot]ca<\/a><\/td>\n<td style=\"width: 15.4583%;\" width=\"168\">EMT-INRS<\/td>\n<\/tr>\n<tr>\n<td style=\"width: 14.7743%;\" width=\"140\">Arundhati Dasgupta<br \/>\n<span style=\"font-size: 10pt;\">(member)<\/span><\/td>\n<td style=\"width: 9.98632%;\" width=\"67\">C18<\/td>\n<td style=\"width: 20.7934%;\" width=\"275\">Commission on Mathematical Physics<\/td>\n<td style=\"width: 38.8509%;\" width=\"184\"><a href=\"mailto:arundhati.dasgupta@uleth.ca\">arundhati[dot]dasgupta[at]uleth[dot]ca<\/a><\/td>\n<td style=\"width: 15.4583%;\" width=\"168\">University of Lethbridge<\/td>\n<\/tr>\n<\/tbody>\n<\/table>\n<p>&nbsp;<\/p>\n<h2><span style=\"font-size: 14pt;\">Membres qui repr\u00e9sentent l&#8217;ACP:<\/span><\/h2>\n<table style=\"width: 731px;\" width=\"659\">\n<tbody>\n<tr>\n<td style=\"width: 274px;\" width=\"247\"><strong>Nom<\/strong><\/td>\n<td style=\"width: 244px;\" width=\"220\"><strong>Representative<\/strong><\/td>\n<td style=\"width: 115px;\" width=\"104\"><strong>D\u00e9but<\/strong><\/td>\n<td style=\"width: 98px;\" width=\"88\"><strong>Fin<\/strong><\/td>\n<\/tr>\n<tr>\n<td style=\"width: 274px;\" width=\"247\">Physique g\u00e9n\u00e9rale<\/td>\n<td style=\"width: 244px;\" width=\"220\">Andre Staudte<br \/>\nCNRC<\/td>\n<td style=\"width: 115px;\" width=\"104\">2017<\/td>\n<td style=\"width: 98px;\" width=\"88\">2026<\/td>\n<\/tr>\n<tr>\n<td style=\"width: 274px;\" width=\"247\">Mati\u00e8re condens\u00e9e, physique statistique et m\u00e9soscopique<\/td>\n<td style=\"width: 244px;\" width=\"220\">Sjoerd Roorda<br \/>\nUniversit\u00e9 de Montr\u00e9al<\/td>\n<td style=\"width: 115px;\" width=\"104\">2023<\/td>\n<td style=\"width: 98px;\" width=\"88\">2026<\/td>\n<\/tr>\n<tr>\n<td style=\"width: 274px;\" width=\"247\">Physique th\u00e9orique et math\u00e9matiques<\/td>\n<td style=\"width: 244px;\" width=\"220\">Saeed Rastgoo<br \/>\nUniversity of Alberta<\/td>\n<td style=\"width: 115px;\" width=\"104\">2023<\/td>\n<td style=\"width: 98px;\" width=\"88\">2026<\/td>\n<\/tr>\n<tr>\n<td style=\"width: 274px;\" width=\"247\">Physique subatomique et astrophysique<\/td>\n<td style=\"width: 244px;\" width=\"220\">Bernd Stelzer<br \/>\nSimon Fraser University<\/td>\n<td style=\"width: 115px;\" width=\"104\">2023<\/td>\n<td style=\"width: 98px;\" width=\"88\">2026<\/td>\n<\/tr>\n<tr>\n<td style=\"width: 274px;\" width=\"247\">Physique m\u00e9dicale et biologique<\/td>\n<td style=\"width: 244px;\" width=\"220\">Monica Stachura<br \/>\nTRIUMF<\/td>\n<td style=\"width: 115px;\" width=\"104\">2020<\/td>\n<td style=\"width: 98px;\" width=\"88\">2026<\/td>\n<\/tr>\n<tr>\n<td style=\"width: 274px;\" width=\"247\">\u00c9ducation et d\u00e9veloppement<\/td>\n<td style=\"width: 244px;\" width=\"220\">Svetlana Barkanova<br \/>\nMUN (Grenfell)<\/td>\n<td style=\"width: 115px;\" width=\"104\">2023<\/td>\n<td style=\"width: 98px;\" width=\"88\">2026<\/td>\n<\/tr>\n<\/tbody>\n<\/table>\n<p>&nbsp;<\/p>\n<h2><span style=\"font-size: 14pt;\">Repr\u00e9sentation canadienne au sein des comit\u00e9s et groupes de travail de l&#8217;UIPPA :<\/span><\/h2>\n<table style=\"width: 100%;\" width=\"957\">\n<tbody>\n<tr>\n<td style=\"width: 17.2367%;\" width=\"159\"><strong>Nom<\/strong><\/td>\n<td style=\"width: 14.6375%;\" width=\"187\"><strong>Affiliation<\/strong><\/td>\n<td style=\"width: 15.4583%;\" width=\"91\"><strong>Fonction<\/strong><\/td>\n<td style=\"width: 32.6949%;\" width=\"383\"><strong>IUPAP Committee<\/strong><\/td>\n<td style=\"width: 9.98632%;\" width=\"75\"><strong>Start<\/strong><\/td>\n<td style=\"width: 9.84952%;\" width=\"64\"><strong>End<\/strong><\/td>\n<\/tr>\n<tr>\n<td style=\"width: 17.2367%;\" width=\"159\">Richard Teuscher<\/td>\n<td style=\"width: 14.6375%;\" width=\"187\">CERN<\/td>\n<td style=\"width: 15.4583%;\" width=\"91\">Member<\/td>\n<td style=\"width: 32.6949%;\" width=\"383\">WG1: International Committee for Future Accelerators (ICFA)<\/td>\n<td style=\"width: 9.98632%;\" width=\"75\">2023<\/td>\n<td style=\"width: 9.84952%;\" width=\"64\"><\/td>\n<\/tr>\n<tr>\n<td style=\"width: 17.2367%;\" width=\"159\">Tsuneyuki Ozaki<\/td>\n<td style=\"width: 14.6375%;\" width=\"187\">INRS<\/td>\n<td style=\"width: 15.4583%;\" width=\"91\">Member<\/td>\n<td style=\"width: 32.6949%;\" width=\"383\">WG7: International Committee on Ultrahigh Intensity Lasers (ICUIL)<\/td>\n<td style=\"width: 9.98632%;\" width=\"75\">Ongoing<\/td>\n<td style=\"width: 9.84952%;\" width=\"64\"><\/td>\n<\/tr>\n<tr>\n<td style=\"width: 17.2367%;\" width=\"159\">Iris Dillmann<\/td>\n<td style=\"width: 14.6375%;\" width=\"187\">TRIUMF<\/td>\n<td style=\"width: 15.4583%;\" width=\"91\">Secretary<\/td>\n<td style=\"width: 32.6949%;\" width=\"383\">WG9: Working Group on International Cooperation in Nuclear Physics (ICNP)<\/td>\n<td style=\"width: 9.98632%;\" width=\"75\">2019<\/td>\n<td style=\"width: 9.84952%;\" width=\"64\"><\/td>\n<\/tr>\n<tr>\n<td style=\"width: 17.2367%;\" width=\"159\">Nigel Smith<\/td>\n<td style=\"width: 14.6375%;\" width=\"187\">TRIUMF<\/td>\n<td style=\"width: 15.4583%;\" width=\"91\">Member<\/td>\n<td style=\"width: 32.6949%;\" width=\"383\">WG9: Working Group on International Cooperation in Nuclear Physics (ICNP)<\/td>\n<td style=\"width: 9.98632%;\" width=\"75\">2019<\/td>\n<td style=\"width: 9.84952%;\" width=\"64\"><\/td>\n<\/tr>\n<tr>\n<td style=\"width: 17.2367%;\" width=\"159\">Luis Lehner<\/td>\n<td style=\"width: 14.6375%;\" width=\"187\">Perimeter Institute<\/td>\n<td style=\"width: 15.4583%;\" width=\"91\">Member<\/td>\n<td style=\"width: 32.6949%;\" width=\"383\">WG11: Gravitational Wave International Committee (GWIC)<\/td>\n<td style=\"width: 9.98632%;\" width=\"75\">2018<\/td>\n<td style=\"width: 9.84952%;\" width=\"64\"><\/td>\n<\/tr>\n<tr>\n<td style=\"width: 17.2367%;\" width=\"159\">Harold Parks<\/td>\n<td style=\"width: 14.6375%;\" width=\"187\">NRC<\/td>\n<td style=\"width: 15.4583%;\" width=\"91\">Member<\/td>\n<td style=\"width: 32.6949%;\" width=\"383\">WG13: Newtonian Constant of Gravitation<\/td>\n<td style=\"width: 9.98632%;\" width=\"75\">Ongoing<\/td>\n<td style=\"width: 9.84952%;\" width=\"64\"><\/td>\n<\/tr>\n<tr>\n<td style=\"width: 17.2367%;\" width=\"159\">Eugenia Kumacheva<\/td>\n<td style=\"width: 14.6375%;\" width=\"187\">U of Toronto<\/td>\n<td style=\"width: 15.4583%;\" width=\"91\">Member<\/td>\n<td style=\"width: 32.6949%;\" width=\"383\">WG15: Soft Matter<\/td>\n<td style=\"width: 9.98632%;\" width=\"75\">Ongoing<\/td>\n<td style=\"width: 9.84952%;\" width=\"64\"><\/td>\n<\/tr>\n<tr>\n<td style=\"width: 17.2367%;\">Shohini Ghose<\/td>\n<td style=\"width: 14.6375%;\">Wilfrid Laurier<\/td>\n<td style=\"width: 15.4583%;\">Chair<\/td>\n<td style=\"width: 32.6949%;\">WG19:\u00a0 Quantum Science and Technology<\/td>\n<td style=\"width: 9.98632%;\">Ongoing<\/td>\n<td style=\"width: 9.84952%;\"><\/td>\n<\/tr>\n<\/tbody>\n<\/table>\n<h2><\/h2>\n<h2>Appel de candidatures<\/h2>\n<p>Chaque ann\u00e9e, on demande des candidatures pour remplacer les repr\u00e9sentants de l\u2019ACP dont le mandat \u00e9choit durant la prochaine ann\u00e9e. Les candidats doivent repr\u00e9senter la m\u00eame sous-discipline de la physique que le repr\u00e9sentant dont le mandat prend fin.<\/p>\n<p>Une lettre officielle de mise en candidature, comprenant le curriculum vitae du candidat et une br\u00e8ve description de sa participation \u00e0 des activit\u00e9s internationales, doit \u00eatre envoy\u00e9e par courriel au plus tard le 30 novembre au pr\u00e9sident du comit\u00e9 (<a href=\"mailto:stelzer-chilton@triumf.ca\">stelzer-chilton[at]triumf[dot]ca<\/a>) avec une copie \u00e0 la directrice ex\u00e9cutive (<a href=\"mailto:execdir@cap.ca\"><u>execdir@cap.ca<\/u><\/a>).<\/p>\n<p>.<\/p>\n","protected":false},"excerpt":{"rendered":"<p>Le CNILC est le Comit\u00e9 national canadien qui assure la liaison avec l\u2019Union internationale de physique pure et appliqu\u00e9e (UIPPA). Il est pr\u00e9sid\u00e9 par le directeur des Affaires internationales de l\u2019ACP et comprend le secr\u00e9taire du CNILC, un observateur de l\u2019organe international qui adh\u00e8re \u00e0 l\u2019UIPPA (CNRC) et cinq membres de l\u2019ACP repr\u00e9sentant diverses sous-disciplines&#8230;  <a class=\"excerpt-read-more\" href=\"https:\/\/cap.ca\/fr\/propos-lacp\/comites\/comite-cnilc\/\" title=\"LireComit\u00e9 national canadien de liaison avec l&#8217;UIPPA (CNILC)\">Lire la suite &raquo;<\/a><\/p>\n","protected":false},"author":10,"featured_media":0,"parent":3159,"menu_order":210,"comment_status":"closed","ping_status":"closed","template":"","meta":{"footnotes":""},"class_list":["post-3161","page","type-page","status-publish","hentry"],"_links":{"self":[{"href":"https:\/\/cap.ca\/fr\/wp-json\/wp\/v2\/pages\/3161","targetHints":{"allow":["GET"]}}],"collection":[{"href":"https:\/\/cap.ca\/fr\/wp-json\/wp\/v2\/pages"}],"about":[{"href":"https:\/\/cap.ca\/fr\/wp-json\/wp\/v2\/types\/page"}],"author":[{"embeddable":true,"href":"https:\/\/cap.ca\/fr\/wp-json\/wp\/v2\/users\/10"}],"replies":[{"embeddable":true,"href":"https:\/\/cap.ca\/fr\/wp-json\/wp\/v2\/comments?post=3161"}],"version-history":[{"count":10,"href":"https:\/\/cap.ca\/fr\/wp-json\/wp\/v2\/pages\/3161\/revisions"}],"predecessor-version":[{"id":26105,"href":"https:\/\/cap.ca\/fr\/wp-json\/wp\/v2\/pages\/3161\/revisions\/26105"}],"up":[{"embeddable":true,"href":"https:\/\/cap.ca\/fr\/wp-json\/wp\/v2\/pages\/3159"}],"wp:attachment":[{"href":"https:\/\/cap.ca\/fr\/wp-json\/wp\/v2\/media?parent=3161"}],"curies":[{"name":"wp","href":"https:\/\/api.w.org\/{rel}","templated":true}]}}