{"id":3160,"date":"2017-03-09T15:11:34","date_gmt":"2017-03-09T20:11:34","guid":{"rendered":"http:\/\/caph-02.eproofs.ca\/comite-de-liaison-acp-crsng\/"},"modified":"2026-04-21T18:02:37","modified_gmt":"2026-04-21T22:02:37","slug":"comite-de-liaison-acp-crsng","status":"publish","type":"page","link":"https:\/\/cap.ca\/fr\/propos-lacp\/comites\/comite-de-liaison-acp-crsng\/","title":{"rendered":"Comit\u00e9 de Liaison ACP-CRSNG"},"content":{"rendered":"<h2>\u00c0 propos de nous<\/h2>\n<p>Le Comit\u00e9 de liaison sert de trait d&#8217;union avec la collectivit\u00e9 canadienne de la recherche en physique, sans lien de d\u00e9pendance ni de l&#8217;ACP ni du <a href=\"http:\/\/www.nserc-crsng.gc.ca\/index_fra.asp\" target=\"_blank\" rel=\"noopener noreferrer\">CRSNG<\/a>. Son premier but est de cerner, examiner et analyser les possibilit\u00e9s que la collectivit\u00e9 canadienne de la recherche en physique pourrait saisir ou exploiter et les d\u00e9fis qu&#8217;elle pourrait devoir affronter dans son souci d&#8217;\u00eatre \u00e0 la fine pointe de la recherche au niveau international. En particulier, nous recherchons les facteurs qui sont essentiels au succ\u00e8s de la physique canadienne \u00e0 ce jour et formulons des recommandations quant \u00e0 la mani\u00e8re dont la collectivit\u00e9 canadienne de la recherche en physique pourrait exploiter son r\u00f4le de premier plan sur la sc\u00e8ne internationale et am\u00e9liorer le climat de la recherche en physique au Canada. Cela se fonde sur une analyse quantitative de donn\u00e9es factuelles \u00e9manant entre autres de l&#8217;apport de la collectivit\u00e9 canadienne de la recherche en physique.<\/p>\n<h2>Notre mandat<\/h2>\n<ul class=\"content-list\">\n<li>la mise au jour, la discussion et l\u2019analyse des possibilit\u00e9s que le milieu canadien de la recherche en physique pourrait saisir ou mettre \u00e0 profit et les d\u00e9fis auxquels il pourrait faire face dans sa d\u00e9marche visant \u00e0 \u00eatre \u00e0 l\u2019avant-garde de la recherche sur la sc\u00e8ne internationale;<\/li>\n<li>la communication, la discussion et l\u2019analyse des suggestions du milieu canadien de la recherche en physique concernant les programmes du CRSNG;<\/li>\n<li>la communication des faits nouveaux au CRSNG qui ont une incidence sur le milieu canadien de la recherche en physique, notamment la communication des r\u00e9sultats des concours, les modifications au processus d\u2019\u00e9valuation par les pairs ou les nouveaux programmes ou processus;<\/li>\n<li>l\u2019analyse des questions susceptibles d\u2019aider \u00e0 informer le pr\u00e9sident de groupe aux fins de sa participation au Comit\u00e9 des subventions et des bourses (CSB).<\/li>\n<\/ul>\n<h2>Nouvelles et ressources de la Comit\u00e9 de Liaison ACP-CRSNG<\/h2>\n<p>Pour les derni\u00e8res nouvelles concernant les activit\u00e9s du Comit\u00e9, veuillez visiter son site web au <a href=\"http:\/\/www.phys-acp-crsng.org\"><u>http:\/\/www.phys-acp-crsng.org<\/u><\/a>.<\/p>\n<h2>Membres du comit\u00e9<\/h2>\n<ul class=\"content-list\">\n<li>Melanie Martin, University of Winnipeg &#8211; pr\u00e9sidente du Comit\u00e9 de liaison (jusqu&#8217;au juin 2028)<\/li>\n<li>Kimberley Hall, Dalhousie University &#8211; physique quantique et physique de la mati\u00e8re condens\u00e9e molle (jusqu&#8217;au juin 2027)<\/li>\n<li>Richard Marchand, University of Alberta &#8211; physique atmosph\u00e9rique, plan\u00e9taire et spatiale (jusqu&#8217;au juin 2026)<\/li>\n<li>Nassim Bozorgnia, University of Alberta &#8211; physique subatomique (jusqu&#8217;au juin 2027)<\/li>\n<li>\u00e0 venir &#8211; physique th\u00e9orique et math\u00e9matique (jusqu&#8217;au juin 2028)<\/li>\n<li>Jens Lassen, TRIUMF &#8211; physique atomique et mol\u00e9culaire, optique, lasers et plasmas (jusqu&#8217;au juin 2026)<\/li>\n<li>David Fleming, Mount Allison University &#8211; physique biom\u00e9dicale et biophysique (jusqu&#8217;au juin 2028)<\/li>\n<li>Jess McIver, University of British Columbia &#8211; astronomie, astrophysique et cosmologie (jusqu&#8217;au juin 2026)<\/li>\n<\/ul>\n<h2>Membres d\u2019office<\/h2>\n<p><em>Repr\u00e9sentants du CRSNG :<\/em><\/p>\n<ul class=\"content-list\">\n<li>Kevin Lapointe, gestionnaire du portefeuille de physique et d\u2019informatique au sein de la Division des sciences math\u00e9matiques, environnementales et physiques de la Direction des subventions de recherche et bourses du CRSNG<\/li>\n<li>Sarah Overington, directrice de la Division des sciences math\u00e9matiques, environnementales et physiques au sein de la Direction des subventions de recherche et bourses du CRSNG<\/li>\n<li>Catherine Harrison, administratrice de programme au sein de la Division des sciences math\u00e9matiques, environnementales et physiques de la Direction des subventions de recherche et bourses du CRSNG<\/li>\n<li>Dominique Maillet, gestionnaire, division &#8220;Fabrication, communications et technologies&#8221;, d\u00e9partement &#8220;Partenariats pour la recherche et la technologie<\/li>\n<li>Christopher Homes, pr\u00e9sident du Groupe d\u2019\u00e9valuation en physique du CRSNG<\/li>\n<\/ul>\n<p><em>Repr\u00e9sentants de l\u2019ACP :<\/em><\/p>\n<ul class=\"content-list\">\n<li>Chitra Rangan, Directrice des affaires acad\u00e9miques de l\u2019ACP<\/li>\n<li>Francine Ford, Directrice ex\u00e9cutive de l&#8217;ACP<\/li>\n<\/ul>\n<hr \/>\n<p>&nbsp;<\/p>\n<p><strong>Ancien(ne)s pr\u00e9sident(e)s du Comit\u00e9 de liaison<\/strong> (depuis la restructuration du Comit\u00e9 en 2014)<\/p>\n<ul class=\"content-list\">\n<li>Juin 2022-juin 2025 : Sjoerd Roorda, Universit\u00e9 de Montr\u00e9al<\/li>\n<li>Juin 2017-juin 2022 : Rituparna Kanungo, St. Mary&#8217;s University\/TRIUMF<\/li>\n<li>Juin 2014-juin 2017 : William Whelan, UPEI<\/li>\n<li>Juin 2013-juin 2014 : John Dutcher, University of Guelph<\/li>\n<\/ul>\n","protected":false},"excerpt":{"rendered":"<p>\u00c0 propos de nous Le Comit\u00e9 de liaison sert de trait d&#8217;union avec la collectivit\u00e9 canadienne de la recherche en physique, sans lien de d\u00e9pendance ni de l&#8217;ACP ni du CRSNG. Son premier but est de cerner, examiner et analyser les possibilit\u00e9s que la collectivit\u00e9 canadienne de la recherche en physique pourrait saisir ou exploiter&#8230;  <a class=\"excerpt-read-more\" href=\"https:\/\/cap.ca\/fr\/propos-lacp\/comites\/comite-de-liaison-acp-crsng\/\" title=\"LireComit\u00e9 de Liaison ACP-CRSNG\">Lire la suite &raquo;<\/a><\/p>\n","protected":false},"author":10,"featured_media":0,"parent":3159,"menu_order":209,"comment_status":"closed","ping_status":"closed","template":"","meta":{"footnotes":""},"class_list":["post-3160","page","type-page","status-publish","hentry"],"_links":{"self":[{"href":"https:\/\/cap.ca\/fr\/wp-json\/wp\/v2\/pages\/3160","targetHints":{"allow":["GET"]}}],"collection":[{"href":"https:\/\/cap.ca\/fr\/wp-json\/wp\/v2\/pages"}],"about":[{"href":"https:\/\/cap.ca\/fr\/wp-json\/wp\/v2\/types\/page"}],"author":[{"embeddable":true,"href":"https:\/\/cap.ca\/fr\/wp-json\/wp\/v2\/users\/10"}],"replies":[{"embeddable":true,"href":"https:\/\/cap.ca\/fr\/wp-json\/wp\/v2\/comments?post=3160"}],"version-history":[{"count":33,"href":"https:\/\/cap.ca\/fr\/wp-json\/wp\/v2\/pages\/3160\/revisions"}],"predecessor-version":[{"id":29119,"href":"https:\/\/cap.ca\/fr\/wp-json\/wp\/v2\/pages\/3160\/revisions\/29119"}],"up":[{"embeddable":true,"href":"https:\/\/cap.ca\/fr\/wp-json\/wp\/v2\/pages\/3159"}],"wp:attachment":[{"href":"https:\/\/cap.ca\/fr\/wp-json\/wp\/v2\/media?parent=3160"}],"curies":[{"name":"wp","href":"https:\/\/api.w.org\/{rel}","templated":true}]}}