{"id":3159,"date":"2017-03-09T15:11:30","date_gmt":"2017-03-09T20:11:30","guid":{"rendered":"http:\/\/caph-02.eproofs.ca\/comites\/"},"modified":"2025-10-16T08:26:57","modified_gmt":"2025-10-16T12:26:57","slug":"comites","status":"publish","type":"page","link":"https:\/\/cap.ca\/fr\/propos-lacp\/comites\/","title":{"rendered":"Comit\u00e9s"},"content":{"rendered":"<p>&nbsp;<\/p>\n<p>&nbsp;<\/p>\n<table style=\"width: 100%;\">\n<tbody>\n<tr>\n<td style=\"width: 50%;\"><strong>Comit\u00e9 consultatif et de supervision du Congr\u00e8s<\/strong><\/p>\n<p><strong>Pr\u00e9sidente : Christine Kraus<\/strong><br \/>\nSNOLAB<br \/>\n<span style=\"font-size: 10pt;\">Tr\u00e9sorier\/secr\u00e9taire de l&#8217;ACP<\/span><\/td>\n<td><strong>Comit\u00e9 d&#8217;action sociale<\/strong><br \/>\nL&#8217;ACP est en train de mettre en place un comit\u00e9 officiel des actions sociales. Les membres de l&#8217;ACP qui souhaitent participer \u00e0 ce projet sont invit\u00e9s \u00e0 contacter la <a href=\"mailto:execdir@cap.ca\">Directrice ex\u00e9cutive de l&#8217;ACP<\/a> et <a href=\"mailto:mark.richardson@mcdonaldinstitute.ca\">Mark Richardson<\/a>, de l&#8217;Institut McDonald.<\/td>\n<\/tr>\n<tr>\n<td style=\"width: 50%;\"><a href=\"https:\/\/cap.ca\/fr\/propos-lacp\/comites\/comite-dequite-de-dejudiciarisation-et-dinclusion\/\" target=\"_blank\" rel=\"noopener\"><strong>Comit\u00e9 d&#8217;\u00e9quit\u00e9, de diversit\u00e9 et d&#8217;inclusion<\/strong><\/a><\/p>\n<p><strong>Pr\u00e9sidente : Anastasia Smolina<br \/>\n<\/strong>University of Toronto<strong><br \/>\n<\/strong><span style=\"font-size: 10pt;\">nomm\u00e9 par le Conseil d&#8217;administration de l&#8217;ACP<\/span><\/td>\n<td><a href=\"https:\/\/cap.ca\/fr\/propos-lacp\/comites\/comite-politique-scientifique\/\"><strong>Comit\u00e9 de la politique scientifique et du plaidoyer<\/strong><\/a><\/p>\n<p><strong>Pr\u00e9sident : James Fraser<\/strong><br \/>\nQueen&#8217;s University<br \/>\n<span style=\"font-size: 10pt;\">Directeur de la politique scientifique et du plaidoyer de l&#8217;ACP\u00a0<\/span><\/td>\n<\/tr>\n<tr>\n<td style=\"width: 50%;\"><a href=\"https:\/\/cap.ca\/fr\/propos-lacp\/comites\/comite-de-liaison-acp-crsng\/\"><strong>Comit\u00e9 de liaison de l\u2019ACP et du CRSNG<\/strong><\/a><\/p>\n<p><strong>Pr\u00e9sidente : Melanie Martin<\/strong><br \/>\nUniversity of Winnipeg<br \/>\n<span style=\"font-size: 10pt;\">(terme de 3 ans commencant juin 2025; nomm\u00e9s conjointement par le Conseil d&#8217;administration de l&#8217;ACP et le CRSNG)<\/span><\/td>\n<td><strong>Comit\u00e9 de nominations<\/strong><\/p>\n<p><strong>Pr\u00e9sident : Martin Williams<\/strong><br \/>\nUniversity of Guelph<br \/>\n<span style=\"font-size: 10pt;\">Pr\u00e9sident sortant de l&#8217;ACP<\/span><\/td>\n<\/tr>\n<tr>\n<td style=\"width: 50%;\"><strong>Comit\u00e9 de pr\u00e9paration de l&#8217;examen du Prix universitaire<\/strong><\/p>\n<p><strong>Pr\u00e9sidente : Christine Kraus<\/strong><br \/>\nSNOLAB<br \/>\n<span style=\"font-size: 10pt;\">(nomm\u00e9 par le Conseil d&#8217;administration de l&#8217;ACP)<\/span><\/td>\n<td><strong>Comit\u00e9 de r\u00e9vision de l&#8217;examen du Prix universitaire<\/strong><\/p>\n<p><strong>Pr\u00e9sident : Robert Thompson<\/strong><br \/>\nUniversity of Calgary<br \/>\n<span style=\"font-size: 10pt;\">(nomm\u00e9 par le Conseil d&#8217;administration de l&#8217;ACP)<\/span><\/td>\n<\/tr>\n<tr>\n<td style=\"width: 50%;\"><strong>Comit\u00e9 de programme de distinctions<\/strong><\/p>\n<p><strong>Pr\u00e9sidente : Marie D&#8217;Iorio<\/strong><br \/>\nOttawa<br \/>\n<span style=\"font-size: 10pt;\">(terme de 3 ans commencant juin 2025; nomm\u00e9 par le Conseil d&#8217;administration de l&#8217;ACP)<\/span><\/td>\n<td><strong>Comit\u00e9 des affaires acad\u00e9miques<\/strong><\/p>\n<p><strong>Pr\u00e9sidente : Chitra Rangan<\/strong><br \/>\nUniversity of Windsor<br \/>\n<span style=\"font-size: 10pt;\">Directrice des affaires acad\u00e9miques de l&#8217;ACP<\/span><\/td>\n<\/tr>\n<tr>\n<td style=\"width: 50%;\"><a href=\"https:\/\/cap.ca\/fr\/propos-lacp\/comites\/comite-des-affaires-etudiantes\/\"><strong>Comit\u00e9 des affaires \u00e9tudiantes<\/strong><\/a><\/p>\n<p><strong>Pr\u00e9sident : Matthew Robbins<br \/>\n<\/strong>University of Toronto<br \/>\n<span style=\"font-size: 10pt;\">Directeur des affaires \u00e9tudiantes de l&#8217;ACP<\/span><\/td>\n<td><strong>Comit\u00e9 des affaires internationales<\/strong><\/p>\n<p><strong>Pr\u00e9sident : <a href=\"https:\/\/cap.ca\/wp-content\/uploads\/2023\/07\/O.-Stelzer-Chilton-Updated-Bio-2324.pdf.pdf\" target=\"_blank\" rel=\"noopener\">Oliver Stelzer Chilton<\/a><\/strong><br \/>\nTRIUMF<br \/>\n<span style=\"font-size: 10pt;\">Directeur des affaires internationales de l&#8217;ACP<\/span><\/td>\n<\/tr>\n<tr>\n<td style=\"width: 50%;\"><strong>Comit\u00e9 des affaires professionnelles<\/strong><\/p>\n<p><strong>Pr\u00e9sident : Daniel Cluff, phys.<br \/>\n<\/strong>CanMind Associates<br \/>\n<span style=\"font-size: 10pt;\">Directeur des affaires professionnelles de l&#8217;ACP<\/span><\/td>\n<td><a href=\"https:\/\/cap.ca\/fr\/propos-lacp\/comites\/comite-de-certification\/\"><strong>Comit\u00e9 de certification professionelle<\/strong><\/a><\/p>\n<p><strong>Pr\u00e9sident : Jean-Marc No\u00ebl<\/strong><br \/>\nColl\u00e8ge militaire royale<br \/>\n<span style=\"font-size: 10pt;\">(nomm\u00e9 par le Conseil d&#8217;administration de l&#8217;ACP)<\/span><\/td>\n<\/tr>\n<tr>\n<td style=\"width: 50%;\"><strong>Comit\u00e9s des communications<\/strong><br \/>\nop\u00e9rationnel ; <a href=\"https:\/\/cap.ca\/fr\/propos-lacp\/comites\/comite-de-communication\/\" target=\"_blank\" rel=\"noopener\">consultatif<\/a><\/p>\n<p><strong>Pr\u00e9sidente : Barbara Frisken<br \/>\n<\/strong>Simon Fraser University (retrait\u00e9)<br \/>\n<span style=\"font-size: 10pt;\">Directrice des communications de l&#8217;ACP\u00a0<\/span><\/td>\n<td><strong>Comit\u00e9 des finances<\/strong><\/p>\n<p><strong>Pr\u00e9sidente : Christine Kraus<\/strong><br \/>\nSNOLAB<br \/>\n<span style=\"font-size: 10pt;\">Tr\u00e9sorier\/secr\u00e9taire de l&#8217;ACP<\/span><\/td>\n<\/tr>\n<tr>\n<td style=\"width: 50%;\"><strong>Comit\u00e9 des relations avec le secteur priv\u00e9<\/strong><\/p>\n<p><strong>Pr\u00e9sident : Ian d&#8217;Souza, phys.<br \/>\n<\/strong>retrait\u00e9 de Honeywell Aerospace<strong><br \/>\n<\/strong><span style=\"font-size: 10pt;\">Directeur de l&#8217;ACP des relations avec le secteur priv\u00e9<\/span><\/td>\n<td><a href=\"https:\/\/cap.ca\/fr\/propos-lacp\/comites\/comite-d-adhesion\/\"><strong>Comit\u00e9 des services aux membres et aux affili\u00e9s<\/strong><\/a><\/p>\n<p><strong>Pr\u00e9sident : vacant<\/strong><\/p>\n<p><span style=\"font-size: 10pt;\">Directeur des services aux membres et aux affili\u00e9s de l&#8217;ACP<\/span><\/td>\n<\/tr>\n<tr>\n<td style=\"width: 50%;\"><strong>Comit\u00e9 du prix \u00e0 l&#8217;examen du secondaire et du coll\u00e9gial de l&#8217;ACP<\/strong><\/p>\n<p><strong> Pr\u00e9sident : Andrzej Kotlicki<\/strong><br \/>\nUniversity of British Columbia<br \/>\n<span style=\"font-size: 10pt;\">(nomm\u00e9 par le Conseil d&#8217;administration de l&#8217;ACP)<\/span><\/td>\n<td><a href=\"https:\/\/cap.ca\/fr\/propos-lacp\/comites\/comite-cnilc\/\"><strong>Comit\u00e9 national canadien de liaison avec UIPPA<\/strong><\/a><\/p>\n<p><strong>Pr\u00e9sident : Oliver Stelzer-Chilton<\/strong><br \/>\nTRIUMF<br \/>\n<span style=\"font-size: 10pt;\">(nomm\u00e9 par le Conseil d&#8217;administration de l&#8217;ACP;<br \/>\nle mandat se termine le 31 d\u00e9c. 2026)<\/span><\/td>\n<\/tr>\n<\/tbody>\n<\/table>\n","protected":false},"excerpt":{"rendered":"<p>&nbsp; &nbsp; Comit\u00e9 consultatif et de supervision du Congr\u00e8s Pr\u00e9sidente : Christine Kraus SNOLAB Tr\u00e9sorier\/secr\u00e9taire de l&#8217;ACP Comit\u00e9 d&#8217;action sociale L&#8217;ACP est en train de mettre en place un comit\u00e9 officiel des actions sociales. Les membres de l&#8217;ACP qui souhaitent participer \u00e0 ce projet sont invit\u00e9s \u00e0 contacter la Directrice ex\u00e9cutive de l&#8217;ACP et Mark&#8230;  <a class=\"excerpt-read-more\" href=\"https:\/\/cap.ca\/fr\/propos-lacp\/comites\/\" title=\"LireComit\u00e9s\">Lire la suite &raquo;<\/a><\/p>\n","protected":false},"author":10,"featured_media":0,"parent":3150,"menu_order":135,"comment_status":"closed","ping_status":"closed","template":"","meta":{"footnotes":""},"class_list":["post-3159","page","type-page","status-publish","hentry"],"_links":{"self":[{"href":"https:\/\/cap.ca\/fr\/wp-json\/wp\/v2\/pages\/3159","targetHints":{"allow":["GET"]}}],"collection":[{"href":"https:\/\/cap.ca\/fr\/wp-json\/wp\/v2\/pages"}],"about":[{"href":"https:\/\/cap.ca\/fr\/wp-json\/wp\/v2\/types\/page"}],"author":[{"embeddable":true,"href":"https:\/\/cap.ca\/fr\/wp-json\/wp\/v2\/users\/10"}],"replies":[{"embeddable":true,"href":"https:\/\/cap.ca\/fr\/wp-json\/wp\/v2\/comments?post=3159"}],"version-history":[{"count":16,"href":"https:\/\/cap.ca\/fr\/wp-json\/wp\/v2\/pages\/3159\/revisions"}],"predecessor-version":[{"id":27901,"href":"https:\/\/cap.ca\/fr\/wp-json\/wp\/v2\/pages\/3159\/revisions\/27901"}],"up":[{"embeddable":true,"href":"https:\/\/cap.ca\/fr\/wp-json\/wp\/v2\/pages\/3150"}],"wp:attachment":[{"href":"https:\/\/cap.ca\/fr\/wp-json\/wp\/v2\/media?parent=3159"}],"curies":[{"name":"wp","href":"https:\/\/api.w.org\/{rel}","templated":true}]}}