{"id":3158,"date":"2017-03-09T15:11:28","date_gmt":"2017-03-09T20:11:28","guid":{"rendered":"http:\/\/caph-02.eproofs.ca\/personnel\/"},"modified":"2024-09-17T09:38:14","modified_gmt":"2024-09-17T13:38:14","slug":"personnel","status":"publish","type":"page","link":"https:\/\/cap.ca\/fr\/propos-lacp\/acp-direction\/personnel\/","title":{"rendered":"Personnel"},"content":{"rendered":"<div class=\"wpb-content-wrapper\"><p>[vc_row 0=&#8221;&#8221;][vc_column][vc_column_text 0=&#8221;&#8221;]<!--blockquote>\n\n\n<h2><strong>Avis des heures d\u2019op\u00e9ration de l\u2019ACP: Notez bien que le bureau sera ferm\u00e9 la semaine du 17 juillet.<\/strong><\/h2>\n\n\n<\/blockquote-->\n<h3>Francine Ford<\/h3>\n<p>Directrice ex\u00e9cutive, repr\u00e9sentante de politique scientifique, coordonnatrice de congr\u00e8s, r\u00e9dactrice associ\u00e9e de <em>La Physique au Canada<\/em><\/p>\n<p><strong><a href=\"mailto:cap%40uottawa.ca\">execdir@cap.ca<\/a><\/strong> ou <strong><a href=\"mailto:cap@uottawa.ca\">cap@uottawa.ca<\/a><\/strong><\/p>\n<p>&nbsp;<\/p>\n<h3>Lexi Parachoniak<\/h3>\n<p>Coordinatrice d&#8217;adh\u00e8sions, inscriptions au congr\u00e8s et b\u00e9n\u00e9volat, syst\u00e8mes de livres en ligne, abonnement \u00e0 la <em>physique au Canada<\/em>, Gestionnaire et administratrice des comptes clients\/fournisseurs<\/p>\n<p><a href=\"mailto:membership@cap.ca\"><strong>membership@cap.ca<\/strong><\/a> ou <a href=\"mailto:capmem@uottawa.ca\"><strong>capmem@uottawa.ca<\/strong><\/a><\/p>\n<p>&nbsp;<\/p>\n<h3>Ellen Molloy<\/h3>\n<p>Coordinatrice des programmes, agente financi\u00e8re &#8211; <strong><a href=\"mailto:programs@cap.ca\">programs@cap.ca<\/a> <\/strong>ou<a href=\"mailto:capmgr@uottawa.ca\"><strong> capmgr@uottawa.ca<\/strong><\/a><br \/>\nAdjointe aux communication &#8211; <a href=\"mailto:capcomms%40uottawa.ca\">comms@cap.ca<\/a> ou<a href=\"mailto:capmgr@uottawa.ca\"> capmgr@uottawa.ca<\/a><br \/>\nAssistante de production en <em>physique au Canada &#8211; <a href=\"mailto:pic-pac@cap.ca\">pic-pac@cap.ca<\/a> ou<a href=\"mailto:capmgr@uottawa.ca\"> capmgr@uottawa.ca<\/a><\/em><\/p>\n<p>&nbsp;<\/p>\n<h3>Soutien \u00e0 la certification professionnelle<\/h3>\n<p><a href=\"mailto:capphys@uottawa.ca\">capphys@uottawa.ca<\/a><\/p>\n<\/div>","protected":false},"excerpt":{"rendered":"<p>[vc_row 0=&#8221;&#8221;][vc_column][vc_column_text 0=&#8221;&#8221;] Francine Ford Directrice ex\u00e9cutive, repr\u00e9sentante de politique scientifique, coordonnatrice de congr\u00e8s, r\u00e9dactrice associ\u00e9e de La Physique au Canada execdir@cap.ca ou cap@uottawa.ca &nbsp; Lexi Parachoniak Coordinatrice d&#8217;adh\u00e8sions, inscriptions au congr\u00e8s et b\u00e9n\u00e9volat, syst\u00e8mes de livres en ligne, abonnement \u00e0 la physique au Canada, Gestionnaire et administratrice des comptes clients\/fournisseurs membership@cap.ca ou capmem@uottawa.ca &nbsp;&#8230;  <a class=\"excerpt-read-more\" href=\"https:\/\/cap.ca\/fr\/propos-lacp\/acp-direction\/personnel\/\" title=\"LirePersonnel\">Lire la suite &raquo;<\/a><\/p>\n","protected":false},"author":10,"featured_media":0,"parent":3154,"menu_order":179,"comment_status":"closed","ping_status":"closed","template":"","meta":{"footnotes":""},"class_list":["post-3158","page","type-page","status-publish","hentry"],"_links":{"self":[{"href":"https:\/\/cap.ca\/fr\/wp-json\/wp\/v2\/pages\/3158","targetHints":{"allow":["GET"]}}],"collection":[{"href":"https:\/\/cap.ca\/fr\/wp-json\/wp\/v2\/pages"}],"about":[{"href":"https:\/\/cap.ca\/fr\/wp-json\/wp\/v2\/types\/page"}],"author":[{"embeddable":true,"href":"https:\/\/cap.ca\/fr\/wp-json\/wp\/v2\/users\/10"}],"replies":[{"embeddable":true,"href":"https:\/\/cap.ca\/fr\/wp-json\/wp\/v2\/comments?post=3158"}],"version-history":[{"count":37,"href":"https:\/\/cap.ca\/fr\/wp-json\/wp\/v2\/pages\/3158\/revisions"}],"predecessor-version":[{"id":25748,"href":"https:\/\/cap.ca\/fr\/wp-json\/wp\/v2\/pages\/3158\/revisions\/25748"}],"up":[{"embeddable":true,"href":"https:\/\/cap.ca\/fr\/wp-json\/wp\/v2\/pages\/3154"}],"wp:attachment":[{"href":"https:\/\/cap.ca\/fr\/wp-json\/wp\/v2\/media?parent=3158"}],"curies":[{"name":"wp","href":"https:\/\/api.w.org\/{rel}","templated":true}]}}