{"id":3157,"date":"2017-03-09T15:11:25","date_gmt":"2017-03-09T20:11:25","guid":{"rendered":"http:\/\/caph-02.eproofs.ca\/conseil-consultatif\/"},"modified":"2025-11-03T11:15:26","modified_gmt":"2025-11-03T16:15:26","slug":"conseil-consultatif","status":"publish","type":"page","link":"https:\/\/cap.ca\/fr\/propos-lacp\/acp-direction\/conseil-consultatif\/","title":{"rendered":"Conseil consultatif"},"content":{"rendered":"<blockquote><p>Les membres int\u00e9ress\u00e9s \u00e0 pourvoir aux postes vacants mentionn\u00e9s ci-dessous sont invit\u00e9s \u00e0 contacter le bureau de l&#8217;ACP. Il n&#8217;y a pas d&#8217;aide financi\u00e8re disponible pour assister aux r\u00e9unions; toutefois, il est pr\u00e9vu de participer \u00e0 distance pour ceux qui ne peuvent pas y assister en personne.<\/p>\n<p>En novembre 2025, l\u2019appel aux nominations est ouvert \u00e0 ceux et celles qui d\u00e9sirent soumettre leur candidature \u00e0 l&#8217;un des postes ouverts au sein du Conseil consultatif de 2026-2027. Cliquez ici pour plus d\u2019information (\u00e0 venir)<a href=\"https:\/\/cap.ca\/fr\/propos-lacp\/acp-direction\/appel-candidatures-2017-2018\/\">.<\/a><\/p><\/blockquote>\n<p>Le Conseil consultatif est compos\u00e9 de trois branches, les Conseillers r\u00e9gionaux, <a href=\"#art2\">les Divisions<\/a>,\u00a0<a href=\"#art3\">les Conseillers par cat\u00e9gories de membres<\/a>\u00a0et les autres conseillers.<\/p>\n<h3>\u00a0<a id=\"art3\"><\/a><\/h3>\n<h3>Conseiller(e)s par cat\u00e9gories de membres<\/h3>\n<table>\n<tbody>\n<tr>\n<td style=\"vertical-align: top;\"><strong>Conseiller repr\u00e9sentant<\/strong><br \/>\n<strong> les membres titulaires<\/strong><\/p>\n<p>Hubert deGuise<br \/>\n(le mandat se termine en juin 2026)<\/td>\n<td style=\"vertical-align: top;\"><strong>Conseiller repr\u00e9sentant<\/strong><br \/>\n<strong> les membres enseignants au secondaire<\/strong><\/p>\n<p>Patrick Mayard<br \/>\nEnglish Montreal\u00a0School Board<br \/>\n(le mandat se termine en juin 2026)<\/td>\n<\/tr>\n<tr>\n<td style=\"vertical-align: top;\"><strong>Conseiller repr\u00e9sentant<\/strong><br \/>\n<strong> les membres corporatifs et institutionnels<\/strong><\/p>\n<p>vacant<br \/>\n(le mandat se termine en juin 2026)<\/td>\n<td style=\"vertical-align: top;\"><strong>Conseiller repr\u00e9sentant les<\/strong><br \/>\n<strong> membres \u00e9tudiants de cycles sup\u00e9rieurs<\/strong><\/p>\n<p>vacant<br \/>\n(le mandat se termine en juin 2026)<\/td>\n<\/tr>\n<tr>\n<td style=\"vertical-align: top;\"><strong>Conseiller repr\u00e9sentant<\/strong><br \/>\n<strong> les \u00e9tudiants affili\u00e9s<\/strong><\/p>\n<p>Ash Samra<br \/>\nUniversity of Victoria<br \/>\n(le mandat se termine en juin 2026)<\/td>\n<td style=\"vertical-align: top;\"><\/td>\n<\/tr>\n<\/tbody>\n<\/table>\n<h3>\u00a0<a id=\"art3\"><\/a><\/h3>\n<h3>Pr\u00e9sident(e)s des divisions<\/h3>\n<h4>&#8211;\u00a0voir <a href=\"https:\/\/cap.ca\/fr\/divisions\/\">https:\/\/www.cap.ca\/fr\/divisions<\/a> pour la liste des pr\u00e9sident(e)s<\/h4>\n<p>Division pous l&#8217;\u00e9galit\u00e9 des genres en physique (DEGP)<br \/>\nDivision de la physique atmosph\u00e9rique et de l&#8217;espace (DPAE)<br \/>\nDivision de la physique atomique, mol\u00e9culaire\u00a0et photonique, Canada (DPAMPC)<br \/>\nDivision de la physique de la mati\u00e8re condens\u00e9e et mat\u00e9riaux\u00a0(DPMCM)<br \/>\nDivision de la physique appliqu\u00e9e et de l&#8217;instrumentation (DPAI)<br \/>\nDivision de la physique nucl\u00e9aire (DPN)<br \/>\nDivision de l&#8217;enseignement de la physique (DEP)<br \/>\nDivision de la physique en m\u00e9decine et en biologie (DPMB)<br \/>\nDivision de la physique des plasmas (DPP)<br \/>\nDivision des sciences des surfaces (DSS)<br \/>\nDivision de la physique th\u00e9orique (DPT)<br \/>\nDivision de l&#8217;histoire de la physique (DHP)<br \/>\nDivision de la physique des particules (PPD)<\/p>\n<h3>\u00a0<a id=\"art3\"><\/a><\/h3>\n<h3>Conseiller(e)s r\u00e9gionaux<\/h3>\n<table>\n<tbody>\n<tr>\n<td style=\"vertical-align: top;\"><strong>Colombie-Britannique et Yukon<\/strong><\/p>\n<p>vacant<br \/>\n(le mandat se termine en juin 2026)<\/p>\n<p>vacant<br \/>\n(le mandat se termine en juin 2027)<\/td>\n<td style=\"vertical-align: top;\"><strong>Alberta, Territoires du Nord-Ouest, et Nunavut<\/strong><\/p>\n<p>Arundhati Dasgupta<br \/>\nUniversity of Lethbridge<br \/>\n(le mandat se termine en juin 2026)<\/p>\n<p>vacant<br \/>\n(le mandat se termine en juin 2027)<\/td>\n<\/tr>\n<tr>\n<td style=\"vertical-align: top;\"><strong>Saskatchewan et Manitoba<\/strong><\/p>\n<p>vacant<br \/>\n(le mandat se termine en juin 2026)<\/p>\n<p>vacant<a href=\"mailto:amg142@mail.usask.ca\"><br \/>\n<\/a>(le mandat se termine en juin 2027)<\/td>\n<td style=\"vertical-align: top;\"><strong>Ontario &#8211; Sud-ouest<\/strong><\/p>\n<p>vacant<br \/>\n(le mandat se termine en juin 2026)<\/p>\n<p>vacant<br \/>\n(le mandat se termine en juin 2027)<\/td>\n<\/tr>\n<tr>\n<td style=\"vertical-align: top;\"><strong>Ontario &#8211; Central et nord<\/strong><\/p>\n<p>Hubert de Guise<br \/>\nLakehead University<br \/>\n(le mandat se termine en juin 2026)<\/p>\n<p>vacant<br \/>\n(le mandat se termine en juin 2027)<\/td>\n<td style=\"vertical-align: top;\"><strong>Ontario \u2013 Est<\/strong><\/p>\n<p>vacant<br \/>\n(le mandat se termine en juin 2026)<\/p>\n<p>vacant<br \/>\n(le mandat se termine en juin 2027)<\/td>\n<\/tr>\n<tr>\n<td style=\"vertical-align: top;\"><strong>Quebec &#8211; Nord et ouest<\/strong><\/p>\n<p>vacant<br \/>\n(le mandat se termine en juin 2026)<\/p>\n<p>vacant<br \/>\n(le mandat se termine en juin 2027)<\/td>\n<td style=\"vertical-align: top;\"><b>Quebec &#8211; Sud et Est<\/b><\/p>\n<p>vacant<br \/>\n(le mandat se termine en juin 2026)<\/p>\n<p>vacant<a href=\"mailto:francesco.barletta@centre-matapedien.qc.ca\"><br \/>\n<\/a>(le mandat se termine en juin 2027)<\/td>\n<\/tr>\n<tr>\n<td style=\"vertical-align: top;\"><b>Nouveau-Brunswick, Terre-Neuve et Labrador<\/b><\/p>\n<p>vacant<br \/>\n(le mandat se termine en juin 2026)<\/p>\n<p>vacant<br \/>\n(le mandat se termine en juin 2027)<\/td>\n<td style=\"vertical-align: top;\"><b>Nouvelle-\u00c9cosse et l&#8217;\u00cele du Prince-Edouard<\/b><\/p>\n<p>vacant<br \/>\n(le mandat se termine en juin 2026)<\/p>\n<p>vacant<br \/>\n(le mandat se termine en juin 2027)<\/td>\n<\/tr>\n<\/tbody>\n<\/table>\n<h3>\u00a0<a id=\"art3\"><\/a><\/h3>\n<h3>Autres conseiller(e)s<\/h3>\n<table style=\"width: 731px;\">\n<tbody>\n<tr>\n<td style=\"vertical-align: top; width: 375px;\"><strong>R\u00e9dacteur en chef &#8211; <\/strong><i><strong>La Physique au Canada\u00a0<\/strong>(ex-officio)<br \/>\n<\/i><br \/>\nBela Joos, P.Phys.<br \/>\nUniversit\u00e9 d&#8217;Ottawa<\/td>\n<td style=\"vertical-align: top; width: 355px;\"><strong>R\u00e9dacteur en chef &#8211;\u00a0<\/strong><i><strong>La\u00a0revue canadienne de la physique\u00a0\u00a0<\/strong>(ex-officio)<br \/>\n<\/i><br \/>\nRobert Mann<br \/>\nUniversity of Waterloo<\/td>\n<\/tr>\n<tr>\n<td style=\"vertical-align: top; width: 375px;\"><strong>Pr\u00e9sident &#8211; Fondation de l&#8217;ACP <\/strong><em>(ex-officio)<\/em><\/p>\n<p>Manu Paranjape<br \/>\nUniversit\u00e9 de Montr\u00e9al<\/td>\n<td style=\"text-align: left; vertical-align: top;\"><strong>R\u00e9presentant(e)s de la comit\u00e9 d&#8217;organisation local <\/strong><strong>pour le Congr\u00e8s 2026 de l&#8217;ACP <\/strong><em>(ex-officio)<\/em><\/p>\n<p>B\u00e9la Jo\u00f3s, Universit\u00e9 d&#8217;Ottawa<br \/>\nKevin Graham, Carleton University<br \/>\nJulia Wallace, Carleton University<\/td>\n<\/tr>\n<tr>\n<td style=\"vertical-align: top; width: 375px;\"><strong>Conseiller g\u00e9n\u00e9ral<\/strong><\/p>\n<p>David Hobill, retrait\u00e9<\/td>\n<td style=\"text-align: left; vertical-align: top;\"><\/td>\n<\/tr>\n<\/tbody>\n<\/table>\n<p>&nbsp;<\/p>\n","protected":false},"excerpt":{"rendered":"<p>Les membres int\u00e9ress\u00e9s \u00e0 pourvoir aux postes vacants mentionn\u00e9s ci-dessous sont invit\u00e9s \u00e0 contacter le bureau de l&#8217;ACP. Il n&#8217;y a pas d&#8217;aide financi\u00e8re disponible pour assister aux r\u00e9unions; toutefois, il est pr\u00e9vu de participer \u00e0 distance pour ceux qui ne peuvent pas y assister en personne. En novembre 2025, l\u2019appel aux nominations est ouvert&#8230;  <a class=\"excerpt-read-more\" href=\"https:\/\/cap.ca\/fr\/propos-lacp\/acp-direction\/conseil-consultatif\/\" title=\"LireConseil consultatif\">Lire la suite &raquo;<\/a><\/p>\n","protected":false},"author":10,"featured_media":0,"parent":3154,"menu_order":178,"comment_status":"closed","ping_status":"closed","template":"","meta":{"footnotes":""},"class_list":["post-3157","page","type-page","status-publish","hentry"],"_links":{"self":[{"href":"https:\/\/cap.ca\/fr\/wp-json\/wp\/v2\/pages\/3157","targetHints":{"allow":["GET"]}}],"collection":[{"href":"https:\/\/cap.ca\/fr\/wp-json\/wp\/v2\/pages"}],"about":[{"href":"https:\/\/cap.ca\/fr\/wp-json\/wp\/v2\/types\/page"}],"author":[{"embeddable":true,"href":"https:\/\/cap.ca\/fr\/wp-json\/wp\/v2\/users\/10"}],"replies":[{"embeddable":true,"href":"https:\/\/cap.ca\/fr\/wp-json\/wp\/v2\/comments?post=3157"}],"version-history":[{"count":87,"href":"https:\/\/cap.ca\/fr\/wp-json\/wp\/v2\/pages\/3157\/revisions"}],"predecessor-version":[{"id":28092,"href":"https:\/\/cap.ca\/fr\/wp-json\/wp\/v2\/pages\/3157\/revisions\/28092"}],"up":[{"embeddable":true,"href":"https:\/\/cap.ca\/fr\/wp-json\/wp\/v2\/pages\/3154"}],"wp:attachment":[{"href":"https:\/\/cap.ca\/fr\/wp-json\/wp\/v2\/media?parent=3157"}],"curies":[{"name":"wp","href":"https:\/\/api.w.org\/{rel}","templated":true}]}}