{"id":3155,"date":"2017-03-09T15:11:18","date_gmt":"2017-03-09T20:11:18","guid":{"rendered":"http:\/\/caph-02.eproofs.ca\/conseil-dadministration\/"},"modified":"2025-11-25T17:26:22","modified_gmt":"2025-11-25T22:26:22","slug":"conseil-dadministration","status":"publish","type":"page","link":"https:\/\/cap.ca\/fr\/propos-lacp\/acp-direction\/conseil-dadministration\/","title":{"rendered":"Conseil d&#8217;administration"},"content":{"rendered":"<div class=\"wpb-content-wrapper\"><p>[vc_row][vc_column][vc_column_text]<\/p>\n<h2>2024-2025<\/h2>\n<table style=\"width: 805px;\" cellspacing=\"15\">\n<tbody>\n<tr>\n<td style=\"width: 109px; text-align: center; vertical-align: middle;\" valign=\"top\"><img loading=\"lazy\" decoding=\"async\" class=\"alignnone size-full wp-image-23410\" src=\"https:\/\/cap.ca\/wp-content\/uploads\/2023\/07\/Pierre-Benard.jpg\" alt=\"\" width=\"238\" height=\"238\" \/><\/td>\n<td style=\"width: 311px;\" valign=\"top\"><em>Pr\u00e9sident<\/em><\/p>\n<p><a href=\"https:\/\/cap.ca\/wp-content\/uploads\/2024\/07\/P.-Benard-Updated-Bio-2425.pdf.pdf\"><strong>Pierre B\u00e9nard<\/strong><\/a><br \/>\nUniversit\u00e9 du Qu\u00e9bec \u00e0 Trois-Rivi\u00e8res<\/td>\n<td style=\"width: 109px; text-align: center; vertical-align: middle;\" valign=\"top\"><img loading=\"lazy\" decoding=\"async\" class=\"alignnone size-medium wp-image-23406\" src=\"https:\/\/cap.ca\/wp-content\/uploads\/2017\/03\/martin-williams-sized-1.jpg\" alt=\"\" width=\"300\" height=\"286\" \/><\/td>\n<td style=\"width: 304.767px;\" valign=\"top\"><em>Pr\u00e9sident sortant<\/em><\/p>\n<p><a href=\"https:\/\/cap.ca\/wp-content\/uploads\/2024\/07\/M.-Williams-Updated-Bio-2425.pdf.pdf\"><strong>Martin Williams<\/strong><\/a><br \/>\nUniversity of Guelph<\/td>\n<\/tr>\n<tr>\n<td style=\"width: 113px; text-align: center; vertical-align: middle;\" valign=\"top\"><img loading=\"lazy\" decoding=\"async\" class=\"alignnone wp-image-25479 size-full\" src=\"https:\/\/cap.ca\/wp-content\/uploads\/2024\/07\/Wendy-Taylor-sized-for-Board-list.jpg\" alt=\"\" width=\"278\" height=\"300\" \/><\/td>\n<td style=\"width: 311px;\" valign=\"top\"><em>Vice-pr\u00e9sidente<\/em><\/p>\n<p><a href=\"https:\/\/cap.ca\/wp-content\/uploads\/2024\/07\/W.-Taylor-Updated-Bio-2425.pdf.pdf\"><strong>Wendy Taylor<\/strong><\/a><br \/>\nYork University<\/td>\n<td style=\"width: 113px; text-align: center; vertical-align: middle;\" valign=\"top\"><img loading=\"lazy\" decoding=\"async\" class=\"alignnone wp-image-27400\" src=\"https:\/\/cap.ca\/wp-content\/uploads\/2025\/07\/profile-cornelia-hoehr.jpg\" alt=\"\" width=\"278\" height=\"300\" \/><\/td>\n<td style=\"width: 304.767px;\" valign=\"top\"><em>Vice-pr\u00e9sidente \u00e9lue<\/em><\/p>\n<p><strong>Cornelia Hoehr<\/strong><br \/>\nTRIUMF<\/td>\n<\/tr>\n<tr>\n<td style=\"width: 109px; text-align: center; vertical-align: middle;\" valign=\"top\"><img loading=\"lazy\" decoding=\"async\" class=\"alignnone size-full wp-image-13562\" src=\"https:\/\/cap.ca\/wp-content\/uploads\/2017\/03\/Christine2-L-Word-Doc.jpg\" alt=\"\" width=\"185\" height=\"178\" \/><\/td>\n<td style=\"width: 311px;\" valign=\"top\"><em>Secr\u00e9taire-tr\u00e9sorier<br \/>\n<\/em><br \/>\n<a href=\"https:\/\/cap.ca\/wp-content\/uploads\/2024\/07\/C.-Kraus-Updated-Bio-2425.pdf.pdf\"><strong>Christine Kraus<\/strong><\/a><br \/>\nSNOLAB<br \/>\n<span style=\"font-family: inherit; font-size: inherit;\">(le mandat se termine en juin 2028)<\/span><\/td>\n<td style=\"width: 113px; text-align: center; vertical-align: middle;\" valign=\"top\"><img loading=\"lazy\" decoding=\"async\" class=\"alignnone wp-image-8971 size-thumbnail\" src=\"https:\/\/cap.ca\/wp-content\/uploads\/2017\/03\/Ford-150x150.jpg\" alt=\"\" width=\"150\" height=\"150\" srcset=\"https:\/\/cap.ca\/wp-content\/uploads\/2017\/03\/Ford-150x150.jpg 150w, https:\/\/cap.ca\/wp-content\/uploads\/2017\/03\/Ford-300x300.jpg 300w, https:\/\/cap.ca\/wp-content\/uploads\/2017\/03\/Ford-125x125.jpg 125w, https:\/\/cap.ca\/wp-content\/uploads\/2017\/03\/Ford.jpg 600w\" sizes=\"auto, (max-width: 150px) 100vw, 150px\" \/><\/td>\n<td style=\"width: 304.767px;\" valign=\"top\"><em>Directrice ex\u00e9cutive<\/em><\/p>\n<p><a href=\"https:\/\/cap.ca\/wp-content\/uploads\/2024\/07\/F.-Ford-Updated-Bio-2425.pdf.pdf\"><strong>Francine Ford<\/strong><\/a><br \/>\nAssociation canadienne des physiciens et physiciennes<br \/>\n<a href=\"mailto:cap[at]uottawa.ca\">execdir@cap.ca<\/a><\/td>\n<\/tr>\n<\/tbody>\n<\/table>\n<table>\n<tbody>\n<tr>\n<td style=\"width: 50%;\" valign=\"top\"><em>Directrice &#8211; Affaires acad\u00e9miques<\/em><\/p>\n<p><a href=\"https:\/\/cap.ca\/wp-content\/uploads\/2024\/07\/C.-Rangan-Updated-Bio-2425.pdf.pdf\"><strong>Chitra Rangan<\/strong><\/a><strong><span style=\"font-family: inherit; font-size: inherit;\"><br \/>\n<\/span><\/strong><span style=\"font-family: inherit; font-size: inherit;\">University of Windsor<\/span><\/p>\n<p><span style=\"font-family: inherit; font-size: inherit;\">(le mandat se termine en juin 2027)<\/span><\/td>\n<td valign=\"top\"><em>Directeur &#8211; Affaires \u00e9tudiantes<\/em><\/p>\n<p><strong>Matthew Robbins<\/strong><br \/>\nUniversity of Toronto<\/p>\n<p>(le mandat se termine en juin 2028)<\/td>\n<\/tr>\n<tr>\n<td valign=\"top\"><em>Directeur &#8211; Affaires internationales<\/em><\/p>\n<p><a href=\"https:\/\/cap.ca\/wp-content\/uploads\/2023\/11\/O.-Stelzer-Updated-Bio-2526.pdf\"><strong>Oliver Stelzer<\/strong><\/a><br \/>\nTRIUMF<\/p>\n<p>(le mandat se termine en juin 2026)<\/td>\n<td valign=\"top\"><em>Directeur &#8211; Affaires professionnelles<\/em><\/p>\n<p><a href=\"https:\/\/cap.ca\/wp-content\/uploads\/2024\/07\/D.-Cluff-Updated-Bio-2425.pdf.pdf\"><strong>Daniel Cluff, phys<\/strong><\/a><br \/>\nCanMind Associates<\/p>\n<p>(le mandat se termine en juin 2026)<\/td>\n<\/tr>\n<tr>\n<td valign=\"top\"><em>Directrice &#8211; Communications<\/em><\/p>\n<p><a href=\"https:\/\/cap.ca\/wp-content\/uploads\/2024\/07\/B.-Frisken-Updated-Bio-2425.pdf-1.pdf\"><b>Barbara Frisken<\/b><\/a><br \/>\nSimon Fraser University (retrait\u00e9)<\/p>\n<p>(le mandat se termine en juin 2027)<\/td>\n<td valign=\"top\"><em>Directeur &#8211; Politique scientifique et du plaidoyer<\/em><\/p>\n<p><b><a href=\"https:\/\/cap.ca\/wp-content\/uploads\/2024\/07\/J.-Fraser-Updated-Bio-2425.pdf.pdf\">James Fraser<\/a><br \/>\n<\/b>Queen&#8217;s University<\/p>\n<p>(le mandat se termine en juin 2027)<\/td>\n<\/tr>\n<tr>\n<td valign=\"top\"><em>Directeur &#8211; Relations avec le secteur priv\u00e9<\/em><\/p>\n<p><a href=\"https:\/\/cap.ca\/wp-content\/uploads\/2024\/07\/I.-DSouza-Updated-Bio-2425.pdf.pdf\"><strong>Ian D&#8217;Souza, phys<\/strong><\/a><br \/>\nHoneywell Aerospace<\/p>\n<p>(le mandat se termine en juin 2028)<\/td>\n<td valign=\"top\"><em>Directeur &#8211; Services aux membres et affili\u00e9s<\/em><\/p>\n<p><b>Vacant<br \/>\n<\/b><span class=\"WdYUQQ text-decoration-none text-strikethrough-none\">\u00a0<\/span><\/p>\n<p>(le mandat se termine en juin 2026)<\/td>\n<\/tr>\n<\/tbody>\n<\/table>\n<p>&nbsp;<\/p>\n<p>[\/vc_column_text][\/vc_column][\/vc_row]<\/p>\n<\/div>","protected":false},"excerpt":{"rendered":"<p>[vc_row][vc_column][vc_column_text] 2024-2025 Pr\u00e9sident Pierre B\u00e9nard Universit\u00e9 du Qu\u00e9bec \u00e0 Trois-Rivi\u00e8res Pr\u00e9sident sortant Martin Williams University of Guelph Vice-pr\u00e9sidente Wendy Taylor York University Vice-pr\u00e9sidente \u00e9lue Cornelia Hoehr TRIUMF Secr\u00e9taire-tr\u00e9sorier Christine Kraus SNOLAB (le mandat se termine en juin 2028) Directrice ex\u00e9cutive Francine Ford Association canadienne des physiciens et physiciennes execdir@cap.ca Directrice &#8211; Affaires acad\u00e9miques Chitra Rangan&#8230;  <a class=\"excerpt-read-more\" href=\"https:\/\/cap.ca\/fr\/propos-lacp\/acp-direction\/conseil-dadministration\/\" title=\"LireConseil d&#8217;administration\">Lire la suite &raquo;<\/a><\/p>\n","protected":false},"author":10,"featured_media":0,"parent":3154,"menu_order":177,"comment_status":"closed","ping_status":"closed","template":"","meta":{"footnotes":""},"class_list":["post-3155","page","type-page","status-publish","hentry"],"_links":{"self":[{"href":"https:\/\/cap.ca\/fr\/wp-json\/wp\/v2\/pages\/3155","targetHints":{"allow":["GET"]}}],"collection":[{"href":"https:\/\/cap.ca\/fr\/wp-json\/wp\/v2\/pages"}],"about":[{"href":"https:\/\/cap.ca\/fr\/wp-json\/wp\/v2\/types\/page"}],"author":[{"embeddable":true,"href":"https:\/\/cap.ca\/fr\/wp-json\/wp\/v2\/users\/10"}],"replies":[{"embeddable":true,"href":"https:\/\/cap.ca\/fr\/wp-json\/wp\/v2\/comments?post=3155"}],"version-history":[{"count":86,"href":"https:\/\/cap.ca\/fr\/wp-json\/wp\/v2\/pages\/3155\/revisions"}],"predecessor-version":[{"id":28273,"href":"https:\/\/cap.ca\/fr\/wp-json\/wp\/v2\/pages\/3155\/revisions\/28273"}],"up":[{"embeddable":true,"href":"https:\/\/cap.ca\/fr\/wp-json\/wp\/v2\/pages\/3154"}],"wp:attachment":[{"href":"https:\/\/cap.ca\/fr\/wp-json\/wp\/v2\/media?parent=3155"}],"curies":[{"name":"wp","href":"https:\/\/api.w.org\/{rel}","templated":true}]}}