{"id":3154,"date":"2017-03-09T15:11:15","date_gmt":"2017-03-09T20:11:15","guid":{"rendered":"http:\/\/caph-02.eproofs.ca\/acp-direction\/"},"modified":"2017-03-15T16:03:02","modified_gmt":"2017-03-15T20:03:02","slug":"acp-direction","status":"publish","type":"page","link":"https:\/\/cap.ca\/fr\/propos-lacp\/acp-direction\/","title":{"rendered":"ACP Direction et Personnel"},"content":{"rendered":"<p>L&#8217;ACP est gouvern\u00e9e par un <a href=\"https:\/\/cap.ca\/fr\/propos-lacp\/acp-direction\/conseil-dadministration\/\">conseil d&#8217;administration<\/a> avec l&#8217;apport d&#8217;un <a href=\"https:\/\/cap.ca\/fr\/propos-lacp\/acp-direction\/conseil-consultatif\/\">conseil consultatif<\/a>\u00a0compos\u00e9 de conseillers repr\u00e9sentant les membres des diverses cat\u00e9gories, les pr\u00e9sidents de division, les conseillers r\u00e9gionaux, les conseillers g\u00e9n\u00e9raux et le r\u00e9dacteur en chef de <em>La physique au Canada<\/em>.<\/p>\n<p>Le <a href=\"https:\/\/cap.ca\/fr\/propos-lacp\/acp-direction\/conseil-dadministration\/\">conseil d&#8217;administration<\/a>, qui est \u00e9lu par les membres, a charge de g\u00e9rer et de superviser les activit\u00e9s et les affaires de l&#8217;Association.<\/p>\n<p>Le <a href=\"https:\/\/cap.ca\/fr\/propos-lacp\/acp-direction\/conseil-consultatif\/\">conseil consultatif<\/a> rencontre le conseil d&#8217;administration deux fois l&#8217;an pour lui fournir des avis sur les questions de gouvernance et \u00e9changer de l&#8217;information ayant trait aux diverses pr\u00e9occupations et aux domaines d&#8217;int\u00e9r\u00eat au sein de l&#8217;Association et de la collectivit\u00e9 de la physique.<\/p>\n<p><span style=\"font-weight: 400;\">Un bureau et un <a href=\"https:\/\/cap.ca\/fr\/propos-lacp\/acp-direction\/personnel\/\">personnel<\/a> dont le si\u00e8ge est \u00e0 Ottawa supervisent l&#8217;administration de l&#8217;Association et de ses programmes<\/span><\/p>\n","protected":false},"excerpt":{"rendered":"<p>L&#8217;ACP est gouvern\u00e9e par un conseil d&#8217;administration avec l&#8217;apport d&#8217;un conseil consultatif\u00a0compos\u00e9 de conseillers repr\u00e9sentant les membres des diverses cat\u00e9gories, les pr\u00e9sidents de division, les conseillers r\u00e9gionaux, les conseillers g\u00e9n\u00e9raux et le r\u00e9dacteur en chef de La physique au Canada. Le conseil d&#8217;administration, qui est \u00e9lu par les membres, a charge de g\u00e9rer et de&#8230;  <a class=\"excerpt-read-more\" href=\"https:\/\/cap.ca\/fr\/propos-lacp\/acp-direction\/\" title=\"LireACP Direction et Personnel\">Lire la suite &raquo;<\/a><\/p>\n","protected":false},"author":10,"featured_media":0,"parent":3150,"menu_order":7,"comment_status":"open","ping_status":"closed","template":"","meta":{"footnotes":""},"class_list":["post-3154","page","type-page","status-publish","hentry"],"_links":{"self":[{"href":"https:\/\/cap.ca\/fr\/wp-json\/wp\/v2\/pages\/3154","targetHints":{"allow":["GET"]}}],"collection":[{"href":"https:\/\/cap.ca\/fr\/wp-json\/wp\/v2\/pages"}],"about":[{"href":"https:\/\/cap.ca\/fr\/wp-json\/wp\/v2\/types\/page"}],"author":[{"embeddable":true,"href":"https:\/\/cap.ca\/fr\/wp-json\/wp\/v2\/users\/10"}],"replies":[{"embeddable":true,"href":"https:\/\/cap.ca\/fr\/wp-json\/wp\/v2\/comments?post=3154"}],"version-history":[{"count":4,"href":"https:\/\/cap.ca\/fr\/wp-json\/wp\/v2\/pages\/3154\/revisions"}],"predecessor-version":[{"id":5307,"href":"https:\/\/cap.ca\/fr\/wp-json\/wp\/v2\/pages\/3154\/revisions\/5307"}],"up":[{"embeddable":true,"href":"https:\/\/cap.ca\/fr\/wp-json\/wp\/v2\/pages\/3150"}],"wp:attachment":[{"href":"https:\/\/cap.ca\/fr\/wp-json\/wp\/v2\/media?parent=3154"}],"curies":[{"name":"wp","href":"https:\/\/api.w.org\/{rel}","templated":true}]}}