{"id":3153,"date":"2017-03-09T15:11:12","date_gmt":"2017-03-09T20:11:12","guid":{"rendered":"http:\/\/caph-02.eproofs.ca\/presidents-anterieurs\/"},"modified":"2025-10-14T18:21:11","modified_gmt":"2025-10-14T22:21:11","slug":"presidents-anterieurs","status":"publish","type":"page","link":"https:\/\/cap.ca\/fr\/propos-lacp\/histoire\/presidents-anterieurs\/","title":{"rendered":"Pr\u00e9sidents (pr\u00e9sent et ant\u00e9rieurs)"},"content":{"rendered":"<h2>Pr\u00e9sent<\/h2>\n<ul class=\"content-list\">\n<li>25-26; P. B\u00c9NARD, Universit\u00e9 du Qu\u00e9bec \u00e0 Trois-Rivi\u00e8res<\/li>\n<\/ul>\n<h2>Ant\u00e9rieur<\/h2>\n<ul class=\"content-list\">\n<li>24-25; M. WILLIAMS, Universit\u00e9 de Guelph<\/li>\n<li>23-24; W. WHELAN, Universit\u00e9 de l&#8217;\u00cele-du-Prince-\u00c9douard<\/li>\n<li>22-23; B. FRISKEN, Universit\u00e9 Simon Fraser<\/li>\n<li>21-22; M. PARANJAPE, P.Phys., Universit\u00e9 de Montr\u00e9al<\/li>\n<li>20-21 ; R. THOMPSON, phys,\u00a0 Universit\u00e9 de Calgary<\/li>\n<li>19-20 ; S. GHOSE,\u00a0 phys, Universit\u00e9 Wilfrid Laurier<\/li>\n<li>18-19 ; B. GAULIN, Universit\u00e9 McMaster<\/li>\n<li>17-18 : S. PISTORIUS, phys, CancerCare Manitoba \/ Univ. de Manitoba<\/li>\n<li>16-17; R. MACKENZIE, phys, Universit\u00e9 de Montr\u00e9al<\/li>\n<li>15-16 : A. SARTY, phys, Universit\u00e9 Saint Mary&#8217;s<\/li>\n<li>14-15 : R. FEDOSEJEVS, phys, Universit\u00e9 de l&#8217;Alberta<\/li>\n<li>13-14 : K. RAGAN, Universit\u00e9 McGill<\/li>\n<li>12-13 : G. KUNSTATTER, phys, Universit\u00e9 de Winnipeg<\/li>\n<li>11-12 : J.M. RONEY, phys, Universit\u00e9 de Victoria<\/li>\n<li>10-11 : H. VAN DRIEL, phys, Universit\u00e9 de Toronto<\/li>\n<li>09-10 : R.B. MANN, phys, Universit\u00e9 de Waterloo<\/li>\n<li>08-09 : S.A. PAGE, phys, Universit\u00e9 du Manitoba<\/li>\n<li>07-08 : L. MARCHILDON phys, Universit\u00e9 du Qu\u00e9bec \u00e0 Trois-Rivi\u00e8res<\/li>\n<li>06-07 : M. CAMPBELL, phys, Universit\u00e9 de Waterloo<\/li>\n<li>05-06 : W. DAVIDSON, phys, Conseil national de recherches<\/li>\n<li>04-05 : M. MORROW, phys, Universit\u00e9 Memorial de la Terre-Neuve<\/li>\n<li>03-04 : B. JO\u00d3S, phys, Universit\u00e9 de Ottawa<\/li>\n<li>02-03 : W.J. McDONALD, phys., Universit\u00e9 de l&#8217;Alberta<\/li>\n<li>01-02 : M. THEWALT, phys., Universit\u00e9 Simon Fraser<\/li>\n<li>00-01 : G.W.F. DRAKE, phys., Universit\u00e9 de Windsor<\/li>\n<li>99-00 : M. D&#8217;IORIO, phys., Conseil national de recherches<\/li>\n<li>98-99 : M.O. STEINITZ, phys., Universit\u00e9 St. Francis Xavier<\/li>\n<li>97-98 : E.C. SVENSSON, Conseil national de recherches (Chalk River)<\/li>\n<li>96-97 : B.E. ROBERTSON, Universit\u00e9 de Regina<\/li>\n<li>95-96 : P.S. VINCETT, FairCopy Services<\/li>\n<li>94-95 : R.A. LESSARD, phys., Universit\u00e9 Laval<\/li>\n<li>93-94 : A.C. McMILLAN, Service atmosph\u00e9rique de l&#8217;environnement<\/li>\n<li>92-93 : J.C.D. MILTON, \u00c9nergie atomique du Canada, limit\u00e9e<\/li>\n<li>91-92 : R.M. LEES, Universit\u00e9 de la Nouveau-Brunswick<\/li>\n<li>90-91 : R.L. ARMSTRONG, Universit\u00e9 de Toronto<\/li>\n<li>89-90 : A.A. OFFENBERGER, Universit\u00e9 de l&#8217;Alberta<\/li>\n<li>88-89 : L.G. CARON, Universit\u00e9 de Sherbrooke<\/li>\n<li>87-88 : P.A. EGELSTAFF, Universit\u00e9 de Guelph<\/li>\n<li>86-87 : J.S.C. McKEE, phys., Universit\u00e9 du Manitoba<\/li>\n<li>85-86 : A.I. CARSWELL, Universit\u00e9 York<\/li>\n<li>84-85 : G.C. HANNA, \u00c9nergie atomique du Canada, limit\u00e9e<\/li>\n<li>83-84 : B.P. STOICHEFF, Universit\u00e9 de Toronto<\/li>\n<li>82-83 : A.R. CRAWFORD, Anatek Electronics Limited<\/li>\n<li>81-82 : P. MARMET, Universit\u00e9 Laval<\/li>\n<li>80-81 : C.C. COSTAIN, Conseil national de recherches<\/li>\n<li>79-80 : P.A. FORSYTH, Universit\u00e9 de l&#8217;Ontario ouest<\/li>\n<li>78-79 : R.R. HAERING, Universit\u00e9 de la Colombie-Britiannique<\/li>\n<li>77-78 : H.E. JOHNS, Ontario Cancer Institute<\/li>\n<li>76-77 : R.J.A. LEVESQUE, Universit\u00e9 de Montr\u00e9al<\/li>\n<li>75-76 : A.E. DOUGLAS, Conseil national de recherches<\/li>\n<li>74-75 : A.H. MORRISH, Universit\u00e9 du Manitoba<\/li>\n<li>73-74 : H.L. WELSH, Universit\u00e9 de Toronto<\/li>\n<li>72-73 : A.T. STEWART, Universit\u00e9 Queen&#8217;s<\/li>\n<li>71-72 : G.G. CLOUTIER, Institut de recherche d&#8217;Hydro-Qu\u00e9bec<\/li>\n<li>70-71 : E.W. VOGT, Universit\u00e9 de la Colombie-Britannique<\/li>\n<li>69-70 : D.D. BETTS, Universit\u00e9 de l&#8217;Alberta<\/li>\n<li>68-69 : M.P. BACHYNSKI, RCA Limit\u00e9e<\/li>\n<li>67-68 : H.E. PETCH, Universit\u00e9 de Waterloo<\/li>\n<li>66-67 : J.M. ROBSON, Universit\u00e9 d&#8217;Ottawa<\/li>\n<li>65-66 : R.E. BELL, Universit\u00e9 McGill<\/li>\n<li>64-65 : P. LORRAIN, Universit\u00e9 de Montr\u00e9al<\/li>\n<li>63-64 : L. KATZ, Universit\u00e9 de Saskatchewan<\/li>\n<li>62-63 : G.M. VOLKOFF, Universit\u00e9 de la Colombie-Britannique<\/li>\n<li>61-62 : E.R. POUNDER, Universit\u00e9 McGill<\/li>\n<li>60-61 : H.E. DUCKWORTH, Universit\u00e9 McMaster<\/li>\n<li>59-60 : L.G. ELLIOTT, \u00c9nergie atomique du Canada, Limit\u00e9e<\/li>\n<li>58-59 : B.W. CURRIE, Universit\u00e9 de Saskatchewan<\/li>\n<li>57-58 : R.H. HAY, Aluminum Company of Canada<\/li>\n<li>56-57 : G. HERZBERG, Conseil national de recherches<\/li>\n<li>55-56 : B.W. SARGENT, Universit\u00e9 Queen&#8217;s<\/li>\n<li>54-55 : L. KERWIN, Universit\u00e9 Laval<\/li>\n<li>53-54 : G.M. SHRUM, Universit\u00e9 de la Colombie-Britannique<\/li>\n<li>52-53 : G.C. LAURENCE, Conseil national de recherches<\/li>\n<li>51-52 : A.D. MISENER, Universit\u00e9 de l&#8217;Ontario-ouest<\/li>\n<li>50-51 : J.S. MARSHALL, Universit\u00e9 McGill<\/li>\n<li>49-50 : D.C. ROSE, Conseil national de recherches<\/li>\n<li>48-49 : G.A. WOONTON, Universit\u00e9 de l&#8217;Ontario-ouest<\/li>\n<li>47-48 : W.P. DOBSON, Hydro Ontario<\/li>\n<li>46-47 : J.O. WILHELM, Ontario Research Commission<\/li>\n<li>45-46 : F.E. COOMBS, Research Enterprises Limited<\/li>\n<\/ul>\n","protected":false},"excerpt":{"rendered":"<p>Pr\u00e9sent 25-26; P. B\u00c9NARD, Universit\u00e9 du Qu\u00e9bec \u00e0 Trois-Rivi\u00e8res Ant\u00e9rieur 24-25; M. WILLIAMS, Universit\u00e9 de Guelph 23-24; W. WHELAN, Universit\u00e9 de l&#8217;\u00cele-du-Prince-\u00c9douard 22-23; B. FRISKEN, Universit\u00e9 Simon Fraser 21-22; M. PARANJAPE, P.Phys., Universit\u00e9 de Montr\u00e9al 20-21 ; R. THOMPSON, phys,\u00a0 Universit\u00e9 de Calgary 19-20 ; S. GHOSE,\u00a0 phys, Universit\u00e9 Wilfrid Laurier 18-19 ; B. GAULIN,&#8230;  <a class=\"excerpt-read-more\" href=\"https:\/\/cap.ca\/fr\/propos-lacp\/histoire\/presidents-anterieurs\/\" title=\"LirePr\u00e9sidents (pr\u00e9sent et ant\u00e9rieurs)\">Lire la suite &raquo;<\/a><\/p>\n","protected":false},"author":10,"featured_media":0,"parent":3152,"menu_order":166,"comment_status":"closed","ping_status":"closed","template":"","meta":{"footnotes":""},"class_list":["post-3153","page","type-page","status-publish","hentry"],"_links":{"self":[{"href":"https:\/\/cap.ca\/fr\/wp-json\/wp\/v2\/pages\/3153","targetHints":{"allow":["GET"]}}],"collection":[{"href":"https:\/\/cap.ca\/fr\/wp-json\/wp\/v2\/pages"}],"about":[{"href":"https:\/\/cap.ca\/fr\/wp-json\/wp\/v2\/types\/page"}],"author":[{"embeddable":true,"href":"https:\/\/cap.ca\/fr\/wp-json\/wp\/v2\/users\/10"}],"replies":[{"embeddable":true,"href":"https:\/\/cap.ca\/fr\/wp-json\/wp\/v2\/comments?post=3153"}],"version-history":[{"count":12,"href":"https:\/\/cap.ca\/fr\/wp-json\/wp\/v2\/pages\/3153\/revisions"}],"predecessor-version":[{"id":27878,"href":"https:\/\/cap.ca\/fr\/wp-json\/wp\/v2\/pages\/3153\/revisions\/27878"}],"up":[{"embeddable":true,"href":"https:\/\/cap.ca\/fr\/wp-json\/wp\/v2\/pages\/3152"}],"wp:attachment":[{"href":"https:\/\/cap.ca\/fr\/wp-json\/wp\/v2\/media?parent=3153"}],"curies":[{"name":"wp","href":"https:\/\/api.w.org\/{rel}","templated":true}]}}