{"id":3152,"date":"2017-03-09T15:11:09","date_gmt":"2017-03-09T20:11:09","guid":{"rendered":"http:\/\/caph-02.eproofs.ca\/histoire\/"},"modified":"2017-03-26T21:14:41","modified_gmt":"2017-03-27T01:14:41","slug":"histoire","status":"publish","type":"page","link":"https:\/\/cap.ca\/fr\/propos-lacp\/histoire\/","title":{"rendered":"Histoire"},"content":{"rendered":"<p>L&#8217;Association canadienne des physiciens et physiciennes a \u00e9t\u00e9 fond\u00e9e en juillet 1945, F.E. Coombs \u00e9tant alors <a href=\"https:\/\/cap.ca\/fr\/propos-lacp\/histoire\/presidents-anterieurs\/\">le premier pr\u00e9sident<\/a>. Peu de temps apr\u00e8s, le Bulletin (aujourd&#8217;hui appel\u00e9 <em>Physics in Canada\/La physique au Canada<\/em>) et le congr\u00e8s annuel ont vu le jour. Apr\u00e8s plus de 70 ans, l&#8217;ACP a sensiblement \u00e9largi son effectif et ses services et est reconnue comme porte-parole de la physique et des physiciens au Canada.<\/p>\n<p>Une histoire plus d\u00e9taill\u00e9e de l&#8217;ACP est pr\u00e9sent\u00e9e au volume 56 (2), num\u00e9ro sp\u00e9cial de <em><a href=\"https:\/\/pic-pac.cap.ca\/?lang=fr-ca\">Physics in Canada\/La physique au Canada<\/a><\/em>, qui c\u00e9l\u00e8bre \u00ab Un si\u00e8cle de physique au Canada \u00bb<\/p>\n<p>L&#8217;ACP exprime ses remerciements et sa reconnaissance aux nombreux physiciens et \u00e0 ses membres qui l&#8217;ont appuy\u00e9e et lui ont fourni un leadership.<\/p>\n<p><a class=\"green-btn\" href=\"https:\/\/cap.ca\/fr\/propos-lacp\/histoire\/presidents-anterieurs\/\">Pr\u00e9sidents pr\u00e9sent et ant\u00e9rieurs<\/a><\/p>\n","protected":false},"excerpt":{"rendered":"<p>L&#8217;Association canadienne des physiciens et physiciennes a \u00e9t\u00e9 fond\u00e9e en juillet 1945, F.E. Coombs \u00e9tant alors le premier pr\u00e9sident. Peu de temps apr\u00e8s, le Bulletin (aujourd&#8217;hui appel\u00e9 Physics in Canada\/La physique au Canada) et le congr\u00e8s annuel ont vu le jour. Apr\u00e8s plus de 70 ans, l&#8217;ACP a sensiblement \u00e9largi son effectif et ses services&#8230;  <a class=\"excerpt-read-more\" href=\"https:\/\/cap.ca\/fr\/propos-lacp\/histoire\/\" title=\"LireHistoire\">Lire la suite &raquo;<\/a><\/p>\n","protected":false},"author":10,"featured_media":0,"parent":3150,"menu_order":135,"comment_status":"closed","ping_status":"closed","template":"","meta":{"footnotes":""},"class_list":["post-3152","page","type-page","status-publish","hentry"],"_links":{"self":[{"href":"https:\/\/cap.ca\/fr\/wp-json\/wp\/v2\/pages\/3152","targetHints":{"allow":["GET"]}}],"collection":[{"href":"https:\/\/cap.ca\/fr\/wp-json\/wp\/v2\/pages"}],"about":[{"href":"https:\/\/cap.ca\/fr\/wp-json\/wp\/v2\/types\/page"}],"author":[{"embeddable":true,"href":"https:\/\/cap.ca\/fr\/wp-json\/wp\/v2\/users\/10"}],"replies":[{"embeddable":true,"href":"https:\/\/cap.ca\/fr\/wp-json\/wp\/v2\/comments?post=3152"}],"version-history":[{"count":5,"href":"https:\/\/cap.ca\/fr\/wp-json\/wp\/v2\/pages\/3152\/revisions"}],"predecessor-version":[{"id":6468,"href":"https:\/\/cap.ca\/fr\/wp-json\/wp\/v2\/pages\/3152\/revisions\/6468"}],"up":[{"embeddable":true,"href":"https:\/\/cap.ca\/fr\/wp-json\/wp\/v2\/pages\/3150"}],"wp:attachment":[{"href":"https:\/\/cap.ca\/fr\/wp-json\/wp\/v2\/media?parent=3152"}],"curies":[{"name":"wp","href":"https:\/\/api.w.org\/{rel}","templated":true}]}}