{"id":3151,"date":"2017-03-09T15:11:06","date_gmt":"2017-03-09T20:11:06","guid":{"rendered":"http:\/\/caph-02.eproofs.ca\/contactez-nous\/"},"modified":"2026-03-05T14:00:19","modified_gmt":"2026-03-05T19:00:19","slug":"contactez-nous","status":"publish","type":"page","link":"https:\/\/cap.ca\/fr\/propos-lacp\/contactez-nous\/","title":{"rendered":"Contactez-nous"},"content":{"rendered":"<div class=\"wpb-content-wrapper\"><p>[vc_row][vc_column width=&#8221;1\/2&#8243;][vc_column_text css=&#8221;&#8221;]<\/p>\n<h4>Vous pouvez communiquer avec l&#8217;ACP :<\/h4>\n<h4><span style=\"font-size: 12pt;\">par courriel :<\/span><\/h4>\n<p><span style=\"font-size: 12pt;\">Renseignements g\u00e9n\u00e9raux ou concernant le site web : info@cap.ca<br \/>\n<\/span><\/p>\n<p><span style=\"font-size: 12pt;\">Renseignements concernant l&#8217;adh\u00e9sion : membership@cap.ca<\/span><\/p>\n<p>Utilisez <a href=\"https:\/\/cap.ca\/fr\/propos-lacp\/acp-direction\/personnel\/\" target=\"_blank\" rel=\"noopener noreferrer\">le r\u00e9pertoire du personnel<\/a> pour trouver les coordonn\u00e9es du personnel de l&#8217;ACP.<\/p>\n<h4><span style=\"font-size: 12pt;\">par t<strong>\u00e9l\u00e9phone<\/strong> :<\/span><\/h4>\n<p><span style=\"font-size: 12pt;\">(343) 361-3326<\/span><\/p>\n<h4><span style=\"font-size: 12pt;\">par courrier :<\/span><\/h4>\n<p><span style=\"font-size: 12pt;\">Association canadienne des physiciens et physiciennes<\/span><br \/>\n300-11 rue Earl Grey, bureau 110<br \/>\nKanata ON, K2T 1C1<\/p>\n<div><strong>Heures de bureau :<\/strong><\/div>\n<div>\n<p><span style=\"font-size: 12pt;\">Du lundi \u00e0 jeudi, de 09h00 \u00e0 18h30 HE<\/span><\/p>\n<p>&nbsp;<\/p>\n<\/div>\n<div><\/div>\n<div><strong><span style=\"font-size: 12pt;\">Heures d&#8217;ouverture des services aux membres :<\/span><br \/>\n<\/strong>Monday \u2013 Thursday, 08h00 <span style=\"font-size: 12pt;\">\u00e0<\/span> 17h30 HE<\/div>\n<p>[\/vc_column_text][\/vc_column][vc_column width=&#8221;1\/2&#8243;][\/vc_column][\/vc_row][vc_row][vc_column][vc_column_text][\/vc_column_text][\/vc_column][\/vc_row]<\/p>\n<\/div>","protected":false},"excerpt":{"rendered":"<p>[vc_row][vc_column width=&#8221;1\/2&#8243;][vc_column_text css=&#8221;&#8221;] Vous pouvez communiquer avec l&#8217;ACP : par courriel : Renseignements g\u00e9n\u00e9raux ou concernant le site web : info@cap.ca Renseignements concernant l&#8217;adh\u00e9sion : membership@cap.ca Utilisez le r\u00e9pertoire du personnel pour trouver les coordonn\u00e9es du personnel de l&#8217;ACP. par t\u00e9l\u00e9phone : (343) 361-3326 par courrier : Association canadienne des physiciens et physiciennes 300-11 rue&#8230;  <a class=\"excerpt-read-more\" href=\"https:\/\/cap.ca\/fr\/propos-lacp\/contactez-nous\/\" title=\"LireContactez-nous\">Lire la suite &raquo;<\/a><\/p>\n","protected":false},"author":10,"featured_media":0,"parent":3150,"menu_order":143,"comment_status":"closed","ping_status":"closed","template":"","meta":{"footnotes":""},"class_list":["post-3151","page","type-page","status-publish","hentry"],"_links":{"self":[{"href":"https:\/\/cap.ca\/fr\/wp-json\/wp\/v2\/pages\/3151","targetHints":{"allow":["GET"]}}],"collection":[{"href":"https:\/\/cap.ca\/fr\/wp-json\/wp\/v2\/pages"}],"about":[{"href":"https:\/\/cap.ca\/fr\/wp-json\/wp\/v2\/types\/page"}],"author":[{"embeddable":true,"href":"https:\/\/cap.ca\/fr\/wp-json\/wp\/v2\/users\/10"}],"replies":[{"embeddable":true,"href":"https:\/\/cap.ca\/fr\/wp-json\/wp\/v2\/comments?post=3151"}],"version-history":[{"count":32,"href":"https:\/\/cap.ca\/fr\/wp-json\/wp\/v2\/pages\/3151\/revisions"}],"predecessor-version":[{"id":28818,"href":"https:\/\/cap.ca\/fr\/wp-json\/wp\/v2\/pages\/3151\/revisions\/28818"}],"up":[{"embeddable":true,"href":"https:\/\/cap.ca\/fr\/wp-json\/wp\/v2\/pages\/3150"}],"wp:attachment":[{"href":"https:\/\/cap.ca\/fr\/wp-json\/wp\/v2\/media?parent=3151"}],"curies":[{"name":"wp","href":"https:\/\/api.w.org\/{rel}","templated":true}]}}