{"id":3150,"date":"2017-03-09T15:11:04","date_gmt":"2017-03-09T20:11:04","guid":{"rendered":"http:\/\/caph-02.eproofs.ca\/propos-lacp\/"},"modified":"2026-03-26T19:25:06","modified_gmt":"2026-03-26T23:25:06","slug":"propos-lacp","status":"publish","type":"page","link":"https:\/\/cap.ca\/fr\/propos-lacp\/","title":{"rendered":"\u00c0 propos de l&#8217;ACP"},"content":{"rendered":"<div class=\"wpb-content-wrapper\"><p>[vc_row css=&#8221;.vc_custom_1490322601442{margin-top: 0px !important;margin-right: 0px !important;margin-bottom: 0px !important;margin-left: 0px !important;border-top-width: 1px !important;border-right-width: 1px !important;border-bottom-width: 3px !important;border-left-width: 1px !important;padding-top: 0px !important;padding-right: 30px !important;padding-bottom: 0px !important;padding-left: 30px !important;border-left-color: #dddddd !important;border-left-style: solid !important;border-right-color: #dddddd !important;border-right-style: solid !important;border-top-color: #dddddd !important;border-top-style: solid !important;border-bottom-color: #dddddd !important;border-bottom-style: solid !important;}&#8221;][vc_column css=&#8221;.vc_custom_1490377544232{padding-top: 0px !important;padding-right: 0px !important;padding-left: 0px !important;}&#8221;][vc_column_text css=&#8221;.vc_custom_1774567445538{margin-bottom: 15px !important;}&#8221;]<\/p>\n<h2>Mot de bienvenue du pr\u00e9sident<\/h2>\n<p><img loading=\"lazy\" decoding=\"async\" class=\"size-medium wp-image-29004 alignleft\" src=\"https:\/\/cap.ca\/wp-content\/uploads\/2023\/07\/Pierre-Benard-300x300.jpg\" alt=\"\" width=\"300\" height=\"300\" srcset=\"https:\/\/cap.ca\/wp-content\/uploads\/2023\/07\/Pierre-Benard-300x300.jpg 300w, https:\/\/cap.ca\/wp-content\/uploads\/2023\/07\/Pierre-Benard-150x150.jpg 150w, https:\/\/cap.ca\/wp-content\/uploads\/2023\/07\/Pierre-Benard-125x125.jpg 125w, https:\/\/cap.ca\/wp-content\/uploads\/2023\/07\/Pierre-Benard.jpg 695w\" sizes=\"auto, (max-width: 300px) 100vw, 300px\" \/>En tant que pr\u00e9sident de l&#8217;Association canadienne des physiciens et physiciennes (ACP), j&#8217;ai le plaisir de vous accueillir sur notre site Web. Alors que le monde c\u00e9l\u00e8bre l&#8217;Ann\u00e9e internationale de la science et des technologies quantiques, cette ann\u00e9e marque \u00e9galement le 80<sup>e<\/sup> anniversaire de l&#8217;Association canadienne des physiciens et physiciennes. Depuis 1945, l&#8217;ACP s&#8217;efforce de favoriser une communaut\u00e9 physique dynamique et inclusive qui stimule la d\u00e9couverte et l&#8217;innovation au Canada. Les membres de l&#8217;ACP proviennent du milieu universitaire (universit\u00e9s, c\u00e9geps et coll\u00e8ges), du syst\u00e8me scolaire canadien, de l&#8217;industrie et du gouvernement.<\/p>\n<p><a style=\"background-color: #ffffff;\" href=\"https:\/\/cap.ca\/fr\/propos-lacp\/presidents-message\/\" rel=\"noopener noreferrer\">[&#8230;] Lire la suite<\/a>.[\/vc_column_text][\/vc_column][\/vc_row][vc_row][vc_column][vc_column_text css=&#8221;&#8221;]<\/p>\n<h2>Notre Association<\/h2>\n<p>L&#8217;Association canadienne des physiciens et physiciennes (ACP) est le porte-parole de la physique au Canada. Elle se voue \u00e0 faire valoir les r\u00e9alisations en physique canadienne et entreprend des initiatives scientifiques et \u00e9ducatives, ainsi que touchant la politique publique et les communications, qui accroissent la vitalit\u00e9 de la physique et des physiciens au Canada.<\/p>\n<p>L&#8217;ACP repr\u00e9sente plus de 1 700 physiciens \u0153uvrant dans les secteurs universitaire, gouvernemental et industriel. Constitu\u00e9e en organisme \u00e0 but non lucratif en 1945, elle assure un leadership aupr\u00e8s de la collectivit\u00e9 canadienne de la physique par les moyens suivants :<\/p>\n<ul class=\"content-list\">\n<li>promouvoir les r\u00e9alisations de la physique canadienne<\/li>\n<li>informer ses membres et le public des \u00e9l\u00e9ments nouveaux dans le domaine<\/li>\n<li>sensibiliser les futurs physiciens \u00e0 la physique<\/li>\n<li>faciliter les communications avec le public et les d\u00e9cideurs en mati\u00e8re de financement et de politiques.<\/li>\n<\/ul>\n<p>L&#8217;adh\u00e9sion \u00e0 l&#8217;ACP soutient votre carri\u00e8re et votre profession ainsi que le progr\u00e8s constant de la physique canadienne. <a href=\"https:\/\/cap.ca\/fr\/adhesion\/\">Adh\u00e9rez d\u00e8s aujourd&#8217;hui<\/a> ou <a href=\"https:\/\/cap.ca\/fr\/propos-lacp\/contactez-nous\/\">contactez-nous<\/a> pour de plus amples renseignements.<\/p>\n<h2><strong><span style=\"font-size: 14pt;\">La vision de l&#8217;ACP<\/span><\/strong><\/h2>\n<p>Une collectivit\u00e9 canadienne de la physique \u00e0 la fois dynamique, inclusive et engag\u00e9e qui profite \u00e0 notre pays.<\/p>\n<h2><strong><span style=\"font-size: 14pt;\">Mission:<\/span><\/strong><\/h2>\n<p>Promouvoir, communiquer et c\u00e9l\u00e9brer le r\u00f4le, les valeurs et l\u2019apport de la physique canadienne.<\/p>\n<h2><span style=\"font-size: 18.6667px;\"><b>Valeurs:<\/b><\/span><\/h2>\n<ul class=\"content-list\">\n<li>Excellence et professionnalisme<\/li>\n<li>\u00c9quit\u00e9, diversit\u00e9 et inclusion (EDI)<\/li>\n<li>Coll\u00e9gialit\u00e9 et mentorat<\/li>\n<\/ul>\n<p>[\/vc_column_text][\/vc_column][\/vc_row]<\/p>\n<\/div>","protected":false},"excerpt":{"rendered":"<p>[vc_row css=&#8221;.vc_custom_1490322601442{margin-top: 0px !important;margin-right: 0px !important;margin-bottom: 0px !important;margin-left: 0px !important;border-top-width: 1px !important;border-right-width: 1px !important;border-bottom-width: 3px !important;border-left-width: 1px !important;padding-top: 0px !important;padding-right: 30px !important;padding-bottom: 0px !important;padding-left: 30px !important;border-left-color: #dddddd !important;border-left-style: solid !important;border-right-color: #dddddd !important;border-right-style: solid !important;border-top-color: #dddddd !important;border-top-style: solid !important;border-bottom-color: #dddddd !important;border-bottom-style: solid !important;}&#8221;][vc_column css=&#8221;.vc_custom_1490377544232{padding-top: 0px !important;padding-right: 0px !important;padding-left: 0px !important;}&#8221;][vc_column_text css=&#8221;.vc_custom_1774567445538{margin-bottom: 15px !important;}&#8221;] Mot de bienvenue&#8230;  <a class=\"excerpt-read-more\" href=\"https:\/\/cap.ca\/fr\/propos-lacp\/\" title=\"Lire\u00c0 propos de l&#8217;ACP\">Lire la suite &raquo;<\/a><\/p>\n","protected":false},"author":10,"featured_media":0,"parent":0,"menu_order":124,"comment_status":"closed","ping_status":"closed","template":"","meta":{"footnotes":""},"class_list":["post-3150","page","type-page","status-publish","hentry"],"_links":{"self":[{"href":"https:\/\/cap.ca\/fr\/wp-json\/wp\/v2\/pages\/3150","targetHints":{"allow":["GET"]}}],"collection":[{"href":"https:\/\/cap.ca\/fr\/wp-json\/wp\/v2\/pages"}],"about":[{"href":"https:\/\/cap.ca\/fr\/wp-json\/wp\/v2\/types\/page"}],"author":[{"embeddable":true,"href":"https:\/\/cap.ca\/fr\/wp-json\/wp\/v2\/users\/10"}],"replies":[{"embeddable":true,"href":"https:\/\/cap.ca\/fr\/wp-json\/wp\/v2\/comments?post=3150"}],"version-history":[{"count":34,"href":"https:\/\/cap.ca\/fr\/wp-json\/wp\/v2\/pages\/3150\/revisions"}],"predecessor-version":[{"id":29033,"href":"https:\/\/cap.ca\/fr\/wp-json\/wp\/v2\/pages\/3150\/revisions\/29033"}],"wp:attachment":[{"href":"https:\/\/cap.ca\/fr\/wp-json\/wp\/v2\/media?parent=3150"}],"curies":[{"name":"wp","href":"https:\/\/api.w.org\/{rel}","templated":true}]}}