{"id":29064,"date":"2026-04-09T09:56:20","date_gmt":"2026-04-09T13:56:20","guid":{"rendered":"https:\/\/cap.ca\/congres-de-lacp\/congres-2026\/2026-frais-dinscription\/code-of-conduct\/"},"modified":"2026-04-09T10:05:21","modified_gmt":"2026-04-09T14:05:21","slug":"code-of-conduct","status":"publish","type":"page","link":"https:\/\/cap.ca\/fr\/congres-de-lacp\/congres-2026\/2026-frais-dinscription\/code-of-conduct\/","title":{"rendered":"Code of Conduct"},"content":{"rendered":"<p>L\u2019Association canadienne des physiciens et physiciennes estime que les discussions constructives et franches propice au progr\u00e8s de la physique n\u00e9cessitent un environnement coll\u00e9gial, respectueux et inclusif, exempt de toute forme de discrimination, de harc\u00e8lement ou de repr\u00e9sailles.<\/p>\n<p>\u00c0 ce titre, l\u2019Association canadienne des physiciens et physiciennes s\u2019attend \u00e0 ce que toutes les personnes qui participent aux \u00e9v\u00e8nements qu\u2019elle organise en tant que congressistes, prestataires de services, exposants, fournisseurs, b\u00e9n\u00e9voles ou membres du personnel, se comportent conform\u00e9ment \u00e0 ses valeurs fondamentales, qui sont :<\/p>\n<ul class=\"content-list\">\n<li>Excellence et professionnalisme,<\/li>\n<li>\u00c9quit\u00e9, diversit\u00e9 et inclusivit\u00e9,<\/li>\n<li>Coll\u00e9gialit\u00e9 et mentorat.<\/li>\n<\/ul>\n<p>Les personnes qui participent doivent faire preuve de respect et favoriser un environnement propice \u00e0 un d\u00e9bat coll\u00e9gial et constructif, exempt de propos ou de comportements offensants, harcelants ou perturbateurs fond\u00e9s sur la race, l\u2019origine nationale ou ethnique, la couleur, la religion, le sexe, l\u2019\u00e2ge ou le handicap physique ou mental, l\u2019orientation sexuelle, le lieu de r\u00e9sidence, l\u2019\u00e9tat civil, l\u2019origine nationale ou les opinions politiques. Les participants ne feront l\u2019objet d\u2019aucune discrimination pour avoir utilis\u00e9 le fran\u00e7ais ou l\u2019anglais pendant l\u2019\u00e9v\u00e8nement.<\/p>\n<p>Toute violation du pr\u00e9sent code de conduite doit \u00eatre signal\u00e9e aux organisateurs, au personnel de l\u2019ACP ou \u00e0 la direction de l\u2019ACP. Le comit\u00e9 ex\u00e9cutif de l\u2019ACP d\u00e9cidera des mesures appropri\u00e9es \u00e0 prendre pour mettre fin ou emp\u00eacher les violations du code de conduite. Ces mesures peuvent inclure l\u2019\u00e9mission d\u2019un avertissement, l\u2019annulation d\u2019une activit\u00e9 ou d\u2019une inscription, l\u2019expulsion de l\u2019\u00e9v\u00e9nement ainsi que la notification des autorit\u00e9s comp\u00e9tentes.<\/p>\n<p>En participant \u00e0 un \u00e9v\u00e9nement de l\u2019ACP, toute personne qui participe accepte de se conformer au pr\u00e9sent code de conduite et comprend qu\u2019aucun remboursement ne sera effectu\u00e9 \u00e0 la suite de toute mesure prise par la conf\u00e9rence \u00e0 cet \u00e9gard.<\/p>\n","protected":false},"excerpt":{"rendered":"<p>L\u2019Association canadienne des physiciens et physiciennes estime que les discussions constructives et franches propice au progr\u00e8s de la physique n\u00e9cessitent un environnement coll\u00e9gial, respectueux et inclusif, exempt de toute forme de discrimination, de harc\u00e8lement ou de repr\u00e9sailles. \u00c0 ce titre, l\u2019Association canadienne des physiciens et physiciennes s\u2019attend \u00e0 ce que toutes les personnes qui participent&#8230;  <a class=\"excerpt-read-more\" href=\"https:\/\/cap.ca\/fr\/congres-de-lacp\/congres-2026\/2026-frais-dinscription\/code-of-conduct\/\" title=\"LireCode of Conduct\">Lire la suite &raquo;<\/a><\/p>\n","protected":false},"author":5,"featured_media":0,"parent":28934,"menu_order":1,"comment_status":"closed","ping_status":"closed","template":"","meta":{"footnotes":""},"class_list":["post-29064","page","type-page","status-publish","hentry"],"_links":{"self":[{"href":"https:\/\/cap.ca\/fr\/wp-json\/wp\/v2\/pages\/29064","targetHints":{"allow":["GET"]}}],"collection":[{"href":"https:\/\/cap.ca\/fr\/wp-json\/wp\/v2\/pages"}],"about":[{"href":"https:\/\/cap.ca\/fr\/wp-json\/wp\/v2\/types\/page"}],"author":[{"embeddable":true,"href":"https:\/\/cap.ca\/fr\/wp-json\/wp\/v2\/users\/5"}],"replies":[{"embeddable":true,"href":"https:\/\/cap.ca\/fr\/wp-json\/wp\/v2\/comments?post=29064"}],"version-history":[{"count":2,"href":"https:\/\/cap.ca\/fr\/wp-json\/wp\/v2\/pages\/29064\/revisions"}],"predecessor-version":[{"id":29066,"href":"https:\/\/cap.ca\/fr\/wp-json\/wp\/v2\/pages\/29064\/revisions\/29066"}],"up":[{"embeddable":true,"href":"https:\/\/cap.ca\/fr\/wp-json\/wp\/v2\/pages\/28934"}],"wp:attachment":[{"href":"https:\/\/cap.ca\/fr\/wp-json\/wp\/v2\/media?parent=29064"}],"curies":[{"name":"wp","href":"https:\/\/api.w.org\/{rel}","templated":true}]}}