{"id":28934,"date":"2026-03-22T22:39:16","date_gmt":"2026-03-23T02:39:16","guid":{"rendered":"https:\/\/cap.ca\/?page_id=28934"},"modified":"2026-03-27T11:42:46","modified_gmt":"2026-03-27T15:42:46","slug":"2026-frais-dinscription","status":"publish","type":"page","link":"https:\/\/cap.ca\/fr\/congres-de-lacp\/congres-2026\/2026-frais-dinscription\/","title":{"rendered":"2026 Frais d&#8217;inscription"},"content":{"rendered":"<div class=\"wpb-content-wrapper\"><p>[vc_row][vc_column][vc_column_text css=&#8221;&#8221;]<\/p>\n<h1>L\u2019inscription au Congr\u00e8s 2026<\/h1>\n<h4><strong>Les inscriptions ouvriront \u00e0 la mi-avril, avec une p\u00e9riode d&#8217;inscription anticip\u00e9e de trois semaines.<\/strong><\/h4>\n<p>Les inscriptions normales (avec options de restauration) seront ouvertes jusqu&#8217;au dimanche 31 mai \u00e0 23 h 59 (heure de l&#8217;Est) ; apr\u00e8s cette date, vous pourrez toujours vous inscrire, mais vous ne pourrez plus pr\u00e9commander de repas (par exemple, les d\u00e9jeuners).<\/p>\n<p>Si vous avez des questions, veuillez contacter Ellen \u00e0 l\u2019adresse programs@cap.ca.<\/p>\n<p>&nbsp;<\/p>\n<hr \/>\n<p>&nbsp;<\/p>\n<blockquote><p><strong>ATELIER D&#8217;UNE JOURN\u00c9E POUR LES ENSEIGNANTS DU SECONDAIRE ET DU C\u00c9GEP<\/strong><\/p>\n<p><b>REMARQUE IMPORTANTE &#8211;<\/b> L&#8217;atelier destin\u00e9 aux enseignants du secondaire et du c\u00e9gep du Congr\u00e8s de l&#8217;ACP 2026 se tiendra plus t\u00f4t que pr\u00e9vu &#8212; le mardi 2 juin \u00e0 l&#8217;Universit\u00e9 d&#8217;Ottawa &#8212; afin de s&#8217;adapter au mieux \u00e0 leur calendrier scolaire. Gr\u00e2ce \u00e0 la g\u00e9n\u00e9rosit\u00e9 de nos commanditaires et de nos h\u00f4tes, la participation est gratuite pour les enseignants. <a href=\"https:\/\/cap.ca\/fr\/congres-de-lacp\/congres-2026\/2026-high-school-teacher-workshop\/\" target=\"_blank\" rel=\"noopener\">Vous trouverez ici une description d\u00e9taill\u00e9e de cet \u00e9v\u00e9nement ainsi que le lien pour vous inscrire<\/a>.<\/p>\n<p>&nbsp;<\/p><\/blockquote>\n<p>[\/vc_column_text][vc_message css=&#8221;&#8221;]Le programme du congr\u00e8s peut \u00eatre consult\u00e9 sur notre <a href=\"https:\/\/indico.global\/event\/15553\" target=\"_blank\" rel=\"noopener\">site web Indico Congress Program<\/a>.[\/vc_message][vc_column_text css=&#8221;&#8221;]<strong>PARTICIPATION EN PERSONNE<\/strong><\/p>\n<p>Nous sommes impatients d&#8217;accueillir tous les pr\u00e9sentateurs\/conf\u00e9renciers ainsi que les autres d\u00e9l\u00e9gu\u00e9s qui ont choisi de participer \u00e0 notre congr\u00e8s 2026 \u00e0 Ottawa, en Ontario. Veuillez consulter les diff\u00e9rentes pages web mises \u00e0 disposition par notre comit\u00e9 d&#8217;organisation local pour obtenir des informations importantes sur les d\u00e9placements vers Ottawa ainsi que sur les possibilit\u00e9s d&#8217;h\u00e9bergement et de restauration sur place.<\/p>\n<p>En raison du nombre limit\u00e9 de places disponibles pour le d\u00e9jeuner, les d\u00e9l\u00e9gu\u00e9s seront encourag\u00e9s \u00e0 s&#8217;inscrire \u00e0 l&#8217;option de d\u00e9jeuner sous forme de buffet \u00e0 la caf\u00e9t\u00e9ria (payable \u00e0 l&#8217;avance) afin de garantir un acc\u00e8s rapide et pratique \u00e0 la restauration. Des paniers-repas seront disponibles, au prix co\u00fbtant, via le formulaire d&#8217;inscription pour ceux qui ont l&#8217;intention de participer aux sessions de midi.<\/p>\n<h4>FRAIS D&#8217;INSCRIPTION<\/h4>\n<p><strong>Les frais d&#8217;inscription indiqu\u00e9s ci-dessous sont en dollars canadiens. La TVH de 13 % sera ajout\u00e9e \u00e0 ces frais. L&#8217;inscription en ligne sera ouverte en avril.<\/strong><\/p>\n<p>Les <b>frais d&#8217;inscription complets au congr\u00e8s<\/b> comprennent les rafra\u00eechissements servis lors de plusieurs r\u00e9ceptions et les pauses-caf\u00e9 pendant toute la dur\u00e9e de la conf\u00e9rence. Le d\u00e9jeuner sous forme de buffet, les d\u00e9jeuners-conf\u00e9rences sp\u00e9ciaux et certains autres \u00e9v\u00e9nements sp\u00e9ciaux ne sont <b><i>pas<\/i> <\/b>inclus dans les frais d&#8217;inscription, mais vous pourrez acheter des billets lors de votre inscription si vous pr\u00e9voyez d&#8217;y assister. REMARQUE : les participants doivent s&#8217;inscrire avant le 31 mai pour pouvoir acheter des billets pour les \u00e9v\u00e9nements sp\u00e9ciaux et les d\u00e9jeuners.<\/p>\n<p>Les <b>frais d&#8217;inscription \u00e0 la journ\u00e9e<\/b> comprennent les pauses sant\u00e9 de la journ\u00e9e. Le d\u00e9jeuner buffet, les d\u00e9jeuners-conf\u00e9rences, les d\u00eeners, les \u00e9v\u00e9nements sociaux et les visites sp\u00e9ciales ne sont pas inclus dans les frais d&#8217;inscription \u00e0 la journ\u00e9e, mais vous pourrez acheter des billets lors de votre inscription.<\/p>\n<p>La participation virtuelle n&#8217;est pas propos\u00e9e en 2026.<\/p>\n<p>&nbsp;<\/p>\n<table style=\"width: 100%; height: 1530px;\" border=\"1\" cellspacing=\"1\" cellpadding=\"1\">\n<tbody>\n<tr style=\"height: 39px;\">\n<td style=\"width: 26.4383%; height: 151px;\" rowspan=\"4\"><span style=\"font-size: 12pt;\"><strong><br \/>\n<\/strong><\/span><strong>Frais d&#8217;inscription au congr\u00e8s ACP 2026<\/strong><\/td>\n<td style=\"width: 58.2193%; text-align: center; height: 39px;\" colspan=\"3\"><strong><span style=\"font-size: 10pt;\">DROITS D&#8217;INSCRIPTION<\/span><\/strong><\/td>\n<\/tr>\n<tr style=\"height: 39px;\">\n<td style=\"height: 39px; width: 21.6438%; text-align: center;\" align=\"center\"><span style=\"font-size: 10pt;\">PR\u00c9C\u00c9DENT<\/span><\/td>\n<td style=\"height: 39px; width: 19.8631%; text-align: center;\" align=\"center\"><span style=\"font-size: 10pt;\">R\u00c9GULIER<\/span><\/td>\n<td style=\"height: 39px; width: 16.7124%; text-align: center;\" align=\"center\"><span style=\"font-size: 10pt;\">EN RETARD\/SUR PLACE<\/span><\/td>\n<\/tr>\n<tr style=\"height: 67px;\">\n<td style=\"height: 63px; width: 21.6438%; text-align: center;\" align=\"center\"><span style=\"font-size: 10pt;\">au plus tard \u00e0<\/span><br \/>\n<span style=\"font-size: 10pt;\">23h59 (HE)<\/span><br \/>\n<span style=\"font-size: 10pt;\">Le 10 mai<\/span><\/td>\n<td style=\"height: 63px; width: 19.8631%; text-align: center;\" align=\"center\"><span style=\"font-size: 10pt;\">Du 11 mai au<\/span><br \/>\n<span style=\"font-size: 10pt;\">23h59 (HE) 31 mai<br \/>\n<\/span><\/td>\n<td style=\"height: 63px; width: 16.7124%; text-align: center;\" align=\"center\"><span style=\"font-size: 10pt;\">Du 1 juin au 26 juin<\/span><\/td>\n<\/tr>\n<tr style=\"height: 30px;\">\n<td style=\"height: 10px; width: 58.2193%;\" colspan=\"3\"><span style=\"font-size: 10pt;\"><strong><span style=\"color: #ff0000; font-size: 12pt;\">Inscription compl\u00e8te \u00e0 la conf\u00e9rence :<\/span><br \/>\nNOTE IMPORTANTE : Ce tarif est automatiquement appliqu\u00e9 \u00e0 toute inscription \u00e0 au moins trois des cinq jours du Congr\u00e8s (lundi, mardi, mercredi, jeudi ou vendredi). \u00a0\u00a0<\/strong><\/span><span style=\"font-size: 10pt;\"><strong><span style=\"color: #ff0000; font-size: 12pt;\"><br \/>\n<\/span><\/strong><\/span><\/td>\n<\/tr>\n<tr style=\"height: 30px;\">\n<td style=\"height: 30px; width: 67.9452%; padding-left: 30px;\" colspan=\"3\"><strong>TARIFS MEMBRES \/ CONF\u00c9RENCIERS INVIT\u00c9S<\/strong><\/td>\n<td style=\"height: 30px; width: 16.7124%; text-align: center;\"><\/td>\n<\/tr>\n<tr style=\"height: 30px;\">\n<td style=\"height: 30px; width: 26.4383%; padding-left: 30px;\"><span style=\"font-size: 10pt;\">Membres \/ Orateurs invit\u00e9s<\/span><\/td>\n<td style=\"height: 30px; width: 21.6438%; text-align: center;\"><span style=\"font-size: 10pt;\">$565<\/span><\/td>\n<td style=\"height: 30px; width: 19.8631%; text-align: center;\"><span style=\"font-size: 10pt;\">$625<\/span><\/td>\n<td style=\"height: 30px; width: 16.7124%; text-align: center;\"><span style=\"font-size: 10pt;\">$740<\/span><\/td>\n<\/tr>\n<tr style=\"height: 30px;\">\n<td style=\"height: 30px; width: 26.4383%; padding-left: 30px;\"><span style=\"font-size: 10pt;\">Membre : D\u00e9but de carri\u00e8re (dans les 4 ans suivant l&#8217;obtention du dipl\u00f4me le plus \u00e9lev\u00e9)<\/span><\/td>\n<td style=\"height: 30px; width: 21.6438%; text-align: center;\"><span style=\"font-size: 10pt;\">$390<\/span><\/td>\n<td style=\"height: 30px; width: 19.8631%; text-align: center;\"><span style=\"font-size: 10pt;\">$450<\/span><\/td>\n<td style=\"height: 30px; width: 16.7124%; text-align: center;\"><span style=\"font-size: 10pt;\">$565<\/span><\/td>\n<\/tr>\n<tr style=\"height: 30px;\">\n<td style=\"height: 30px; width: 26.4383%; padding-left: 30px;\"><span style=\"font-size: 10pt;\">Membre : retrait\u00e9s<\/span><\/td>\n<td style=\"height: 30px; width: 21.6438%; text-align: center;\"><span style=\"font-size: 10pt;\">$390<\/span><\/td>\n<td style=\"height: 30px; width: 19.8631%; text-align: center;\"><span style=\"font-size: 10pt;\">$450<\/span><\/td>\n<td style=\"height: 30px; width: 16.7124%; text-align: center;\"><span style=\"font-size: 10pt;\">$565<\/span><\/td>\n<\/tr>\n<tr style=\"height: 39px;\">\n<td style=\"height: 39px; width: 26.4383%; padding-left: 30px;\"><span style=\"font-size: 10pt;\">Membres : \u00c9tudiants dipl\u00f4m\u00e9s<\/span><\/td>\n<td class=\"rtecenter\" style=\"height: 39px; width: 21.6438%; text-align: center;\"><span style=\"font-size: 10pt;\">$345<\/span><\/td>\n<td class=\"rtecenter\" style=\"height: 39px; width: 19.8631%; text-align: center;\"><span style=\"font-size: 10pt;\">$405<\/span><\/td>\n<td class=\"rtecenter\" style=\"height: 39px; width: 16.7124%; text-align: center;\"><span style=\"font-size: 10pt;\">$520<\/span><\/td>\n<\/tr>\n<tr style=\"height: 39px;\">\n<td style=\"height: 39px; width: 26.4383%; padding-left: 30px;\"><span style=\"font-size: 10pt;\">Affili\u00e9s \u00e0 l&#8217;ACP pour les \u00e9tudiants de premier cycle **.<\/span><\/td>\n<td class=\"rtecenter\" style=\"height: 39px; width: 21.6438%; text-align: center;\"><span style=\"font-size: 10pt;\">$230<\/span><\/td>\n<td class=\"rtecenter\" style=\"height: 39px; width: 19.8631%; text-align: center;\"><span style=\"font-size: 10pt;\">$290<\/span><\/td>\n<td class=\"rtecenter\" style=\"height: 39px; width: 16.7124%; text-align: center;\"><span style=\"font-size: 10pt;\">$405<\/span><\/td>\n<\/tr>\n<tr style=\"height: 39px;\">\n<td style=\"height: 39px; width: 26.4383%; padding-left: 30px;\"><span style=\"font-size: 10pt;\">Membre : Enseignants du secondaire \/ CEGEP \/ Coll\u00e8ge<br \/>\n(pour Congr\u00e8s le 21 \u00e0 26 juin) <\/span><\/td>\n<td class=\"rtecenter\" style=\"height: 39px; width: 21.6438%; text-align: center;\"><span style=\"font-size: 10pt;\">$30<\/span><\/td>\n<td class=\"rtecenter\" style=\"height: 39px; width: 19.8631%; text-align: center;\"><span style=\"font-size: 10pt;\">$30<\/span><\/td>\n<td class=\"rtecenter\" style=\"height: 39px; width: 16.7124%; text-align: center;\"><span style=\"font-size: 10pt;\">$130<\/span><\/td>\n<\/tr>\n<tr style=\"height: 30px;\">\n<td style=\"height: 30px; width: 67.9452%; padding-left: 30px;\" colspan=\"3\"><strong>TARIFS POUR LES NON-MEMBRES<\/strong><\/td>\n<td style=\"height: 30px; width: 16.7124%; text-align: center;\"><\/td>\n<\/tr>\n<tr style=\"height: 30px;\">\n<td style=\"height: 30px; width: 26.4383%; padding-left: 30px;\"><span style=\"font-size: 10pt;\">Non-membres *<\/span><\/td>\n<td style=\"height: 30px; width: 21.6438%; text-align: center;\"><span style=\"font-size: 10pt;\">$825<\/span><\/td>\n<td style=\"height: 30px; width: 19.8631%; text-align: center;\"><span style=\"font-size: 10pt;\">$885<\/span><\/td>\n<td style=\"height: 30px; width: 16.7124%; text-align: center;\"><span style=\"font-size: 10pt;\">$1,000<\/span><\/td>\n<\/tr>\n<tr style=\"height: 39px;\">\n<td style=\"height: 39px; width: 26.4383%; padding-left: 30px;\"><span style=\"font-size: 10pt;\">Non-membres : \u00c9tudiants dipl\u00f4m\u00e9s **<\/span><br \/>\n<span style=\"font-size: 10pt;\">(NB : La carte d&#8217;\u00e9tudiant est exig\u00e9e lors de la remise du dossier d&#8217;inscription)<\/span><\/td>\n<td class=\"rtecenter\" style=\"height: 39px; width: 21.6438%; text-align: center;\"><span style=\"font-size: 10pt;\">$495<\/span><\/td>\n<td class=\"rtecenter\" style=\"height: 39px; width: 19.8631%; text-align: center;\"><span style=\"font-size: 10pt;\">$555<\/span><\/td>\n<td class=\"rtecenter\" style=\"height: 39px; width: 16.7124%; text-align: center;\"><span style=\"font-size: 10pt;\">$670<\/span><\/td>\n<\/tr>\n<tr style=\"height: 39px;\">\n<td style=\"height: 39px; width: 26.4383%; padding-left: 30px;\"><span style=\"font-size: 10pt;\">Non-membre : Lyc\u00e9es \/ CEGEP \/ <\/span><span style=\"font-size: 10pt;\">Enseignants de coll\u00e8ge<br \/>\n(pour Congr\u00e8s le 21 \u00e0 26 juin)<\/span><span style=\"font-size: 10pt;\">(les frais comprennent l&#8217;adh\u00e9sion \u00e0 l&#8217;ACP) .<\/span><\/td>\n<td class=\"rtecenter\" style=\"height: 39px; width: 21.6438%; text-align: center;\"><span style=\"font-size: 10pt;\">$60<\/span><\/td>\n<td class=\"rtecenter\" style=\"height: 39px; width: 19.8631%; text-align: center;\"><span style=\"font-size: 10pt;\">$60<\/span><\/td>\n<td class=\"rtecenter\" style=\"height: 39px; width: 16.7124%; text-align: center;\"><span style=\"font-size: 10pt;\">$160<\/span><\/td>\n<\/tr>\n<tr style=\"height: 39px;\">\n<td style=\"height: 39px; width: 84.6576%;\" colspan=\"4\"><\/td>\n<\/tr>\n<tr style=\"height: 39px;\">\n<td style=\"height: 39px; width: 84.6576%;\" colspan=\"4\"><span style=\"font-size: 12pt;\"><span style=\"color: #ff0000;\"><strong>Inscription \u00e0 la journ\u00e9e, membre et non-membre\u00a0 (par jour, jusqu&#8217;\u00e0 2 jours)<\/strong><\/span><\/span><\/td>\n<\/tr>\n<tr style=\"height: 39px;\">\n<td style=\"height: 39px; width: 26.4383%; padding-left: 30px;\"><span style=\"font-size: 10pt;\">Membres \/ Orateurs invit\u00e9s<\/span><\/td>\n<td class=\"rtecenter\" style=\"height: 39px; width: 21.6438%; text-align: center;\"><span style=\"font-size: 10pt;\">\u00a0$260<\/span><\/td>\n<td class=\"rtecenter\" style=\"height: 39px; width: 19.8631%; text-align: center;\"><span style=\"font-size: 10pt;\">$290<\/span><\/td>\n<td class=\"rtecenter\" style=\"height: 39px; width: 16.7124%; text-align: center;\"><span style=\"font-size: 10pt;\">$345<\/span><\/td>\n<\/tr>\n<tr style=\"height: 63px;\">\n<td style=\"height: 63px; width: 26.4383%; padding-left: 30px;\"><span style=\"font-size: 10pt;\">Membre : En d\u00e9but de carri\u00e8re (dans les 4 ans suivant l&#8217;obtention du dipl\u00f4me le plus \u00e9lev\u00e9) <\/span><\/td>\n<td class=\"rtecenter\" style=\"height: 63px; width: 21.6438%; text-align: center;\"><span style=\"font-size: 10pt;\">$175<\/span><\/td>\n<td class=\"rtecenter\" style=\"height: 63px; width: 19.8631%; text-align: center;\"><span style=\"font-size: 10pt;\">$205<\/span><\/td>\n<td class=\"rtecenter\" style=\"height: 63px; width: 16.7124%; text-align: center;\"><span style=\"font-size: 10pt;\">$260<\/span><\/td>\n<\/tr>\n<tr style=\"height: 38.1719px;\">\n<td style=\"height: 38px; width: 26.4383%; padding-left: 30px;\"><span style=\"font-size: 10pt;\">Membre : retrait\u00e9s<\/span><\/td>\n<td class=\"rtecenter\" style=\"height: 38px; width: 21.6438%; text-align: center;\"><span style=\"font-size: 10pt;\">$175<\/span><\/td>\n<td class=\"rtecenter\" style=\"height: 38px; width: 19.8631%; text-align: center;\"><span style=\"font-size: 10pt;\">$205<\/span><\/td>\n<td class=\"rtecenter\" style=\"height: 38px; width: 16.7124%; text-align: center;\"><span style=\"font-size: 10pt;\">$260<\/span><\/td>\n<\/tr>\n<tr style=\"height: 39px;\">\n<td style=\"height: 39px; width: 26.4383%; padding-left: 30px;\"><span style=\"font-size: 10pt;\">Membres : \u00c9tudiants dipl\u00f4m\u00e9s <\/span><\/td>\n<td class=\"rtecenter\" style=\"height: 39px; width: 21.6438%; text-align: center;\"><span style=\"font-size: 10pt;\">$170<\/span><\/td>\n<td class=\"rtecenter\" style=\"height: 39px; width: 19.8631%; text-align: center;\"><span style=\"font-size: 10pt;\">$200<\/span><\/td>\n<td class=\"rtecenter\" style=\"height: 39px; width: 16.7124%; text-align: center;\"><span style=\"font-size: 10pt;\">$255<\/span><\/td>\n<\/tr>\n<tr style=\"height: 39px;\">\n<td style=\"height: 39px; width: 26.4383%; padding-left: 30px;\"><span style=\"font-size: 10pt;\">Affili\u00e9s \u00e0 l&#8217;ACP pour les \u00e9tudiants de premier cycle **. <\/span><\/td>\n<td class=\"rtecenter\" style=\"height: 39px; width: 21.6438%; text-align: center;\"><span style=\"font-size: 10pt;\">$90<\/span><\/td>\n<td class=\"rtecenter\" style=\"height: 39px; width: 19.8631%; text-align: center;\"><span style=\"font-size: 10pt;\">$120<\/span><\/td>\n<td class=\"rtecenter\" style=\"height: 39px; width: 16.7124%; text-align: center;\"><span style=\"font-size: 10pt;\">$175<\/span><\/td>\n<\/tr>\n<tr style=\"height: 39px;\">\n<td style=\"height: 39px; width: 26.4383%; padding-left: 30px;\"><span style=\"font-size: 10pt;\">Non-membres *<\/span><\/td>\n<td class=\"rtecenter\" style=\"height: 39px; width: 21.6438%; text-align: center;\"><span style=\"font-size: 10pt;\">\u00a0$395<\/span><\/td>\n<td class=\"rtecenter\" style=\"height: 39px; width: 19.8631%; text-align: center;\"><span style=\"font-size: 10pt;\">$425<\/span><\/td>\n<td class=\"rtecenter\" style=\"height: 39px; width: 16.7124%; text-align: center;\"><span style=\"font-size: 10pt;\">$480<\/span><\/td>\n<\/tr>\n<tr style=\"height: 39px;\">\n<td style=\"height: 39px; width: 26.4383%; padding-left: 30px;\"><span style=\"font-size: 10pt;\">Non-membres : \u00c9tudiants dipl\u00f4m\u00e9s<\/span><\/td>\n<td class=\"rtecenter\" style=\"height: 39px; width: 21.6438%; text-align: center;\"><span style=\"font-size: 10pt;\">\u00a0$210<\/span><\/td>\n<td class=\"rtecenter\" style=\"height: 39px; width: 19.8631%; text-align: center;\"><span style=\"font-size: 10pt;\">$240<\/span><\/td>\n<td class=\"rtecenter\" style=\"height: 39px; width: 16.7124%; text-align: center;\"><span style=\"font-size: 10pt;\">$295<\/span><\/td>\n<\/tr>\n<tr style=\"height: 39px;\">\n<td style=\"height: 39px; width: 84.6576%;\" colspan=\"4\"><span style=\"font-size: 10pt; color: #ff0000;\"><strong>Atelier pour les enseignants du secondaire (mardi, 2 juin) \u2013 <a href=\"https:\/\/cap.ca\/fr\/congres-de-lacp\/congres-2026\/2026-high-school-teacher-workshop\/\" target=\"_blank\" rel=\"noopener\">Cliquez ici pour vous inscrire \u00e0 cet \u00e9v\u00e9nement pr\u00e9vu d\u00e9but juin<\/a><\/strong><\/span><\/td>\n<\/tr>\n<tr style=\"height: 39px;\">\n<td style=\"height: 39px; width: 26.4383%; padding-left: 30px;\"><span style=\"font-size: 10pt;\">Membre : Lyc\u00e9e \/ CEGEP \/ Coll\u00e8ge <\/span><span style=\"font-size: 10pt;\">Enseignants (2 juin)<\/span><\/td>\n<td class=\"rtecenter\" style=\"height: 39px; width: 21.6438%; text-align: center;\"><span style=\"font-size: 10pt;\">\u00a0$0<\/span><\/td>\n<td class=\"rtecenter\" style=\"height: 39px; width: 19.8631%; text-align: center;\"><span style=\"font-size: 10pt;\">\u00a0$0<\/span><\/td>\n<td class=\"rtecenter\" style=\"height: 39px; width: 16.7124%; text-align: center;\"><span style=\"font-size: 10pt;\">$0<\/span><\/td>\n<\/tr>\n<tr style=\"height: 39px;\">\n<td style=\"height: 39px; width: 26.4383%; padding-left: 30px;\"><span style=\"font-size: 10pt;\">Non-membre : Lyc\u00e9es \/ CEGEP \/ <\/span><span style=\"font-size: 10pt;\">Enseignants de coll\u00e8ge (2 juin)<\/span><\/td>\n<td class=\"rtecenter\" style=\"height: 39px; width: 21.6438%; text-align: center;\"><span style=\"font-size: 10pt;\">$0<\/span><\/td>\n<td class=\"rtecenter\" style=\"height: 39px; width: 19.8631%; text-align: center;\"><span style=\"font-size: 10pt;\">$0<\/span><\/td>\n<td class=\"rtecenter\" style=\"height: 39px; width: 16.7124%; text-align: center;\"><span style=\"font-size: 10pt;\">$0<\/span><\/td>\n<\/tr>\n<tr style=\"height: 123px;\">\n<td style=\"height: 123px; width: 84.6576%;\" colspan=\"4\"><strong><span style=\"font-size: 10pt;\">* Comme l&#8217;adh\u00e9sion est gratuite pour les \u00e9tudiants de premier cycle, il n&#8217;y a pas de frais d&#8217;inscription pour les \u00e9tudiants de premier cycle qui ne sont pas membres de l&#8217;association.<\/span><\/strong><\/p>\n<p><span style=\"font-size: 10pt;\">** Le traitement des demandes d&#8217;adh\u00e9sion prend au moins 10 jours ouvrables pour que vous puissiez vous inscrire et b\u00e9n\u00e9ficier des tarifs r\u00e9serv\u00e9s aux membres.<br \/>\n. <\/span><\/td>\n<\/tr>\n<\/tbody>\n<\/table>\n<p><a href=\"https:\/\/cap.ca\/fr\/congres-de-lacp\/congres-de-lacp-2025\/terms-and-conditions-and-refund-policy\/\">Conditions g\u00e9n\u00e9rales et politique de remboursement<\/a>[\/vc_column_text][\/vc_column][\/vc_row]<\/p>\n<\/div>","protected":false},"excerpt":{"rendered":"<p>[vc_row][vc_column][vc_column_text css=&#8221;&#8221;] L\u2019inscription au Congr\u00e8s 2026 Les inscriptions ouvriront \u00e0 la mi-avril, avec une p\u00e9riode d&#8217;inscription anticip\u00e9e de trois semaines. Les inscriptions normales (avec options de restauration) seront ouvertes jusqu&#8217;au dimanche 31 mai \u00e0 23 h 59 (heure de l&#8217;Est) ; apr\u00e8s cette date, vous pourrez toujours vous inscrire, mais vous ne pourrez plus pr\u00e9commander&#8230;  <a class=\"excerpt-read-more\" href=\"https:\/\/cap.ca\/fr\/congres-de-lacp\/congres-2026\/2026-frais-dinscription\/\" title=\"Lire2026 Frais d&#8217;inscription\">Lire la suite &raquo;<\/a><\/p>\n","protected":false},"author":7,"featured_media":0,"parent":27579,"menu_order":0,"comment_status":"closed","ping_status":"closed","template":"","meta":{"footnotes":""},"class_list":["post-28934","page","type-page","status-publish","hentry"],"_links":{"self":[{"href":"https:\/\/cap.ca\/fr\/wp-json\/wp\/v2\/pages\/28934","targetHints":{"allow":["GET"]}}],"collection":[{"href":"https:\/\/cap.ca\/fr\/wp-json\/wp\/v2\/pages"}],"about":[{"href":"https:\/\/cap.ca\/fr\/wp-json\/wp\/v2\/types\/page"}],"author":[{"embeddable":true,"href":"https:\/\/cap.ca\/fr\/wp-json\/wp\/v2\/users\/7"}],"replies":[{"embeddable":true,"href":"https:\/\/cap.ca\/fr\/wp-json\/wp\/v2\/comments?post=28934"}],"version-history":[{"count":5,"href":"https:\/\/cap.ca\/fr\/wp-json\/wp\/v2\/pages\/28934\/revisions"}],"predecessor-version":[{"id":29036,"href":"https:\/\/cap.ca\/fr\/wp-json\/wp\/v2\/pages\/28934\/revisions\/29036"}],"up":[{"embeddable":true,"href":"https:\/\/cap.ca\/fr\/wp-json\/wp\/v2\/pages\/27579"}],"wp:attachment":[{"href":"https:\/\/cap.ca\/fr\/wp-json\/wp\/v2\/media?parent=28934"}],"curies":[{"name":"wp","href":"https:\/\/api.w.org\/{rel}","templated":true}]}}