{"id":28793,"date":"2026-03-03T19:25:45","date_gmt":"2026-03-04T00:25:45","guid":{"rendered":"https:\/\/cap.ca\/?page_id=28793"},"modified":"2026-03-11T11:27:36","modified_gmt":"2026-03-11T15:27:36","slug":"2026-postes-au-conseil-et-au-comite","status":"publish","type":"page","link":"https:\/\/cap.ca\/fr\/propos-lacp\/acp-direction\/2026-postes-au-conseil-et-au-comite\/","title":{"rendered":"Appel \u00e0 candidatures (pour l&#8217;AGA 2026)"},"content":{"rendered":"<blockquote><p><strong>La date limite pour le d\u00e9p\u00f4t des candidatures au poste de vice-pr\u00e9sident \u00e9lu et les deux postes de directeur est fix\u00e9e au lundi 9 mars \u00e0 midi (heure de l&#8217;Est), <\/strong>afin que les candidatures puissent \u00eatre examin\u00e9es lors de la r\u00e9union du conseil d&#8217;administration qui se tiendra \u00e0 17 h (heure de l&#8217;Est) le 9 mars.<\/p>\n<p><strong>Les candidatures pour tous les autres postes doivent \u00eatre soumises avant 17 h (heure de l&#8217;Est) le jeudi 19 mars.<\/strong><\/p>\n<p><strong>Les candidatures seront accept\u00e9es apr\u00e8s la date limite pour tout poste rest\u00e9 vacant.<\/strong><\/p><\/blockquote>\n<p>Souhaitez-vous participer plus activement aux affaires de l&#8217;ACP ? Nous recherchons des membres \u00e0 tous les stades de leur carri\u00e8re pour nous aider \u00e0 orienter et \u00e0 superviser l&#8217;ACP dans le cadre de la mise en \u0153uvre de notre nouveau plan strat\u00e9gique et de nos initiatives en mati\u00e8re de services aux membres !<\/p>\n<p>L&#8217;ACP vous invite \u00e0 vous porter volontaire ou \u00e0 proposer une candidature pour l&#8217;un des postes disponibles au sein du Conseil d&#8217;administration ou du Conseil consultatif de l&#8217;ACP. Nous vous demandons \u00e9galement de nous contacter si vous souhaitez si\u00e9ger \u00e0 l&#8217;un de nos nombreux conseils d&#8217;administration ou comit\u00e9s op\u00e9rationnels.<\/p>\n<p>&nbsp;<\/p>\n<h3>Appel \u00e0 candidatures<\/h3>\n<p><em><strong>Conseil d&#8217;administration de l&#8217;ACP<\/strong> &#8211; <strong>Postes \u00e0 pourvoir (cliquez pour t\u00e9l\u00e9charger le formulaire de candidature pour chaque poste) <\/strong><\/em><strong>:<\/strong><\/p>\n<ul class=\"content-list\">\n<li><a href=\"https:\/\/cap.ca\/wp-content\/uploads\/2024\/11\/Nomination-Form-VP-Elect-2025.docx.pdf\" target=\"_blank\" rel=\"noopener\"><strong>Vice-Pr\u00e9sident \u00e9lu ou vice-pr\u00e9sidente \u00e9lue<\/strong> <\/a>(progression sur 4 ans selon la ligne pr\u00e9sidentielle : juin 2026\u00a0&#8211;\u00a02030)<\/li>\n<li><a href=\"https:\/\/cap.ca\/wp-content\/uploads\/2026\/03\/Nomination-form-Director-of-International-Affairs-2026-fillable.pdf\" target=\"_blank\" rel=\"noopener\"><strong>Directeur ou directrice de affaires internationales<\/strong><\/a> (mandat de 3 ans, juin 2026\u00a0&#8211;\u00a02029)<\/li>\n<li><a href=\"https:\/\/cap.ca\/wp-content\/uploads\/2026\/03\/Nomination-form-Director-of-Professional-Affairs-2026-fillable.pdf\" target=\"_blank\" rel=\"noopener\"><b>Directeur ou <\/b><b>directrice<\/b><b> des affaires professionnelles<\/b><\/a> (mandat de 3 ans, juin 2026\u00a0&#8211;\u00a02029)<\/li>\n<\/ul>\n<p><em><strong>Postes \u00e0 pourvoir au sein du Conseil consultatif de l&#8217;ACP<\/strong> <strong>(cliquez pour t\u00e9l\u00e9charger le formulaire de candidature pour chaque poste)<\/strong><\/em><strong>:<\/strong><b><\/b><\/p>\n<ul class=\"content-list\">\n<li><a href=\"https:\/\/cap.ca\/wp-content\/uploads\/2026\/03\/Nomination-Form-Undergrad-Student-2026-fillable.docx.pdf\" target=\"_blank\" rel=\"noopener\"><strong>Conseiller \u00e9tudiant de premier cycle<\/strong><\/a> (mandat d&#8217;un an, juin 2026\u00a0&#8211;\u00a02027)<\/li>\n<li>Conseiller repr\u00e9sentant les enseignants du secondaire\/c\u00e9gep\/coll\u00e8ge (mandat de 3 ans, juin 2026\u00a0&#8211;\u00a02029)<\/li>\n<li><a href=\"https:\/\/cap.ca\/wp-content\/uploads\/2026\/03\/Nomination-Form-Councillor-Outside-Academia-Rep-2026-fillable.pdf\" target=\"_blank\" rel=\"noopener\">Conseiller repr\u00e9sentant les physiciens travaillant en dehors du milieu universitaire<\/a>\u00a0(mandat de 3\u00a0ans, juin 2026\u00a0&#8211;\u00a02029)<\/li>\n<\/ul>\n<p>Les candidatures peuvent \u00eatre remplies sur papier et scann\u00e9es, ou sous forme num\u00e9rique, et envoy\u00e9es \u00e0 <a href=\"mailto:programs@cap.ca\"><strong>programs@cap.ca<\/strong><\/a> accompagn\u00e9es d&#8217;une courte biographie.<\/p>\n<p>&nbsp;<\/p>\n","protected":false},"excerpt":{"rendered":"<p>La date limite pour le d\u00e9p\u00f4t des candidatures au poste de vice-pr\u00e9sident \u00e9lu et les deux postes de directeur est fix\u00e9e au lundi 9 mars \u00e0 midi (heure de l&#8217;Est), afin que les candidatures puissent \u00eatre examin\u00e9es lors de la r\u00e9union du conseil d&#8217;administration qui se tiendra \u00e0 17 h (heure de l&#8217;Est) le 9&#8230;  <a class=\"excerpt-read-more\" href=\"https:\/\/cap.ca\/fr\/propos-lacp\/acp-direction\/2026-postes-au-conseil-et-au-comite\/\" title=\"LireAppel \u00e0 candidatures (pour l&#8217;AGA 2026)\">Lire la suite &raquo;<\/a><\/p>\n","protected":false},"author":7,"featured_media":0,"parent":3154,"menu_order":0,"comment_status":"closed","ping_status":"closed","template":"","meta":{"footnotes":""},"class_list":["post-28793","page","type-page","status-publish","hentry"],"_links":{"self":[{"href":"https:\/\/cap.ca\/fr\/wp-json\/wp\/v2\/pages\/28793","targetHints":{"allow":["GET"]}}],"collection":[{"href":"https:\/\/cap.ca\/fr\/wp-json\/wp\/v2\/pages"}],"about":[{"href":"https:\/\/cap.ca\/fr\/wp-json\/wp\/v2\/types\/page"}],"author":[{"embeddable":true,"href":"https:\/\/cap.ca\/fr\/wp-json\/wp\/v2\/users\/7"}],"replies":[{"embeddable":true,"href":"https:\/\/cap.ca\/fr\/wp-json\/wp\/v2\/comments?post=28793"}],"version-history":[{"count":3,"href":"https:\/\/cap.ca\/fr\/wp-json\/wp\/v2\/pages\/28793\/revisions"}],"predecessor-version":[{"id":28875,"href":"https:\/\/cap.ca\/fr\/wp-json\/wp\/v2\/pages\/28793\/revisions\/28875"}],"up":[{"embeddable":true,"href":"https:\/\/cap.ca\/fr\/wp-json\/wp\/v2\/pages\/3154"}],"wp:attachment":[{"href":"https:\/\/cap.ca\/fr\/wp-json\/wp\/v2\/media?parent=28793"}],"curies":[{"name":"wp","href":"https:\/\/api.w.org\/{rel}","templated":true}]}}