{"id":28549,"date":"2026-01-16T14:19:53","date_gmt":"2026-01-16T19:19:53","guid":{"rendered":"https:\/\/cap.ca\/congres-de-lacp\/congres-2026\/2026-herzberg-and-plenary-speakers\/"},"modified":"2026-03-10T15:35:16","modified_gmt":"2026-03-10T19:35:16","slug":"2026-herzberg-and-plenary-speakers","status":"publish","type":"page","link":"https:\/\/cap.ca\/fr\/congres-de-lacp\/congres-2026\/2026-herzberg-and-plenary-speakers\/","title":{"rendered":"2026 Herzberg et conf\u00e9renciers pl\u00e9niers"},"content":{"rendered":"<div class=\"wpb-content-wrapper\"><p>[vc_row][vc_column][vc_column_text]<\/p>\n<blockquote><p>Cette page est en cours de construction. De plus amples d\u00e9tails seront ajout\u00e9s d\u00e8s qu&#8217;ils seront disponibles.<\/p><\/blockquote>\n<p>[\/vc_column_text][vc_empty_space][vc_column_text css=&#8221;&#8221;]<\/p>\n<h3>Conf\u00e9rence publique comm\u00e9morative Herzberg :<\/h3>\n<p>Lundi 22 juin 2026, 20 h 00-21 h 00, Universit\u00e9 Carleton<\/p>\n<p>Connaissez-vous quelqu&#8217;un qui sera dans la r\u00e9gion d&#8217;Ottawa le 22 juin ? Dites-lui de r\u00e9server cette date ! Les billets destin\u00e9s au grand public seront disponibles sur cette page d\u00e9but juin 2026. Les d\u00e9l\u00e9gu\u00e9s peuvent obtenir un billet lors de leur inscription au congr\u00e8s.[\/vc_column_text][\/vc_column][vc_column width=&#8221;1\/4&#8243;][vc_single_image image=&#8221;28550&#8243; img_size=&#8221;full&#8221; css=&#8221;&#8221;][\/vc_column][vc_column width=&#8221;3\/4&#8243;][vc_column_text css=&#8221;&#8221;]<\/p>\n<h4>Neil Turok<\/h4>\n<p><strong>Higgs Chair of Theoretical Physics, University of Edinburgh and Roger Penrose Distinguished Visiting Chair, Perimeter Institute for Theoretical Physics<\/strong><\/p>\n<p>Neil\u00a0is the inaugural Higgs Chair of Theoretical Physics at Edinburgh. He was born in South Africa to activist parents in the anti-apartheid movement. After studies in Cambridge and London and appointments in California and Chicago, he was Professor of Physics at Princeton, Chair of Mathematical Physics at Cambridge and Director of the Perimeter Institute for Theoretical Physics in Canada.<\/p>\n<p>Neil develops and tests theories of the universe and its basic laws, from the big bang to the far future. Many of his team\u2019s predictions have been confirmed, including correlations between the distribution of galaxies and the cosmic microwave background radiation. He has proposed a new paradigm for cosmology, connecting particles and forces to the dark matter, dark energy and primordial density variations. Its predictions will be tested in the coming decade.<\/p>\n<p>In 2003, Neil founded the\u00a0African Institute for Mathematical Sciences (AIMS), now Africa\u2019s largest centre for postgraduate training and research in the mathematical sciences. Currently, AIMS operates 6 centres of excellence, in South Africa, Senegal, Ghana, Cameroon and Rwanda. AIMS has over 3,500 Master\u2019s and PhD alumni. In the coming decade, AIMS plans to open 4 additional centres of excellence and to graduate 10,000 students at Master\u2019s level and above.<\/p>\n<p>For his research and for founding AIMS, Neil was awarded a\u00a0TED\u00a0Prize. He holds honorary doctorates from nine universities. In 2012, his book\u00a0<em>The Universe Within: From Quantum to Cosmos\u00a0<\/em>won Canada\u2019s top prize for popular science writing. In 2016, he was awarded the John Torrence Tate award of the American Institute of Physics for international leadership in physics.\u00a0He is an Honorary Fellow of the UK Institute of Physics and a Fellow of the Royal Society of Canada.[\/vc_column_text][vc_column_text css=&#8221;&#8221;]<strong>A Simpler Cosmology<\/strong><\/p>\n<p>Observations of the universe on the largest and smallest accessible scales have revealed surprising simplicity.\u00a0In contrast, the most popular theoretical frameworks predicted a slew of new particles, forces and dimensions on the tiniest, subatomic scales, and a chaotic multiverse on the greatest. The observations should make us reconsider our assumptions. Might there be better explanations for the basic properties of the universe? I\u2019ll outline a new, simpler unified paradigm, based on the known laws of physics and CPT symmetry, which explains (i) the large-scale geometry of the universe and the primordial density perturbations, without inflation, (ii) the dark matter as a right handed neutrino, without any other BSM particle, (iii) why there are three generations of elementary particles, without strings. The new picture provides clues about quantum gravity,\u00a0the big bang\u00a0and the arrow of time as well as a potential resolution of the gauge-gravity hierarchy puzzle.[\/vc_column_text][vc_separator][\/vc_column][vc_column][\/vc_column][\/vc_row][vc_row][vc_column][vc_column_text css=&#8221;&#8221;]<\/p>\n<h3>Plenary Speakers:<\/h3>\n<p>[\/vc_column_text][\/vc_column][\/vc_row][vc_row][vc_column width=&#8221;1\/4&#8243;][vc_single_image image=&#8221;28552&#8243; img_size=&#8221;medium&#8221; css=&#8221;&#8221;][\/vc_column][vc_column width=&#8221;3\/4&#8243;][vc_column_text css=&#8221;&#8221;]<\/p>\n<h4>John Donohue | University of Waterloo<\/h4>\n<p>Lundi 22 juin, de 9 h \u00e0 9 h 45<\/p>\n<p><span data-olk-copy-source=\"MessageBody\">Dr. John Donohue is an experimental physicist and outreach scientist with the Institute for Quantum Computing (IQC) at the University of Waterloo. His work focuses on teaching and communicating about advances in quantum science and technology, including through hands-on activities and demonstrations and programs like the Quantum School for Young Students (QSYS) and Quantum for Educators (QEd). His research work focuses on experimental quantum information in photonic systems. His work has been recognized by funding from the American Physical Society and Innovation, Science, and Economic Development Canada, and he was invited to speak on quantum education efforts at the opening ceremony of the 2025 International Year of Quantum Science &amp; Technology at UNESCO headquarters. He also served as the Chair of the Division of Physics Education for the Canadian Association of Physicists from 2023-2025.<\/span>[\/vc_column_text][vc_column_text css=&#8221;&#8221;]<strong>Quantum for Educators and Young Students<\/strong><\/p>\n<p><span data-olk-copy-source=\"MessageBody\">The explosion of public interest in quantum information technologies has provided an opportunity to interest more students in the ideas and applications of quantum mechanics. As research programs and institutes have grown in Canada, so have efforts to reach new communities and teach concepts in new and tactile ways. To allow high-school students to engage with quantum information science on a broad scale, it is essential to provide educators with the resources needed to understand and effectively communicate the topic to students. We have run the Quantum for Educators (QEd) workshop for ten years to address this need, providing hands-on activities and lesson plans designed for the classroom. To ensure broad and equitable access to introductory QIS education, such activities should be low-cost, easy to replicate, and intuitive, as well as connect to material present in the curriculum. In this talk, we will outline the QEd workshop and its approach to topics including quantum communication, quantum algorithms, and uncertainty, sharing survey feedback and lessons-learned from many iterations. We will also explore how enrichment programs can be developed for keen high-school students both in-person and virtually, as in the Quantum School for Young Students (QSYS) summer school which has run for 18 years, and how these connect to undergraduate-level programming like the 16-year-running Undergraduate School on Experimental Quantum Information Processing (USEQIP).<\/span>[\/vc_column_text][vc_separator][\/vc_column][\/vc_row][vc_row][vc_column width=&#8221;1\/4&#8243;][vc_single_image image=&#8221;28648&#8243; css=&#8221;&#8221;][\/vc_column][vc_column width=&#8221;3\/4&#8243;][vc_column_text css=&#8221;&#8221;]<\/p>\n<h4><strong>Normand Mousseau | <span data-olk-copy-source=\"MessageBody\">D\u00e9partement de physique, Institut Courtois and Regroupement qu\u00e9b\u00e9cois sur les mat\u00e9riaux de pointe, Universit\u00e9 de Montr\u00e9al and Institut de l&#8217;\u00e9nergie Trottier, Polytechnique Montr\u00e9al<\/span><br \/>\n<\/strong><\/h4>\n<p>Mardi 23 juin, de 9 h \u00e0 9 h 45<\/p>\n<p>Bio to come[\/vc_column_text][vc_column_text css=&#8221;&#8221;]<strong>How can physicists contribute to the climate challenge?<\/strong><\/p>\n<div data-olk-copy-source=\"MessageBody\">Global warming is a central issue for our civilization. While it has broad impact, it is at its core simply a matter of energy balance. Given its fundamental nature, global warming has attracted the attention of many physicists over the years. This includes climatologists, of course, many of whom hold a physics degree, and whose main work focuses on describing and understanding the impact of greenhouse gases on the evolution of the climate. It also includes physicists interested in \u00a0developing critical fundamental and applied solutions to move away from a fossil-based society as well as those interested in planning the transformation of our energy system or in.<\/div>\n<div><\/div>\n<div>Yet, even though energy transition involves a lot of technology and science concepts, to contribute to such a transversal transformation, physicists must expand their traditional training: unlike physical systems, social transformations are not deterministic, requiring scenario-based thinking largely foreign to physics training.<\/div>\n<div><\/div>\n<div>Building on my own experience working on the energy transition, I&#8217;ll present examples of how physicists do contribute to this challenge by building on the fundamental scientific knowledge and problem-solving tools that are part of our physics training and how we can use those skills for her society-wide problems.<\/div>\n<p>[\/vc_column_text][vc_separator][\/vc_column][\/vc_row][vc_row][vc_column width=&#8221;1\/4&#8243;][vc_single_image image=&#8221;28551&#8243; img_size=&#8221;medium&#8221; css=&#8221;&#8221;][\/vc_column][vc_column width=&#8221;3\/4&#8243;][vc_column_text css=&#8221;&#8221;]<\/p>\n<h4><strong>Saniya Heeba | Carleton University\u00a0<\/strong><\/h4>\n<p>Jeudi 25 juin, de 9 h \u00e0 9 h 45<\/p>\n<p>I am an IPP Connect Fellow based at Carleton University in Ottawa, Canada. I completed the first two years of my IPP fellowship at McGill University, Canada, where I previously held a Trottier Space Institute Postdoctoral Fellowship. I obtained my Ph.D. in Physics from RWTH Aachen<br \/>\nUniversity in Germany.<\/p>\n<p>My research focuses on analyzing the behaviour of Dark Matter (DM) across different energies and environments and connecting it to detectable experimental signatures. I am particularly interested in<br \/>\nunderstanding how ambient environments, such as primordial, stellar or interstellar plasmas, fundamentally impact DM observables. I also often create art for my research projects, which is available in the form of little easter eggs on arXiv.[\/vc_column_text][vc_column_text css=&#8221;&#8221;]<strong>The Universe as a Dark Matter Laboratory<\/strong><\/p>\n<p>One of the fundamental unanswered questions about the universe is the nature of Dark Matter (DM) \u2014 a mysterious, invisible form of matter that accounts for 80% of the universe\u2019s total matter budget. Despite its overwhelming abundance in the Universe, the microphysical properties of DM remain poorly constrained owing to its extremely weak interactions with normal matter. This has resulted in a sprawling DM theory space with several models, potential observable signatures and search<br \/>\nstrategies.<\/p>\n<p>In this talk, I will provide a particle physics perspective on approaching the DM question and discuss the many ways it intersects with astrophysics and cosmology. I will demonstrate how to use the universe as a DM laboratory, with an emphasis on using different energy scales<br \/>\nand ambient environments as a test bed for DM physics. Through the course of the talk, I will trace out the possible histories of DM, discuss its impact on astrophysical observables, and make contact with the expansive terrestrial DM experimental program.[\/vc_column_text][\/vc_column][\/vc_row][vc_row][vc_column][vc_column_text css=&#8221;&#8221;]<\/p>\n<h2>Discours pl\u00e9niers des laur\u00e9ats de la m\u00e9daille 2026<\/h2>\n<p>De plus amples informations seront publi\u00e9es une fois que les r\u00e9cipiendaires des m\u00e9dailles 2026 auront \u00e9t\u00e9 s\u00e9lectionn\u00e9s.[\/vc_column_text][\/vc_column][\/vc_row]<\/p>\n<\/div>","protected":false},"excerpt":{"rendered":"<p>[vc_row][vc_column][vc_column_text] Cette page est en cours de construction. De plus amples d\u00e9tails seront ajout\u00e9s d\u00e8s qu&#8217;ils seront disponibles. [\/vc_column_text][vc_empty_space][vc_column_text css=&#8221;&#8221;] Conf\u00e9rence publique comm\u00e9morative Herzberg : Lundi 22 juin 2026, 20 h 00-21 h 00, Universit\u00e9 Carleton Connaissez-vous quelqu&#8217;un qui sera dans la r\u00e9gion d&#8217;Ottawa le 22 juin ? Dites-lui de r\u00e9server cette date ! Les&#8230;  <a class=\"excerpt-read-more\" href=\"https:\/\/cap.ca\/fr\/congres-de-lacp\/congres-2026\/2026-herzberg-and-plenary-speakers\/\" title=\"Lire2026 Herzberg et conf\u00e9renciers pl\u00e9niers\">Lire la suite &raquo;<\/a><\/p>\n","protected":false},"author":5,"featured_media":0,"parent":27579,"menu_order":10,"comment_status":"closed","ping_status":"closed","template":"","meta":{"footnotes":""},"class_list":["post-28549","page","type-page","status-publish","hentry"],"_links":{"self":[{"href":"https:\/\/cap.ca\/fr\/wp-json\/wp\/v2\/pages\/28549","targetHints":{"allow":["GET"]}}],"collection":[{"href":"https:\/\/cap.ca\/fr\/wp-json\/wp\/v2\/pages"}],"about":[{"href":"https:\/\/cap.ca\/fr\/wp-json\/wp\/v2\/types\/page"}],"author":[{"embeddable":true,"href":"https:\/\/cap.ca\/fr\/wp-json\/wp\/v2\/users\/5"}],"replies":[{"embeddable":true,"href":"https:\/\/cap.ca\/fr\/wp-json\/wp\/v2\/comments?post=28549"}],"version-history":[{"count":8,"href":"https:\/\/cap.ca\/fr\/wp-json\/wp\/v2\/pages\/28549\/revisions"}],"predecessor-version":[{"id":28861,"href":"https:\/\/cap.ca\/fr\/wp-json\/wp\/v2\/pages\/28549\/revisions\/28861"}],"up":[{"embeddable":true,"href":"https:\/\/cap.ca\/fr\/wp-json\/wp\/v2\/pages\/27579"}],"wp:attachment":[{"href":"https:\/\/cap.ca\/fr\/wp-json\/wp\/v2\/media?parent=28549"}],"curies":[{"name":"wp","href":"https:\/\/api.w.org\/{rel}","templated":true}]}}