{"id":28499,"date":"2025-12-18T13:18:36","date_gmt":"2025-12-18T18:18:36","guid":{"rendered":"https:\/\/cap.ca\/congres-de-lacp\/congres-2026\/2026-travel-discount-codes\/"},"modified":"2025-12-18T13:45:35","modified_gmt":"2025-12-18T18:45:35","slug":"codes-de-reduction-pour-les-voyages-en-2026","status":"publish","type":"page","link":"https:\/\/cap.ca\/fr\/congres-de-lacp\/congres-2026\/codes-de-reduction-pour-les-voyages-en-2026\/","title":{"rendered":"Codes de r\u00e9duction pour les voyages en 2026"},"content":{"rendered":"<div class=\"wpb-content-wrapper\"><p>[vc_row][vc_column][vc_column_text css=&#8221;&#8221;]Afin de faciliter l&#8217;organisation du congr\u00e8s, nous avons rassembl\u00e9 en un seul endroit les codes de r\u00e9duction disponibles pour les compagnies a\u00e9riennes et ferroviaires. Ces r\u00e9ductions sont propos\u00e9es directement par les transporteurs et sont soumises \u00e0 leurs conditions g\u00e9n\u00e9rales et \u00e0 leur disponibilit\u00e9. l&#8217;ACP ne g\u00e8re pas ces offres et n&#8217;est pas responsable des r\u00e9servations, des tarifs ou des modifications apport\u00e9es aux plans de voyage individuels.[\/vc_column_text][vc_separator][vc_column_text css=&#8221;&#8221;]<\/p>\n<h4><a href=\"https:\/\/www.viarail.ca\/en\">Via Rail<\/a><\/h4>\n<p><b>Rabais :<\/b> 10 % sur le meilleur tarif disponible en <b>classe \u00c9conomique, \u00c9conomique Plus, Affaires, Affaires Plus et Couchettes<\/b>, \u00e0 partir de toutes les gares du r\u00e9seau VIA vers Ottawa et retour. Sous r\u00e9serve des conditions et restrictions du plan tarifaire auquel le rabais suppl\u00e9mentaire s&#8217;applique. Le rabais ne s&#8217;applique pas aux tarifs \u00c9vasion et \u00e0 la classe Prestige.<\/p>\n<p><b>Valable :<\/b> du 16 juin au 1er juillet 2026<\/p>\n<p><b>Comment r\u00e9server :<\/b> dans le champ <b>Ajouter un code de r\u00e9duction<\/b>, s\u00e9lectionnez <b>Tarifs conf\u00e9rence<\/b> et entrez le code 16009.[\/vc_column_text][vc_separator css=&#8221;&#8221;][vc_column_text css=&#8221;&#8221;]<\/p>\n<h4 data-start=\"170\" data-end=\"189\"><a href=\"https:\/\/www.flyporter.com\/en-ca\/?promocode=CCAP26\"><strong data-start=\"170\" data-end=\"189\">Porter Airlines<\/strong><\/a><\/h4>\n<p><strong>Rabais :<\/strong> Jusqu&#8217;\u00e0 10 % de rabais sur les tarifs de base disponibles (\u00e0 l&#8217;exception de la classe tarifaire la plus basse lors des ventes publiques de si\u00e8ges) pour les voyages \u00e0 destination et en provenance d&#8217;Ottawa (YOW) pour le congr\u00e8s 2026. Le rabais est soumis aux r\u00e8gles et conditions tarifaires de Porter.<\/p>\n<p><strong>P\u00e9riode de r\u00e9servation valide :<\/strong> Du 16 d\u00e9cembre 2025 au 20 juin 2026<\/p>\n<p><strong>P\u00e9riode de voyage valable :<\/strong><br \/>\n\u00c0 destination d&#8217;Ottawa (YOW) : du 19 au 25 juin 2026<br \/>\nAu d\u00e9part d&#8217;Ottawa (YOW) : du 22 au 28 juin 2026 Le voyage est valable \u00e0 partir de tous les march\u00e9s Porter.<\/p>\n<p><strong>Comment r\u00e9server :<\/strong> <a href=\"https:\/\/www.flyporter.com\/en-ca\/?promocode=CCAP26\">R\u00e9servez en ligne<\/a> ou aupr\u00e8s d&#8217;une agence de voyages en utilisant le code promotionnel CCAP26.[\/vc_column_text][vc_separator css=&#8221;&#8221;][vc_column_text css=&#8221;&#8221;]<\/p>\n<h4 data-start=\"155\" data-end=\"166\"><a href=\"http:\/\/westjet.com\"><strong data-start=\"155\" data-end=\"166\">WestJet<\/strong><\/a><\/h4>\n<p data-start=\"168\" data-end=\"405\"><strong>Rabais :<\/strong> 5 % sur les tarifs de base Econo* et 10 % sur les tarifs de base EconoFlex et Premium pour les voyages au Canada et entre le Canada et les \u00c9tats-Unis. Le rabais ne s&#8217;applique pas aux tarifs UltraBasic ou Business.<\/p>\n<p><strong>P\u00e9riode de voyage valide :<\/strong> Valable pour les voyages entre le 14 juin et le 3 juillet 2026.<\/p>\n<p><strong>Destination applicable :<\/strong> Ottawa<\/p>\n<p><strong>Comment r\u00e9server :<\/strong> R\u00e9servez en ligne sur <a href=\"http:\/\/westjet.com\/\">westjet.com<\/a> en utilisant le code promo 4L5D1EM sur le site web pour les clients ou les agents de voyage. Pour les r\u00e9servations GDS des agents de voyage uniquement, utilisez le code promo YBX68.<\/p>\n<p>[\/vc_column_text][vc_separator css=&#8221;&#8221;][vc_column_text css=&#8221;&#8221;]<\/p>\n<h4 data-start=\"187\" data-end=\"201\"><a href=\"http:\/\/aircanada.com\"><strong data-start=\"187\" data-end=\"201\">Air Canada<\/strong><\/a><\/h4>\n<p><b>R\u00e9duction : <\/b>Pour les voyages en <b>Am\u00e9rique du Nord<\/b> : <b>5 % de r\u00e9duction sur les tarifs standard<\/b> et <b>10 % de r\u00e9duction sur les tarifs flexibles et sup\u00e9rieurs<\/b>.<\/p>\n<p>Pour les voyages <b>internationaux<\/b> : <b>10 % de r\u00e9duction sur les tarifs standard et sup\u00e9rieurs<\/b>.<\/p>\n<p>Une <b>r\u00e9duction de 12 %<\/b> s&#8217;applique aux <b>tarifs en classe affaires<\/b> (\u00e0 l&#8217;exception du tarif le plus bas en classe affaires, qui b\u00e9n\u00e9ficie d&#8217;une r\u00e9duction de 5 %).<\/p>\n<p><b>P\u00e9riode de voyage : <\/b>Valable pour les voyages effectu\u00e9s entre le 14 juin et le 3 juillet 2026 inclus. Les voyages sont autoris\u00e9s tous les jours de la semaine.<\/p>\n<p><b>Destination applicable : <\/b>Ottawa, YOW (Canada)<\/p>\n<p><b>Comment r\u00e9server : <\/b>R\u00e9servez en ligne sur <a href=\"http:\/\/aircanada.com\/\">aircanada.com<\/a> et entrez le code promotionnel <b>C7YA4781<\/b> dans la case <i>Code promotionnel<\/i>.[\/vc_column_text][\/vc_column][\/vc_row]<\/p>\n<\/div>","protected":false},"excerpt":{"rendered":"<p>[vc_row][vc_column][vc_column_text css=&#8221;&#8221;]Afin de faciliter l&#8217;organisation du congr\u00e8s, nous avons rassembl\u00e9 en un seul endroit les codes de r\u00e9duction disponibles pour les compagnies a\u00e9riennes et ferroviaires. Ces r\u00e9ductions sont propos\u00e9es directement par les transporteurs et sont soumises \u00e0 leurs conditions g\u00e9n\u00e9rales et \u00e0 leur disponibilit\u00e9. l&#8217;ACP ne g\u00e8re pas ces offres et n&#8217;est pas responsable des&#8230;  <a class=\"excerpt-read-more\" href=\"https:\/\/cap.ca\/fr\/congres-de-lacp\/congres-2026\/codes-de-reduction-pour-les-voyages-en-2026\/\" title=\"LireCodes de r\u00e9duction pour les voyages en 2026\">Lire la suite &raquo;<\/a><\/p>\n","protected":false},"author":5,"featured_media":0,"parent":27579,"menu_order":1,"comment_status":"closed","ping_status":"closed","template":"","meta":{"footnotes":""},"class_list":["post-28499","page","type-page","status-publish","hentry"],"_links":{"self":[{"href":"https:\/\/cap.ca\/fr\/wp-json\/wp\/v2\/pages\/28499","targetHints":{"allow":["GET"]}}],"collection":[{"href":"https:\/\/cap.ca\/fr\/wp-json\/wp\/v2\/pages"}],"about":[{"href":"https:\/\/cap.ca\/fr\/wp-json\/wp\/v2\/types\/page"}],"author":[{"embeddable":true,"href":"https:\/\/cap.ca\/fr\/wp-json\/wp\/v2\/users\/5"}],"replies":[{"embeddable":true,"href":"https:\/\/cap.ca\/fr\/wp-json\/wp\/v2\/comments?post=28499"}],"version-history":[{"count":2,"href":"https:\/\/cap.ca\/fr\/wp-json\/wp\/v2\/pages\/28499\/revisions"}],"predecessor-version":[{"id":28501,"href":"https:\/\/cap.ca\/fr\/wp-json\/wp\/v2\/pages\/28499\/revisions\/28501"}],"up":[{"embeddable":true,"href":"https:\/\/cap.ca\/fr\/wp-json\/wp\/v2\/pages\/27579"}],"wp:attachment":[{"href":"https:\/\/cap.ca\/fr\/wp-json\/wp\/v2\/media?parent=28499"}],"curies":[{"name":"wp","href":"https:\/\/api.w.org\/{rel}","templated":true}]}}