{"id":28446,"date":"2025-12-15T15:24:28","date_gmt":"2025-12-15T20:24:28","guid":{"rendered":"https:\/\/cap.ca\/?page_id=28446"},"modified":"2025-12-15T15:28:35","modified_gmt":"2025-12-15T20:28:35","slug":"organisations-denseignants-au-canada","status":"publish","type":"page","link":"https:\/\/cap.ca\/fr\/activites\/ressources-enseignants-physique\/organisations-denseignants-au-canada\/","title":{"rendered":"Organisations d&#8217;enseignants au Canada"},"content":{"rendered":"<h2>Associations d&#8217;enseignants en physique et en sciences par province\/territoire<\/h2>\n<p>(Veuillez envoyer les mises \u00e0 jour \u00e0 programs@cap.ca)<\/p>\n<h3>Alberta<\/h3>\n<p><span style=\"font-weight: 400;\">Section Alberta de l&#8217;<\/span>American Association of Physics Teachers (AAPT)<\/p>\n<ul class=\"content-list\">\n<li style=\"font-weight: 400;\" aria-level=\"1\"><span style=\"font-weight: 400;\">Site web : <\/span><a href=\"https:\/\/sites.google.com\/view\/albertaaapt\/\"><span style=\"font-weight: 400;\">https:\/\/sites.google.com\/view\/albertaaapt\/<\/span><\/a><span style=\"font-weight: 400;\">\u00a0<\/span><\/li>\n<li style=\"font-weight: 400;\" aria-level=\"1\"><span style=\"font-weight: 400;\">Courriel : <\/span><span style=\"font-weight: 400;\">AlbertaAAPT@gmail.com<\/span><span style=\"font-weight: 400;\">\u00a0<\/span><\/li>\n<\/ul>\n<p><span style=\"font-weight: 400;\">ATASC: Alberta Teachers&#8217; Association Science Council\u00a0<\/span><\/p>\n<ul class=\"content-list\">\n<li style=\"font-weight: 400;\" aria-level=\"1\"><span style=\"font-weight: 400;\">Site web : <\/span><a href=\"https:\/\/www.atasciencecouncil.com\/\"><span style=\"font-weight: 400;\">https:\/\/www.atasciencecouncil.com\/<\/span><\/a><span style=\"font-weight: 400;\">\u00a0<\/span><\/li>\n<li style=\"font-weight: 400;\" aria-level=\"1\"><span style=\"font-weight: 400;\">Courriel : <\/span><span style=\"font-weight: 400;\">ATASC.questions@gmail.com<\/span><span style=\"font-weight: 400;\">\u00a0<\/span><\/li>\n<\/ul>\n<h3>Colombie-Britannique<\/h3>\n<p><span style=\"font-weight: 400;\">BCAPT: British Columbia Association of Physics Teachers\u00a0\u00a0<\/span><\/p>\n<ul class=\"content-list\">\n<li style=\"font-weight: 400;\" aria-level=\"1\"><span style=\"font-weight: 400;\">Site web : <\/span><a href=\"https:\/\/www.bcapt.ca\/\"><span style=\"font-weight: 400;\">https:\/\/www.bcapt.ca\/<\/span><\/a><span style=\"font-weight: 400;\">\u00a0<\/span><\/li>\n<li style=\"font-weight: 400;\" aria-level=\"1\"><span style=\"font-weight: 400;\">Courriel (Department of Curriculum and Pedagogy, Faculty of Education, University of British Columbia) : <\/span><span style=\"font-weight: 400;\">marina.milner-bolotin@ubc.ca<\/span><span style=\"font-weight: 400;\">\u00a0<\/span><\/li>\n<\/ul>\n<p><span style=\"font-weight: 400;\">BCScTA: BC Science Teachers&#8217; Association\u00a0<\/span><\/p>\n<ul class=\"content-list\">\n<li style=\"font-weight: 400;\" aria-level=\"1\"><span style=\"font-weight: 400;\">Site web : <\/span><a href=\"https:\/\/bcscta.com\/\"><span style=\"font-weight: 400;\">https:\/\/bcscta.com\/<\/span><\/a><span style=\"font-weight: 400;\">\u00a0<\/span><\/li>\n<li style=\"font-weight: 400;\" aria-level=\"1\"><span style=\"font-weight: 400;\">Formulaire de contact : <\/span><a href=\"https:\/\/bcscta.com\/contact\/\"><span style=\"font-weight: 400;\">https:\/\/bcscta.com\/contact\/<\/span><\/a><span style=\"font-weight: 400;\">\u00a0<\/span><\/li>\n<\/ul>\n<h3>\u00cele-du-Prince-\u00c9douard<\/h3>\n<p><span style=\"font-weight: 400;\">PEITF: Prince Edward Island Teachers\u2019 Federation\u00a0<\/span><\/p>\n<ul class=\"content-list\">\n<li style=\"font-weight: 400;\" aria-level=\"1\"><span style=\"font-weight: 400;\">Site web : <\/span><a href=\"https:\/\/www.peitf.com\/\"><span style=\"font-weight: 400;\">https:\/\/www.peitf.com\/<\/span><\/a><span style=\"font-weight: 400;\">\u00a0<\/span><\/li>\n<li style=\"font-weight: 400;\" aria-level=\"1\"><span style=\"font-weight: 400;\">Liste de contacts : <\/span><a href=\"https:\/\/www.peitf.com\/contact_us4.html\"><span style=\"font-weight: 400;\">https:\/\/www.peitf.com\/contact_us4.html<\/span><\/a><span style=\"font-weight: 400;\">\u00a0<\/span><\/li>\n<\/ul>\n<p><em>(L&#8217;\u00cele-du-Prince-\u00c9douard ne dispose pas d&#8217;association sp\u00e9cifique pour les professeurs de physique ni d&#8217;association pour les professeurs de sciences.)<\/em><\/p>\n<h3>Manitoba<span style=\"font-weight: 400;\">\u00a0<\/span><\/h3>\n<p><span style=\"font-weight: 400;\">MAPT: Manitoba Association of Physics Teachers\u00a0<\/span><\/p>\n<ul class=\"content-list\">\n<li style=\"font-weight: 400;\" aria-level=\"1\"><span style=\"font-weight: 400;\">Site web : <\/span><a href=\"https:\/\/mapteachers.wordpress.com\/\"><span style=\"font-weight: 400;\">https:\/\/mapteachers.wordpress.com\/<\/span><\/a><span style=\"font-weight: 400;\">\u00a0<\/span><\/li>\n<li style=\"font-weight: 400;\" aria-level=\"1\"><span style=\"font-weight: 400;\">Formulaire de contact : <\/span><a href=\"https:\/\/mapteachers.wordpress.com\/contact\/\"><span style=\"font-weight: 400;\">https:\/\/mapteachers.wordpress.com\/contact\/<\/span><\/a><span style=\"font-weight: 400;\">\u00a0<\/span><\/li>\n<\/ul>\n<p><span style=\"font-weight: 400;\">STAM: Science Teachers&#8217; Association of Manitoba\u00a0<\/span><\/p>\n<ul class=\"content-list\">\n<li style=\"font-weight: 400;\" aria-level=\"1\"><span style=\"font-weight: 400;\">Site web : <\/span><a href=\"https:\/\/sciencemanitoba.ca\/?utm_source=chatgpt.com\"><span style=\"font-weight: 400;\">https:\/\/sciencemanitoba.ca\/<\/span><\/a><span style=\"font-weight: 400;\">\u00a0<\/span><\/li>\n<li style=\"font-weight: 400;\" aria-level=\"1\"><span style=\"font-weight: 400;\">Formulaire de contact : <\/span><a href=\"https:\/\/sciencemanitoba.ca\/?page_id=172\"><span style=\"font-weight: 400;\">https:\/\/sciencemanitoba.ca\/?page_id=172<\/span><\/a><span style=\"font-weight: 400;\">\u00a0<\/span><\/li>\n<\/ul>\n<h3>Nouveau-Brunswick<\/h3>\n<p><span style=\"font-weight: 400;\">NBTA: New Brunswick Teachers\u2019 Association (a general Teachers\u2019 professional association in New Brunswick)\u00a0<\/span><\/p>\n<ul class=\"content-list\">\n<li style=\"font-weight: 400;\" aria-level=\"1\"><span style=\"font-weight: 400;\">Site web : <\/span><a href=\"https:\/\/www.nbta.ca\/?utm_source=chatgpt.com\"><span style=\"font-weight: 400;\">https:\/\/www.nbta.ca\/<\/span><\/a><span style=\"font-weight: 400;\">\u00a0<\/span><\/li>\n<li style=\"font-weight: 400;\" aria-level=\"1\"><span style=\"font-weight: 400;\">Courriel : <\/span><span style=\"font-weight: 400;\">nbta.info@nbta.ca<\/span><span style=\"font-weight: 400;\">\u00a0<\/span><\/li>\n<\/ul>\n<p>(Le Nouveau-Brunswick ne dispose pas d&#8217;association sp\u00e9cifique pour les professeurs de physique ni d&#8217;association pour les professeurs de sciences.)<\/p>\n<h3>Newfoundland &amp; Labrador<span style=\"font-weight: 400;\">\u00a0<\/span><\/h3>\n<p><span style=\"font-weight: 400;\">NLTA: Newfoundland and Labrador Teachers\u2019 Association\u00a0<\/span><\/p>\n<ul class=\"content-list\">\n<li style=\"font-weight: 400;\" aria-level=\"1\"><span style=\"font-weight: 400;\">Site web : <\/span><a href=\"https:\/\/www.nlta.nl.ca\/\"><span style=\"font-weight: 400;\">https:\/\/www.nlta.nl.ca\/<\/span><\/a><span style=\"font-weight: 400;\">\u00a0<\/span><\/li>\n<li style=\"font-weight: 400;\" aria-level=\"1\"><span style=\"font-weight: 400;\">Liste de contacts : <\/span><a href=\"https:\/\/www.nlta.nl.ca\/nlta-staff\/\"><span style=\"font-weight: 400;\">https:\/\/www.nlta.nl.ca\/nlta-staff\/<\/span><\/a><span style=\"font-weight: 400;\">\u00a0<\/span><\/li>\n<\/ul>\n<p><span style=\"font-weight: 400;\">MSSIC: NLTA Math and Science Special Interest Council\u00a0<\/span><\/p>\n<ul class=\"content-list\">\n<li style=\"font-weight: 400;\" aria-level=\"1\"><span style=\"font-weight: 400;\">Site web : <\/span><a href=\"https:\/\/www.mssic.ca\/\"><span style=\"font-weight: 400;\">https:\/\/www.mssic.ca\/<\/span><\/a><span style=\"font-weight: 400;\">\u00a0<\/span><\/li>\n<li style=\"font-weight: 400;\" aria-level=\"1\"><span style=\"font-weight: 400;\">Courriel : <\/span><span style=\"font-weight: 400;\">yvonnedawe@nlschools.ca<\/span><span style=\"font-weight: 400;\">\u00a0<\/span><\/li>\n<\/ul>\n<h3>Nova Scotia<span style=\"font-weight: 400;\">\u00a0<\/span><\/h3>\n<p><span style=\"font-weight: 400;\">AST: Association of Science Teachers (a professional association within the Nova Scotia Teachers\u2019 Union)\u00a0<\/span><\/p>\n<ul class=\"content-list\">\n<li style=\"font-weight: 400;\" aria-level=\"1\"><span style=\"font-weight: 400;\">Site web : <\/span><a href=\"https:\/\/sites.google.com\/view\/ast-nstu\"><span style=\"font-weight: 400;\">https:\/\/sites.google.com\/view\/ast-nstu<\/span><\/a><span style=\"font-weight: 400;\">\u00a0<\/span><\/li>\n<li style=\"font-weight: 400;\" aria-level=\"1\"><span style=\"font-weight: 400;\">Liste de contacts : <\/span><a href=\"https:\/\/sites.google.com\/view\/ast-nstu\/contacts?authuser=0\"><span style=\"font-weight: 400;\">https:\/\/sites.google.com\/view\/ast-nstu\/contacts?authuser=0<\/span><\/a><span style=\"font-weight: 400;\">\u00a0<\/span><\/li>\n<\/ul>\n<p><i><span style=\"font-weight: 400;\">(Nova Scotia does not have a specific physics teachers association.)<\/span><\/i><span style=\"font-weight: 400;\">\u00a0<\/span><\/p>\n<h3>Ontario<\/h3>\n<p>OAPT: Ontario Association of Physics Teachers<\/p>\n<ul class=\"content-list\">\n<li><a href=\"https:\/\/oaopt.wildapricot.org\/\"><span style=\"font-weight: 400;\">Site web : https:\/\/oaopt.wildapricot.org\/<\/span><\/a><span style=\"font-weight: 400;\">\u00a0<\/span><\/li>\n<li><span style=\"font-weight: 400;\">Liste de contacts : <\/span><a href=\"https:\/\/oaopt.wildapricot.org\/contact\"><span style=\"font-weight: 400;\">https:\/\/oaopt.wildapricot.org\/contact<\/span><\/a><span style=\"font-weight: 400;\">\u00a0 <\/span><\/li>\n<\/ul>\n<p>STAO: Science Teachers Association of Ontario<\/p>\n<ul class=\"content-list\">\n<li style=\"font-weight: 400;\" aria-level=\"1\"><span style=\"font-weight: 400;\">Site web : <\/span><a href=\"https:\/\/stao.ca\/\"><span style=\"font-weight: 400;\">https:\/\/stao.ca\/<\/span><\/a><span style=\"font-weight: 400;\">\u00a0\u00a0<\/span><\/li>\n<li style=\"font-weight: 400;\" aria-level=\"1\"><span style=\"font-weight: 400;\">Courriel : <\/span><span style=\"font-weight: 400;\">info@stao.ca<\/span><span style=\"font-weight: 400;\">\u00a0\u00a0<\/span><\/li>\n<\/ul>\n<h3>Qu\u00e9bec<\/h3>\n<p><span style=\"font-weight: 400;\">AESTQ (former APSQ): Association pour l\u2019enseignement de la science et de la technologie au Qu\u00e9bec <\/span><span style=\"font-weight: 400;\">(Qu\u00e9bec\u2019s provincial science teacher association)<\/span><\/p>\n<ul class=\"content-list\">\n<li style=\"font-weight: 400;\" aria-level=\"1\"><span style=\"font-weight: 400;\">Site web : <\/span><a href=\"https:\/\/www.aestq.org\/fr\/\"><span style=\"font-weight: 400;\">https:\/\/www.aestq.org\/fr\/<\/span><\/a><span style=\"font-weight: 400;\">\u00a0<\/span><\/li>\n<li style=\"font-weight: 400;\" aria-level=\"1\"><span style=\"font-weight: 400;\">Courriel : <\/span><span style=\"font-weight: 400;\">info@aestq.org<\/span><span style=\"font-weight: 400;\">\u00a0<\/span><\/li>\n<\/ul>\n<p><em>(Le Qu\u00e9bec ne dispose pas d&#8217;association sp\u00e9cifique pour les professeurs de physique ni d&#8217;association pour les professeurs de sciences.) <\/em><\/p>\n<h3>Saskatchewan<span style=\"font-weight: 400;\">\u00a0<\/span><\/h3>\n<p><span style=\"font-weight: 400;\">SSTS: Saskatchewan Science Teachers&#8217; Society\u00a0<\/span><\/p>\n<ul class=\"content-list\">\n<li><span style=\"font-weight: 400;\">Site web : <\/span><a href=\"https:\/\/www.ssts.ca\/\"><span style=\"font-weight: 400;\">https:\/\/www.ssts.ca\/<\/span><\/a><span style=\"font-weight: 400;\">\u00a0<\/span><\/li>\n<li><a href=\"https:\/\/www.ssts.ca\/contact-us\/\"><span style=\"font-weight: 400;\">Formulaire de contact : https:\/\/www.ssts.ca\/contact-us\/<\/span><\/a><\/li>\n<\/ul>\n<p><em>(La Saskatchewan ne dispose pas d&#8217;association distincte pour les professeurs de physique ; ceux-ci sont repr\u00e9sent\u00e9s par la SSTS.) <\/em><\/p>\n<h3>Territoires du Nord-Ouest<\/h3>\n<p><span style=\"font-weight: 400;\">NWTTA: Northwest Territories Teachers\u2019 Association\u00a0<\/span><\/p>\n<ul class=\"content-list\">\n<li style=\"font-weight: 400;\" aria-level=\"1\"><span style=\"font-weight: 400;\">Site web : <\/span><a href=\"https:\/\/nwtta.nt.ca\/\"><span style=\"font-weight: 400;\">https:\/\/nwtta.nt.ca\/<\/span><\/a><span style=\"font-weight: 400;\">\u00a0<\/span><\/li>\n<li style=\"font-weight: 400;\" aria-level=\"1\"><span style=\"font-weight: 400;\">Liste de contacts : <\/span><a href=\"https:\/\/nwtta.nt.ca\/connect\/contact-information\"><span style=\"font-weight: 400;\">https:\/\/nwtta.nt.ca\/connect\/contact-information<\/span><\/a><span style=\"font-weight: 400;\">\u00a0<\/span><\/li>\n<\/ul>\n<p><em>(Les Territoires du Nord-Ouest ne disposent pas d&#8217;association sp\u00e9cifique pour les professeurs de physique ou les professeurs de sciences.)<\/em><\/p>\n<h3>Nunavut (territoire)<\/h3>\n<p><span style=\"font-weight: 400;\">NTA: Nunavut Teachers\u2019 Association (science teachers in Nunavut are supported by NTA)\u00a0<\/span><\/p>\n<ul class=\"content-list\">\n<li style=\"font-weight: 400;\" aria-level=\"1\"><span style=\"font-weight: 400;\">Site web : <\/span><a href=\"https:\/\/ntanu.ca\/\"><span style=\"font-weight: 400;\">https:\/\/ntanu.ca\/<\/span><\/a><span style=\"font-weight: 400;\">\u00a0<\/span><\/li>\n<li style=\"font-weight: 400;\" aria-level=\"1\"><span style=\"font-weight: 400;\">Formulaire de contact : <\/span><a href=\"https:\/\/ntanu.ca\/contact-us\/\"><span style=\"font-weight: 400;\">https:\/\/ntanu.ca\/contact-us\/<\/span><\/a><span style=\"font-weight: 400;\">\u00a0<\/span><\/li>\n<\/ul>\n<p><em>(Le territoire du Nunavut ne dispose pas d&#8217;association sp\u00e9cifique pour les professeurs de physique ou les professeurs de sciences.) <\/em><\/p>\n<h3>Yukon (territoire)<\/h3>\n<p><span style=\"font-weight: 400;\">YAEP : Yukon Association of Education Professionals (former Yukon Teachers\u2019 Association)\u00a0<\/span><\/p>\n<ul class=\"content-list\">\n<li style=\"font-weight: 400;\" aria-level=\"1\"><span style=\"font-weight: 400;\">Site web : <\/span><a href=\"https:\/\/www.yaep.ca\/\"><span style=\"font-weight: 400;\">https:\/\/www.yaep.ca\/<\/span><\/a><span style=\"font-weight: 400;\">\u00a0<\/span><\/li>\n<li style=\"font-weight: 400;\" aria-level=\"1\"><span style=\"font-weight: 400;\">Liste de contacts : <\/span><a href=\"https:\/\/www.yaep.ca\/contact-us\"><span style=\"font-weight: 400;\">https:\/\/www.yaep.ca\/contact-us<\/span><\/a><span style=\"font-weight: 400;\">\u00a0<\/span><\/li>\n<\/ul>\n<p><em>(Le territoire du Yukon ne dispose pas d&#8217;association sp\u00e9cifique regroupant les professeurs de physique ou les professeurs de sciences.) <\/em><\/p>\n","protected":false},"excerpt":{"rendered":"<p>Associations d&#8217;enseignants en physique et en sciences par province\/territoire (Veuillez envoyer les mises \u00e0 jour \u00e0 programs@cap.ca) Alberta Section Alberta de l&#8217;American Association of Physics Teachers (AAPT) Site web : https:\/\/sites.google.com\/view\/albertaaapt\/\u00a0 Courriel : AlbertaAAPT@gmail.com\u00a0 ATASC: Alberta Teachers&#8217; Association Science Council\u00a0 Site web : https:\/\/www.atasciencecouncil.com\/\u00a0 Courriel : ATASC.questions@gmail.com\u00a0 Colombie-Britannique BCAPT: British Columbia Association of Physics Teachers\u00a0\u00a0&#8230;  <a class=\"excerpt-read-more\" href=\"https:\/\/cap.ca\/fr\/activites\/ressources-enseignants-physique\/organisations-denseignants-au-canada\/\" title=\"LireOrganisations d&#8217;enseignants au Canada\">Lire la suite &raquo;<\/a><\/p>\n","protected":false},"author":23,"featured_media":0,"parent":3305,"menu_order":21,"comment_status":"closed","ping_status":"closed","template":"","meta":{"footnotes":""},"class_list":["post-28446","page","type-page","status-publish","hentry"],"_links":{"self":[{"href":"https:\/\/cap.ca\/fr\/wp-json\/wp\/v2\/pages\/28446","targetHints":{"allow":["GET"]}}],"collection":[{"href":"https:\/\/cap.ca\/fr\/wp-json\/wp\/v2\/pages"}],"about":[{"href":"https:\/\/cap.ca\/fr\/wp-json\/wp\/v2\/types\/page"}],"author":[{"embeddable":true,"href":"https:\/\/cap.ca\/fr\/wp-json\/wp\/v2\/users\/23"}],"replies":[{"embeddable":true,"href":"https:\/\/cap.ca\/fr\/wp-json\/wp\/v2\/comments?post=28446"}],"version-history":[{"count":3,"href":"https:\/\/cap.ca\/fr\/wp-json\/wp\/v2\/pages\/28446\/revisions"}],"predecessor-version":[{"id":28452,"href":"https:\/\/cap.ca\/fr\/wp-json\/wp\/v2\/pages\/28446\/revisions\/28452"}],"up":[{"embeddable":true,"href":"https:\/\/cap.ca\/fr\/wp-json\/wp\/v2\/pages\/3305"}],"wp:attachment":[{"href":"https:\/\/cap.ca\/fr\/wp-json\/wp\/v2\/media?parent=28446"}],"curies":[{"name":"wp","href":"https:\/\/api.w.org\/{rel}","templated":true}]}}