{"id":28433,"date":"2025-12-15T13:48:53","date_gmt":"2025-12-15T18:48:53","guid":{"rendered":"https:\/\/cap.ca\/?page_id=28433"},"modified":"2026-02-05T17:56:31","modified_gmt":"2026-02-05T22:56:31","slug":"anciennes-tournees-de-conferences-de-lacp","status":"publish","type":"page","link":"https:\/\/cap.ca\/fr\/activites\/tournee-de-lacp\/anciennes-tournees-de-conferences-de-lacp\/","title":{"rendered":"Anciennes tourn\u00e9es de conf\u00e9rences de l&#8217;ACP"},"content":{"rendered":"<table style=\"border-collapse: collapse; width: 100%;\">\n<tbody>\n<tr>\n<td>\n<h5><strong>Ann\u00e9e<\/strong><\/h5>\n<\/td>\n<td>\n<h5><strong>Lien vers la page web<\/strong><\/h5>\n<\/td>\n<td>\n<h5><strong>Lien vers les vid\u00e9os enregistr\u00e9es<\/strong><\/h5>\n<\/td>\n<\/tr>\n<tr>\n<td>2025<\/td>\n<td><a href=\"https:\/\/cap.ca\/fr\/2025-cap-lecture-tour\/2025-lecture-tour-schedule\/\">Tourn\u00e9es de conf\u00e9rences de l&#8217;ACP 2025<\/a><\/td>\n<td><a href=\"https:\/\/www.youtube.com\/playlist?list=PLdBi3nk2qHNQu1qdcF7u1KaUuM1GvRkVa\"> YouTube Playlist: CAP 2025 Lecture Tour <\/a><\/td>\n<\/tr>\n<tr>\n<td>2024<\/td>\n<td><a href=\"https:\/\/cap.ca\/fr\/activites\/tournee-de-lacp\/anciennes-tournees-de-conferences-de-lacp\/2024-cap-lecture-tour\/2024-lecture-schedule\/\">Tourn\u00e9es de conf\u00e9rences de l&#8217;ACP 2024<\/a><\/td>\n<td><a href=\"https:\/\/www.youtube.com\/playlist?list=PLdBi3nk2qHNTsH3H_LlP7ftxQkL-fZo33\"> YouTube Playlist: CAP 2024 Lecture Tour <\/a><\/td>\n<\/tr>\n<tr>\n<td>2023<\/td>\n<td><a href=\"tournee-de-conferenciers-de-lacp-2023\">Tourn\u00e9es de conf\u00e9rences de l&#8217;ACP 2023<\/a><\/td>\n<td><a href=\"https:\/\/www.youtube.com\/playlist?list=PLdBi3nk2qHNT8n46d-6MdqaIfhMQWnbHz\"> YouTube Playlist: CAP 2023 Lecture Tour <\/a><\/td>\n<\/tr>\n<tr>\n<td>2022<\/td>\n<td><a href=\"https:\/\/cap.ca\/fr\/tournee-de-lacp-2022\/cedule-des-conferenciers-2022\/\">Tourn\u00e9es de conf\u00e9rences de l&#8217;ACP 2022<\/a><\/td>\n<td><a href=\"https:\/\/www.youtube.com\/playlist?list=PLdBi3nk2qHNRLztfjfXCFhMu1VHwsxb_1\"> YouTube Playlist: CAP 2022 Lecture Tour <\/a><\/td>\n<\/tr>\n<tr>\n<td>2021<\/td>\n<td><a href=\"https:\/\/cap.ca\/fr\/tournee-de-conferenciers-2021\/\">Tourn\u00e9es de conf\u00e9rences de l&#8217;ACP 2021<\/a><\/td>\n<td><a href=\"https:\/\/www.youtube.com\/playlist?list=PLdBi3nk2qHNR-T_1R3BQK3Ku9JiA59Gza\"> YouTube Playlist: CAP 2021 Lecture Tour <\/a><\/td>\n<\/tr>\n<tr>\n<td>2020<\/td>\n<td><a href=\"https:\/\/cap.ca\/fr\/tournee-de-conferenciers-2020\/\">Tourn\u00e9es de conf\u00e9rences de l&#8217;ACP 2020<\/a><\/td>\n<td><\/td>\n<\/tr>\n<tr>\n<td>2019<\/td>\n<td><a href=\"https:\/\/cap.ca\/fr\/2019-lecture-tour\/\">Tourn\u00e9es de conf\u00e9rences de l&#8217;ACP 2019<\/a><\/td>\n<td><\/td>\n<\/tr>\n<tr>\n<td>2018<\/td>\n<td><a href=\"https:\/\/cap.ca\/fr\/tournee-de-conferenciers-2018\/\">Tourn\u00e9es de conf\u00e9rences de l&#8217;ACP 2018<\/a><\/td>\n<td><\/td>\n<\/tr>\n<tr>\n<td>2017<\/td>\n<td><a href=\"https:\/\/cap.ca\/fr\/tournee-2017\/\">Tourn\u00e9es de conf\u00e9rences de l&#8217;ACP 2017<\/a><\/td>\n<td><\/td>\n<\/tr>\n<tr>\n<td>2016<\/td>\n<td><a href=\"https:\/\/cap.ca\/fr\/programme-tournee-2016\/\">Tourn\u00e9es de conf\u00e9rences de l&#8217;ACP 2016<\/a><\/td>\n<td><\/td>\n<\/tr>\n<tr>\n<td>2015<\/td>\n<td><a href=\"https:\/\/cap.ca\/fr\/programme-tournee-2015\/\">Tourn\u00e9es de conf\u00e9rences de l&#8217;ACP 2015<\/a><\/td>\n<td><\/td>\n<\/tr>\n<tr>\n<td>2014<\/td>\n<td><a href=\"https:\/\/cap.ca\/fr\/programme-2014\/\">Tourn\u00e9es de conf\u00e9rences de l&#8217;ACP 2014<\/a><\/td>\n<td><\/td>\n<\/tr>\n<\/tbody>\n<\/table>\n","protected":false},"excerpt":{"rendered":"<p>Ann\u00e9e Lien vers la page web Lien vers les vid\u00e9os enregistr\u00e9es 2025 Tourn\u00e9es de conf\u00e9rences de l&#8217;ACP 2025 YouTube Playlist: CAP 2025 Lecture Tour 2024 Tourn\u00e9es de conf\u00e9rences de l&#8217;ACP 2024 YouTube Playlist: CAP 2024 Lecture Tour 2023 Tourn\u00e9es de conf\u00e9rences de l&#8217;ACP 2023 YouTube Playlist: CAP 2023 Lecture Tour 2022 Tourn\u00e9es de conf\u00e9rences de&#8230;  <a class=\"excerpt-read-more\" href=\"https:\/\/cap.ca\/fr\/activites\/tournee-de-lacp\/anciennes-tournees-de-conferences-de-lacp\/\" title=\"LireAnciennes tourn\u00e9es de conf\u00e9rences de l&#8217;ACP\">Lire la suite &raquo;<\/a><\/p>\n","protected":false},"author":23,"featured_media":0,"parent":3292,"menu_order":11,"comment_status":"closed","ping_status":"closed","template":"","meta":{"footnotes":""},"class_list":["post-28433","page","type-page","status-publish","hentry"],"_links":{"self":[{"href":"https:\/\/cap.ca\/fr\/wp-json\/wp\/v2\/pages\/28433","targetHints":{"allow":["GET"]}}],"collection":[{"href":"https:\/\/cap.ca\/fr\/wp-json\/wp\/v2\/pages"}],"about":[{"href":"https:\/\/cap.ca\/fr\/wp-json\/wp\/v2\/types\/page"}],"author":[{"embeddable":true,"href":"https:\/\/cap.ca\/fr\/wp-json\/wp\/v2\/users\/23"}],"replies":[{"embeddable":true,"href":"https:\/\/cap.ca\/fr\/wp-json\/wp\/v2\/comments?post=28433"}],"version-history":[{"count":4,"href":"https:\/\/cap.ca\/fr\/wp-json\/wp\/v2\/pages\/28433\/revisions"}],"predecessor-version":[{"id":28627,"href":"https:\/\/cap.ca\/fr\/wp-json\/wp\/v2\/pages\/28433\/revisions\/28627"}],"up":[{"embeddable":true,"href":"https:\/\/cap.ca\/fr\/wp-json\/wp\/v2\/pages\/3292"}],"wp:attachment":[{"href":"https:\/\/cap.ca\/fr\/wp-json\/wp\/v2\/media?parent=28433"}],"curies":[{"name":"wp","href":"https:\/\/api.w.org\/{rel}","templated":true}]}}